{"id":4180,"date":"2025-07-25T02:54:25","date_gmt":"2025-07-25T02:54:25","guid":{"rendered":"https:\/\/jinancuchem.com\/?post_type=product&#038;p=4180"},"modified":"2025-07-28T00:30:42","modified_gmt":"2025-07-28T00:30:42","slug":"gamma-decalactone","status":"publish","type":"product","link":"https:\/\/jinancuchem.com\/fr\/produit\/gamma-decalactone\/","title":{"rendered":"Gamma D\u00e9calactone"},"content":{"rendered":"<p>\u3010CAS\u3011706-14-9<\/p>\n<p>Alias : \u03b3-D\u00e9calactone;2(3H)-Furanone, 5-hexyldihydro-<\/p>\n<p>Formule mol\u00e9culaire : C<sub>10<\/sub>H<sub>18<\/sub>O<sub>2<\/sub>\u00a0\u00a0\u00a0Masse mol\u00e9culaire relative : 170,25<\/p>\n<p>Formule structurelle :<img alt=\"\" decoding=\"async\" class=\"alignnone size-full wp-image-4183\" src=\"https:\/\/jinancuchem.com\/wp-content\/uploads\/2025\/07\/\u56fe\u72479-4.png\" width=\"322\" height=\"78\" srcset=\"https:\/\/jinancuchem.com\/wp-content\/uploads\/2025\/07\/\u56fe\u72479-4.png 322w, https:\/\/jinancuchem.com\/wp-content\/uploads\/2025\/07\/\u56fe\u72479-4-300x73.png 300w, https:\/\/jinancuchem.com\/wp-content\/uploads\/2025\/07\/\u56fe\u72479-4-18x4.png 18w\" sizes=\"(max-width: 322px) 100vw, 322px\" \/><\/p>\n<p>&nbsp;<\/p>\n<h4>1.Propri\u00e9t\u00e9 du produit<\/h4>\n<p>Le Gamma Decalactone est un liquide huileux incolore \u00e0 l\u00e9g\u00e8rement jaune avec un fort ar\u00f4me de noix de coco et de p\u00eache. Il est couramment utilis\u00e9 dans les formules d'ar\u00f4mes alimentaires.<\/p>\n<p>&nbsp;<\/p>\n<h4>2.<\/h4>\n<table>\n<tbody>\n<tr>\n<td><strong><b>Param\u00e8tres<\/b><\/strong><\/td>\n<td width=\"362\"><strong><b>Sp\u00e9cifications<\/b><\/strong><\/td>\n<\/tr>\n<tr>\n<td><strong><b>Puret\u00e9 (GC-FID)<\/b><\/strong><\/td>\n<td width=\"362\">\u226598.0%<\/td>\n<\/tr>\n<tr>\n<td><strong><b>Apparence<\/b><\/strong><\/td>\n<td width=\"362\">Liquide incolore \u00e0 jaune p\u00e2le<\/td>\n<\/tr>\n<tr>\n<td><strong><b>Odeur<\/b><\/strong><\/td>\n<td width=\"362\">P\u00eache forte et cr\u00e9meuse<\/td>\n<\/tr>\n<tr>\n<td><strong><b>Indice de r\u00e9fraction (20\u00b0C)<\/b><\/strong><\/td>\n<td width=\"362\">1.450 &#8211; 1.455<\/td>\n<\/tr>\n<tr>\n<td><strong><b>Densit\u00e9 (20\u00b0C)<\/b><\/strong><\/td>\n<td width=\"362\">0,945 - 0,955 g\/cm\u00b3<\/td>\n<\/tr>\n<tr>\n<td><strong><b>Valeur acide<\/b><\/strong><\/td>\n<td width=\"362\">\u22641,0 mg KOH\/g<\/td>\n<\/tr>\n<tr>\n<td><strong><b>Teneur en eau<\/b><\/strong><\/td>\n<td width=\"362\">\u22640.1%<\/td>\n<\/tr>\n<tr>\n<td><strong><b>M\u00e9taux lourds (Pb)<\/b><\/strong><\/td>\n<td width=\"362\">\u22642 ppm<\/td>\n<\/tr>\n<\/tbody>\n<\/table>\n<p>&nbsp;<\/p>\n<h4>3. Champ d'application et utilisation<\/h4>\n<p>La \u03b3-Decalactone (en tant qu'additif alimentaire, FEMA 2360) est principalement utilis\u00e9e pour m\u00e9langer des ar\u00f4mes tels que la cr\u00e8me, la p\u00eache et la noix de coco. Il est largement utilis\u00e9 dans les produits laitiers (cr\u00e8me glac\u00e9e, yaourt), les boissons (th\u00e9 au lait, boissons aux fruits), les produits de boulangerie (g\u00e2teaux, biscuits) et les bonbons (caramels, chocolats), conf\u00e9rant un riche ar\u00f4me de lait et un ar\u00f4me de fruit.<\/p>\n<p>&nbsp;<\/p>\n<h4>4. l'emballage et le stockage<\/h4>\n<p>La \u03b3-Decyl lactone est conditionn\u00e9e dans des f\u00fbts en aluminium de 25 kg ou des bouteilles en verre brun (prot\u00e9g\u00e9es par de l'azote). Il est recouvert d'un film PE de qualit\u00e9 alimentaire. Il doit \u00eatre stock\u00e9 dans un endroit frais et sombre (&lt; 25\u2103), et ferm\u00e9 herm\u00e9tiquement pour \u00e9viter l&#039;oxydation. La dur\u00e9e de conservation est de 24 mois. Apr\u00e8s ouverture, il est recommand\u00e9 de l&#039;utiliser dans les 12 mois.<\/p>","protected":false},"excerpt":{"rendered":"<p>\u3010CAS\u3011706-14-9 Alias: \u03b3-Decalactone;2(3H)-Furanone, 5-hexyldihydro- Molecular formula: C10H18O2\u00a0\u00a0\u00a0Relative molecular mass: 170.25 Structural formula: &nbsp; 1.Product Property Gamma Decalactone is a colorless to slightly yellow oily liquid with a strong aroma of coconut and peach fruits. It is commonly used in food flavoring formulas. &nbsp; 2. Parameter Specification Purity (GC-FID) \u226598.0% Appearance Colorless to pale yellow liquid [&hellip;]<\/p>\n","protected":false},"featured_media":4185,"template":"","meta":{"_seopress_robots_primary_cat":"none","_seopress_titles_title":"","_seopress_titles_desc":"","_seopress_robots_index":"","_uag_custom_page_level_css":"","site-sidebar-layout":"default","site-content-layout":"","ast-site-content-layout":"default","site-content-style":"default","site-sidebar-style":"default","ast-global-header-display":"","ast-banner-title-visibility":"","ast-main-header-display":"","ast-hfb-above-header-display":"","ast-hfb-below-header-display":"","ast-hfb-mobile-header-display":"","site-post-title":"","ast-breadcrumbs-content":"","ast-featured-img":"","footer-sml-layout":"","theme-transparent-header-meta":"default","adv-header-id-meta":"","stick-header-meta":"default","header-above-stick-meta":"","header-main-stick-meta":"","header-below-stick-meta":"","astra-migrate-meta-layouts":"set","ast-page-background-enabled":"default","ast-page-background-meta":{"desktop":{"background-color":"","background-image":"","background-repeat":"repeat","background-position":"center center","background-size":"auto","background-attachment":"scroll","background-type":"","background-media":"","overlay-type":"","overlay-color":"","overlay-opacity":"","overlay-gradient":""},"tablet":{"background-color":"","background-image":"","background-repeat":"repeat","background-position":"center center","background-size":"auto","background-attachment":"scroll","background-type":"","background-media":"","overlay-type":"","overlay-color":"","overlay-opacity":"","overlay-gradient":""},"mobile":{"background-color":"","background-image":"","background-repeat":"repeat","background-position":"center center","background-size":"auto","background-attachment":"scroll","background-type":"","background-media":"","overlay-type":"","overlay-color":"","overlay-opacity":"","overlay-gradient":""}},"ast-content-background-meta":{"desktop":{"background-color":"var(--ast-global-color-5)","background-image":"","background-repeat":"repeat","background-position":"center center","background-size":"auto","background-attachment":"scroll","background-type":"","background-media":"","overlay-type":"","overlay-color":"","overlay-opacity":"","overlay-gradient":""},"tablet":{"background-color":"var(--ast-global-color-5)","background-image":"","background-repeat":"repeat","background-position":"center center","background-size":"auto","background-attachment":"scroll","background-type":"","background-media":"","overlay-type":"","overlay-color":"","overlay-opacity":"","overlay-gradient":""},"mobile":{"background-color":"var(--ast-global-color-5)","background-image":"","background-repeat":"repeat","background-position":"center center","background-size":"auto","background-attachment":"scroll","background-type":"","background-media":"","overlay-type":"","overlay-color":"","overlay-opacity":"","overlay-gradient":""}}},"product_brand":[],"product_cat":[67],"product_tag":[],"class_list":{"0":"post-4180","1":"product","2":"type-product","3":"status-publish","4":"has-post-thumbnail","6":"product_cat-food-additives","7":"desktop-align-left","8":"tablet-align-left","9":"mobile-align-left","10":"ast-product-gallery-layout-horizontal-slider","11":"ast-product-gallery-with-no-image","12":"ast-product-tabs-layout-horizontal","14":"first","15":"instock","16":"shipping-taxable","17":"product-type-simple"},"uagb_featured_image_src":{"full":["https:\/\/jinancuchem.com\/wp-content\/uploads\/2025\/07\/9.png",800,800,false],"thumbnail":["https:\/\/jinancuchem.com\/wp-content\/uploads\/2025\/07\/9-150x150.png",150,150,true],"medium":["https:\/\/jinancuchem.com\/wp-content\/uploads\/2025\/07\/9-300x300.png",300,300,true],"medium_large":["https:\/\/jinancuchem.com\/wp-content\/uploads\/2025\/07\/9-768x768.png",768,768,true],"large":["https:\/\/jinancuchem.com\/wp-content\/uploads\/2025\/07\/9.png",800,800,false],"1536x1536":["https:\/\/jinancuchem.com\/wp-content\/uploads\/2025\/07\/9.png",800,800,false],"2048x2048":["https:\/\/jinancuchem.com\/wp-content\/uploads\/2025\/07\/9.png",800,800,false],"trp-custom-language-flag":["https:\/\/jinancuchem.com\/wp-content\/uploads\/2025\/07\/9-12x12.png",12,12,true],"woocommerce_thumbnail":["https:\/\/jinancuchem.com\/wp-content\/uploads\/2025\/07\/9-300x300.png",300,300,true],"woocommerce_single":["https:\/\/jinancuchem.com\/wp-content\/uploads\/2025\/07\/9-600x600.png",500,500,true],"woocommerce_gallery_thumbnail":["https:\/\/jinancuchem.com\/wp-content\/uploads\/2025\/07\/9-100x100.png",100,100,true]},"uagb_author_info":{"display_name":"jinxing6611@gmail.com","author_link":"https:\/\/jinancuchem.com\/fr\/author\/"},"uagb_comment_info":0,"uagb_excerpt":"\u3010CAS\u3011706-14-9 Alias: \u03b3-Decalactone;2(3H)-Furanone, 5-hexyldihydro- Molecular formula: C10H18O2\u00a0\u00a0\u00a0Relative molecular mass: 170.25 Structural formula: &nbsp; 1.Product Property Gamma Decalactone is a colorless to slightly yellow oily liquid with a strong aroma of coconut and peach fruits. It is commonly used in food flavoring formulas. &nbsp; 2. Parameter Specification Purity (GC-FID) \u226598.0% Appearance Colorless to pale yellow liquid\u2026","_links":{"self":[{"href":"https:\/\/jinancuchem.com\/fr\/wp-json\/wp\/v2\/product\/4180","targetHints":{"allow":["GET"]}}],"collection":[{"href":"https:\/\/jinancuchem.com\/fr\/wp-json\/wp\/v2\/product"}],"about":[{"href":"https:\/\/jinancuchem.com\/fr\/wp-json\/wp\/v2\/types\/product"}],"wp:featuredmedia":[{"embeddable":true,"href":"https:\/\/jinancuchem.com\/fr\/wp-json\/wp\/v2\/media\/4185"}],"wp:attachment":[{"href":"https:\/\/jinancuchem.com\/fr\/wp-json\/wp\/v2\/media?parent=4180"}],"wp:term":[{"taxonomy":"product_brand","embeddable":true,"href":"https:\/\/jinancuchem.com\/fr\/wp-json\/wp\/v2\/product_brand?post=4180"},{"taxonomy":"product_cat","embeddable":true,"href":"https:\/\/jinancuchem.com\/fr\/wp-json\/wp\/v2\/product_cat?post=4180"},{"taxonomy":"product_tag","embeddable":true,"href":"https:\/\/jinancuchem.com\/fr\/wp-json\/wp\/v2\/product_tag?post=4180"}],"curies":[{"name":"wp","href":"https:\/\/api.w.org\/{rel}","templated":true}]}}