{"id":4188,"date":"2025-07-25T02:57:11","date_gmt":"2025-07-25T02:57:11","guid":{"rendered":"https:\/\/jinancuchem.com\/?post_type=product&#038;p=4188"},"modified":"2025-07-25T02:57:11","modified_gmt":"2025-07-25T02:57:11","slug":"sodium-of-plyaspartic-acid%ef%bc%88pasp%ef%bc%89","status":"publish","type":"product","link":"https:\/\/jinancuchem.com\/fr\/produit\/sodium-of-plyaspartic-acid%ef%bc%88pasp%ef%bc%89\/","title":{"rendered":"Sodium de l'acide plyaspartique\uff08PASP\uff09"},"content":{"rendered":"<p>Description du produit : Le PASP est un polym\u00e8re soluble dans l'eau. Il s'agit d'un agent de traitement de l'eau \u00e9cologique, qui ne contient pas de phosphore, ne pollue pas et est enti\u00e8rement biod\u00e9gradable.<\/p>\n<p>\u3010CAS\u3011 55719-33-0<\/p>\n<p>Formule mol\u00e9culaire : C4H6NO3(C4H5NO3)C4H6NO4 Masse mol\u00e9culaire relative : 1000-5000<\/p>\n<p>Formule structurelle :<img alt=\"\" fetchpriority=\"high\" decoding=\"async\" class=\"alignnone size-full wp-image-4197\" src=\"https:\/\/jinancuchem.com\/wp-content\/uploads\/2025\/07\/\u672a\u6807\u9898-1-5.jpg\" width=\"800\" height=\"800\" srcset=\"https:\/\/jinancuchem.com\/wp-content\/uploads\/2025\/07\/\u672a\u6807\u9898-1-5.jpg 800w, https:\/\/jinancuchem.com\/wp-content\/uploads\/2025\/07\/\u672a\u6807\u9898-1-5-300x300.jpg 300w, https:\/\/jinancuchem.com\/wp-content\/uploads\/2025\/07\/\u672a\u6807\u9898-1-5-150x150.jpg 150w, https:\/\/jinancuchem.com\/wp-content\/uploads\/2025\/07\/\u672a\u6807\u9898-1-5-768x768.jpg 768w, https:\/\/jinancuchem.com\/wp-content\/uploads\/2025\/07\/\u672a\u6807\u9898-1-5-12x12.jpg 12w, https:\/\/jinancuchem.com\/wp-content\/uploads\/2025\/07\/\u672a\u6807\u9898-1-5-600x600.jpg 600w, https:\/\/jinancuchem.com\/wp-content\/uploads\/2025\/07\/\u672a\u6807\u9898-1-5-100x100.jpg 100w\" sizes=\"(max-width: 800px) 100vw, 800px\" \/><\/p>\n<p>&nbsp;<\/p>\n<ol>\n<li>Propri\u00e9t\u00e9 du produit<\/li>\n<\/ol>\n<p>Le PASP est un polym\u00e8re soluble dans l'eau. Il s'agit d'un agent de traitement de l'eau \u00e9cologique, qui ne contient pas de phosphore, ne pollue pas et est enti\u00e8rement biod\u00e9gradable. Le PASP poss\u00e8de une excellente ch\u00e9lation des ions et poss\u00e8de une double vertu d'inhibition de la corrosion et du tartre. Le PASP a une bonne inhibition de l'entartrage sur le carbonate de calcium, le sulfate de calcium, le sulfate de baryum, le phosphate de calcium, etc. Son taux d'inhibition du calcaire pour le carbonate de calcium est de 100%. En outre, le PASP poss\u00e8de des propri\u00e9t\u00e9s de dispersion et d'inhibition de la corrosion des \u00e9quipements m\u00e9talliques.<\/p>\n<p>Le PASP est une alternative aux produits chimiques de traitement de l'eau contenant du phosphore, qui permet d'\u00e9viter l'eutrophisation des syst\u00e8mes d'eau et la seconde pollution.<\/p>\n<ol>\n<li>Indice de qualit\u00e9<\/li>\n<\/ol>\n<table>\n<tbody>\n<tr>\n<td width=\"224\">Articles<\/td>\n<td width=\"197\">Index<\/td>\n<\/tr>\n<tr>\n<td width=\"224\">Apparence<\/td>\n<td width=\"197\">Liquide jaune transparent<\/td>\n<\/tr>\n<tr>\n<td width=\"224\">Contenu solide %<\/td>\n<td width=\"197\">40.0<\/td>\n<\/tr>\n<tr>\n<td width=\"224\">Densit\u00e9 (20\u2103) g\/cm3<\/td>\n<td width=\"197\">1.20<\/td>\n<\/tr>\n<tr>\n<td width=\"224\">PH (solution aqueuse de 1\uff05)<\/td>\n<td width=\"197\">9.0 ~ 11.0<\/td>\n<\/tr>\n<\/tbody>\n<\/table>\n<p>&nbsp;<\/p>\n<p>III. Champ d'application<\/p>\n<ol>\n<li>Le PASP peut \u00eatre utilis\u00e9 comme inhibiteur de tartre et de corrosion dans l'eau de circulation industrielle, l'eau de chaudi\u00e8re, l'osmose inverse, l'eau des champs p\u00e9trolif\u00e8res et le dessalement. Les effets sont encore meilleurs que ceux des organophosphines ordinaires lorsqu'ils sont utilis\u00e9s dans des eaux tr\u00e8s dures, tr\u00e8s alcalines, \u00e0 pH \u00e9lev\u00e9 et \u00e0 indice de concentration \u00e9lev\u00e9. Lorsqu'il est associ\u00e9 au PBTCA, la synergie est \u00e9vidente.<\/li>\n<li>En raison de son caract\u00e8re \u00e9cologique et non polluant pour l'environnement, le PASP peut \u00eatre utilis\u00e9 comme ingr\u00e9dient accessoire dans les produits chimiques quotidiens et fins.<\/li>\n<li>Le PASP peut \u00eatre utilis\u00e9 en agriculture comme intensificateur de l'absorption des nutriments pour am\u00e9liorer la production de l\u00e9gumes, de melons, de fruits et de fleurs. Lorsqu'il est utilis\u00e9 en m\u00eame temps qu'un pesticide, ses effets sont am\u00e9lior\u00e9s.<\/li>\n<li>Emballage et stockage<\/li>\n<\/ol>\n<p>Il est g\u00e9n\u00e9ralement conditionn\u00e9 dans des f\u00fbts en plastique de 25 kg ou de 200 kg, selon le choix des utilisateurs, et peut \u00eatre stock\u00e9 pendant dix mois dans un endroit ombrag\u00e9 et sec, \u00e0 l'\u00e9tat ambiant.<\/p>\n<ol>\n<li>Protection de la s\u00e9curit\u00e9<\/li>\n<\/ol>\n<p>Ce produit est alcalin. \u00c9viter tout contact avec les yeux, la peau ou les v\u00eatements. Rincer abondamment \u00e0 l'eau peu apr\u00e8s avoir \u00e9t\u00e9 souill\u00e9 par le corps.<\/p>","protected":false},"excerpt":{"rendered":"<p>Product description: PASP is a water soluble polymer. It is a green water treatment agent, with properties of non-phosphor, non-pollution and fully biodegradation. \u3010CAS\u3011\u00a055719-33-0 Molecular formula: C4H6NO3(C4H5NO3)C4H6NO4\u00a0Relative molecular mass:1000-5000 Structural formula: &nbsp; Product Property PASP is a water soluble polymer. It is a green water treatment agent, with properties of non-phosphor, non-pollution and fully biodegradation. [&hellip;]<\/p>\n","protected":false},"featured_media":4197,"template":"","meta":{"_seopress_robots_primary_cat":"","_seopress_titles_title":"","_seopress_titles_desc":"","_seopress_robots_index":"","_uag_custom_page_level_css":"","site-sidebar-layout":"default","site-content-layout":"","ast-site-content-layout":"default","site-content-style":"default","site-sidebar-style":"default","ast-global-header-display":"","ast-banner-title-visibility":"","ast-main-header-display":"","ast-hfb-above-header-display":"","ast-hfb-below-header-display":"","ast-hfb-mobile-header-display":"","site-post-title":"","ast-breadcrumbs-content":"","ast-featured-img":"","footer-sml-layout":"","theme-transparent-header-meta":"default","adv-header-id-meta":"","stick-header-meta":"default","header-above-stick-meta":"","header-main-stick-meta":"","header-below-stick-meta":"","astra-migrate-meta-layouts":"set","ast-page-background-enabled":"default","ast-page-background-meta":{"desktop":{"background-color":"","background-image":"","background-repeat":"repeat","background-position":"center center","background-size":"auto","background-attachment":"scroll","background-type":"","background-media":"","overlay-type":"","overlay-color":"","overlay-opacity":"","overlay-gradient":""},"tablet":{"background-color":"","background-image":"","background-repeat":"repeat","background-position":"center center","background-size":"auto","background-attachment":"scroll","background-type":"","background-media":"","overlay-type":"","overlay-color":"","overlay-opacity":"","overlay-gradient":""},"mobile":{"background-color":"","background-image":"","background-repeat":"repeat","background-position":"center center","background-size":"auto","background-attachment":"scroll","background-type":"","background-media":"","overlay-type":"","overlay-color":"","overlay-opacity":"","overlay-gradient":""}},"ast-content-background-meta":{"desktop":{"background-color":"var(--ast-global-color-5)","background-image":"","background-repeat":"repeat","background-position":"center center","background-size":"auto","background-attachment":"scroll","background-type":"","background-media":"","overlay-type":"","overlay-color":"","overlay-opacity":"","overlay-gradient":""},"tablet":{"background-color":"var(--ast-global-color-5)","background-image":"","background-repeat":"repeat","background-position":"center center","background-size":"auto","background-attachment":"scroll","background-type":"","background-media":"","overlay-type":"","overlay-color":"","overlay-opacity":"","overlay-gradient":""},"mobile":{"background-color":"var(--ast-global-color-5)","background-image":"","background-repeat":"repeat","background-position":"center center","background-size":"auto","background-attachment":"scroll","background-type":"","background-media":"","overlay-type":"","overlay-color":"","overlay-opacity":"","overlay-gradient":""}}},"product_brand":[],"product_cat":[66],"product_tag":[],"class_list":{"0":"post-4188","1":"product","2":"type-product","3":"status-publish","4":"has-post-thumbnail","6":"product_cat-water-treatment-raw-materials","7":"desktop-align-left","8":"tablet-align-left","9":"mobile-align-left","10":"ast-product-gallery-layout-horizontal-slider","11":"ast-product-gallery-with-no-image","12":"ast-product-tabs-layout-horizontal","14":"first","15":"instock","16":"shipping-taxable","17":"product-type-simple"},"uagb_featured_image_src":{"full":["https:\/\/jinancuchem.com\/wp-content\/uploads\/2025\/07\/\u672a\u6807\u9898-1-5.jpg",800,800,false],"thumbnail":["https:\/\/jinancuchem.com\/wp-content\/uploads\/2025\/07\/\u672a\u6807\u9898-1-5-150x150.jpg",150,150,true],"medium":["https:\/\/jinancuchem.com\/wp-content\/uploads\/2025\/07\/\u672a\u6807\u9898-1-5-300x300.jpg",300,300,true],"medium_large":["https:\/\/jinancuchem.com\/wp-content\/uploads\/2025\/07\/\u672a\u6807\u9898-1-5-768x768.jpg",768,768,true],"large":["https:\/\/jinancuchem.com\/wp-content\/uploads\/2025\/07\/\u672a\u6807\u9898-1-5.jpg",800,800,false],"1536x1536":["https:\/\/jinancuchem.com\/wp-content\/uploads\/2025\/07\/\u672a\u6807\u9898-1-5.jpg",800,800,false],"2048x2048":["https:\/\/jinancuchem.com\/wp-content\/uploads\/2025\/07\/\u672a\u6807\u9898-1-5.jpg",800,800,false],"trp-custom-language-flag":["https:\/\/jinancuchem.com\/wp-content\/uploads\/2025\/07\/\u672a\u6807\u9898-1-5-12x12.jpg",12,12,true],"woocommerce_thumbnail":["https:\/\/jinancuchem.com\/wp-content\/uploads\/2025\/07\/\u672a\u6807\u9898-1-5-300x300.jpg",300,300,true],"woocommerce_single":["https:\/\/jinancuchem.com\/wp-content\/uploads\/2025\/07\/\u672a\u6807\u9898-1-5-600x600.jpg",500,500,true],"woocommerce_gallery_thumbnail":["https:\/\/jinancuchem.com\/wp-content\/uploads\/2025\/07\/\u672a\u6807\u9898-1-5-100x100.jpg",100,100,true]},"uagb_author_info":{"display_name":"jinxing6611@gmail.com","author_link":"https:\/\/jinancuchem.com\/fr\/author\/"},"uagb_comment_info":0,"uagb_excerpt":"Product description: PASP is a water soluble polymer. It is a green water treatment agent, with properties of non-phosphor, non-pollution and fully biodegradation. \u3010CAS\u3011\u00a055719-33-0 Molecular formula: C4H6NO3(C4H5NO3)C4H6NO4\u00a0Relative molecular mass:1000-5000 Structural formula: &nbsp; Product Property PASP is a water soluble polymer. It is a green water treatment agent, with properties of non-phosphor, non-pollution and fully biodegradation.\u2026","_links":{"self":[{"href":"https:\/\/jinancuchem.com\/fr\/wp-json\/wp\/v2\/product\/4188","targetHints":{"allow":["GET"]}}],"collection":[{"href":"https:\/\/jinancuchem.com\/fr\/wp-json\/wp\/v2\/product"}],"about":[{"href":"https:\/\/jinancuchem.com\/fr\/wp-json\/wp\/v2\/types\/product"}],"wp:featuredmedia":[{"embeddable":true,"href":"https:\/\/jinancuchem.com\/fr\/wp-json\/wp\/v2\/media\/4197"}],"wp:attachment":[{"href":"https:\/\/jinancuchem.com\/fr\/wp-json\/wp\/v2\/media?parent=4188"}],"wp:term":[{"taxonomy":"product_brand","embeddable":true,"href":"https:\/\/jinancuchem.com\/fr\/wp-json\/wp\/v2\/product_brand?post=4188"},{"taxonomy":"product_cat","embeddable":true,"href":"https:\/\/jinancuchem.com\/fr\/wp-json\/wp\/v2\/product_cat?post=4188"},{"taxonomy":"product_tag","embeddable":true,"href":"https:\/\/jinancuchem.com\/fr\/wp-json\/wp\/v2\/product_tag?post=4188"}],"curies":[{"name":"wp","href":"https:\/\/api.w.org\/{rel}","templated":true}]}}