{"id":4206,"date":"2025-07-25T03:03:00","date_gmt":"2025-07-25T03:03:00","guid":{"rendered":"https:\/\/jinancuchem.com\/?post_type=product&#038;p=4206"},"modified":"2025-07-25T03:03:00","modified_gmt":"2025-07-25T03:03:00","slug":"dodecyl-dimethyl-benzyl-ammonium-chloride-%ef%bc%881227%ef%bc%89","status":"publish","type":"product","link":"https:\/\/jinancuchem.com\/fr\/produit\/dodecyl-dimethyl-benzyl-ammonium-chloride-%ef%bc%881227%ef%bc%89\/","title":{"rendered":"Chlorure de dod\u00e9cyl dim\u00e9thyl benzyl ammonium \uff081227\uff09"},"content":{"rendered":"<p>Description du produit : Il s'agit d'une sorte de surfactant cationique et de bact\u00e9ricide non oxydant \u00e0 large spectre et \u00e0 haute efficacit\u00e9 pour contr\u00f4ler la propagation des algues bacillus et la croissance de la vase dans l'eau.<\/p>\n<p>\u3010CAS\u3011 formule mol\u00e9culaire : C21H38NCl Masse mol\u00e9culaire relative : 340.00<\/p>\n<p>Formule structurelle :<img alt=\"\" fetchpriority=\"high\" decoding=\"async\" class=\"alignnone size-full wp-image-4214\" src=\"https:\/\/jinancuchem.com\/wp-content\/uploads\/2025\/07\/\u672a\u6807\u9898-1-7.jpg\" width=\"800\" height=\"800\" srcset=\"https:\/\/jinancuchem.com\/wp-content\/uploads\/2025\/07\/\u672a\u6807\u9898-1-7.jpg 800w, https:\/\/jinancuchem.com\/wp-content\/uploads\/2025\/07\/\u672a\u6807\u9898-1-7-300x300.jpg 300w, https:\/\/jinancuchem.com\/wp-content\/uploads\/2025\/07\/\u672a\u6807\u9898-1-7-150x150.jpg 150w, https:\/\/jinancuchem.com\/wp-content\/uploads\/2025\/07\/\u672a\u6807\u9898-1-7-768x768.jpg 768w, https:\/\/jinancuchem.com\/wp-content\/uploads\/2025\/07\/\u672a\u6807\u9898-1-7-12x12.jpg 12w, https:\/\/jinancuchem.com\/wp-content\/uploads\/2025\/07\/\u672a\u6807\u9898-1-7-600x600.jpg 600w, https:\/\/jinancuchem.com\/wp-content\/uploads\/2025\/07\/\u672a\u6807\u9898-1-7-100x100.jpg 100w\" sizes=\"(max-width: 800px) 100vw, 800px\" \/><\/p>\n<p><strong><b>\u00a0<\/b><\/strong><\/p>\n<p>&nbsp;<\/p>\n<ol>\n<li>\u00a0Propri\u00e9t\u00e9 et objectif<\/li>\n<\/ol>\n<p>Il s'agit d'une sorte de surfactant cationique et de bact\u00e9ricide non oxydant \u00e0 large spectre et tr\u00e8s efficace pour contr\u00f4ler la propagation des algues bacillus et la croissance des boues dans l'eau. Il a \u00e9galement un effet de p\u00e9n\u00e9tration et de d\u00e9collement des boues ; en outre, il a des performances efficaces en mati\u00e8re de d\u00e9graissage, de d\u00e9sodorisation et d'inhibition de la corrosion.<\/p>\n<p>Il est faiblement toxique et sans toxicit\u00e9 cumulative, soluble dans l'eau et ne peut pas \u00eatre affect\u00e9 par la duret\u00e9 de l'eau, de sorte qu'il peut \u00eatre largement utilis\u00e9 pour le syst\u00e8me industriel de circulation d'eau froide dans les industries telles que le p\u00e9trole, les produits chimiques, l'\u00e9nergie \u00e9lectrique, le textile et autres pour contr\u00f4ler la propagation des algues bacillus. Il peut \u00e9galement \u00eatre utilis\u00e9 pour tuer les bact\u00e9ries r\u00e9duisant le sulfate.<\/p>\n<p>Il peut \u00eatre utilis\u00e9 comme inhibiteur de moisissures, adoucisseur, agent antistatique, \u00e9mulsifiant et conditionneur dans les industries du tissage et de la teinture.<\/p>\n<p>II.<\/p>\n<table>\n<tbody>\n<tr>\n<td width=\"253\">articles<\/td>\n<td width=\"290\">index<\/td>\n<\/tr>\n<tr>\n<td width=\"253\">Apparence<\/td>\n<td width=\"290\">Liquide transparent incolore \u00e0 jaun\u00e2tre<\/td>\n<\/tr>\n<tr>\n<td width=\"253\">Contenu actif \uff05<\/td>\n<td width=\"290\">44<\/td>\n<\/tr>\n<tr>\n<td width=\"253\">Sel d'amine %<\/td>\n<td width=\"290\">2.0 max<\/td>\n<\/tr>\n<tr>\n<td width=\"253\">pH<\/td>\n<td width=\"290\">6,0~8,0(origine)<\/td>\n<\/tr>\n<\/tbody>\n<\/table>\n<p>Lorsqu'il est utilis\u00e9 comme bact\u00e9ricide non oxydant, le dosage de 50 \u00e0 100 mg\/l est pr\u00e9f\u00e9rable ; lorsqu'il est utilis\u00e9 comme agent de d\u00e9cantation, le dosage de 200 \u00e0 300 mg\/l est pr\u00e9f\u00e9rable. Un agent antimousse organosilici\u00e9 appropri\u00e9 peut \u00eatre utilis\u00e9 si n\u00e9cessaire. Il peut \u00eatre utilis\u00e9 avec d'autres bact\u00e9ricides tels que l'isothiazolinone, le glutarald\u00e9hyde, le dithiocyano-m\u00e9thane et autres pour un meilleur effet, mais il ne peut pas \u00eatre utilis\u00e9 avec des m\u00e9dicaments \u00e0 base de chloroph\u00e9nols. Lorsque le produit est ajout\u00e9, des salet\u00e9s apparaissent dans l'eau en circulation, qui doit \u00eatre filtr\u00e9e et rep\u00each\u00e9e afin d'\u00e9viter le d\u00e9p\u00f4t de salet\u00e9s apr\u00e8s la disparition de la bulle.<\/p>\n<p>Ne pas m\u00e9langer avec l'agent de surface anionique.<\/p>\n<p>III... S\u00e9curit\u00e9 et protection<\/p>\n<p>Le produit est \u00e0 la faveur de l'amande et il n'est pas fortement irritant pour la peau ; en cas de contact avec la peau, rincer \u00e0 l'eau.<\/p>\n<ol>\n<li>Emballage et stockage :<\/li>\n<\/ol>\n<p>Il est emball\u00e9 dans des f\u00fbts en plastique de 25 ou 200 kg et stock\u00e9 pendant un an dans un endroit ombrag\u00e9 et sec \u00e0 l'\u00e9tat ambiant.<\/p>","protected":false},"excerpt":{"rendered":"<p>Product description: It is a kind of cationic surfactant and non-oxidizing bactericide with broad-spectrum and high efficiency to control the propagation of bacillus-algae and the growth of slime in the water. \u3010CAS\u3011\u00a0 olecular \u00a0\u00a0\u00a0\u00a0\u00a0\u00a0\u00a0\u00a0\u00a0\u00a0formula: C21H38NCl \u00a0\u00a0\u00a0\u00a0Relative molecular mass: 340.00 Structural formula: \u00a0 &nbsp; \u00a0Property and Purpose It is a kind of cationic surfactant and non-oxidizing [&hellip;]<\/p>\n","protected":false},"featured_media":4214,"template":"","meta":{"_seopress_robots_primary_cat":"","_seopress_titles_title":"","_seopress_titles_desc":"","_seopress_robots_index":"","_uag_custom_page_level_css":"","site-sidebar-layout":"default","site-content-layout":"","ast-site-content-layout":"default","site-content-style":"default","site-sidebar-style":"default","ast-global-header-display":"","ast-banner-title-visibility":"","ast-main-header-display":"","ast-hfb-above-header-display":"","ast-hfb-below-header-display":"","ast-hfb-mobile-header-display":"","site-post-title":"","ast-breadcrumbs-content":"","ast-featured-img":"","footer-sml-layout":"","theme-transparent-header-meta":"default","adv-header-id-meta":"","stick-header-meta":"default","header-above-stick-meta":"","header-main-stick-meta":"","header-below-stick-meta":"","astra-migrate-meta-layouts":"set","ast-page-background-enabled":"default","ast-page-background-meta":{"desktop":{"background-color":"","background-image":"","background-repeat":"repeat","background-position":"center center","background-size":"auto","background-attachment":"scroll","background-type":"","background-media":"","overlay-type":"","overlay-color":"","overlay-opacity":"","overlay-gradient":""},"tablet":{"background-color":"","background-image":"","background-repeat":"repeat","background-position":"center center","background-size":"auto","background-attachment":"scroll","background-type":"","background-media":"","overlay-type":"","overlay-color":"","overlay-opacity":"","overlay-gradient":""},"mobile":{"background-color":"","background-image":"","background-repeat":"repeat","background-position":"center center","background-size":"auto","background-attachment":"scroll","background-type":"","background-media":"","overlay-type":"","overlay-color":"","overlay-opacity":"","overlay-gradient":""}},"ast-content-background-meta":{"desktop":{"background-color":"var(--ast-global-color-5)","background-image":"","background-repeat":"repeat","background-position":"center center","background-size":"auto","background-attachment":"scroll","background-type":"","background-media":"","overlay-type":"","overlay-color":"","overlay-opacity":"","overlay-gradient":""},"tablet":{"background-color":"var(--ast-global-color-5)","background-image":"","background-repeat":"repeat","background-position":"center center","background-size":"auto","background-attachment":"scroll","background-type":"","background-media":"","overlay-type":"","overlay-color":"","overlay-opacity":"","overlay-gradient":""},"mobile":{"background-color":"var(--ast-global-color-5)","background-image":"","background-repeat":"repeat","background-position":"center center","background-size":"auto","background-attachment":"scroll","background-type":"","background-media":"","overlay-type":"","overlay-color":"","overlay-opacity":"","overlay-gradient":""}}},"product_brand":[],"product_cat":[66],"product_tag":[],"class_list":{"0":"post-4206","1":"product","2":"type-product","3":"status-publish","4":"has-post-thumbnail","6":"product_cat-water-treatment-raw-materials","7":"desktop-align-left","8":"tablet-align-left","9":"mobile-align-left","10":"ast-product-gallery-layout-horizontal-slider","11":"ast-product-gallery-with-no-image","12":"ast-product-tabs-layout-horizontal","14":"first","15":"instock","16":"shipping-taxable","17":"product-type-simple"},"uagb_featured_image_src":{"full":["https:\/\/jinancuchem.com\/wp-content\/uploads\/2025\/07\/\u672a\u6807\u9898-1-7.jpg",800,800,false],"thumbnail":["https:\/\/jinancuchem.com\/wp-content\/uploads\/2025\/07\/\u672a\u6807\u9898-1-7-150x150.jpg",150,150,true],"medium":["https:\/\/jinancuchem.com\/wp-content\/uploads\/2025\/07\/\u672a\u6807\u9898-1-7-300x300.jpg",300,300,true],"medium_large":["https:\/\/jinancuchem.com\/wp-content\/uploads\/2025\/07\/\u672a\u6807\u9898-1-7-768x768.jpg",768,768,true],"large":["https:\/\/jinancuchem.com\/wp-content\/uploads\/2025\/07\/\u672a\u6807\u9898-1-7.jpg",800,800,false],"1536x1536":["https:\/\/jinancuchem.com\/wp-content\/uploads\/2025\/07\/\u672a\u6807\u9898-1-7.jpg",800,800,false],"2048x2048":["https:\/\/jinancuchem.com\/wp-content\/uploads\/2025\/07\/\u672a\u6807\u9898-1-7.jpg",800,800,false],"trp-custom-language-flag":["https:\/\/jinancuchem.com\/wp-content\/uploads\/2025\/07\/\u672a\u6807\u9898-1-7-12x12.jpg",12,12,true],"woocommerce_thumbnail":["https:\/\/jinancuchem.com\/wp-content\/uploads\/2025\/07\/\u672a\u6807\u9898-1-7-300x300.jpg",300,300,true],"woocommerce_single":["https:\/\/jinancuchem.com\/wp-content\/uploads\/2025\/07\/\u672a\u6807\u9898-1-7-600x600.jpg",500,500,true],"woocommerce_gallery_thumbnail":["https:\/\/jinancuchem.com\/wp-content\/uploads\/2025\/07\/\u672a\u6807\u9898-1-7-100x100.jpg",100,100,true]},"uagb_author_info":{"display_name":"jinxing6611@gmail.com","author_link":"https:\/\/jinancuchem.com\/fr\/author\/"},"uagb_comment_info":0,"uagb_excerpt":"Product description: It is a kind of cationic surfactant and non-oxidizing bactericide with broad-spectrum and high efficiency to control the propagation of bacillus-algae and the growth of slime in the water. \u3010CAS\u3011\u00a0 olecular \u00a0\u00a0\u00a0\u00a0\u00a0\u00a0\u00a0\u00a0\u00a0\u00a0formula: C21H38NCl \u00a0\u00a0\u00a0\u00a0Relative molecular mass: 340.00 Structural formula: \u00a0 &nbsp; \u00a0Property and Purpose It is a kind of cationic surfactant and non-oxidizing\u2026","_links":{"self":[{"href":"https:\/\/jinancuchem.com\/fr\/wp-json\/wp\/v2\/product\/4206","targetHints":{"allow":["GET"]}}],"collection":[{"href":"https:\/\/jinancuchem.com\/fr\/wp-json\/wp\/v2\/product"}],"about":[{"href":"https:\/\/jinancuchem.com\/fr\/wp-json\/wp\/v2\/types\/product"}],"wp:featuredmedia":[{"embeddable":true,"href":"https:\/\/jinancuchem.com\/fr\/wp-json\/wp\/v2\/media\/4214"}],"wp:attachment":[{"href":"https:\/\/jinancuchem.com\/fr\/wp-json\/wp\/v2\/media?parent=4206"}],"wp:term":[{"taxonomy":"product_brand","embeddable":true,"href":"https:\/\/jinancuchem.com\/fr\/wp-json\/wp\/v2\/product_brand?post=4206"},{"taxonomy":"product_cat","embeddable":true,"href":"https:\/\/jinancuchem.com\/fr\/wp-json\/wp\/v2\/product_cat?post=4206"},{"taxonomy":"product_tag","embeddable":true,"href":"https:\/\/jinancuchem.com\/fr\/wp-json\/wp\/v2\/product_tag?post=4206"}],"curies":[{"name":"wp","href":"https:\/\/api.w.org\/{rel}","templated":true}]}}