{"id":4226,"date":"2025-07-25T03:07:32","date_gmt":"2025-07-25T03:07:32","guid":{"rendered":"https:\/\/jinancuchem.com\/?post_type=product&#038;p=4226"},"modified":"2025-07-25T03:07:32","modified_gmt":"2025-07-25T03:07:32","slug":"sodium-dichloroisocyanurate","status":"publish","type":"product","link":"https:\/\/jinancuchem.com\/fr\/produit\/sodium-dichloroisocyanurate\/","title":{"rendered":"Dichloroisocyanurate de sodium"},"content":{"rendered":"<p>Oxalicine<\/p>\n<p>D\u00e9sinfectant oxydant<\/p>\n<p>Agent de traitement de l'eau<\/p>\n<p>D\u00e9sinfectant et \u00e9liminateur d'algues<\/p>\n<p>Description du produit : L'oxalicine, dichloroisocyanurate de sodium, est un d\u00e9sinfectant oxydant. Il est soluble dans l'eau et pr\u00e9sente les caract\u00e9ristiques suivantes : efficacit\u00e9 \u00e9lev\u00e9e, action rapide, large spectre et s\u00e9curit\u00e9. Lorsqu'il est utilis\u00e9 comme d\u00e9sinfectant et \u00e9liminateur d'algues, il a un tr\u00e8s fort pouvoir de destruction. \u00c0 20 ppm, le taux de d\u00e9sinfection atteint 99%. En tant qu'agent de traitement de l'eau, il est largement utilis\u00e9 dans les eaux de circulation industrielles.<\/p>\n<p>\u3010CAS\u30112893-78-9<\/p>\n<p>Formule structurelle :<img alt=\"\" fetchpriority=\"high\" decoding=\"async\" class=\"alignnone size-full wp-image-4233\" src=\"https:\/\/jinancuchem.com\/wp-content\/uploads\/2025\/07\/\u672a\u6807\u9898-1-9.jpg\" width=\"800\" height=\"800\" srcset=\"https:\/\/jinancuchem.com\/wp-content\/uploads\/2025\/07\/\u672a\u6807\u9898-1-9.jpg 800w, https:\/\/jinancuchem.com\/wp-content\/uploads\/2025\/07\/\u672a\u6807\u9898-1-9-300x300.jpg 300w, https:\/\/jinancuchem.com\/wp-content\/uploads\/2025\/07\/\u672a\u6807\u9898-1-9-150x150.jpg 150w, https:\/\/jinancuchem.com\/wp-content\/uploads\/2025\/07\/\u672a\u6807\u9898-1-9-768x768.jpg 768w, https:\/\/jinancuchem.com\/wp-content\/uploads\/2025\/07\/\u672a\u6807\u9898-1-9-12x12.jpg 12w, https:\/\/jinancuchem.com\/wp-content\/uploads\/2025\/07\/\u672a\u6807\u9898-1-9-600x600.jpg 600w, https:\/\/jinancuchem.com\/wp-content\/uploads\/2025\/07\/\u672a\u6807\u9898-1-9-100x100.jpg 100w\" sizes=\"(max-width: 800px) 100vw, 800px\" \/><\/p>\n<p>&nbsp;<\/p>\n<ol>\n<li>Performance des produits<\/li>\n<\/ol>\n<p>Le chlorure d'ozone, dichloroisocyanurate de sodium, est tr\u00e8s soluble dans l'eau et poss\u00e8de les caract\u00e9ristiques suivantes : efficacit\u00e9 \u00e9lev\u00e9e, action rapide, large spectre et s\u00e9curit\u00e9. Il a un effet bact\u00e9ricide extr\u00eamement puissant. \u00c0 une concentration de 20 ppm, le taux de st\u00e9rilisation atteint 99%.<\/p>\n<p>L'ozonine (dichloroisocyanurate de sodium) a des propri\u00e9t\u00e9s stables. Lorsqu'il est stock\u00e9 dans des conditions s\u00e8ches, la teneur en chlore disponible ne diminue pas de plus de 1% en l'espace de six mois. Il ne se d\u00e9t\u00e9riore pas et ne prend pas feu lorsqu'il est stock\u00e9 \u00e0 des temp\u00e9ratures inf\u00e9rieures \u00e0 120\u2103.<\/p>\n<ol>\n<li>M\u00e9thode d'utilisation<\/li>\n<\/ol>\n<p>L'acide oxalique diisocyanurate de sodium (\u00e9galement connu sous le nom d'ozone) est largement utilis\u00e9 comme agent bact\u00e9ricide et algicide dans les syst\u00e8mes de circulation d'eau de refroidissement et les piscines \u00e0 des fins de d\u00e9sinfection. Lorsqu'il est utilis\u00e9 comme bact\u00e9ricide dans le syst\u00e8me de circulation de l'eau de refroidissement, ce produit doit \u00eatre ajout\u00e9 \u00e0 raison de 15-20 ppm tous les 2-3 jours en \u00e9t\u00e9, tous les 3-5 jours au printemps et en automne, et tous les 5-7 jours en hiver. Pour garantir l'effet bact\u00e9ricide, des bact\u00e9ricides non oxydants peuvent \u00e9galement \u00eatre ajout\u00e9s r\u00e9guli\u00e8rement. En tant qu'agent de traitement de l'eau, il est largement utilis\u00e9 dans les eaux de circulation industrielles.<\/p>\n<p>III. Conditionnement et stockage<\/p>\n<p>L'Oxine (dichloroisocyanurate de sodium) est conditionn\u00e9 dans des sacs int\u00e9rieurs en plastique tiss\u00e9 de poly\u00e9thyl\u00e8ne, avec un poids net de 25 kg par sac. Le produit doit \u00eatre stock\u00e9 \u00e0 l'int\u00e9rieur, dans un endroit frais et sec, \u00e0 l'abri de l'humidit\u00e9 et de la lumi\u00e8re du soleil. La dur\u00e9e de conservation est de douze mois.<\/p>\n<ol>\n<li>S\u00e9curit\u00e9 et protection<\/li>\n<\/ol>\n<p>L'oxine (dichloroisocyanurate de sodium) est irritante pour la peau et les yeux. Lors de l'utilisation, il convient de porter des lunettes de protection et des gants en caoutchouc. En cas de contact avec la peau ou les yeux, rincer imm\u00e9diatement et abondamment \u00e0 l'eau.<\/p>\n<p>&nbsp;<\/p>","protected":false},"excerpt":{"rendered":"<p>Oxalicin Oxidizing disinfectant Water treatment agent Disinfectant and algae remover Product description: Oxalicin, sodium dichloroisocyanurate, is an oxidizing disinfectant. It is soluble in water and has the characteristics of high efficiency, rapid action, broad-spectrum, and safety. When used as a disinfectant and algae remover, it has a very strong killing effect. At 20 ppm, the [&hellip;]<\/p>\n","protected":false},"featured_media":4233,"template":"","meta":{"_seopress_robots_primary_cat":"","_seopress_titles_title":"","_seopress_titles_desc":"","_seopress_robots_index":"","_uag_custom_page_level_css":"","site-sidebar-layout":"default","site-content-layout":"","ast-site-content-layout":"default","site-content-style":"default","site-sidebar-style":"default","ast-global-header-display":"","ast-banner-title-visibility":"","ast-main-header-display":"","ast-hfb-above-header-display":"","ast-hfb-below-header-display":"","ast-hfb-mobile-header-display":"","site-post-title":"","ast-breadcrumbs-content":"","ast-featured-img":"","footer-sml-layout":"","theme-transparent-header-meta":"default","adv-header-id-meta":"","stick-header-meta":"default","header-above-stick-meta":"","header-main-stick-meta":"","header-below-stick-meta":"","astra-migrate-meta-layouts":"set","ast-page-background-enabled":"default","ast-page-background-meta":{"desktop":{"background-color":"","background-image":"","background-repeat":"repeat","background-position":"center center","background-size":"auto","background-attachment":"scroll","background-type":"","background-media":"","overlay-type":"","overlay-color":"","overlay-opacity":"","overlay-gradient":""},"tablet":{"background-color":"","background-image":"","background-repeat":"repeat","background-position":"center center","background-size":"auto","background-attachment":"scroll","background-type":"","background-media":"","overlay-type":"","overlay-color":"","overlay-opacity":"","overlay-gradient":""},"mobile":{"background-color":"","background-image":"","background-repeat":"repeat","background-position":"center center","background-size":"auto","background-attachment":"scroll","background-type":"","background-media":"","overlay-type":"","overlay-color":"","overlay-opacity":"","overlay-gradient":""}},"ast-content-background-meta":{"desktop":{"background-color":"var(--ast-global-color-5)","background-image":"","background-repeat":"repeat","background-position":"center center","background-size":"auto","background-attachment":"scroll","background-type":"","background-media":"","overlay-type":"","overlay-color":"","overlay-opacity":"","overlay-gradient":""},"tablet":{"background-color":"var(--ast-global-color-5)","background-image":"","background-repeat":"repeat","background-position":"center center","background-size":"auto","background-attachment":"scroll","background-type":"","background-media":"","overlay-type":"","overlay-color":"","overlay-opacity":"","overlay-gradient":""},"mobile":{"background-color":"var(--ast-global-color-5)","background-image":"","background-repeat":"repeat","background-position":"center center","background-size":"auto","background-attachment":"scroll","background-type":"","background-media":"","overlay-type":"","overlay-color":"","overlay-opacity":"","overlay-gradient":""}}},"product_brand":[],"product_cat":[66],"product_tag":[],"class_list":{"0":"post-4226","1":"product","2":"type-product","3":"status-publish","4":"has-post-thumbnail","6":"product_cat-water-treatment-raw-materials","7":"desktop-align-left","8":"tablet-align-left","9":"mobile-align-left","10":"ast-product-gallery-layout-horizontal-slider","11":"ast-product-gallery-with-no-image","12":"ast-product-tabs-layout-horizontal","14":"first","15":"instock","16":"shipping-taxable","17":"product-type-simple"},"uagb_featured_image_src":{"full":["https:\/\/jinancuchem.com\/wp-content\/uploads\/2025\/07\/\u672a\u6807\u9898-1-9.jpg",800,800,false],"thumbnail":["https:\/\/jinancuchem.com\/wp-content\/uploads\/2025\/07\/\u672a\u6807\u9898-1-9-150x150.jpg",150,150,true],"medium":["https:\/\/jinancuchem.com\/wp-content\/uploads\/2025\/07\/\u672a\u6807\u9898-1-9-300x300.jpg",300,300,true],"medium_large":["https:\/\/jinancuchem.com\/wp-content\/uploads\/2025\/07\/\u672a\u6807\u9898-1-9-768x768.jpg",768,768,true],"large":["https:\/\/jinancuchem.com\/wp-content\/uploads\/2025\/07\/\u672a\u6807\u9898-1-9.jpg",800,800,false],"1536x1536":["https:\/\/jinancuchem.com\/wp-content\/uploads\/2025\/07\/\u672a\u6807\u9898-1-9.jpg",800,800,false],"2048x2048":["https:\/\/jinancuchem.com\/wp-content\/uploads\/2025\/07\/\u672a\u6807\u9898-1-9.jpg",800,800,false],"trp-custom-language-flag":["https:\/\/jinancuchem.com\/wp-content\/uploads\/2025\/07\/\u672a\u6807\u9898-1-9-12x12.jpg",12,12,true],"woocommerce_thumbnail":["https:\/\/jinancuchem.com\/wp-content\/uploads\/2025\/07\/\u672a\u6807\u9898-1-9-300x300.jpg",300,300,true],"woocommerce_single":["https:\/\/jinancuchem.com\/wp-content\/uploads\/2025\/07\/\u672a\u6807\u9898-1-9-600x600.jpg",500,500,true],"woocommerce_gallery_thumbnail":["https:\/\/jinancuchem.com\/wp-content\/uploads\/2025\/07\/\u672a\u6807\u9898-1-9-100x100.jpg",100,100,true]},"uagb_author_info":{"display_name":"jinxing6611@gmail.com","author_link":"https:\/\/jinancuchem.com\/fr\/author\/"},"uagb_comment_info":0,"uagb_excerpt":"Oxalicin Oxidizing disinfectant Water treatment agent Disinfectant and algae remover Product description: Oxalicin, sodium dichloroisocyanurate, is an oxidizing disinfectant. It is soluble in water and has the characteristics of high efficiency, rapid action, broad-spectrum, and safety. When used as a disinfectant and algae remover, it has a very strong killing effect. At 20 ppm, the\u2026","_links":{"self":[{"href":"https:\/\/jinancuchem.com\/fr\/wp-json\/wp\/v2\/product\/4226","targetHints":{"allow":["GET"]}}],"collection":[{"href":"https:\/\/jinancuchem.com\/fr\/wp-json\/wp\/v2\/product"}],"about":[{"href":"https:\/\/jinancuchem.com\/fr\/wp-json\/wp\/v2\/types\/product"}],"wp:featuredmedia":[{"embeddable":true,"href":"https:\/\/jinancuchem.com\/fr\/wp-json\/wp\/v2\/media\/4233"}],"wp:attachment":[{"href":"https:\/\/jinancuchem.com\/fr\/wp-json\/wp\/v2\/media?parent=4226"}],"wp:term":[{"taxonomy":"product_brand","embeddable":true,"href":"https:\/\/jinancuchem.com\/fr\/wp-json\/wp\/v2\/product_brand?post=4226"},{"taxonomy":"product_cat","embeddable":true,"href":"https:\/\/jinancuchem.com\/fr\/wp-json\/wp\/v2\/product_cat?post=4226"},{"taxonomy":"product_tag","embeddable":true,"href":"https:\/\/jinancuchem.com\/fr\/wp-json\/wp\/v2\/product_tag?post=4226"}],"curies":[{"name":"wp","href":"https:\/\/api.w.org\/{rel}","templated":true}]}}