{"id":4230,"date":"2025-07-25T03:08:01","date_gmt":"2025-07-25T03:08:01","guid":{"rendered":"https:\/\/jinancuchem.com\/?post_type=product&#038;p=4230"},"modified":"2025-07-28T00:39:42","modified_gmt":"2025-07-28T00:39:42","slug":"gamma-nonalactone","status":"publish","type":"product","link":"https:\/\/jinancuchem.com\/fr\/produit\/gamma-nonalactone\/","title":{"rendered":"Gamma Nonalactone"},"content":{"rendered":"<p>\u3010CAS\u3011104-61-0<\/p>\n<p>Alias : G-NONALACTONE ;GAMMA-NONALACTONE;LACTONE GAMMA-NONANO\u00cfQUE<\/p>\n<p>Formule mol\u00e9culaire : C<sub>9<\/sub>H<sub>16<\/sub>O<sub>2<\/sub>\u00a0\u00a0\u00a0Masse mol\u00e9culaire relative : 156,22<\/p>\n<p>Formule structurelle :<img alt=\"\" decoding=\"async\" class=\"alignnone size-full wp-image-4234\" src=\"https:\/\/jinancuchem.com\/wp-content\/uploads\/2025\/07\/\u56fe\u724714-4.png\" width=\"288\" height=\"78\" srcset=\"https:\/\/jinancuchem.com\/wp-content\/uploads\/2025\/07\/\u56fe\u724714-4.png 288w, https:\/\/jinancuchem.com\/wp-content\/uploads\/2025\/07\/\u56fe\u724714-4-18x5.png 18w\" sizes=\"(max-width: 288px) 100vw, 288px\" \/><\/p>\n<p>&nbsp;<\/p>\n<h4>1.Propri\u00e9t\u00e9 du produit<\/h4>\n<p>Le Gamma Nonalactone est un compos\u00e9 organique. \u00c0 temp\u00e9rature ambiante, il s'agit d'un liquide huileux incolore \u00e0 jaune p\u00e2le avec un ar\u00f4me de noix de coco. Lorsqu'il est dilu\u00e9, il d\u00e9gage un parfum d'amande ou de p\u00eache.<\/p>\n<p>&nbsp;<\/p>\n<h4>2.<\/h4>\n<table>\n<tbody>\n<tr>\n<td><strong><b>Param\u00e8tres<\/b><\/strong><\/td>\n<td width=\"352\"><strong><b>\u03b3-Nonalactone (FEMA 2781)<\/b><\/strong><\/td>\n<\/tr>\n<tr>\n<td><strong><b>Puret\u00e9 (GC-FID)<\/b><\/strong><\/td>\n<td width=\"352\">\u226598.0%<\/td>\n<\/tr>\n<tr>\n<td><strong><b>Apparence<\/b><\/strong><\/td>\n<td width=\"352\">Liquide incolore \u00e0 jaune p\u00e2le<\/td>\n<\/tr>\n<tr>\n<td><strong><b>Odeur<\/b><\/strong><\/td>\n<td width=\"352\">Noix de coco, cr\u00e9meuse<\/td>\n<\/tr>\n<tr>\n<td><strong><b>Indice de r\u00e9fraction (20\u00b0C)<\/b><\/strong><\/td>\n<td width=\"352\">1.446 &#8211; 1.450<\/td>\n<\/tr>\n<tr>\n<td><strong><b>Densit\u00e9 (20\u00b0C)<\/b><\/strong><\/td>\n<td width=\"352\">0,965 - 0,975 g\/cm\u00b3<\/td>\n<\/tr>\n<tr>\n<td><strong><b>Valeur acide<\/b><\/strong><\/td>\n<td width=\"352\">\u22641,0 mg KOH\/g<\/td>\n<\/tr>\n<tr>\n<td><strong><b>Teneur en eau<\/b><\/strong><\/td>\n<td width=\"352\">\u22640.1%<\/td>\n<\/tr>\n<tr>\n<td><strong><b>M\u00e9taux lourds (Pb)<\/b><\/strong><\/td>\n<td width=\"352\">\u22642 ppm<\/td>\n<\/tr>\n<\/tbody>\n<\/table>\n<p>&nbsp;<\/p>\n<h4>3. Champ d'application et utilisation<\/h4>\n<p>Utilis\u00e9 comme \u00e9pice, il est m\u00e9lang\u00e9 \u00e0 des fruits tels que les p\u00eaches, les abricots, les prunes et les fraises pour cr\u00e9er des essences de parfum aromatis\u00e9es aux fruits, qui sont utilis\u00e9es dans l'alimentation et les produits du tabac. Il peut \u00e9galement \u00eatre combin\u00e9 \u00e0 des essences florales telles que l'ylang-ylang, le jasmin et le gard\u00e9nia, ainsi qu'\u00e0 des parfums orientaux, pour \u00eatre utilis\u00e9 dans les cosm\u00e9tiques et le savon.<\/p>\n<p>&nbsp;<\/p>\n<h4>4. l'emballage et le stockage<\/h4>\n<p>Le Gamma Nonalactone est conditionn\u00e9 dans des f\u00fbts en aluminium de 25 kg (remplis d'azote) avec un rev\u00eatement int\u00e9rieur en film PE de qualit\u00e9 alimentaire. Il doit \u00eatre stock\u00e9 \u00e0 l'abri de la lumi\u00e8re, \u00e0 une temp\u00e9rature ne d\u00e9passant pas 20\u2103 et dans un environnement frais. Il doit \u00eatre ferm\u00e9 herm\u00e9tiquement pour \u00e9viter l'oxydation. La dur\u00e9e de conservation est de 24 mois. Apr\u00e8s ouverture, il doit \u00eatre rempli d'azote et utilis\u00e9 dans les 3 mois.<\/p>","protected":false},"excerpt":{"rendered":"<p>\u3010CAS\u3011104-61-0 Alias: G-NONALACTONE ;GAMMA-NONALACTONE;GAMMA-NONANOIC LACTONE Molecular formula: C9H16O2\u00a0\u00a0\u00a0Relative molecular mass: 156.22 Structural formula: &nbsp; 1.Product Property Gamma Nonalactone is an organic compound. At room temperature, it is a colorless to pale yellow oily liquid with a coconut aroma. When diluted, it exhibits an almond or peach-like fragrance. &nbsp; 2. Parameter \u03b3-Nonalactone (FEMA 2781) Purity (GC-FID) [&hellip;]<\/p>\n","protected":false},"featured_media":4235,"template":"","meta":{"_seopress_robots_primary_cat":"none","_seopress_titles_title":"","_seopress_titles_desc":"","_seopress_robots_index":"","_uag_custom_page_level_css":"","site-sidebar-layout":"default","site-content-layout":"","ast-site-content-layout":"default","site-content-style":"default","site-sidebar-style":"default","ast-global-header-display":"","ast-banner-title-visibility":"","ast-main-header-display":"","ast-hfb-above-header-display":"","ast-hfb-below-header-display":"","ast-hfb-mobile-header-display":"","site-post-title":"","ast-breadcrumbs-content":"","ast-featured-img":"","footer-sml-layout":"","theme-transparent-header-meta":"default","adv-header-id-meta":"","stick-header-meta":"default","header-above-stick-meta":"","header-main-stick-meta":"","header-below-stick-meta":"","astra-migrate-meta-layouts":"set","ast-page-background-enabled":"default","ast-page-background-meta":{"desktop":{"background-color":"","background-image":"","background-repeat":"repeat","background-position":"center center","background-size":"auto","background-attachment":"scroll","background-type":"","background-media":"","overlay-type":"","overlay-color":"","overlay-opacity":"","overlay-gradient":""},"tablet":{"background-color":"","background-image":"","background-repeat":"repeat","background-position":"center center","background-size":"auto","background-attachment":"scroll","background-type":"","background-media":"","overlay-type":"","overlay-color":"","overlay-opacity":"","overlay-gradient":""},"mobile":{"background-color":"","background-image":"","background-repeat":"repeat","background-position":"center center","background-size":"auto","background-attachment":"scroll","background-type":"","background-media":"","overlay-type":"","overlay-color":"","overlay-opacity":"","overlay-gradient":""}},"ast-content-background-meta":{"desktop":{"background-color":"var(--ast-global-color-5)","background-image":"","background-repeat":"repeat","background-position":"center center","background-size":"auto","background-attachment":"scroll","background-type":"","background-media":"","overlay-type":"","overlay-color":"","overlay-opacity":"","overlay-gradient":""},"tablet":{"background-color":"var(--ast-global-color-5)","background-image":"","background-repeat":"repeat","background-position":"center center","background-size":"auto","background-attachment":"scroll","background-type":"","background-media":"","overlay-type":"","overlay-color":"","overlay-opacity":"","overlay-gradient":""},"mobile":{"background-color":"var(--ast-global-color-5)","background-image":"","background-repeat":"repeat","background-position":"center center","background-size":"auto","background-attachment":"scroll","background-type":"","background-media":"","overlay-type":"","overlay-color":"","overlay-opacity":"","overlay-gradient":""}}},"product_brand":[],"product_cat":[67],"product_tag":[],"class_list":{"0":"post-4230","1":"product","2":"type-product","3":"status-publish","4":"has-post-thumbnail","6":"product_cat-food-additives","7":"desktop-align-left","8":"tablet-align-left","9":"mobile-align-left","10":"ast-product-gallery-layout-horizontal-slider","11":"ast-product-gallery-with-no-image","12":"ast-product-tabs-layout-horizontal","14":"first","15":"instock","16":"shipping-taxable","17":"product-type-simple"},"uagb_featured_image_src":{"full":["https:\/\/jinancuchem.com\/wp-content\/uploads\/2025\/07\/14.png",800,800,false],"thumbnail":["https:\/\/jinancuchem.com\/wp-content\/uploads\/2025\/07\/14-150x150.png",150,150,true],"medium":["https:\/\/jinancuchem.com\/wp-content\/uploads\/2025\/07\/14-300x300.png",300,300,true],"medium_large":["https:\/\/jinancuchem.com\/wp-content\/uploads\/2025\/07\/14-768x768.png",768,768,true],"large":["https:\/\/jinancuchem.com\/wp-content\/uploads\/2025\/07\/14.png",800,800,false],"1536x1536":["https:\/\/jinancuchem.com\/wp-content\/uploads\/2025\/07\/14.png",800,800,false],"2048x2048":["https:\/\/jinancuchem.com\/wp-content\/uploads\/2025\/07\/14.png",800,800,false],"trp-custom-language-flag":["https:\/\/jinancuchem.com\/wp-content\/uploads\/2025\/07\/14-12x12.png",12,12,true],"woocommerce_thumbnail":["https:\/\/jinancuchem.com\/wp-content\/uploads\/2025\/07\/14-300x300.png",300,300,true],"woocommerce_single":["https:\/\/jinancuchem.com\/wp-content\/uploads\/2025\/07\/14-600x600.png",500,500,true],"woocommerce_gallery_thumbnail":["https:\/\/jinancuchem.com\/wp-content\/uploads\/2025\/07\/14-100x100.png",100,100,true]},"uagb_author_info":{"display_name":"jinxing6611@gmail.com","author_link":"https:\/\/jinancuchem.com\/fr\/author\/"},"uagb_comment_info":0,"uagb_excerpt":"\u3010CAS\u3011104-61-0 Alias: G-NONALACTONE ;GAMMA-NONALACTONE;GAMMA-NONANOIC LACTONE Molecular formula: C9H16O2\u00a0\u00a0\u00a0Relative molecular mass: 156.22 Structural formula: &nbsp; 1.Product Property Gamma Nonalactone is an organic compound. At room temperature, it is a colorless to pale yellow oily liquid with a coconut aroma. When diluted, it exhibits an almond or peach-like fragrance. &nbsp; 2. Parameter \u03b3-Nonalactone (FEMA 2781) Purity (GC-FID)\u2026","_links":{"self":[{"href":"https:\/\/jinancuchem.com\/fr\/wp-json\/wp\/v2\/product\/4230","targetHints":{"allow":["GET"]}}],"collection":[{"href":"https:\/\/jinancuchem.com\/fr\/wp-json\/wp\/v2\/product"}],"about":[{"href":"https:\/\/jinancuchem.com\/fr\/wp-json\/wp\/v2\/types\/product"}],"wp:featuredmedia":[{"embeddable":true,"href":"https:\/\/jinancuchem.com\/fr\/wp-json\/wp\/v2\/media\/4235"}],"wp:attachment":[{"href":"https:\/\/jinancuchem.com\/fr\/wp-json\/wp\/v2\/media?parent=4230"}],"wp:term":[{"taxonomy":"product_brand","embeddable":true,"href":"https:\/\/jinancuchem.com\/fr\/wp-json\/wp\/v2\/product_brand?post=4230"},{"taxonomy":"product_cat","embeddable":true,"href":"https:\/\/jinancuchem.com\/fr\/wp-json\/wp\/v2\/product_cat?post=4230"},{"taxonomy":"product_tag","embeddable":true,"href":"https:\/\/jinancuchem.com\/fr\/wp-json\/wp\/v2\/product_tag?post=4230"}],"curies":[{"name":"wp","href":"https:\/\/api.w.org\/{rel}","templated":true}]}}