{"id":4236,"date":"2025-07-25T03:09:16","date_gmt":"2025-07-25T03:09:16","guid":{"rendered":"https:\/\/jinancuchem.com\/?post_type=product&#038;p=4236"},"modified":"2025-07-28T00:40:19","modified_gmt":"2025-07-28T00:40:19","slug":"gamma-octalactone","status":"publish","type":"product","link":"https:\/\/jinancuchem.com\/fr\/produit\/gamma-octalactone\/","title":{"rendered":"Gamma Octalactone"},"content":{"rendered":"<p>\u3010CAS\u3011104-50-7<\/p>\n<p>Alias : octan-4-;Octan-4-olide;Acide octano\u00efque, 4-hydroxy-, gamma-lactone<\/p>\n<p>Formule mol\u00e9culaire : C<sub>8<\/sub>H<sub>14<\/sub>O<sub>2<\/sub>\u00a0\u00a0\u00a0Masse mol\u00e9culaire relative : 142,2<\/p>\n<p>Formule structurelle :<img alt=\"\" decoding=\"async\" class=\"alignnone size-full wp-image-4239\" src=\"https:\/\/jinancuchem.com\/wp-content\/uploads\/2025\/07\/\u56fe\u724715-3.png\" width=\"254\" height=\"78\" srcset=\"https:\/\/jinancuchem.com\/wp-content\/uploads\/2025\/07\/\u56fe\u724715-3.png 254w, https:\/\/jinancuchem.com\/wp-content\/uploads\/2025\/07\/\u56fe\u724715-3-18x6.png 18w\" sizes=\"(max-width: 254px) 100vw, 254px\" \/><\/p>\n<p>&nbsp;<\/p>\n<h4>1.Propri\u00e9t\u00e9 du produit<\/h4>\n<p>Liquide huileux incolore \u00e0 l\u00e9g\u00e8rement jaune. Il a un ar\u00f4me sucr\u00e9 rappelant les p\u00eaches, les noix de coco et le pain d'avoine. Point d'\u00e9bullition : 234\u2103. Point d'\u00e9clair : &gt;100\u2103. Soluble dans l'\u00e9thanol et les huiles, l\u00e9g\u00e8rement soluble dans l'eau, et difficilement soluble dans le propyl\u00e8ne glycol.<\/p>\n<p>&nbsp;<\/p>\n<h4>2.<\/h4>\n<table>\n<tbody>\n<tr>\n<td><strong><b>Param\u00e8tres<\/b><\/strong><\/td>\n<td width=\"343\"><strong><b>Sp\u00e9cifications<\/b><\/strong><\/td>\n<\/tr>\n<tr>\n<td><strong><b>Puret\u00e9 (GC-FID)<\/b><\/strong><\/td>\n<td width=\"343\">\u226597.5%<\/td>\n<\/tr>\n<tr>\n<td><strong><b>Apparence<\/b><\/strong><\/td>\n<td width=\"343\">Liquide incolore \u00e0 jaune p\u00e2le<\/td>\n<\/tr>\n<tr>\n<td><strong><b>Odeur<\/b><\/strong><\/td>\n<td width=\"343\">Cr\u00e9meux, noix de coco, noix<\/td>\n<\/tr>\n<tr>\n<td><strong><b>Indice de r\u00e9fraction (20\u00b0C)<\/b><\/strong><\/td>\n<td width=\"343\">1.443 &#8211; 1.447<\/td>\n<\/tr>\n<tr>\n<td><strong><b>Densit\u00e9 (20\u00b0C)<\/b><\/strong><\/td>\n<td width=\"343\">0,975 - 0,985 g\/cm\u00b3<\/td>\n<\/tr>\n<tr>\n<td><strong><b>Valeur acide<\/b><\/strong><\/td>\n<td width=\"343\">\u22641,2 mg KOH\/g<\/td>\n<\/tr>\n<tr>\n<td><strong><b>Teneur en eau<\/b><\/strong><\/td>\n<td width=\"343\">\u22640.15%<\/td>\n<\/tr>\n<tr>\n<td><strong><b>M\u00e9taux lourds (Pb)<\/b><\/strong><\/td>\n<td width=\"343\">\u22642 ppm<\/td>\n<\/tr>\n<\/tbody>\n<\/table>\n<p>&nbsp;<\/p>\n<h4>3. Champ d'application et utilisation<\/h4>\n<p>Il convient aux parfums floraux lourds tels que le gard\u00e9nia, l'ylang-ylang, la jacinthe et m\u00eame les parfums de lys. Il peut \u00e9galement \u00eatre utilis\u00e9 comme modificateur ou substitut des coumarines, et est utilis\u00e9 dans les parfums de jasmin, de lavande et d'herbes. Il peut \u00e9galement \u00eatre utilis\u00e9 dans des types de parfums comestibles tels que la noix de coco, les noix, la cr\u00e8me, les f\u00e8ves de patchouli, le caramel au fromage, le rhum, etc.<\/p>\n<p>&nbsp;<\/p>\n<h4>4. l'emballage et le stockage<\/h4>\n<p>Le Gamma Octalactone est conditionn\u00e9 dans des f\u00fbts en aluminium de 25 kg (remplis d'azote) ou dans des bouteilles en verre brun avec un rev\u00eatement int\u00e9rieur en film PE de qualit\u00e9 alimentaire. Il doit \u00eatre stock\u00e9 dans un endroit sombre \u00e0 une temp\u00e9rature ne d\u00e9passant pas 20\u2103. Apr\u00e8s ouverture, il doit \u00eatre prot\u00e9g\u00e9 par de l'azote et utilis\u00e9 dans les 3 mois. La dur\u00e9e de conservation est de 18 mois.<\/p>","protected":false},"excerpt":{"rendered":"<p>\u3010CAS\u3011104-50-7 Alias: octan-4-;Octan-4-olide;Octanoic acid, 4-hydroxy-, gamma-lactone Molecular formula: C8H14O2\u00a0\u00a0\u00a0Relative molecular mass: 142.2 Structural formula: &nbsp; 1.Product Property Colorless to slightly yellow oily liquid. It has a sweet aroma reminiscent of peaches, coconuts, and oatmeal bread. Boiling point: 234\u2103. Flash point: &gt;100\u2103. Soluble in ethanol and oils, slightly soluble in water, and hardly soluble in propylene [&hellip;]<\/p>\n","protected":false},"featured_media":4240,"template":"","meta":{"_seopress_robots_primary_cat":"none","_seopress_titles_title":"","_seopress_titles_desc":"","_seopress_robots_index":"","_uag_custom_page_level_css":"","site-sidebar-layout":"default","site-content-layout":"","ast-site-content-layout":"default","site-content-style":"default","site-sidebar-style":"default","ast-global-header-display":"","ast-banner-title-visibility":"","ast-main-header-display":"","ast-hfb-above-header-display":"","ast-hfb-below-header-display":"","ast-hfb-mobile-header-display":"","site-post-title":"","ast-breadcrumbs-content":"","ast-featured-img":"","footer-sml-layout":"","theme-transparent-header-meta":"default","adv-header-id-meta":"","stick-header-meta":"default","header-above-stick-meta":"","header-main-stick-meta":"","header-below-stick-meta":"","astra-migrate-meta-layouts":"set","ast-page-background-enabled":"default","ast-page-background-meta":{"desktop":{"background-color":"","background-image":"","background-repeat":"repeat","background-position":"center center","background-size":"auto","background-attachment":"scroll","background-type":"","background-media":"","overlay-type":"","overlay-color":"","overlay-opacity":"","overlay-gradient":""},"tablet":{"background-color":"","background-image":"","background-repeat":"repeat","background-position":"center center","background-size":"auto","background-attachment":"scroll","background-type":"","background-media":"","overlay-type":"","overlay-color":"","overlay-opacity":"","overlay-gradient":""},"mobile":{"background-color":"","background-image":"","background-repeat":"repeat","background-position":"center center","background-size":"auto","background-attachment":"scroll","background-type":"","background-media":"","overlay-type":"","overlay-color":"","overlay-opacity":"","overlay-gradient":""}},"ast-content-background-meta":{"desktop":{"background-color":"var(--ast-global-color-5)","background-image":"","background-repeat":"repeat","background-position":"center center","background-size":"auto","background-attachment":"scroll","background-type":"","background-media":"","overlay-type":"","overlay-color":"","overlay-opacity":"","overlay-gradient":""},"tablet":{"background-color":"var(--ast-global-color-5)","background-image":"","background-repeat":"repeat","background-position":"center center","background-size":"auto","background-attachment":"scroll","background-type":"","background-media":"","overlay-type":"","overlay-color":"","overlay-opacity":"","overlay-gradient":""},"mobile":{"background-color":"var(--ast-global-color-5)","background-image":"","background-repeat":"repeat","background-position":"center center","background-size":"auto","background-attachment":"scroll","background-type":"","background-media":"","overlay-type":"","overlay-color":"","overlay-opacity":"","overlay-gradient":""}}},"product_brand":[],"product_cat":[67],"product_tag":[],"class_list":{"0":"post-4236","1":"product","2":"type-product","3":"status-publish","4":"has-post-thumbnail","6":"product_cat-food-additives","7":"desktop-align-left","8":"tablet-align-left","9":"mobile-align-left","10":"ast-product-gallery-layout-horizontal-slider","11":"ast-product-gallery-with-no-image","12":"ast-product-tabs-layout-horizontal","14":"first","15":"instock","16":"shipping-taxable","17":"product-type-simple"},"uagb_featured_image_src":{"full":["https:\/\/jinancuchem.com\/wp-content\/uploads\/2025\/07\/15.png",800,800,false],"thumbnail":["https:\/\/jinancuchem.com\/wp-content\/uploads\/2025\/07\/15-150x150.png",150,150,true],"medium":["https:\/\/jinancuchem.com\/wp-content\/uploads\/2025\/07\/15-300x300.png",300,300,true],"medium_large":["https:\/\/jinancuchem.com\/wp-content\/uploads\/2025\/07\/15-768x768.png",768,768,true],"large":["https:\/\/jinancuchem.com\/wp-content\/uploads\/2025\/07\/15.png",800,800,false],"1536x1536":["https:\/\/jinancuchem.com\/wp-content\/uploads\/2025\/07\/15.png",800,800,false],"2048x2048":["https:\/\/jinancuchem.com\/wp-content\/uploads\/2025\/07\/15.png",800,800,false],"trp-custom-language-flag":["https:\/\/jinancuchem.com\/wp-content\/uploads\/2025\/07\/15-12x12.png",12,12,true],"woocommerce_thumbnail":["https:\/\/jinancuchem.com\/wp-content\/uploads\/2025\/07\/15-300x300.png",300,300,true],"woocommerce_single":["https:\/\/jinancuchem.com\/wp-content\/uploads\/2025\/07\/15-600x600.png",500,500,true],"woocommerce_gallery_thumbnail":["https:\/\/jinancuchem.com\/wp-content\/uploads\/2025\/07\/15-100x100.png",100,100,true]},"uagb_author_info":{"display_name":"jinxing6611@gmail.com","author_link":"https:\/\/jinancuchem.com\/fr\/author\/"},"uagb_comment_info":0,"uagb_excerpt":"\u3010CAS\u3011104-50-7 Alias: octan-4-;Octan-4-olide;Octanoic acid, 4-hydroxy-, gamma-lactone Molecular formula: C8H14O2\u00a0\u00a0\u00a0Relative molecular mass: 142.2 Structural formula: &nbsp; 1.Product Property Colorless to slightly yellow oily liquid. It has a sweet aroma reminiscent of peaches, coconuts, and oatmeal bread. Boiling point: 234\u2103. Flash point: &gt;100\u2103. Soluble in ethanol and oils, slightly soluble in water, and hardly soluble in propylene\u2026","_links":{"self":[{"href":"https:\/\/jinancuchem.com\/fr\/wp-json\/wp\/v2\/product\/4236","targetHints":{"allow":["GET"]}}],"collection":[{"href":"https:\/\/jinancuchem.com\/fr\/wp-json\/wp\/v2\/product"}],"about":[{"href":"https:\/\/jinancuchem.com\/fr\/wp-json\/wp\/v2\/types\/product"}],"wp:featuredmedia":[{"embeddable":true,"href":"https:\/\/jinancuchem.com\/fr\/wp-json\/wp\/v2\/media\/4240"}],"wp:attachment":[{"href":"https:\/\/jinancuchem.com\/fr\/wp-json\/wp\/v2\/media?parent=4236"}],"wp:term":[{"taxonomy":"product_brand","embeddable":true,"href":"https:\/\/jinancuchem.com\/fr\/wp-json\/wp\/v2\/product_brand?post=4236"},{"taxonomy":"product_cat","embeddable":true,"href":"https:\/\/jinancuchem.com\/fr\/wp-json\/wp\/v2\/product_cat?post=4236"},{"taxonomy":"product_tag","embeddable":true,"href":"https:\/\/jinancuchem.com\/fr\/wp-json\/wp\/v2\/product_tag?post=4236"}],"curies":[{"name":"wp","href":"https:\/\/api.w.org\/{rel}","templated":true}]}}