{"id":4248,"date":"2025-07-25T03:12:06","date_gmt":"2025-07-25T03:12:06","guid":{"rendered":"https:\/\/jinancuchem.com\/?post_type=product&#038;p=4248"},"modified":"2025-07-28T00:41:43","modified_gmt":"2025-07-28T00:41:43","slug":"ethyl-propionate","status":"publish","type":"product","link":"https:\/\/jinancuchem.com\/fr\/produit\/ethyl-propionate\/","title":{"rendered":"Propionate d'\u00e9thyle"},"content":{"rendered":"<p>\u3010CAS\u3011105-37-3<\/p>\n<p>Alias : PROPANOATE D'ETHYL ;N-propanoate d'\u00e9thyle ;ESTER D'ETHYL DE L'ACIDE PROPANOIQUE<\/p>\n<p>Formule mol\u00e9culaire : C<sub>5<\/sub>H<sub>10<\/sub>O<sub>2<\/sub>\u00a0\u00a0Masse mol\u00e9culaire relative : 102,13<\/p>\n<p>Formule structurelle :<img alt=\"\" decoding=\"async\" class=\"alignnone size-full wp-image-4251\" src=\"https:\/\/jinancuchem.com\/wp-content\/uploads\/2025\/07\/\u56fe\u724717-4.png\" width=\"180\" height=\"78\" srcset=\"https:\/\/jinancuchem.com\/wp-content\/uploads\/2025\/07\/\u56fe\u724717-4.png 180w, https:\/\/jinancuchem.com\/wp-content\/uploads\/2025\/07\/\u56fe\u724717-4-18x8.png 18w\" sizes=\"(max-width: 180px) 100vw, 180px\" \/><\/p>\n<p>&nbsp;<\/p>\n<h4>1.Propri\u00e9t\u00e9 du produit<\/h4>\n<p>Le propionate d'\u00e9thyle est un compos\u00e9 organique. C'est un liquide incolore \u00e0 l'ar\u00f4me d'ananas. Il est insoluble dans l'eau mais miscible avec l'\u00e9thanol, l'\u00e9ther, le propyl\u00e8ne glycol et la plupart des autres solvants organiques.<\/p>\n<p>&nbsp;<\/p>\n<h4>2.<\/h4>\n<table>\n<tbody>\n<tr>\n<td><strong><b>Param\u00e8tres<\/b><\/strong><\/td>\n<td width=\"356\"><strong><b>Sp\u00e9cifications<\/b><\/strong><\/td>\n<\/tr>\n<tr>\n<td><strong><b>Puret\u00e9 (GC-FID)<\/b><\/strong><\/td>\n<td width=\"356\">\u226599.0%<\/td>\n<\/tr>\n<tr>\n<td><strong><b>Apparence<\/b><\/strong><\/td>\n<td width=\"356\">Liquide incolore<\/td>\n<\/tr>\n<tr>\n<td><strong><b>Odeur<\/b><\/strong><\/td>\n<td width=\"356\">Fruit\u00e9, semblable au rhum<\/td>\n<\/tr>\n<tr>\n<td><strong><b>Indice de r\u00e9fraction (20\u00b0C)<\/b><\/strong><\/td>\n<td width=\"356\">1.383 &#8211; 1.387<\/td>\n<\/tr>\n<tr>\n<td><strong><b>Densit\u00e9 (20\u00b0C)<\/b><\/strong><\/td>\n<td width=\"356\">0,888 - 0,893 g\/cm\u00b3<\/td>\n<\/tr>\n<tr>\n<td><strong><b>Acidit\u00e9 (en tant qu'acide propionique)<\/b><\/strong><\/td>\n<td width=\"356\">\u22640.02%<\/td>\n<\/tr>\n<tr>\n<td><strong><b>Teneur en eau<\/b><\/strong><\/td>\n<td width=\"356\">\u22640.05%<\/td>\n<\/tr>\n<tr>\n<td><strong><b>M\u00e9taux lourds (Pb)<\/b><\/strong><\/td>\n<td width=\"356\">\u22641 ppm<\/td>\n<\/tr>\n<\/tbody>\n<\/table>\n<p>&nbsp;<\/p>\n<h4>3. Champ d'application et utilisation<\/h4>\n<p>Il est utilis\u00e9 pour m\u00e9langer des essences comestibles telles que bananes, ananas, cr\u00e8me, poires, bubble gum, mangoustans, rhum, pommes, raisins, p\u00eaches, fruits tropicaux, etc. Il peut \u00e9galement \u00eatre utilis\u00e9 dans les essences de tabac et d'alcool, comme solvant pour les esters de cellulose, les \u00e9thers, les r\u00e9sines, ainsi qu'en synth\u00e8se organique.<\/p>\n<p>&nbsp;<\/p>\n<h4>4. l'emballage et le stockage<\/h4>\n<p>Le propionate d'\u00e9thyle est conditionn\u00e9 dans des f\u00fbts en aluminium de 25 kg ou des f\u00fbts en fer galvanis\u00e9 avec un rev\u00eatement int\u00e9rieur en film PE de qualit\u00e9 alimentaire. Il doit \u00eatre stock\u00e9 dans un endroit frais et ventil\u00e9 (&lt; 25\u2103), \u00e0 l&#039;\u00e9cart des sources de feu et des oxydants. La dur\u00e9e de conservation est de 24 mois.<\/p>","protected":false},"excerpt":{"rendered":"<p>\u3010CAS\u3011105-37-3 Alias: ETHYL PROPANOATE ;Ethyl n-propanoate ;PROPANOIC ACID ETHYL ESTER Molecular formula: C5H10O2\u00a0\u00a0Relative molecular mass: 102.13 Structural formula: &nbsp; 1.Product Property Ethyl propionate is an organic compound. It is a colorless liquid with a pineapple aroma. It is insoluble in water but miscible with ethanol, ether, propylene glycol and most other organic solvents. &nbsp; 2. [&hellip;]<\/p>\n","protected":false},"featured_media":4252,"template":"","meta":{"_seopress_robots_primary_cat":"none","_seopress_titles_title":"","_seopress_titles_desc":"","_seopress_robots_index":"","_uag_custom_page_level_css":"","site-sidebar-layout":"default","site-content-layout":"","ast-site-content-layout":"default","site-content-style":"default","site-sidebar-style":"default","ast-global-header-display":"","ast-banner-title-visibility":"","ast-main-header-display":"","ast-hfb-above-header-display":"","ast-hfb-below-header-display":"","ast-hfb-mobile-header-display":"","site-post-title":"","ast-breadcrumbs-content":"","ast-featured-img":"","footer-sml-layout":"","theme-transparent-header-meta":"default","adv-header-id-meta":"","stick-header-meta":"default","header-above-stick-meta":"","header-main-stick-meta":"","header-below-stick-meta":"","astra-migrate-meta-layouts":"set","ast-page-background-enabled":"default","ast-page-background-meta":{"desktop":{"background-color":"","background-image":"","background-repeat":"repeat","background-position":"center center","background-size":"auto","background-attachment":"scroll","background-type":"","background-media":"","overlay-type":"","overlay-color":"","overlay-opacity":"","overlay-gradient":""},"tablet":{"background-color":"","background-image":"","background-repeat":"repeat","background-position":"center center","background-size":"auto","background-attachment":"scroll","background-type":"","background-media":"","overlay-type":"","overlay-color":"","overlay-opacity":"","overlay-gradient":""},"mobile":{"background-color":"","background-image":"","background-repeat":"repeat","background-position":"center center","background-size":"auto","background-attachment":"scroll","background-type":"","background-media":"","overlay-type":"","overlay-color":"","overlay-opacity":"","overlay-gradient":""}},"ast-content-background-meta":{"desktop":{"background-color":"var(--ast-global-color-5)","background-image":"","background-repeat":"repeat","background-position":"center center","background-size":"auto","background-attachment":"scroll","background-type":"","background-media":"","overlay-type":"","overlay-color":"","overlay-opacity":"","overlay-gradient":""},"tablet":{"background-color":"var(--ast-global-color-5)","background-image":"","background-repeat":"repeat","background-position":"center center","background-size":"auto","background-attachment":"scroll","background-type":"","background-media":"","overlay-type":"","overlay-color":"","overlay-opacity":"","overlay-gradient":""},"mobile":{"background-color":"var(--ast-global-color-5)","background-image":"","background-repeat":"repeat","background-position":"center center","background-size":"auto","background-attachment":"scroll","background-type":"","background-media":"","overlay-type":"","overlay-color":"","overlay-opacity":"","overlay-gradient":""}}},"product_brand":[],"product_cat":[67],"product_tag":[],"class_list":{"0":"post-4248","1":"product","2":"type-product","3":"status-publish","4":"has-post-thumbnail","6":"product_cat-food-additives","7":"desktop-align-left","8":"tablet-align-left","9":"mobile-align-left","10":"ast-product-gallery-layout-horizontal-slider","11":"ast-product-gallery-with-no-image","12":"ast-product-tabs-layout-horizontal","14":"first","15":"instock","16":"shipping-taxable","17":"product-type-simple"},"uagb_featured_image_src":{"full":["https:\/\/jinancuchem.com\/wp-content\/uploads\/2025\/07\/17.png",800,800,false],"thumbnail":["https:\/\/jinancuchem.com\/wp-content\/uploads\/2025\/07\/17-150x150.png",150,150,true],"medium":["https:\/\/jinancuchem.com\/wp-content\/uploads\/2025\/07\/17-300x300.png",300,300,true],"medium_large":["https:\/\/jinancuchem.com\/wp-content\/uploads\/2025\/07\/17-768x768.png",768,768,true],"large":["https:\/\/jinancuchem.com\/wp-content\/uploads\/2025\/07\/17.png",800,800,false],"1536x1536":["https:\/\/jinancuchem.com\/wp-content\/uploads\/2025\/07\/17.png",800,800,false],"2048x2048":["https:\/\/jinancuchem.com\/wp-content\/uploads\/2025\/07\/17.png",800,800,false],"trp-custom-language-flag":["https:\/\/jinancuchem.com\/wp-content\/uploads\/2025\/07\/17-12x12.png",12,12,true],"woocommerce_thumbnail":["https:\/\/jinancuchem.com\/wp-content\/uploads\/2025\/07\/17-300x300.png",300,300,true],"woocommerce_single":["https:\/\/jinancuchem.com\/wp-content\/uploads\/2025\/07\/17-600x600.png",500,500,true],"woocommerce_gallery_thumbnail":["https:\/\/jinancuchem.com\/wp-content\/uploads\/2025\/07\/17-100x100.png",100,100,true]},"uagb_author_info":{"display_name":"jinxing6611@gmail.com","author_link":"https:\/\/jinancuchem.com\/fr\/author\/"},"uagb_comment_info":0,"uagb_excerpt":"\u3010CAS\u3011105-37-3 Alias: ETHYL PROPANOATE ;Ethyl n-propanoate ;PROPANOIC ACID ETHYL ESTER Molecular formula: C5H10O2\u00a0\u00a0Relative molecular mass: 102.13 Structural formula: &nbsp; 1.Product Property Ethyl propionate is an organic compound. It is a colorless liquid with a pineapple aroma. It is insoluble in water but miscible with ethanol, ether, propylene glycol and most other organic solvents. &nbsp; 2.\u2026","_links":{"self":[{"href":"https:\/\/jinancuchem.com\/fr\/wp-json\/wp\/v2\/product\/4248","targetHints":{"allow":["GET"]}}],"collection":[{"href":"https:\/\/jinancuchem.com\/fr\/wp-json\/wp\/v2\/product"}],"about":[{"href":"https:\/\/jinancuchem.com\/fr\/wp-json\/wp\/v2\/types\/product"}],"wp:featuredmedia":[{"embeddable":true,"href":"https:\/\/jinancuchem.com\/fr\/wp-json\/wp\/v2\/media\/4252"}],"wp:attachment":[{"href":"https:\/\/jinancuchem.com\/fr\/wp-json\/wp\/v2\/media?parent=4248"}],"wp:term":[{"taxonomy":"product_brand","embeddable":true,"href":"https:\/\/jinancuchem.com\/fr\/wp-json\/wp\/v2\/product_brand?post=4248"},{"taxonomy":"product_cat","embeddable":true,"href":"https:\/\/jinancuchem.com\/fr\/wp-json\/wp\/v2\/product_cat?post=4248"},{"taxonomy":"product_tag","embeddable":true,"href":"https:\/\/jinancuchem.com\/fr\/wp-json\/wp\/v2\/product_tag?post=4248"}],"curies":[{"name":"wp","href":"https:\/\/api.w.org\/{rel}","templated":true}]}}