{"id":4267,"date":"2025-07-25T03:16:00","date_gmt":"2025-07-25T03:16:00","guid":{"rendered":"https:\/\/jinancuchem.com\/?post_type=product&#038;p=4267"},"modified":"2025-07-25T03:16:00","modified_gmt":"2025-07-25T03:16:00","slug":"isoamyl-propionate","status":"publish","type":"product","link":"https:\/\/jinancuchem.com\/fr\/produit\/isoamyl-propionate\/","title":{"rendered":"Propionate d'isoamyle"},"content":{"rendered":"<p>\u3010CAS\u3011105-68-0<\/p>\n<p>Alias : isoamyl;iso-Amyl n-propionate;alcool isopentylique, propionate<\/p>\n<p>Formule mol\u00e9culaire : C<sub>8<\/sub>H<sub>16<\/sub>O<sub>2<\/sub>\u00a0\u00a0\u00a0Masse mol\u00e9culaire relative : 144,21<\/p>\n<p>Formule structurelle :<img alt=\"\" decoding=\"async\" class=\"alignnone size-full wp-image-4271\" src=\"https:\/\/jinancuchem.com\/wp-content\/uploads\/2025\/07\/\u56fe\u724720-6.png\" width=\"250\" height=\"78\" srcset=\"https:\/\/jinancuchem.com\/wp-content\/uploads\/2025\/07\/\u56fe\u724720-6.png 250w, https:\/\/jinancuchem.com\/wp-content\/uploads\/2025\/07\/\u56fe\u724720-6-18x6.png 18w\" sizes=\"(max-width: 250px) 100vw, 250px\" \/><\/p>\n<p>&nbsp;<\/p>\n<p>1.Propri\u00e9t\u00e9 du produit<br \/>\nLiquide incolore. Il a un ar\u00f4me doux et fruit\u00e9, rappelant les abricots, les raisins de Corinthe et les ananas. Il est insoluble dans l'eau et la glyc\u00e9rine, mais soluble dans les solvants organiques tels que l'\u00e9thanol.<\/p>\n<p>2.<\/p>\n<table>\n<tbody>\n<tr>\n<td><strong><b>Param\u00e8tres<\/b><\/strong><\/td>\n<td width=\"356\"><strong><b>Sp\u00e9cifications<\/b><\/strong><\/td>\n<\/tr>\n<tr>\n<td><strong><b>Puret\u00e9 (GC-FID)<\/b><\/strong><\/td>\n<td width=\"356\">\u226597.0%<\/td>\n<\/tr>\n<tr>\n<td><strong><b>Apparence<\/b><\/strong><\/td>\n<td width=\"356\">Liquide incolore<\/td>\n<\/tr>\n<tr>\n<td><strong><b>Odeur<\/b><\/strong><\/td>\n<td width=\"356\">Fruit\u00e9, semblable \u00e0 la banane<\/td>\n<\/tr>\n<tr>\n<td><strong><b>Indice de r\u00e9fraction (20\u00b0C)<\/b><\/strong><\/td>\n<td width=\"356\">1.405 &#8211; 1.409<\/td>\n<\/tr>\n<tr>\n<td><strong><b>Densit\u00e9 (20\u00b0C)<\/b><\/strong><\/td>\n<td width=\"356\">0,870 - 0,880 g\/cm\u00b3<\/td>\n<\/tr>\n<tr>\n<td><strong><b>Acidit\u00e9 (en tant qu'acide propionique)<\/b><\/strong><\/td>\n<td width=\"356\">\u22640.05%<\/td>\n<\/tr>\n<tr>\n<td><strong><b>Teneur en eau<\/b><\/strong><\/td>\n<td width=\"356\">\u22640.2%<\/td>\n<\/tr>\n<tr>\n<td><strong><b>M\u00e9taux lourds (Pb)<\/b><\/strong><\/td>\n<td width=\"356\">\u22643 ppm<\/td>\n<\/tr>\n<\/tbody>\n<\/table>\n<p>&nbsp;<\/p>\n<p>3. Champ d'application et utilisation<br \/>\nIl est utilis\u00e9 comme \u00e9pice pour m\u00e9langer les odeurs de pommes, d'ananas, de poires, de fraises, etc. et est \u00e9galement utilis\u00e9 dans les huiles essentielles de fleurs artificielles. Il est utilis\u00e9 comme agent aromatisant pour les aliments froids, le pain et le chewing-gum. Il est \u00e9galement utilis\u00e9 comme solvant pour dissoudre la nitrocellulose, la laque nitrocellulosique et les r\u00e9sines, et peut \u00e9galement \u00eatre utilis\u00e9 comme agent d'extraction.<\/p>\n<p>4. l'emballage et le stockage<br \/>\nLe caproate d'isopropyle est conditionn\u00e9 dans des f\u00fbts en aluminium de 25 kg ou des f\u00fbts en plastique HDPE (prot\u00e9g\u00e9s par de l'azote). Il est doubl\u00e9 d'un film PE de qualit\u00e9 alimentaire. Il doit \u00eatre stock\u00e9 dans un endroit frais et ventil\u00e9 (&lt; 25\u2103), \u00e0 l&#039;\u00e9cart des sources de feu et des oxydants. La dur\u00e9e de conservation est de 18 mois. Apr\u00e8s ouverture, il est recommand\u00e9 de l&#039;utiliser dans les 6 mois.<\/p>","protected":false},"excerpt":{"rendered":"<p>\u3010CAS\u3011105-68-0 Alias: isoamyl;iso-Amyl n-propionate;Isopentyl alcohol, propionate Molecular formula: C8H16O2\u00a0\u00a0\u00a0Relative molecular mass: 144.21 Structural formula: &nbsp; 1.Product Property Colorless liquid. It has a sweet fruity aroma, reminiscent of apricots, currants, and pineapple. It is insoluble in water and glycerin, but soluble in organic solvents such as ethanol. 2. Parameter Specification Purity (GC-FID) \u226597.0% Appearance Colorless liquid [&hellip;]<\/p>\n","protected":false},"featured_media":4272,"template":"","meta":{"_seopress_robots_primary_cat":"","_seopress_titles_title":"","_seopress_titles_desc":"","_seopress_robots_index":"","_uag_custom_page_level_css":"","site-sidebar-layout":"default","site-content-layout":"","ast-site-content-layout":"default","site-content-style":"default","site-sidebar-style":"default","ast-global-header-display":"","ast-banner-title-visibility":"","ast-main-header-display":"","ast-hfb-above-header-display":"","ast-hfb-below-header-display":"","ast-hfb-mobile-header-display":"","site-post-title":"","ast-breadcrumbs-content":"","ast-featured-img":"","footer-sml-layout":"","theme-transparent-header-meta":"default","adv-header-id-meta":"","stick-header-meta":"default","header-above-stick-meta":"","header-main-stick-meta":"","header-below-stick-meta":"","astra-migrate-meta-layouts":"set","ast-page-background-enabled":"default","ast-page-background-meta":{"desktop":{"background-color":"","background-image":"","background-repeat":"repeat","background-position":"center center","background-size":"auto","background-attachment":"scroll","background-type":"","background-media":"","overlay-type":"","overlay-color":"","overlay-opacity":"","overlay-gradient":""},"tablet":{"background-color":"","background-image":"","background-repeat":"repeat","background-position":"center center","background-size":"auto","background-attachment":"scroll","background-type":"","background-media":"","overlay-type":"","overlay-color":"","overlay-opacity":"","overlay-gradient":""},"mobile":{"background-color":"","background-image":"","background-repeat":"repeat","background-position":"center center","background-size":"auto","background-attachment":"scroll","background-type":"","background-media":"","overlay-type":"","overlay-color":"","overlay-opacity":"","overlay-gradient":""}},"ast-content-background-meta":{"desktop":{"background-color":"var(--ast-global-color-5)","background-image":"","background-repeat":"repeat","background-position":"center center","background-size":"auto","background-attachment":"scroll","background-type":"","background-media":"","overlay-type":"","overlay-color":"","overlay-opacity":"","overlay-gradient":""},"tablet":{"background-color":"var(--ast-global-color-5)","background-image":"","background-repeat":"repeat","background-position":"center center","background-size":"auto","background-attachment":"scroll","background-type":"","background-media":"","overlay-type":"","overlay-color":"","overlay-opacity":"","overlay-gradient":""},"mobile":{"background-color":"var(--ast-global-color-5)","background-image":"","background-repeat":"repeat","background-position":"center center","background-size":"auto","background-attachment":"scroll","background-type":"","background-media":"","overlay-type":"","overlay-color":"","overlay-opacity":"","overlay-gradient":""}}},"product_brand":[],"product_cat":[67],"product_tag":[],"class_list":{"0":"post-4267","1":"product","2":"type-product","3":"status-publish","4":"has-post-thumbnail","6":"product_cat-food-additives","7":"desktop-align-left","8":"tablet-align-left","9":"mobile-align-left","10":"ast-product-gallery-layout-horizontal-slider","11":"ast-product-gallery-with-no-image","12":"ast-product-tabs-layout-horizontal","14":"first","15":"instock","16":"shipping-taxable","17":"product-type-simple"},"uagb_featured_image_src":{"full":["https:\/\/jinancuchem.com\/wp-content\/uploads\/2025\/07\/20.png",800,800,false],"thumbnail":["https:\/\/jinancuchem.com\/wp-content\/uploads\/2025\/07\/20-150x150.png",150,150,true],"medium":["https:\/\/jinancuchem.com\/wp-content\/uploads\/2025\/07\/20-300x300.png",300,300,true],"medium_large":["https:\/\/jinancuchem.com\/wp-content\/uploads\/2025\/07\/20-768x768.png",768,768,true],"large":["https:\/\/jinancuchem.com\/wp-content\/uploads\/2025\/07\/20.png",800,800,false],"1536x1536":["https:\/\/jinancuchem.com\/wp-content\/uploads\/2025\/07\/20.png",800,800,false],"2048x2048":["https:\/\/jinancuchem.com\/wp-content\/uploads\/2025\/07\/20.png",800,800,false],"trp-custom-language-flag":["https:\/\/jinancuchem.com\/wp-content\/uploads\/2025\/07\/20-12x12.png",12,12,true],"woocommerce_thumbnail":["https:\/\/jinancuchem.com\/wp-content\/uploads\/2025\/07\/20-300x300.png",300,300,true],"woocommerce_single":["https:\/\/jinancuchem.com\/wp-content\/uploads\/2025\/07\/20-600x600.png",500,500,true],"woocommerce_gallery_thumbnail":["https:\/\/jinancuchem.com\/wp-content\/uploads\/2025\/07\/20-100x100.png",100,100,true]},"uagb_author_info":{"display_name":"jinxing6611@gmail.com","author_link":"https:\/\/jinancuchem.com\/fr\/author\/"},"uagb_comment_info":0,"uagb_excerpt":"\u3010CAS\u3011105-68-0 Alias: isoamyl;iso-Amyl n-propionate;Isopentyl alcohol, propionate Molecular formula: C8H16O2\u00a0\u00a0\u00a0Relative molecular mass: 144.21 Structural formula: &nbsp; 1.Product Property Colorless liquid. It has a sweet fruity aroma, reminiscent of apricots, currants, and pineapple. It is insoluble in water and glycerin, but soluble in organic solvents such as ethanol. 2. Parameter Specification Purity (GC-FID) \u226597.0% Appearance Colorless liquid\u2026","_links":{"self":[{"href":"https:\/\/jinancuchem.com\/fr\/wp-json\/wp\/v2\/product\/4267","targetHints":{"allow":["GET"]}}],"collection":[{"href":"https:\/\/jinancuchem.com\/fr\/wp-json\/wp\/v2\/product"}],"about":[{"href":"https:\/\/jinancuchem.com\/fr\/wp-json\/wp\/v2\/types\/product"}],"wp:featuredmedia":[{"embeddable":true,"href":"https:\/\/jinancuchem.com\/fr\/wp-json\/wp\/v2\/media\/4272"}],"wp:attachment":[{"href":"https:\/\/jinancuchem.com\/fr\/wp-json\/wp\/v2\/media?parent=4267"}],"wp:term":[{"taxonomy":"product_brand","embeddable":true,"href":"https:\/\/jinancuchem.com\/fr\/wp-json\/wp\/v2\/product_brand?post=4267"},{"taxonomy":"product_cat","embeddable":true,"href":"https:\/\/jinancuchem.com\/fr\/wp-json\/wp\/v2\/product_cat?post=4267"},{"taxonomy":"product_tag","embeddable":true,"href":"https:\/\/jinancuchem.com\/fr\/wp-json\/wp\/v2\/product_tag?post=4267"}],"curies":[{"name":"wp","href":"https:\/\/api.w.org\/{rel}","templated":true}]}}