{"id":4273,"date":"2025-07-25T03:18:45","date_gmt":"2025-07-25T03:18:45","guid":{"rendered":"https:\/\/jinancuchem.com\/?post_type=product&#038;p=4273"},"modified":"2025-07-25T03:18:46","modified_gmt":"2025-07-25T03:18:46","slug":"amino-trimethylene-phosphonic-acid%ef%bc%88amtp%ef%bc%89","status":"publish","type":"product","link":"https:\/\/jinancuchem.com\/fr\/produit\/amino-trimethylene-phosphonic-acid%ef%bc%88amtp%ef%bc%89\/","title":{"rendered":"Acide amino-trim\u00e9thyl\u00e8ne-phosphonique\uff08AMTP\uff09"},"content":{"rendered":"<p>\u3010CAS\u3011 6419-19-8<\/p>\n<p>Alias : Acide aminotrim\u00e9thyl\u00e8ne phosphonique Dequest 2000<\/p>\n<p>Formule mol\u00e9culaire : N(CH<sub>2<\/sub>PO<sub>3<\/sub>H<sub>2<\/sub>)3,<\/p>\n<p>Masse mol\u00e9culaire relative : 299,05.<\/p>\n<p>Formule structurelle :<img alt=\"\" fetchpriority=\"high\" decoding=\"async\" class=\"alignnone size-full wp-image-4279\" src=\"https:\/\/jinancuchem.com\/wp-content\/uploads\/2025\/07\/\u672a\u6807\u9898-1-11.jpg\" width=\"800\" height=\"800\" srcset=\"https:\/\/jinancuchem.com\/wp-content\/uploads\/2025\/07\/\u672a\u6807\u9898-1-11.jpg 800w, https:\/\/jinancuchem.com\/wp-content\/uploads\/2025\/07\/\u672a\u6807\u9898-1-11-300x300.jpg 300w, https:\/\/jinancuchem.com\/wp-content\/uploads\/2025\/07\/\u672a\u6807\u9898-1-11-150x150.jpg 150w, https:\/\/jinancuchem.com\/wp-content\/uploads\/2025\/07\/\u672a\u6807\u9898-1-11-768x768.jpg 768w, https:\/\/jinancuchem.com\/wp-content\/uploads\/2025\/07\/\u672a\u6807\u9898-1-11-12x12.jpg 12w, https:\/\/jinancuchem.com\/wp-content\/uploads\/2025\/07\/\u672a\u6807\u9898-1-11-600x600.jpg 600w, https:\/\/jinancuchem.com\/wp-content\/uploads\/2025\/07\/\u672a\u6807\u9898-1-11-100x100.jpg 100w\" sizes=\"(max-width: 800px) 100vw, 800px\" \/><\/p>\n<p>&nbsp;<\/p>\n<ol>\n<li>Propri\u00e9t\u00e9 et objectif<\/li>\n<\/ol>\n<p>L'ATMP poss\u00e8de d'excellentes capacit\u00e9s de ch\u00e9lation, d'inhibition \u00e0 bas seuil et de distorsion du r\u00e9seau. Il peut emp\u00eacher la formation de tartre, en particulier de carbonate de calcium, dans les syst\u00e8mes d'eau. L'ATMP a une bonne stabilit\u00e9 chimique et est difficilement hydrolysable dans les syst\u00e8mes d'eau. \u00c0 forte concentration, il a une bonne inhibition de la corrosion.<\/p>\n<p>2.<\/p>\n<table>\n<tbody>\n<tr>\n<td width=\"255\">articles<\/td>\n<td width=\"293\">index<\/td>\n<\/tr>\n<tr>\n<td width=\"255\">&nbsp;<\/td>\n<td width=\"293\">Standard<\/td>\n<\/tr>\n<tr>\n<td width=\"255\">Apparence<\/td>\n<td width=\"293\">Clair\uff0c Solution aqueuse incolore \u00e0 jaune p\u00e2le<\/td>\n<\/tr>\n<tr>\n<td width=\"255\">Acide actif %<\/td>\n<td width=\"293\">50.0-51.0<\/td>\n<\/tr>\n<tr>\n<td width=\"255\">Chlorure (en tant que Cl-)%<\/td>\n<td width=\"293\">1,0max<\/td>\n<\/tr>\n<tr>\n<td width=\"255\">Valeur du pH (solution 1%)<\/td>\n<td width=\"293\">2.0 max<\/td>\n<\/tr>\n<tr>\n<td width=\"255\">Fe\uff0cmg\/L<\/td>\n<td width=\"293\">10.0max<\/td>\n<\/tr>\n<tr>\n<td width=\"255\">Densit\u00e9 (20\u2103)g\/cm<sup>3<\/sup><\/td>\n<td width=\"293\">1.31-1.35<\/td>\n<\/tr>\n<tr>\n<td width=\"255\">Couleur APHA (Hazen)<\/td>\n<td width=\"293\">30,0max<\/td>\n<\/tr>\n<tr>\n<td width=\"255\">S\u00e9questration de Ca (mg CaCO<sub>3<\/sub>\/g)<\/td>\n<td width=\"293\">450.0 min<\/td>\n<\/tr>\n<\/tbody>\n<\/table>\n<ol start=\"3\">\n<li>Champ d'application et utilisation<\/li>\n<\/ol>\n<p>L'ATMP est g\u00e9n\u00e9ralement utilis\u00e9 avec l'acide organophosphorique, l'acide polycarboxylique et le sel pour fabriquer un agent de traitement alcalin de l'eau enti\u00e8rement organique. L'ATMP peut \u00eatre utilis\u00e9 dans de nombreux syst\u00e8mes de circulation d'eau froide. Un dosage de 1 \u00e0 20 mg\/l est recommand\u00e9. En tant qu'inhibiteur de corrosion, le dosage de 20 \u00e0 60 mg\/l est pr\u00e9f\u00e9rable.<\/p>\n<ol start=\"4\">\n<li>Emballage et stockage<\/li>\n<\/ol>\n<p>Il est g\u00e9n\u00e9ralement emball\u00e9 dans des f\u00fbts en plastique de 30 ou 250 kg, ou selon les besoins des utilisateurs. Il peut \u00eatre stock\u00e9 pendant dix mois dans un endroit ombrag\u00e9 et sec, \u00e0 l'\u00e9tat ambiant.<\/p>","protected":false},"excerpt":{"rendered":"<p>\u3010CAS\u3011\u00a06419-19-8 Alias: Aminotrimethylene phosphonic acid \u00a0\u00a0\u00a0\u00a0Dequest 2000 Molecular formula: N(CH2PO3H2)3, Relative molecular mass: 299.05. Structural formula: &nbsp; Property and Purpose ATMP has excellent chelation, low threshold inhibition and lattice distortion ability. It can prevent scale formation, calcium carbonate in particular, in water system. ATMP has good chemical stability and is hard to be hydrolyzed in [&hellip;]<\/p>\n","protected":false},"featured_media":4279,"template":"","meta":{"_seopress_robots_primary_cat":"","_seopress_titles_title":"","_seopress_titles_desc":"","_seopress_robots_index":"","_uag_custom_page_level_css":"","site-sidebar-layout":"default","site-content-layout":"","ast-site-content-layout":"default","site-content-style":"default","site-sidebar-style":"default","ast-global-header-display":"","ast-banner-title-visibility":"","ast-main-header-display":"","ast-hfb-above-header-display":"","ast-hfb-below-header-display":"","ast-hfb-mobile-header-display":"","site-post-title":"","ast-breadcrumbs-content":"","ast-featured-img":"","footer-sml-layout":"","theme-transparent-header-meta":"default","adv-header-id-meta":"","stick-header-meta":"default","header-above-stick-meta":"","header-main-stick-meta":"","header-below-stick-meta":"","astra-migrate-meta-layouts":"set","ast-page-background-enabled":"default","ast-page-background-meta":{"desktop":{"background-color":"","background-image":"","background-repeat":"repeat","background-position":"center center","background-size":"auto","background-attachment":"scroll","background-type":"","background-media":"","overlay-type":"","overlay-color":"","overlay-opacity":"","overlay-gradient":""},"tablet":{"background-color":"","background-image":"","background-repeat":"repeat","background-position":"center center","background-size":"auto","background-attachment":"scroll","background-type":"","background-media":"","overlay-type":"","overlay-color":"","overlay-opacity":"","overlay-gradient":""},"mobile":{"background-color":"","background-image":"","background-repeat":"repeat","background-position":"center center","background-size":"auto","background-attachment":"scroll","background-type":"","background-media":"","overlay-type":"","overlay-color":"","overlay-opacity":"","overlay-gradient":""}},"ast-content-background-meta":{"desktop":{"background-color":"var(--ast-global-color-5)","background-image":"","background-repeat":"repeat","background-position":"center center","background-size":"auto","background-attachment":"scroll","background-type":"","background-media":"","overlay-type":"","overlay-color":"","overlay-opacity":"","overlay-gradient":""},"tablet":{"background-color":"var(--ast-global-color-5)","background-image":"","background-repeat":"repeat","background-position":"center center","background-size":"auto","background-attachment":"scroll","background-type":"","background-media":"","overlay-type":"","overlay-color":"","overlay-opacity":"","overlay-gradient":""},"mobile":{"background-color":"var(--ast-global-color-5)","background-image":"","background-repeat":"repeat","background-position":"center center","background-size":"auto","background-attachment":"scroll","background-type":"","background-media":"","overlay-type":"","overlay-color":"","overlay-opacity":"","overlay-gradient":""}}},"product_brand":[],"product_cat":[66],"product_tag":[],"class_list":{"0":"post-4273","1":"product","2":"type-product","3":"status-publish","4":"has-post-thumbnail","6":"product_cat-water-treatment-raw-materials","7":"desktop-align-left","8":"tablet-align-left","9":"mobile-align-left","10":"ast-product-gallery-layout-horizontal-slider","11":"ast-product-gallery-with-no-image","12":"ast-product-tabs-layout-horizontal","14":"first","15":"instock","16":"shipping-taxable","17":"product-type-simple"},"uagb_featured_image_src":{"full":["https:\/\/jinancuchem.com\/wp-content\/uploads\/2025\/07\/\u672a\u6807\u9898-1-11.jpg",800,800,false],"thumbnail":["https:\/\/jinancuchem.com\/wp-content\/uploads\/2025\/07\/\u672a\u6807\u9898-1-11-150x150.jpg",150,150,true],"medium":["https:\/\/jinancuchem.com\/wp-content\/uploads\/2025\/07\/\u672a\u6807\u9898-1-11-300x300.jpg",300,300,true],"medium_large":["https:\/\/jinancuchem.com\/wp-content\/uploads\/2025\/07\/\u672a\u6807\u9898-1-11-768x768.jpg",768,768,true],"large":["https:\/\/jinancuchem.com\/wp-content\/uploads\/2025\/07\/\u672a\u6807\u9898-1-11.jpg",800,800,false],"1536x1536":["https:\/\/jinancuchem.com\/wp-content\/uploads\/2025\/07\/\u672a\u6807\u9898-1-11.jpg",800,800,false],"2048x2048":["https:\/\/jinancuchem.com\/wp-content\/uploads\/2025\/07\/\u672a\u6807\u9898-1-11.jpg",800,800,false],"trp-custom-language-flag":["https:\/\/jinancuchem.com\/wp-content\/uploads\/2025\/07\/\u672a\u6807\u9898-1-11-12x12.jpg",12,12,true],"woocommerce_thumbnail":["https:\/\/jinancuchem.com\/wp-content\/uploads\/2025\/07\/\u672a\u6807\u9898-1-11-300x300.jpg",300,300,true],"woocommerce_single":["https:\/\/jinancuchem.com\/wp-content\/uploads\/2025\/07\/\u672a\u6807\u9898-1-11-600x600.jpg",500,500,true],"woocommerce_gallery_thumbnail":["https:\/\/jinancuchem.com\/wp-content\/uploads\/2025\/07\/\u672a\u6807\u9898-1-11-100x100.jpg",100,100,true]},"uagb_author_info":{"display_name":"jinxing6611@gmail.com","author_link":"https:\/\/jinancuchem.com\/fr\/author\/"},"uagb_comment_info":0,"uagb_excerpt":"\u3010CAS\u3011\u00a06419-19-8 Alias: Aminotrimethylene phosphonic acid \u00a0\u00a0\u00a0\u00a0Dequest 2000 Molecular formula: N(CH2PO3H2)3, Relative molecular mass: 299.05. Structural formula: &nbsp; Property and Purpose ATMP has excellent chelation, low threshold inhibition and lattice distortion ability. It can prevent scale formation, calcium carbonate in particular, in water system. ATMP has good chemical stability and is hard to be hydrolyzed in\u2026","_links":{"self":[{"href":"https:\/\/jinancuchem.com\/fr\/wp-json\/wp\/v2\/product\/4273","targetHints":{"allow":["GET"]}}],"collection":[{"href":"https:\/\/jinancuchem.com\/fr\/wp-json\/wp\/v2\/product"}],"about":[{"href":"https:\/\/jinancuchem.com\/fr\/wp-json\/wp\/v2\/types\/product"}],"wp:featuredmedia":[{"embeddable":true,"href":"https:\/\/jinancuchem.com\/fr\/wp-json\/wp\/v2\/media\/4279"}],"wp:attachment":[{"href":"https:\/\/jinancuchem.com\/fr\/wp-json\/wp\/v2\/media?parent=4273"}],"wp:term":[{"taxonomy":"product_brand","embeddable":true,"href":"https:\/\/jinancuchem.com\/fr\/wp-json\/wp\/v2\/product_brand?post=4273"},{"taxonomy":"product_cat","embeddable":true,"href":"https:\/\/jinancuchem.com\/fr\/wp-json\/wp\/v2\/product_cat?post=4273"},{"taxonomy":"product_tag","embeddable":true,"href":"https:\/\/jinancuchem.com\/fr\/wp-json\/wp\/v2\/product_tag?post=4273"}],"curies":[{"name":"wp","href":"https:\/\/api.w.org\/{rel}","templated":true}]}}