{"id":4288,"date":"2025-07-25T03:21:26","date_gmt":"2025-07-25T03:21:26","guid":{"rendered":"https:\/\/jinancuchem.com\/?post_type=product&#038;p=4288"},"modified":"2025-07-25T03:21:26","modified_gmt":"2025-07-25T03:21:26","slug":"butyl-butyryl-lactate","status":"publish","type":"product","link":"https:\/\/jinancuchem.com\/fr\/produit\/butyl-butyryl-lactate\/","title":{"rendered":"Lactate de butyle et de butyryle"},"content":{"rendered":"<p>\u3010CAS\u30117492-70-8<\/p>\n<p>Alias : BUTYL BUTYRYLLACTATE;Butyl 2-butyroxypropanoate;butyl butyryl lctate<\/p>\n<p>Formule mol\u00e9culaire : C<sub>11<\/sub>H<sub>20<\/sub>O<sub>4<\/sub>\u00a0\u00a0\u00a0Masse mol\u00e9culaire relative : 216,27<\/p>\n<p>Formule structurelle :<img alt=\"\" decoding=\"async\" class=\"alignnone size-full wp-image-4291\" src=\"https:\/\/jinancuchem.com\/wp-content\/uploads\/2025\/07\/\u56fe\u724723-2.png\" width=\"388\" height=\"118\" srcset=\"https:\/\/jinancuchem.com\/wp-content\/uploads\/2025\/07\/\u56fe\u724723-2.png 388w, https:\/\/jinancuchem.com\/wp-content\/uploads\/2025\/07\/\u56fe\u724723-2-300x91.png 300w, https:\/\/jinancuchem.com\/wp-content\/uploads\/2025\/07\/\u56fe\u724723-2-18x5.png 18w\" sizes=\"(max-width: 388px) 100vw, 388px\" \/><\/p>\n<p>&nbsp;<\/p>\n<p>1.Propri\u00e9t\u00e9 du produit<br \/>\nLe diac\u00e9tate de butyle est un liquide incolore \u00e0 l'ar\u00f4me doux, cr\u00e9meux et de pain grill\u00e9. Il a des odeurs de cr\u00e8me, de lait, de cire et de vert.<\/p>\n<p>2.<\/p>\n<table>\n<tbody>\n<tr>\n<td><strong><b>Param\u00e8tres<\/b><\/strong><\/td>\n<td width=\"371\"><strong><b>Sp\u00e9cifications<\/b><\/strong><\/td>\n<\/tr>\n<tr>\n<td><strong><b>Puret\u00e9 (GC-FID)<\/b><\/strong><\/td>\n<td width=\"371\">\u226595.0%<\/td>\n<\/tr>\n<tr>\n<td><strong><b>Apparence<\/b><\/strong><\/td>\n<td width=\"371\">Liquide incolore \u00e0 jaune p\u00e2le<\/td>\n<\/tr>\n<tr>\n<td><strong><b>Odeur<\/b><\/strong><\/td>\n<td width=\"371\">Beurr\u00e9, cr\u00e9meux<\/td>\n<\/tr>\n<tr>\n<td><strong><b>Indice de r\u00e9fraction (20\u00b0C)<\/b><\/strong><\/td>\n<td width=\"371\">1.420 &#8211; 1.425<\/td>\n<\/tr>\n<tr>\n<td><strong><b>Densit\u00e9 (20\u00b0C)<\/b><\/strong><\/td>\n<td width=\"371\">0,980 - 0,990 g\/cm\u00b3<\/td>\n<\/tr>\n<tr>\n<td><strong><b>Valeur acide<\/b><\/strong><\/td>\n<td width=\"371\">\u22645,0 mg KOH\/g<\/td>\n<\/tr>\n<tr>\n<td><strong><b>Teneur en eau<\/b><\/strong><\/td>\n<td width=\"371\">\u22640.5%<\/td>\n<\/tr>\n<tr>\n<td><strong><b>M\u00e9taux lourds (Pb)<\/b><\/strong><\/td>\n<td width=\"371\">\u22645 ppm<\/td>\n<\/tr>\n<\/tbody>\n<\/table>\n<p>&nbsp;<\/p>\n<p>3. Champ d'application et utilisation<br \/>\nLe diester de lactate de butyle, en tant qu'additif alimentaire (FEMA 2190), est principalement utilis\u00e9 pour am\u00e9liorer la saveur du beurre et de la cr\u00e8me, et s'applique sp\u00e9cifiquement aux produits laitiers (beurre, fromage), aux produits de boulangerie (g\u00e2teaux, biscuits), aux snacks (pop-corn, chips) et aux condiments.<\/p>\n<p>4. l'emballage et le stockage<br \/>\nLe butylate de dialactate est conditionn\u00e9 en bouteilles de verre brun ou en bo\u00eetes d'aluminium de 5 kg (remplies d'azote), avec un rev\u00eatement int\u00e9rieur de qualit\u00e9 alimentaire en film inerte. Il doit \u00eatre conserv\u00e9 \u00e0 l'abri de la lumi\u00e8re \u00e0 une temp\u00e9rature de &lt;20\u2103. Apr\u00e8s ouverture, il doit \u00eatre rempli d&#039;azote et utilis\u00e9 dans un d\u00e9lai d&#039;un mois. La dur\u00e9e de conservation est de 12 mois.<\/p>","protected":false},"excerpt":{"rendered":"<p>\u3010CAS\u30117492-70-8 Alias: BUTYL BUTYRYLLACTATE;Butyl 2-butyroxypropanoate;butyl butyryl lctate Molecular formula: C11H20O4\u00a0\u00a0\u00a0Relative molecular mass: 216.27 Structural formula: &nbsp; 1.Product Property Butyl diacetate is a colorless liquid with a soft, creamy and toasted bread aroma. It has the scents of cream, milk, wax, and green. 2. Parameter Specification Purity (GC-FID) \u226595.0% Appearance Colorless to pale yellow liquid Odor [&hellip;]<\/p>\n","protected":false},"featured_media":4292,"template":"","meta":{"_seopress_robots_primary_cat":"","_seopress_titles_title":"","_seopress_titles_desc":"","_seopress_robots_index":"","_uag_custom_page_level_css":"","site-sidebar-layout":"default","site-content-layout":"","ast-site-content-layout":"default","site-content-style":"default","site-sidebar-style":"default","ast-global-header-display":"","ast-banner-title-visibility":"","ast-main-header-display":"","ast-hfb-above-header-display":"","ast-hfb-below-header-display":"","ast-hfb-mobile-header-display":"","site-post-title":"","ast-breadcrumbs-content":"","ast-featured-img":"","footer-sml-layout":"","theme-transparent-header-meta":"default","adv-header-id-meta":"","stick-header-meta":"default","header-above-stick-meta":"","header-main-stick-meta":"","header-below-stick-meta":"","astra-migrate-meta-layouts":"set","ast-page-background-enabled":"default","ast-page-background-meta":{"desktop":{"background-color":"","background-image":"","background-repeat":"repeat","background-position":"center center","background-size":"auto","background-attachment":"scroll","background-type":"","background-media":"","overlay-type":"","overlay-color":"","overlay-opacity":"","overlay-gradient":""},"tablet":{"background-color":"","background-image":"","background-repeat":"repeat","background-position":"center center","background-size":"auto","background-attachment":"scroll","background-type":"","background-media":"","overlay-type":"","overlay-color":"","overlay-opacity":"","overlay-gradient":""},"mobile":{"background-color":"","background-image":"","background-repeat":"repeat","background-position":"center center","background-size":"auto","background-attachment":"scroll","background-type":"","background-media":"","overlay-type":"","overlay-color":"","overlay-opacity":"","overlay-gradient":""}},"ast-content-background-meta":{"desktop":{"background-color":"var(--ast-global-color-5)","background-image":"","background-repeat":"repeat","background-position":"center center","background-size":"auto","background-attachment":"scroll","background-type":"","background-media":"","overlay-type":"","overlay-color":"","overlay-opacity":"","overlay-gradient":""},"tablet":{"background-color":"var(--ast-global-color-5)","background-image":"","background-repeat":"repeat","background-position":"center center","background-size":"auto","background-attachment":"scroll","background-type":"","background-media":"","overlay-type":"","overlay-color":"","overlay-opacity":"","overlay-gradient":""},"mobile":{"background-color":"var(--ast-global-color-5)","background-image":"","background-repeat":"repeat","background-position":"center center","background-size":"auto","background-attachment":"scroll","background-type":"","background-media":"","overlay-type":"","overlay-color":"","overlay-opacity":"","overlay-gradient":""}}},"product_brand":[],"product_cat":[67],"product_tag":[],"class_list":{"0":"post-4288","1":"product","2":"type-product","3":"status-publish","4":"has-post-thumbnail","6":"product_cat-food-additives","7":"desktop-align-left","8":"tablet-align-left","9":"mobile-align-left","10":"ast-product-gallery-layout-horizontal-slider","11":"ast-product-gallery-with-no-image","12":"ast-product-tabs-layout-horizontal","14":"first","15":"instock","16":"shipping-taxable","17":"product-type-simple"},"uagb_featured_image_src":{"full":["https:\/\/jinancuchem.com\/wp-content\/uploads\/2025\/07\/23.png",800,800,false],"thumbnail":["https:\/\/jinancuchem.com\/wp-content\/uploads\/2025\/07\/23-150x150.png",150,150,true],"medium":["https:\/\/jinancuchem.com\/wp-content\/uploads\/2025\/07\/23-300x300.png",300,300,true],"medium_large":["https:\/\/jinancuchem.com\/wp-content\/uploads\/2025\/07\/23-768x768.png",768,768,true],"large":["https:\/\/jinancuchem.com\/wp-content\/uploads\/2025\/07\/23.png",800,800,false],"1536x1536":["https:\/\/jinancuchem.com\/wp-content\/uploads\/2025\/07\/23.png",800,800,false],"2048x2048":["https:\/\/jinancuchem.com\/wp-content\/uploads\/2025\/07\/23.png",800,800,false],"trp-custom-language-flag":["https:\/\/jinancuchem.com\/wp-content\/uploads\/2025\/07\/23-12x12.png",12,12,true],"woocommerce_thumbnail":["https:\/\/jinancuchem.com\/wp-content\/uploads\/2025\/07\/23-300x300.png",300,300,true],"woocommerce_single":["https:\/\/jinancuchem.com\/wp-content\/uploads\/2025\/07\/23-600x600.png",500,500,true],"woocommerce_gallery_thumbnail":["https:\/\/jinancuchem.com\/wp-content\/uploads\/2025\/07\/23-100x100.png",100,100,true]},"uagb_author_info":{"display_name":"jinxing6611@gmail.com","author_link":"https:\/\/jinancuchem.com\/fr\/author\/"},"uagb_comment_info":0,"uagb_excerpt":"\u3010CAS\u30117492-70-8 Alias: BUTYL BUTYRYLLACTATE;Butyl 2-butyroxypropanoate;butyl butyryl lctate Molecular formula: C11H20O4\u00a0\u00a0\u00a0Relative molecular mass: 216.27 Structural formula: &nbsp; 1.Product Property Butyl diacetate is a colorless liquid with a soft, creamy and toasted bread aroma. It has the scents of cream, milk, wax, and green. 2. Parameter Specification Purity (GC-FID) \u226595.0% Appearance Colorless to pale yellow liquid Odor\u2026","_links":{"self":[{"href":"https:\/\/jinancuchem.com\/fr\/wp-json\/wp\/v2\/product\/4288","targetHints":{"allow":["GET"]}}],"collection":[{"href":"https:\/\/jinancuchem.com\/fr\/wp-json\/wp\/v2\/product"}],"about":[{"href":"https:\/\/jinancuchem.com\/fr\/wp-json\/wp\/v2\/types\/product"}],"wp:featuredmedia":[{"embeddable":true,"href":"https:\/\/jinancuchem.com\/fr\/wp-json\/wp\/v2\/media\/4292"}],"wp:attachment":[{"href":"https:\/\/jinancuchem.com\/fr\/wp-json\/wp\/v2\/media?parent=4288"}],"wp:term":[{"taxonomy":"product_brand","embeddable":true,"href":"https:\/\/jinancuchem.com\/fr\/wp-json\/wp\/v2\/product_brand?post=4288"},{"taxonomy":"product_cat","embeddable":true,"href":"https:\/\/jinancuchem.com\/fr\/wp-json\/wp\/v2\/product_cat?post=4288"},{"taxonomy":"product_tag","embeddable":true,"href":"https:\/\/jinancuchem.com\/fr\/wp-json\/wp\/v2\/product_tag?post=4288"}],"curies":[{"name":"wp","href":"https:\/\/api.w.org\/{rel}","templated":true}]}}