{"id":4325,"date":"2025-07-25T03:29:27","date_gmt":"2025-07-25T03:29:27","guid":{"rendered":"https:\/\/jinancuchem.com\/?post_type=product&#038;p=4325"},"modified":"2025-07-25T03:29:27","modified_gmt":"2025-07-25T03:29:27","slug":"isoamyl-isovalerate","status":"publish","type":"product","link":"https:\/\/jinancuchem.com\/fr\/produit\/isoamyl-isovalerate\/","title":{"rendered":"Isoval\u00e9rate d'isoamyle"},"content":{"rendered":"<p>\u3010CAS\u3011659-70-1<\/p>\n<p>Alias:3-M\u00e9thylbutanoate de 3-m\u00e9thylbutanoate Huile de pomme;Acide butano\u00efque,3-m\u00e9thyl-,3-m\u00e9thylbutylester<\/p>\n<p>Formule mol\u00e9culaire : C<sub>10<\/sub>H<sub>20<\/sub>O<sub>2<\/sub>\u00a0\u00a0\u00a0Masse mol\u00e9culaire relative : 172,26<\/p>\n<p>Formule structurelle :<img alt=\"\" decoding=\"async\" class=\"alignnone size-full wp-image-4329\" src=\"https:\/\/jinancuchem.com\/wp-content\/uploads\/2025\/07\/\u56fe\u724729.png\" width=\"284\" height=\"78\" srcset=\"https:\/\/jinancuchem.com\/wp-content\/uploads\/2025\/07\/\u56fe\u724729.png 284w, https:\/\/jinancuchem.com\/wp-content\/uploads\/2025\/07\/\u56fe\u724729-18x5.png 18w\" sizes=\"(max-width: 284px) 100vw, 284px\" \/><\/p>\n<p>&nbsp;<\/p>\n<p>1.Propri\u00e9t\u00e9 du produit<br \/>\nL'isoval\u00e9rate d'isoamyle est un liquide transparent incolore \u00e0 jaune p\u00e2le avec un fort m\u00e9lange d'ar\u00f4me de pomme et de banane. Son point d'\u00e9bullition varie de 192 \u00e0 194\u2103, avec une densit\u00e9 de 0,852 \u00e0 0,858 g\/cm\u00b3 \u00e0 20\u2103. Le point d'\u00e9clair est 62\u2103 (inflammable), il est l\u00e9g\u00e8rement soluble dans l'eau et facilement soluble dans l'\u00e9thanol et les huiles.<\/p>\n<p>2.<\/p>\n<table>\n<tbody>\n<tr>\n<td><strong><b>Param\u00e8tres<\/b><\/strong><\/td>\n<td width=\"338\"><strong><b>Sp\u00e9cifications<\/b><\/strong><\/td>\n<\/tr>\n<tr>\n<td><strong><b>Puret\u00e9 (GC-FID)<\/b><\/strong><\/td>\n<td width=\"338\">\u226597.0%<\/td>\n<\/tr>\n<tr>\n<td><strong><b>Apparence<\/b><\/strong><\/td>\n<td width=\"338\">Liquide incolore \u00e0 jaune p\u00e2le<\/td>\n<\/tr>\n<tr>\n<td><strong><b>Odeur<\/b><\/strong><\/td>\n<td width=\"338\">Fruit\u00e9 (pomme-banane)<\/td>\n<\/tr>\n<tr>\n<td><strong><b>Indice de r\u00e9fraction (20\u00b0C)<\/b><\/strong><\/td>\n<td width=\"338\">1.413 &#8211; 1.417<\/td>\n<\/tr>\n<tr>\n<td><strong><b>Densit\u00e9 (20\u00b0C)<\/b><\/strong><\/td>\n<td width=\"338\">0,852 - 0,858 g\/cm\u00b3<\/td>\n<\/tr>\n<tr>\n<td><strong><b>Acidit\u00e9 (en tant qu'acide isoval\u00e9rique)<\/b><\/strong><\/td>\n<td width=\"338\">\u22640.05%<\/td>\n<\/tr>\n<tr>\n<td><strong><b>Teneur en eau<\/b><\/strong><\/td>\n<td width=\"338\">\u22640.1%<\/td>\n<\/tr>\n<tr>\n<td><strong><b>M\u00e9taux lourds (Pb)<\/b><\/strong><\/td>\n<td width=\"338\">\u22642 ppm<\/td>\n<\/tr>\n<\/tbody>\n<\/table>\n<p>&nbsp;<\/p>\n<p>3. Champ d'application et utilisation<br \/>\nIl est couramment utilis\u00e9 dans la formulation d'essences comestibles telles que les pommes, les fraises, les p\u00eaches, les framboises, les groseilles, les ananas, les bananes, les kiwis, les raisins, les abricots, les cerises, les mangues, les raisins de Corinthe, les noix, les gousses de vanille, le bubble-gum, etc. et est \u00e9galement utilis\u00e9 dans les essences de champagne, de rhum et de tabac.<\/p>\n<p>4. l'emballage et le stockage<br \/>\nL'isoval\u00e9rate d'isoamyle est conditionn\u00e9 en f\u00fbts d'aluminium de 25 kg (remplis d'azote) et doubl\u00e9s d'un film PE de qualit\u00e9 alimentaire. Il doit \u00eatre stock\u00e9 dans un endroit frais et sombre (&lt; 25\u2103), loin des sources de feu et des oxydants (liquide inflammable, point d&#039;\u00e9clair 62\u2103). La dur\u00e9e de conservation est de 24 mois.<\/p>","protected":false},"excerpt":{"rendered":"<p>\u3010CAS\u3011659-70-1 Alias:3-Methylbutyl3-methylbutanoate Apple oil;Butanoicacid,3-methyl-,3-methylbutylester Molecular formula: C10H20O2\u00a0\u00a0\u00a0Relative molecular mass: 172.26 Structural formula: &nbsp; 1.Product Property Isoamyl Isovalerate is a colorless to pale yellow transparent liquid with a strong mixture of apple and banana fruit aroma. Its boiling point ranges from 192 to 194\u2103, with a density of 0.852 to 0.858 g\/cm\u00b3 at 20\u2103. The flash [&hellip;]<\/p>\n","protected":false},"featured_media":4330,"template":"","meta":{"_seopress_robots_primary_cat":"","_seopress_titles_title":"","_seopress_titles_desc":"","_seopress_robots_index":"","_uag_custom_page_level_css":"","site-sidebar-layout":"default","site-content-layout":"","ast-site-content-layout":"default","site-content-style":"default","site-sidebar-style":"default","ast-global-header-display":"","ast-banner-title-visibility":"","ast-main-header-display":"","ast-hfb-above-header-display":"","ast-hfb-below-header-display":"","ast-hfb-mobile-header-display":"","site-post-title":"","ast-breadcrumbs-content":"","ast-featured-img":"","footer-sml-layout":"","theme-transparent-header-meta":"default","adv-header-id-meta":"","stick-header-meta":"default","header-above-stick-meta":"","header-main-stick-meta":"","header-below-stick-meta":"","astra-migrate-meta-layouts":"set","ast-page-background-enabled":"default","ast-page-background-meta":{"desktop":{"background-color":"","background-image":"","background-repeat":"repeat","background-position":"center center","background-size":"auto","background-attachment":"scroll","background-type":"","background-media":"","overlay-type":"","overlay-color":"","overlay-opacity":"","overlay-gradient":""},"tablet":{"background-color":"","background-image":"","background-repeat":"repeat","background-position":"center center","background-size":"auto","background-attachment":"scroll","background-type":"","background-media":"","overlay-type":"","overlay-color":"","overlay-opacity":"","overlay-gradient":""},"mobile":{"background-color":"","background-image":"","background-repeat":"repeat","background-position":"center center","background-size":"auto","background-attachment":"scroll","background-type":"","background-media":"","overlay-type":"","overlay-color":"","overlay-opacity":"","overlay-gradient":""}},"ast-content-background-meta":{"desktop":{"background-color":"var(--ast-global-color-5)","background-image":"","background-repeat":"repeat","background-position":"center center","background-size":"auto","background-attachment":"scroll","background-type":"","background-media":"","overlay-type":"","overlay-color":"","overlay-opacity":"","overlay-gradient":""},"tablet":{"background-color":"var(--ast-global-color-5)","background-image":"","background-repeat":"repeat","background-position":"center center","background-size":"auto","background-attachment":"scroll","background-type":"","background-media":"","overlay-type":"","overlay-color":"","overlay-opacity":"","overlay-gradient":""},"mobile":{"background-color":"var(--ast-global-color-5)","background-image":"","background-repeat":"repeat","background-position":"center center","background-size":"auto","background-attachment":"scroll","background-type":"","background-media":"","overlay-type":"","overlay-color":"","overlay-opacity":"","overlay-gradient":""}}},"product_brand":[],"product_cat":[67],"product_tag":[],"class_list":{"0":"post-4325","1":"product","2":"type-product","3":"status-publish","4":"has-post-thumbnail","6":"product_cat-food-additives","7":"desktop-align-left","8":"tablet-align-left","9":"mobile-align-left","10":"ast-product-gallery-layout-horizontal-slider","11":"ast-product-gallery-with-no-image","12":"ast-product-tabs-layout-horizontal","14":"first","15":"instock","16":"shipping-taxable","17":"product-type-simple"},"uagb_featured_image_src":{"full":["https:\/\/jinancuchem.com\/wp-content\/uploads\/2025\/07\/29.png",800,800,false],"thumbnail":["https:\/\/jinancuchem.com\/wp-content\/uploads\/2025\/07\/29-150x150.png",150,150,true],"medium":["https:\/\/jinancuchem.com\/wp-content\/uploads\/2025\/07\/29-300x300.png",300,300,true],"medium_large":["https:\/\/jinancuchem.com\/wp-content\/uploads\/2025\/07\/29-768x768.png",768,768,true],"large":["https:\/\/jinancuchem.com\/wp-content\/uploads\/2025\/07\/29.png",800,800,false],"1536x1536":["https:\/\/jinancuchem.com\/wp-content\/uploads\/2025\/07\/29.png",800,800,false],"2048x2048":["https:\/\/jinancuchem.com\/wp-content\/uploads\/2025\/07\/29.png",800,800,false],"trp-custom-language-flag":["https:\/\/jinancuchem.com\/wp-content\/uploads\/2025\/07\/29-12x12.png",12,12,true],"woocommerce_thumbnail":["https:\/\/jinancuchem.com\/wp-content\/uploads\/2025\/07\/29-300x300.png",300,300,true],"woocommerce_single":["https:\/\/jinancuchem.com\/wp-content\/uploads\/2025\/07\/29-600x600.png",500,500,true],"woocommerce_gallery_thumbnail":["https:\/\/jinancuchem.com\/wp-content\/uploads\/2025\/07\/29-100x100.png",100,100,true]},"uagb_author_info":{"display_name":"jinxing6611@gmail.com","author_link":"https:\/\/jinancuchem.com\/fr\/author\/"},"uagb_comment_info":0,"uagb_excerpt":"\u3010CAS\u3011659-70-1 Alias:3-Methylbutyl3-methylbutanoate Apple oil;Butanoicacid,3-methyl-,3-methylbutylester Molecular formula: C10H20O2\u00a0\u00a0\u00a0Relative molecular mass: 172.26 Structural formula: &nbsp; 1.Product Property Isoamyl Isovalerate is a colorless to pale yellow transparent liquid with a strong mixture of apple and banana fruit aroma. Its boiling point ranges from 192 to 194\u2103, with a density of 0.852 to 0.858 g\/cm\u00b3 at 20\u2103. The flash\u2026","_links":{"self":[{"href":"https:\/\/jinancuchem.com\/fr\/wp-json\/wp\/v2\/product\/4325","targetHints":{"allow":["GET"]}}],"collection":[{"href":"https:\/\/jinancuchem.com\/fr\/wp-json\/wp\/v2\/product"}],"about":[{"href":"https:\/\/jinancuchem.com\/fr\/wp-json\/wp\/v2\/types\/product"}],"wp:featuredmedia":[{"embeddable":true,"href":"https:\/\/jinancuchem.com\/fr\/wp-json\/wp\/v2\/media\/4330"}],"wp:attachment":[{"href":"https:\/\/jinancuchem.com\/fr\/wp-json\/wp\/v2\/media?parent=4325"}],"wp:term":[{"taxonomy":"product_brand","embeddable":true,"href":"https:\/\/jinancuchem.com\/fr\/wp-json\/wp\/v2\/product_brand?post=4325"},{"taxonomy":"product_cat","embeddable":true,"href":"https:\/\/jinancuchem.com\/fr\/wp-json\/wp\/v2\/product_cat?post=4325"},{"taxonomy":"product_tag","embeddable":true,"href":"https:\/\/jinancuchem.com\/fr\/wp-json\/wp\/v2\/product_tag?post=4325"}],"curies":[{"name":"wp","href":"https:\/\/api.w.org\/{rel}","templated":true}]}}