{"id":4340,"date":"2025-07-25T03:32:56","date_gmt":"2025-07-25T03:32:56","guid":{"rendered":"https:\/\/jinancuchem.com\/?post_type=product&#038;p=4340"},"modified":"2025-07-25T03:32:56","modified_gmt":"2025-07-25T03:32:56","slug":"n-butyl-lactate","status":"publish","type":"product","link":"https:\/\/jinancuchem.com\/fr\/produit\/n-butyl-lactate\/","title":{"rendered":"Lactate de N-butyle"},"content":{"rendered":"<p>\u3010CAS\u3011138-22-7<\/p>\n<p>Alias : BUTYL 2-HYDROXYPROPANOATE;BUTYL 2-HYDROXYPROPIONATE<\/p>\n<p>Formule mol\u00e9culaire : C<sub>7<\/sub>H<sub>14<\/sub>O<sub>3<\/sub>\u00a0\u00a0\u00a0Masse mol\u00e9culaire relative : 146,18<\/p>\n<p>Formule structurelle :<img alt=\"\" decoding=\"async\" class=\"alignnone size-full wp-image-4343\" src=\"https:\/\/jinancuchem.com\/wp-content\/uploads\/2025\/07\/\u56fe\u724731-1.png\" width=\"250\" height=\"118\" srcset=\"https:\/\/jinancuchem.com\/wp-content\/uploads\/2025\/07\/\u56fe\u724731-1.png 250w, https:\/\/jinancuchem.com\/wp-content\/uploads\/2025\/07\/\u56fe\u724731-1-18x8.png 18w\" sizes=\"(max-width: 250px) 100vw, 250px\" \/><\/p>\n<p>&nbsp;<\/p>\n<p>1.Propri\u00e9t\u00e9 du produit<br \/>\nLe lactate de butyle est un liquide transparent incolore \u00e0 l\u00e9g\u00e8rement jaune avec un l\u00e9ger ar\u00f4me sucr\u00e9. Son point d'\u00e9bullition varie de 185 \u00e0 188\u2103, avec une densit\u00e9 de 0,980 \u00e0 0,990 g\/cm\u00b3 \u00e0 20\u2103. Le point d'\u00e9clair est 71\u2103 (inflammable), il est l\u00e9g\u00e8rement soluble dans l'eau et facilement soluble dans les solvants organiques.<\/p>\n<p>2.<\/p>\n<p>&nbsp;<\/p>\n<table>\n<tbody>\n<tr>\n<td><strong><b>Param\u00e8tres<\/b><\/strong><\/td>\n<td width=\"419\"><strong><b>Sp\u00e9cification (qualit\u00e9 alimentaire)<\/b><\/strong><\/td>\n<\/tr>\n<tr>\n<td><strong><b>Apparence<\/b><\/strong><\/td>\n<td width=\"419\">Liquide clair et incolore<\/td>\n<\/tr>\n<tr>\n<td><strong><b>Essai (GC)<\/b><\/strong><\/td>\n<td width=\"419\">\u2265 98.0%<\/td>\n<\/tr>\n<tr>\n<td><strong><b>Odeur<\/b><\/strong><\/td>\n<td width=\"419\">Caract\u00e9ristique, l\u00e9ger<\/td>\n<\/tr>\n<tr>\n<td><strong><b>Acidit\u00e9 (sous forme d'acide lactique)<\/b><\/strong><\/td>\n<td width=\"419\">\u2264 0,1%<\/td>\n<\/tr>\n<tr>\n<td><strong><b>Teneur en eau<\/b><\/strong><\/td>\n<td width=\"419\">\u2264 0,2%<\/td>\n<\/tr>\n<tr>\n<td><strong><b>Densit\u00e9 (20\u00b0C)<\/b><\/strong><\/td>\n<td width=\"419\">0,980 - 0,990 g\/cm\u00b3<\/td>\n<\/tr>\n<tr>\n<td><strong><b>Indice de r\u00e9fraction (20\u00b0C)<\/b><\/strong><\/td>\n<td width=\"419\">1.420 &#8211; 1.425<\/td>\n<\/tr>\n<tr>\n<td><strong><b>Point d'\u00e9bullition<\/b><\/strong><\/td>\n<td width=\"419\">~185\u00b0C<\/td>\n<\/tr>\n<tr>\n<td><strong><b>M\u00e9taux lourds (en tant que Pb)<\/b><\/strong><\/td>\n<td width=\"419\">\u2264 10 ppm<\/td>\n<\/tr>\n<tr>\n<td><strong><b>Arsenic (As)<\/b><\/strong><\/td>\n<td width=\"419\">\u2264 3 ppm<\/td>\n<\/tr>\n<tr>\n<td><strong><b>Limites microbiologiques<\/b><\/strong><\/td>\n<td width=\"419\">Absence de pathog\u00e8nes<\/td>\n<\/tr>\n<\/tbody>\n<\/table>\n<p>&nbsp;<\/p>\n<p>3. Champ d'application et utilisation<br \/>\nLe lactate de butyle (de qualit\u00e9 alimentaire) est utilis\u00e9 comme agent aromatique, solvant et support dans les applications alimentaires. On le trouve couramment dans les produits de boulangerie, les confiseries, les boissons, les desserts laitiers et les fruits transform\u00e9s, o\u00f9 il apporte un ar\u00f4me doux, beurr\u00e9 et cr\u00e9meux.<\/p>\n<p>4. l'emballage et le stockage<br \/>\nLe lactate de butyle (qualit\u00e9 alimentaire) doit \u00eatre stock\u00e9 dans des r\u00e9cipients herm\u00e9tiques et r\u00e9sistants \u00e0 la corrosion (tels que des f\u00fbts en acier inoxydable, en aluminium ou en plastique de qualit\u00e9 alimentaire) afin d'\u00e9viter l'absorption d'humidit\u00e9 et l'oxydation. Il doit \u00eatre conserv\u00e9 dans un endroit frais, sec et bien ventil\u00e9, \u00e0 l'abri de la lumi\u00e8re directe du soleil, des sources de chaleur et des oxydants puissants. La temp\u00e9rature de stockage recommand\u00e9e est inf\u00e9rieure \u00e0 30\u00b0C (86\u00b0F) pour maintenir la stabilit\u00e9. Une manipulation correcte permet d'\u00e9viter la contamination et de garantir la qualit\u00e9 du produit pendant sa dur\u00e9e de conservation (g\u00e9n\u00e9ralement de 12 \u00e0 24 mois dans des conditions id\u00e9ales).<\/p>","protected":false},"excerpt":{"rendered":"<p>\u3010CAS\u3011138-22-7 Alias: BUTYL 2-HYDROXYPROPANOATE;BUTYL 2-HYDROXYPROPIONATE Molecular formula: C7H14O3\u00a0\u00a0\u00a0Relative molecular mass: 146.18 Structural formula: &nbsp; 1.Product Property Butyl Lactate is a colorless to slightly yellow transparent liquid with a mild sweet aroma. Its boiling point ranges from 185 to 188\u2103, with a density of 0.980 to 0.990 g\/cm\u00b3 at 20\u2103. The flash point is 71\u2103 (flammable), [&hellip;]<\/p>\n","protected":false},"featured_media":4345,"template":"","meta":{"_seopress_robots_primary_cat":"","_seopress_titles_title":"","_seopress_titles_desc":"","_seopress_robots_index":"","_uag_custom_page_level_css":"","site-sidebar-layout":"default","site-content-layout":"","ast-site-content-layout":"default","site-content-style":"default","site-sidebar-style":"default","ast-global-header-display":"","ast-banner-title-visibility":"","ast-main-header-display":"","ast-hfb-above-header-display":"","ast-hfb-below-header-display":"","ast-hfb-mobile-header-display":"","site-post-title":"","ast-breadcrumbs-content":"","ast-featured-img":"","footer-sml-layout":"","theme-transparent-header-meta":"default","adv-header-id-meta":"","stick-header-meta":"default","header-above-stick-meta":"","header-main-stick-meta":"","header-below-stick-meta":"","astra-migrate-meta-layouts":"set","ast-page-background-enabled":"default","ast-page-background-meta":{"desktop":{"background-color":"","background-image":"","background-repeat":"repeat","background-position":"center center","background-size":"auto","background-attachment":"scroll","background-type":"","background-media":"","overlay-type":"","overlay-color":"","overlay-opacity":"","overlay-gradient":""},"tablet":{"background-color":"","background-image":"","background-repeat":"repeat","background-position":"center center","background-size":"auto","background-attachment":"scroll","background-type":"","background-media":"","overlay-type":"","overlay-color":"","overlay-opacity":"","overlay-gradient":""},"mobile":{"background-color":"","background-image":"","background-repeat":"repeat","background-position":"center center","background-size":"auto","background-attachment":"scroll","background-type":"","background-media":"","overlay-type":"","overlay-color":"","overlay-opacity":"","overlay-gradient":""}},"ast-content-background-meta":{"desktop":{"background-color":"var(--ast-global-color-5)","background-image":"","background-repeat":"repeat","background-position":"center center","background-size":"auto","background-attachment":"scroll","background-type":"","background-media":"","overlay-type":"","overlay-color":"","overlay-opacity":"","overlay-gradient":""},"tablet":{"background-color":"var(--ast-global-color-5)","background-image":"","background-repeat":"repeat","background-position":"center center","background-size":"auto","background-attachment":"scroll","background-type":"","background-media":"","overlay-type":"","overlay-color":"","overlay-opacity":"","overlay-gradient":""},"mobile":{"background-color":"var(--ast-global-color-5)","background-image":"","background-repeat":"repeat","background-position":"center center","background-size":"auto","background-attachment":"scroll","background-type":"","background-media":"","overlay-type":"","overlay-color":"","overlay-opacity":"","overlay-gradient":""}}},"product_brand":[],"product_cat":[67],"product_tag":[],"class_list":{"0":"post-4340","1":"product","2":"type-product","3":"status-publish","4":"has-post-thumbnail","6":"product_cat-food-additives","7":"desktop-align-left","8":"tablet-align-left","9":"mobile-align-left","10":"ast-product-gallery-layout-horizontal-slider","11":"ast-product-gallery-with-no-image","12":"ast-product-tabs-layout-horizontal","14":"first","15":"instock","16":"shipping-taxable","17":"product-type-simple"},"uagb_featured_image_src":{"full":["https:\/\/jinancuchem.com\/wp-content\/uploads\/2025\/07\/31.png",800,800,false],"thumbnail":["https:\/\/jinancuchem.com\/wp-content\/uploads\/2025\/07\/31-150x150.png",150,150,true],"medium":["https:\/\/jinancuchem.com\/wp-content\/uploads\/2025\/07\/31-300x300.png",300,300,true],"medium_large":["https:\/\/jinancuchem.com\/wp-content\/uploads\/2025\/07\/31-768x768.png",768,768,true],"large":["https:\/\/jinancuchem.com\/wp-content\/uploads\/2025\/07\/31.png",800,800,false],"1536x1536":["https:\/\/jinancuchem.com\/wp-content\/uploads\/2025\/07\/31.png",800,800,false],"2048x2048":["https:\/\/jinancuchem.com\/wp-content\/uploads\/2025\/07\/31.png",800,800,false],"trp-custom-language-flag":["https:\/\/jinancuchem.com\/wp-content\/uploads\/2025\/07\/31-12x12.png",12,12,true],"woocommerce_thumbnail":["https:\/\/jinancuchem.com\/wp-content\/uploads\/2025\/07\/31-300x300.png",300,300,true],"woocommerce_single":["https:\/\/jinancuchem.com\/wp-content\/uploads\/2025\/07\/31-600x600.png",500,500,true],"woocommerce_gallery_thumbnail":["https:\/\/jinancuchem.com\/wp-content\/uploads\/2025\/07\/31-100x100.png",100,100,true]},"uagb_author_info":{"display_name":"jinxing6611@gmail.com","author_link":"https:\/\/jinancuchem.com\/fr\/author\/"},"uagb_comment_info":0,"uagb_excerpt":"\u3010CAS\u3011138-22-7 Alias: BUTYL 2-HYDROXYPROPANOATE;BUTYL 2-HYDROXYPROPIONATE Molecular formula: C7H14O3\u00a0\u00a0\u00a0Relative molecular mass: 146.18 Structural formula: &nbsp; 1.Product Property Butyl Lactate is a colorless to slightly yellow transparent liquid with a mild sweet aroma. Its boiling point ranges from 185 to 188\u2103, with a density of 0.980 to 0.990 g\/cm\u00b3 at 20\u2103. The flash point is 71\u2103 (flammable),\u2026","_links":{"self":[{"href":"https:\/\/jinancuchem.com\/fr\/wp-json\/wp\/v2\/product\/4340","targetHints":{"allow":["GET"]}}],"collection":[{"href":"https:\/\/jinancuchem.com\/fr\/wp-json\/wp\/v2\/product"}],"about":[{"href":"https:\/\/jinancuchem.com\/fr\/wp-json\/wp\/v2\/types\/product"}],"wp:featuredmedia":[{"embeddable":true,"href":"https:\/\/jinancuchem.com\/fr\/wp-json\/wp\/v2\/media\/4345"}],"wp:attachment":[{"href":"https:\/\/jinancuchem.com\/fr\/wp-json\/wp\/v2\/media?parent=4340"}],"wp:term":[{"taxonomy":"product_brand","embeddable":true,"href":"https:\/\/jinancuchem.com\/fr\/wp-json\/wp\/v2\/product_brand?post=4340"},{"taxonomy":"product_cat","embeddable":true,"href":"https:\/\/jinancuchem.com\/fr\/wp-json\/wp\/v2\/product_cat?post=4340"},{"taxonomy":"product_tag","embeddable":true,"href":"https:\/\/jinancuchem.com\/fr\/wp-json\/wp\/v2\/product_tag?post=4340"}],"curies":[{"name":"wp","href":"https:\/\/api.w.org\/{rel}","templated":true}]}}