{"id":4377,"date":"2025-07-25T03:43:31","date_gmt":"2025-07-25T03:43:31","guid":{"rendered":"https:\/\/jinancuchem.com\/?post_type=product&#038;p=4377"},"modified":"2025-07-25T03:43:31","modified_gmt":"2025-07-25T03:43:31","slug":"penta-sodium-salt-of-amino-trimethylene-phosphonic-acidatmpna5","status":"publish","type":"product","link":"https:\/\/jinancuchem.com\/fr\/produit\/penta-sodium-salt-of-amino-trimethylene-phosphonic-acidatmpna5\/","title":{"rendered":"Sel penta-sodique de l'acide aminotrim\u00e9thyl\u00e8ne phosphonique (ATMP-Na5)"},"content":{"rendered":"<p>\u3010CAS\u301120592-85-2 (x-Na), 2235-43-0 (5-Na)<\/p>\n<p>Formule mol\u00e9culaire :  C<sub>3<\/sub>H<sub>7<\/sub>NON<sub>9<\/sub>P<sub>3<\/sub>Na<sub>5<\/sub>\u00a0 Poids mol\u00e9culaire : 409<\/p>\n<p>Formule structurelle :<\/p>\n<p><img alt=\"\" fetchpriority=\"high\" decoding=\"async\" class=\"alignnone size-medium wp-image-4385\" src=\"https:\/\/jinancuchem.com\/wp-content\/uploads\/2025\/07\/\u672a\u6807\u9898-1-19-300x300.jpg\" width=\"300\" height=\"300\" srcset=\"https:\/\/jinancuchem.com\/wp-content\/uploads\/2025\/07\/\u672a\u6807\u9898-1-19-300x300.jpg 300w, https:\/\/jinancuchem.com\/wp-content\/uploads\/2025\/07\/\u672a\u6807\u9898-1-19-100x100.jpg 100w, https:\/\/jinancuchem.com\/wp-content\/uploads\/2025\/07\/\u672a\u6807\u9898-1-19-500x500.jpg 500w, https:\/\/jinancuchem.com\/wp-content\/uploads\/2025\/07\/\u672a\u6807\u9898-1-19-150x150.jpg 150w, https:\/\/jinancuchem.com\/wp-content\/uploads\/2025\/07\/\u672a\u6807\u9898-1-19-768x768.jpg 768w, https:\/\/jinancuchem.com\/wp-content\/uploads\/2025\/07\/\u672a\u6807\u9898-1-19-12x12.jpg 12w, https:\/\/jinancuchem.com\/wp-content\/uploads\/2025\/07\/\u672a\u6807\u9898-1-19.jpg 800w\" sizes=\"(max-width: 300px) 100vw, 300px\" \/><\/p>\n<ol>\n<li>Performance des produits<\/li>\n<\/ol>\n<p>L'ATMP-Na5 est une solution de sel de sodium d'ATMP, qui peut pr\u00e9venir la formation de tartre dans l'eau en inhibant la formation de sels entartrants, en particulier de carbonate de calcium. Il s'agit d'un type d'inhibiteur de tartre et d'inhibiteur de corrosion. En tant qu'inhibiteur de tartre universel et peu co\u00fbteux, l'ATMP-Na5 a un bon effet d'inhibition de la corrosion sur les sels de zinc et les phosphates, et poss\u00e8de de bonnes performances de ch\u00e9lation. Il peut \u00e9galement \u00eatre utilis\u00e9 comme agent ch\u00e9lateur d'ions m\u00e9talliques.<\/p>\n<p>2.<\/p>\n<table>\n<tbody>\n<tr>\n<td width=\"261\">articles<\/td>\n<td width=\"290\">index<\/td>\n<\/tr>\n<tr>\n<td width=\"261\">Apparence<\/td>\n<td width=\"290\">Liquide transparent incolore \u00e0 jaune clair<\/td>\n<\/tr>\n<tr>\n<td width=\"261\">Contenu actif (ATMP)%<\/td>\n<td width=\"290\">27.8-30.7<\/td>\n<\/tr>\n<tr>\n<td width=\"261\">Contenu actif (ATMP-Na<sub>5<\/sub>) %<\/td>\n<td width=\"290\">38.0-42.0<\/td>\n<\/tr>\n<tr>\n<td width=\"261\">L'acide phosphorique total (PO<sub>4<\/sub><sup>3-<\/sup>) %<\/td>\n<td width=\"290\">26.6-28.6<\/td>\n<\/tr>\n<tr>\n<td width=\"261\">Chlorure (en tant que Cl<sup>&#8211;<\/sup>) %<\/td>\n<td width=\"290\">1,0 max<\/td>\n<\/tr>\n<tr>\n<td width=\"261\">PH (solution aqueuse 1%)<\/td>\n<td width=\"290\">10.0-11.0<\/td>\n<\/tr>\n<tr>\n<td width=\"261\">Densit\u00e9 (20\u2103) g\/cm<sup>3<\/sup><\/td>\n<td width=\"290\">1.38-1.48<\/td>\n<\/tr>\n<\/tbody>\n<\/table>\n<ol start=\"3\">\n<li>Champ d'application et m\u00e9thode d'utilisation<\/li>\n<\/ol>\n<p>L'ATMP-Na5 est utilis\u00e9 pour l'inhibition de la corrosion des m\u00e9taux dans le traitement de l'eau des chaudi\u00e8res, les syst\u00e8mes d'injection d'eau des champs p\u00e9trolif\u00e8res, le traitement de l'eau propre industrielle et municipale et le traitement de l'eau de refroidissement. L'ATMP-Na5 peut \u00eatre compos\u00e9 avec d'autres phosphates organiques, des acides polycarboxyliques ou des sels pour former des agents alcalins organiques de traitement de l'eau. Il est utilis\u00e9 dans diverses conditions de qualit\u00e9 de l'eau pour les syst\u00e8mes de circulation d'eau de refroidissement et peut \u00eatre utilis\u00e9 comme retardateur dans l'industrie du b\u00e9ton.<\/p>\n<ol start=\"4\">\n<li>Emballage et stockage<\/li>\n<\/ol>\n<p>L'ATMP-Na5 est conditionn\u00e9 dans des f\u00fbts en plastique, chaque f\u00fbt contenant 30 kg ou 250 kg. La quantit\u00e9 peut \u00eatre d\u00e9termin\u00e9e en fonction des besoins de l'utilisateur. Il doit \u00eatre stock\u00e9 dans un endroit frais \u00e0 l'int\u00e9rieur et a une p\u00e9riode de stockage de dix mois.<\/p>\n<ol start=\"5\">\n<li>Protection de la s\u00e9curit\u00e9<\/li>\n<\/ol>\n<p>L'ATMP-Na5 est faiblement alcalin. Lors de l'utilisation, il convient de porter un \u00e9quipement de protection du travail. Le contact avec la peau, les yeux, etc. doit \u00eatre \u00e9vit\u00e9. Apr\u00e8s contact, rincer abondamment \u00e0 l'eau.<\/p>","protected":false},"excerpt":{"rendered":"<p>\u3010CAS\u301120592-85-2 (x-Na), 2235-43-0 (5-Na) Molecular Formula:\u00a0 C3H7NO9P3Na5\u00a0 Molecular weight: 409 Structural Formula: Product Performance ATMP\u2022Na5 is a sodium salt solution of ATMP, which can prevent the formation of scale in water by inhibiting the formation of scale-forming salts, especially calcium carbonate scale. It is a type of scale inhibitor and corrosion inhibitor. As a universal [&hellip;]<\/p>\n","protected":false},"featured_media":4385,"template":"","meta":{"_seopress_robots_primary_cat":"","_seopress_titles_title":"","_seopress_titles_desc":"","_seopress_robots_index":"","_uag_custom_page_level_css":"","site-sidebar-layout":"default","site-content-layout":"","ast-site-content-layout":"default","site-content-style":"default","site-sidebar-style":"default","ast-global-header-display":"","ast-banner-title-visibility":"","ast-main-header-display":"","ast-hfb-above-header-display":"","ast-hfb-below-header-display":"","ast-hfb-mobile-header-display":"","site-post-title":"","ast-breadcrumbs-content":"","ast-featured-img":"","footer-sml-layout":"","theme-transparent-header-meta":"default","adv-header-id-meta":"","stick-header-meta":"default","header-above-stick-meta":"","header-main-stick-meta":"","header-below-stick-meta":"","astra-migrate-meta-layouts":"set","ast-page-background-enabled":"default","ast-page-background-meta":{"desktop":{"background-color":"","background-image":"","background-repeat":"repeat","background-position":"center center","background-size":"auto","background-attachment":"scroll","background-type":"","background-media":"","overlay-type":"","overlay-color":"","overlay-opacity":"","overlay-gradient":""},"tablet":{"background-color":"","background-image":"","background-repeat":"repeat","background-position":"center center","background-size":"auto","background-attachment":"scroll","background-type":"","background-media":"","overlay-type":"","overlay-color":"","overlay-opacity":"","overlay-gradient":""},"mobile":{"background-color":"","background-image":"","background-repeat":"repeat","background-position":"center center","background-size":"auto","background-attachment":"scroll","background-type":"","background-media":"","overlay-type":"","overlay-color":"","overlay-opacity":"","overlay-gradient":""}},"ast-content-background-meta":{"desktop":{"background-color":"var(--ast-global-color-5)","background-image":"","background-repeat":"repeat","background-position":"center center","background-size":"auto","background-attachment":"scroll","background-type":"","background-media":"","overlay-type":"","overlay-color":"","overlay-opacity":"","overlay-gradient":""},"tablet":{"background-color":"var(--ast-global-color-5)","background-image":"","background-repeat":"repeat","background-position":"center center","background-size":"auto","background-attachment":"scroll","background-type":"","background-media":"","overlay-type":"","overlay-color":"","overlay-opacity":"","overlay-gradient":""},"mobile":{"background-color":"var(--ast-global-color-5)","background-image":"","background-repeat":"repeat","background-position":"center center","background-size":"auto","background-attachment":"scroll","background-type":"","background-media":"","overlay-type":"","overlay-color":"","overlay-opacity":"","overlay-gradient":""}}},"product_brand":[],"product_cat":[66],"product_tag":[],"class_list":{"0":"post-4377","1":"product","2":"type-product","3":"status-publish","4":"has-post-thumbnail","6":"product_cat-water-treatment-raw-materials","7":"desktop-align-left","8":"tablet-align-left","9":"mobile-align-left","10":"ast-product-gallery-layout-horizontal-slider","11":"ast-product-gallery-with-no-image","12":"ast-product-tabs-layout-horizontal","14":"first","15":"instock","16":"shipping-taxable","17":"product-type-simple"},"uagb_featured_image_src":{"full":["https:\/\/jinancuchem.com\/wp-content\/uploads\/2025\/07\/\u672a\u6807\u9898-1-19.jpg",800,800,false],"thumbnail":["https:\/\/jinancuchem.com\/wp-content\/uploads\/2025\/07\/\u672a\u6807\u9898-1-19-150x150.jpg",150,150,true],"medium":["https:\/\/jinancuchem.com\/wp-content\/uploads\/2025\/07\/\u672a\u6807\u9898-1-19-300x300.jpg",300,300,true],"medium_large":["https:\/\/jinancuchem.com\/wp-content\/uploads\/2025\/07\/\u672a\u6807\u9898-1-19-768x768.jpg",768,768,true],"large":["https:\/\/jinancuchem.com\/wp-content\/uploads\/2025\/07\/\u672a\u6807\u9898-1-19.jpg",800,800,false],"1536x1536":["https:\/\/jinancuchem.com\/wp-content\/uploads\/2025\/07\/\u672a\u6807\u9898-1-19.jpg",800,800,false],"2048x2048":["https:\/\/jinancuchem.com\/wp-content\/uploads\/2025\/07\/\u672a\u6807\u9898-1-19.jpg",800,800,false],"trp-custom-language-flag":["https:\/\/jinancuchem.com\/wp-content\/uploads\/2025\/07\/\u672a\u6807\u9898-1-19-12x12.jpg",12,12,true],"woocommerce_thumbnail":["https:\/\/jinancuchem.com\/wp-content\/uploads\/2025\/07\/\u672a\u6807\u9898-1-19-300x300.jpg",300,300,true],"woocommerce_single":["https:\/\/jinancuchem.com\/wp-content\/uploads\/2025\/07\/\u672a\u6807\u9898-1-19-500x500.jpg",500,500,true],"woocommerce_gallery_thumbnail":["https:\/\/jinancuchem.com\/wp-content\/uploads\/2025\/07\/\u672a\u6807\u9898-1-19-100x100.jpg",100,100,true]},"uagb_author_info":{"display_name":"jinxing6611@gmail.com","author_link":"https:\/\/jinancuchem.com\/fr\/author\/"},"uagb_comment_info":0,"uagb_excerpt":"\u3010CAS\u301120592-85-2 (x-Na), 2235-43-0 (5-Na) Molecular Formula:\u00a0 C3H7NO9P3Na5\u00a0 Molecular weight: 409 Structural Formula: Product Performance ATMP\u2022Na5 is a sodium salt solution of ATMP, which can prevent the formation of scale in water by inhibiting the formation of scale-forming salts, especially calcium carbonate scale. It is a type of scale inhibitor and corrosion inhibitor. As a universal\u2026","_links":{"self":[{"href":"https:\/\/jinancuchem.com\/fr\/wp-json\/wp\/v2\/product\/4377","targetHints":{"allow":["GET"]}}],"collection":[{"href":"https:\/\/jinancuchem.com\/fr\/wp-json\/wp\/v2\/product"}],"about":[{"href":"https:\/\/jinancuchem.com\/fr\/wp-json\/wp\/v2\/types\/product"}],"wp:featuredmedia":[{"embeddable":true,"href":"https:\/\/jinancuchem.com\/fr\/wp-json\/wp\/v2\/media\/4385"}],"wp:attachment":[{"href":"https:\/\/jinancuchem.com\/fr\/wp-json\/wp\/v2\/media?parent=4377"}],"wp:term":[{"taxonomy":"product_brand","embeddable":true,"href":"https:\/\/jinancuchem.com\/fr\/wp-json\/wp\/v2\/product_brand?post=4377"},{"taxonomy":"product_cat","embeddable":true,"href":"https:\/\/jinancuchem.com\/fr\/wp-json\/wp\/v2\/product_cat?post=4377"},{"taxonomy":"product_tag","embeddable":true,"href":"https:\/\/jinancuchem.com\/fr\/wp-json\/wp\/v2\/product_tag?post=4377"}],"curies":[{"name":"wp","href":"https:\/\/api.w.org\/{rel}","templated":true}]}}