{"id":4386,"date":"2025-07-25T03:45:08","date_gmt":"2025-07-25T03:45:08","guid":{"rendered":"https:\/\/jinancuchem.com\/?post_type=product&#038;p=4386"},"modified":"2025-07-25T05:40:52","modified_gmt":"2025-07-25T05:40:52","slug":"alpha-terpineol","status":"publish","type":"product","link":"https:\/\/jinancuchem.com\/fr\/produit\/alpha-terpineol\/","title":{"rendered":"(-)-alpha-Terpineol"},"content":{"rendered":"<p>\u3010CAS\u301110482-56-1<\/p>\n<p>Alias : L-alpha-terpin\u00e9ol;p-menth-;p-menth-1-en<\/p>\n<p>Formule mol\u00e9culaire : C<sub>10<\/sub>H<sub>18<\/sub>O Masse mol\u00e9culaire relative : 154,25<\/p>\n<p>Formule structurelle :<img alt=\"\" decoding=\"async\" class=\"alignnone size-medium wp-image-4391\" src=\"https:\/\/jinancuchem.com\/wp-content\/uploads\/2025\/07\/\u56fe\u724736-111x300.png\" width=\"111\" height=\"300\" srcset=\"https:\/\/jinancuchem.com\/wp-content\/uploads\/2025\/07\/\u56fe\u724736-111x300.png 111w, https:\/\/jinancuchem.com\/wp-content\/uploads\/2025\/07\/\u56fe\u724736-4x12.png 4w, https:\/\/jinancuchem.com\/wp-content\/uploads\/2025\/07\/\u56fe\u724736.png 152w\" sizes=\"(max-width: 111px) 100vw, 111px\" \/><\/p>\n<p>&nbsp;<\/p>\n<h4>1.Propri\u00e9t\u00e9 du produit<\/h4>\n<p>Elle est g\u00e9n\u00e9ralement compos\u00e9e de trois isom\u00e8res et se pr\u00e9sente sous la forme d'un liquide incolore et visqueux. Son parfum agr\u00e9able rappelle celui des fleurs de tro\u00e8ne, ainsi que les senteurs fra\u00eeches et d\u00e9licates du lilas et du gard\u00e9nia. Le parfum est faible et ne dure pas longtemps.<\/p>\n<p>&nbsp;<\/p>\n<h4>2.<\/h4>\n<table>\n<tbody>\n<tr>\n<td><strong><b>Param\u00e8tres<\/b><\/strong><\/td>\n<td width=\"352\"><strong><b>Sp\u00e9cification (qualit\u00e9 alimentaire)<\/b><\/strong><\/td>\n<\/tr>\n<tr>\n<td><strong><b>Apparence<\/b><\/strong><\/td>\n<td width=\"352\">Liquide visqueux incolore \u00e0 jaune p\u00e2le<\/td>\n<\/tr>\n<tr>\n<td><strong><b>Essai (GC)<\/b><\/strong><\/td>\n<td width=\"352\">\u2265 95.0% (\u03b1-Terpineol)<\/td>\n<\/tr>\n<tr>\n<td><strong><b>Odeur<\/b><\/strong><\/td>\n<td width=\"352\">Odeur caract\u00e9ristique de lilas<\/td>\n<\/tr>\n<tr>\n<td><strong><b>Indice de r\u00e9fraction (20\u00b0C)<\/b><\/strong><\/td>\n<td width=\"352\">1.482 &#8211; 1.485<\/td>\n<\/tr>\n<tr>\n<td><strong><b>Densit\u00e9 (20\u00b0C)<\/b><\/strong><\/td>\n<td width=\"352\">0,930 - 0,936 g\/cm\u00b3<\/td>\n<\/tr>\n<tr>\n<td><strong><b>Acidit\u00e9 (en tant qu'acide ac\u00e9tique)<\/b><\/strong><\/td>\n<td width=\"352\">\u2264 0,1%<\/td>\n<\/tr>\n<tr>\n<td><strong><b>Teneur en eau<\/b><\/strong><\/td>\n<td width=\"352\">\u2264 0,2%<\/td>\n<\/tr>\n<tr>\n<td><strong><b>M\u00e9taux lourds (en Pb)<\/b><\/strong><\/td>\n<td width=\"352\">\u2264 10 ppm<\/td>\n<\/tr>\n<tr>\n<td><strong><b>Arsenic (As)<\/b><\/strong><\/td>\n<td width=\"352\">\u2264 3 ppm<\/td>\n<\/tr>\n<\/tbody>\n<\/table>\n<p>&nbsp;<\/p>\n<h4>3. Champ d'application et utilisation<\/h4>\n<p>L'agent principal pour la pr\u00e9paration de l'essence de parfum de type lilas pr\u00e9sente une forte r\u00e9sistance aux alcalis et convient pour les parfums de savon. Son ac\u00e9tate contient les parfums de c\u00e9drat et de lavande et est utilis\u00e9 dans la pr\u00e9paration des parfums. Il est \u00e9galement utilis\u00e9 dans les industries pharmaceutiques, des pesticides, du plastique, du savon, de l'encre, des instruments et des t\u00e9l\u00e9communications. C'est un excellent solvant pour les couleurs sur la verrerie.<\/p>\n<p>&nbsp;<\/p>\n<h4>4. l'emballage et le stockage<\/h4>\n<p>L'\u03b1-Terpineol (qualit\u00e9 alimentaire) doit \u00eatre conditionn\u00e9 dans des r\u00e9cipients herm\u00e9tiques en aluminium ou en acier inoxydable pour \u00e9viter l'oxydation. Conserver dans un endroit frais (&lt;25\u00b0C), sec et sombre, \u00e0 l&#039;\u00e9cart des sources de chaleur et des oxydants puissants. La dur\u00e9e de conservation est de 24 mois.<\/p>","protected":false},"excerpt":{"rendered":"<p>\u3010CAS\u301110482-56-1 Alias: L-alpha-terpineol;p-menth-;p-menth-1-en Molecular formula: C10H18O \u00a0\u00a0Relative molecular mass: 154.25 Structural formula: &nbsp; 1.Product Property It is usually composed of three isomers, and it is a colorless and viscous liquid. It has a pleasant fragrance reminiscent of the scent of privet flowers, as well as the fresh and delicate scents of lilacs and gardenias. The [&hellip;]<\/p>\n","protected":false},"featured_media":4392,"template":"","meta":{"_seopress_robots_primary_cat":"none","_seopress_titles_title":"","_seopress_titles_desc":"","_seopress_robots_index":"","_uag_custom_page_level_css":"","site-sidebar-layout":"default","site-content-layout":"","ast-site-content-layout":"default","site-content-style":"default","site-sidebar-style":"default","ast-global-header-display":"","ast-banner-title-visibility":"","ast-main-header-display":"","ast-hfb-above-header-display":"","ast-hfb-below-header-display":"","ast-hfb-mobile-header-display":"","site-post-title":"","ast-breadcrumbs-content":"","ast-featured-img":"","footer-sml-layout":"","theme-transparent-header-meta":"default","adv-header-id-meta":"","stick-header-meta":"default","header-above-stick-meta":"","header-main-stick-meta":"","header-below-stick-meta":"","astra-migrate-meta-layouts":"set","ast-page-background-enabled":"default","ast-page-background-meta":{"desktop":{"background-color":"","background-image":"","background-repeat":"repeat","background-position":"center center","background-size":"auto","background-attachment":"scroll","background-type":"","background-media":"","overlay-type":"","overlay-color":"","overlay-opacity":"","overlay-gradient":""},"tablet":{"background-color":"","background-image":"","background-repeat":"repeat","background-position":"center center","background-size":"auto","background-attachment":"scroll","background-type":"","background-media":"","overlay-type":"","overlay-color":"","overlay-opacity":"","overlay-gradient":""},"mobile":{"background-color":"","background-image":"","background-repeat":"repeat","background-position":"center center","background-size":"auto","background-attachment":"scroll","background-type":"","background-media":"","overlay-type":"","overlay-color":"","overlay-opacity":"","overlay-gradient":""}},"ast-content-background-meta":{"desktop":{"background-color":"var(--ast-global-color-5)","background-image":"","background-repeat":"repeat","background-position":"center center","background-size":"auto","background-attachment":"scroll","background-type":"","background-media":"","overlay-type":"","overlay-color":"","overlay-opacity":"","overlay-gradient":""},"tablet":{"background-color":"var(--ast-global-color-5)","background-image":"","background-repeat":"repeat","background-position":"center center","background-size":"auto","background-attachment":"scroll","background-type":"","background-media":"","overlay-type":"","overlay-color":"","overlay-opacity":"","overlay-gradient":""},"mobile":{"background-color":"var(--ast-global-color-5)","background-image":"","background-repeat":"repeat","background-position":"center center","background-size":"auto","background-attachment":"scroll","background-type":"","background-media":"","overlay-type":"","overlay-color":"","overlay-opacity":"","overlay-gradient":""}}},"product_brand":[],"product_cat":[67],"product_tag":[],"class_list":{"0":"post-4386","1":"product","2":"type-product","3":"status-publish","4":"has-post-thumbnail","6":"product_cat-food-additives","7":"desktop-align-left","8":"tablet-align-left","9":"mobile-align-left","10":"ast-product-gallery-layout-horizontal-slider","11":"ast-product-gallery-with-no-image","12":"ast-product-tabs-layout-horizontal","14":"first","15":"instock","16":"shipping-taxable","17":"product-type-simple"},"uagb_featured_image_src":{"full":["https:\/\/jinancuchem.com\/wp-content\/uploads\/2025\/07\/36.png",800,800,false],"thumbnail":["https:\/\/jinancuchem.com\/wp-content\/uploads\/2025\/07\/36-150x150.png",150,150,true],"medium":["https:\/\/jinancuchem.com\/wp-content\/uploads\/2025\/07\/36-300x300.png",300,300,true],"medium_large":["https:\/\/jinancuchem.com\/wp-content\/uploads\/2025\/07\/36-768x768.png",768,768,true],"large":["https:\/\/jinancuchem.com\/wp-content\/uploads\/2025\/07\/36.png",800,800,false],"1536x1536":["https:\/\/jinancuchem.com\/wp-content\/uploads\/2025\/07\/36.png",800,800,false],"2048x2048":["https:\/\/jinancuchem.com\/wp-content\/uploads\/2025\/07\/36.png",800,800,false],"trp-custom-language-flag":["https:\/\/jinancuchem.com\/wp-content\/uploads\/2025\/07\/36-12x12.png",12,12,true],"woocommerce_thumbnail":["https:\/\/jinancuchem.com\/wp-content\/uploads\/2025\/07\/36-300x300.png",300,300,true],"woocommerce_single":["https:\/\/jinancuchem.com\/wp-content\/uploads\/2025\/07\/36-500x500.png",500,500,true],"woocommerce_gallery_thumbnail":["https:\/\/jinancuchem.com\/wp-content\/uploads\/2025\/07\/36-100x100.png",100,100,true]},"uagb_author_info":{"display_name":"jinxing6611@gmail.com","author_link":"https:\/\/jinancuchem.com\/fr\/author\/"},"uagb_comment_info":0,"uagb_excerpt":"\u3010CAS\u301110482-56-1 Alias: L-alpha-terpineol;p-menth-;p-menth-1-en Molecular formula: C10H18O \u00a0\u00a0Relative molecular mass: 154.25 Structural formula: &nbsp; 1.Product Property It is usually composed of three isomers, and it is a colorless and viscous liquid. It has a pleasant fragrance reminiscent of the scent of privet flowers, as well as the fresh and delicate scents of lilacs and gardenias. The\u2026","_links":{"self":[{"href":"https:\/\/jinancuchem.com\/fr\/wp-json\/wp\/v2\/product\/4386","targetHints":{"allow":["GET"]}}],"collection":[{"href":"https:\/\/jinancuchem.com\/fr\/wp-json\/wp\/v2\/product"}],"about":[{"href":"https:\/\/jinancuchem.com\/fr\/wp-json\/wp\/v2\/types\/product"}],"wp:featuredmedia":[{"embeddable":true,"href":"https:\/\/jinancuchem.com\/fr\/wp-json\/wp\/v2\/media\/4392"}],"wp:attachment":[{"href":"https:\/\/jinancuchem.com\/fr\/wp-json\/wp\/v2\/media?parent=4386"}],"wp:term":[{"taxonomy":"product_brand","embeddable":true,"href":"https:\/\/jinancuchem.com\/fr\/wp-json\/wp\/v2\/product_brand?post=4386"},{"taxonomy":"product_cat","embeddable":true,"href":"https:\/\/jinancuchem.com\/fr\/wp-json\/wp\/v2\/product_cat?post=4386"},{"taxonomy":"product_tag","embeddable":true,"href":"https:\/\/jinancuchem.com\/fr\/wp-json\/wp\/v2\/product_tag?post=4386"}],"curies":[{"name":"wp","href":"https:\/\/api.w.org\/{rel}","templated":true}]}}