{"id":4393,"date":"2025-07-25T03:46:39","date_gmt":"2025-07-25T03:46:39","guid":{"rendered":"https:\/\/jinancuchem.com\/?post_type=product&#038;p=4393"},"modified":"2025-07-25T03:46:39","modified_gmt":"2025-07-25T03:46:39","slug":"ethylene-diamine-tetra-methylene-phosphonic-acid-sodiumedtmps","status":"publish","type":"product","link":"https:\/\/jinancuchem.com\/fr\/produit\/ethylene-diamine-tetra-methylene-phosphonic-acid-sodiumedtmps\/","title":{"rendered":"Acide \u00e9thyl\u00e8ne diamine t\u00e9tra (m\u00e9thyl\u00e8ne phosphonique) sodique (EDTMPS)"},"content":{"rendered":"<p>\u3010CAS\u3011 7651-99-2<\/p>\n<p>Alias: Sodium pentadentate ethylenediamine tetrakisphosphonate \u00a0Ethylenediamine pentadentate tetrakisphosphonate \u00a0EDTMPS<\/p>\n<p>Formule mol\u00e9culaire : C<sub>6<\/sub>H<sub>15<\/sub>O<sub>12<\/sub>N<sub>2<\/sub>P<sub>4\u00a0<\/sub>Na<sub>5<\/sub>\u00a0\u00a0Relative molecular mass: 546.13<\/p>\n<p>Formule structurelle : <img alt=\"\" fetchpriority=\"high\" decoding=\"async\" class=\"alignnone size-medium wp-image-4396\" src=\"https:\/\/jinancuchem.com\/wp-content\/uploads\/2025\/07\/\u672a\u6807\u9898-1-20-300x300.jpg\" width=\"300\" height=\"300\" srcset=\"https:\/\/jinancuchem.com\/wp-content\/uploads\/2025\/07\/\u672a\u6807\u9898-1-20-300x300.jpg 300w, https:\/\/jinancuchem.com\/wp-content\/uploads\/2025\/07\/\u672a\u6807\u9898-1-20-100x100.jpg 100w, https:\/\/jinancuchem.com\/wp-content\/uploads\/2025\/07\/\u672a\u6807\u9898-1-20-500x500.jpg 500w, https:\/\/jinancuchem.com\/wp-content\/uploads\/2025\/07\/\u672a\u6807\u9898-1-20-150x150.jpg 150w, https:\/\/jinancuchem.com\/wp-content\/uploads\/2025\/07\/\u672a\u6807\u9898-1-20-768x768.jpg 768w, https:\/\/jinancuchem.com\/wp-content\/uploads\/2025\/07\/\u672a\u6807\u9898-1-20-12x12.jpg 12w, https:\/\/jinancuchem.com\/wp-content\/uploads\/2025\/07\/\u672a\u6807\u9898-1-20.jpg 800w\" sizes=\"(max-width: 300px) 100vw, 300px\" \/><\/p>\n<p>&nbsp;<\/p>\n<ol>\n<li>1.Product Performance<\/li>\n<\/ol>\n<p>EDTMP\u2022Na5 is a nitrogen-containing organic polyphosphate. It is a cathodic type corrosion inhibitor and can be mixed with water. It is non-toxic and pollution-free, has good chemical stability and heat resistance. It still has a good scale inhibition effect at 200\u2103. This product has good scale inhibition effects on calcium sulfate and barium sulfate scales and can be used as a scale inhibitor for oilfield injection water.<\/p>\n<p>2.<\/p>\n<table>\n<tbody>\n<tr>\n<td width=\"260\">Articles<\/td>\n<td width=\"272\">Index<\/td>\n<\/tr>\n<tr>\n<td width=\"260\">Apparence<\/td>\n<td width=\"272\">Amber transparent liquid<\/td>\n<\/tr>\n<tr>\n<td width=\"260\">Active content (as EDTMPA)%<\/td>\n<td width=\"272\">24.0-26.0<\/td>\n<\/tr>\n<tr>\n<td width=\"260\">Active content (as EDTMP\u2022Na<sub>5<\/sub>)%<\/td>\n<td width=\"272\">30.0-32.6<\/td>\n<\/tr>\n<tr>\n<td width=\"260\">Chloride (Cl<sup>&#8211;<\/sup>) %<\/td>\n<td width=\"272\">2.0 max<\/td>\n<\/tr>\n<tr>\n<td width=\"260\">Densit\u00e9 (20\u2103) g\/cm<sup>3<\/sup><\/td>\n<td width=\"272\">1.25 min<\/td>\n<\/tr>\n<tr>\n<td width=\"260\">Fe, mg\/L<\/td>\n<td width=\"272\">20,0 max<\/td>\n<\/tr>\n<tr>\n<td width=\"260\">PH (solution aqueuse 1%)<\/td>\n<td width=\"272\">6.0\uff5e8.0<\/td>\n<\/tr>\n<\/tbody>\n<\/table>\n<ol start=\"3\">\n<li>Champ d'application et m\u00e9thode d'utilisation<\/li>\n<\/ol>\n<p>EDTMP\u2022Na5 is used as a scale inhibitor and corrosion inhibitor for circulating water and boiler water, a complexing agent for cyanide-free electroplating, a chelating agent in the textile printing and dyeing industry, and an oxygen bleaching stabilizer. When added alone in the circulating cooling water, the general dosage is 5-10 mg\/L. When compounded with HPMA in a ratio of 1:3, it can be used for water treatment in low-pressure boilers. This product can also be used in combination with BTA, PAAS, zinc salts, etc.<\/p>\n<ol start=\"4\">\n<li>Emballage et stockage<\/li>\n<\/ol>\n<p>EDTMP\u2022Na5 is packaged in plastic drums. Each drum contains 25 kg or as determined by the user. It should be stored in a cool, indoor place. The shelf life is ten months.<\/p>\n<ol start=\"5\">\n<li>Protection de la s\u00e9curit\u00e9<\/li>\n<\/ol>\n<p>EDTMP\u2022Na5 is weakly alkaline. When using, labor protection equipment must be worn. Contact with skin and eyes should be avoided. Rinse with plenty of water immediately after contact.<\/p>","protected":false},"excerpt":{"rendered":"<p>\u3010CAS\u3011 7651-99-2 Alias: Sodium pentadentate ethylenediamine tetrakisphosphonate \u00a0Ethylenediamine pentadentate tetrakisphosphonate \u00a0EDTMPS Molecular formula: C6H15O12N2P4\u00a0Na5\u00a0\u00a0Relative molecular mass: 546.13 Structural Formula: &nbsp; 1.Product Performance EDTMP\u2022Na5 is a nitrogen-containing organic polyphosphate. It is a cathodic type corrosion inhibitor and can be mixed with water. It is non-toxic and pollution-free, has good chemical stability and heat resistance. It still [&hellip;]<\/p>\n","protected":false},"featured_media":4396,"template":"","meta":{"_seopress_robots_primary_cat":"","_seopress_titles_title":"","_seopress_titles_desc":"","_seopress_robots_index":"","_uag_custom_page_level_css":"","site-sidebar-layout":"default","site-content-layout":"","ast-site-content-layout":"default","site-content-style":"default","site-sidebar-style":"default","ast-global-header-display":"","ast-banner-title-visibility":"","ast-main-header-display":"","ast-hfb-above-header-display":"","ast-hfb-below-header-display":"","ast-hfb-mobile-header-display":"","site-post-title":"","ast-breadcrumbs-content":"","ast-featured-img":"","footer-sml-layout":"","theme-transparent-header-meta":"default","adv-header-id-meta":"","stick-header-meta":"default","header-above-stick-meta":"","header-main-stick-meta":"","header-below-stick-meta":"","astra-migrate-meta-layouts":"set","ast-page-background-enabled":"default","ast-page-background-meta":{"desktop":{"background-color":"","background-image":"","background-repeat":"repeat","background-position":"center center","background-size":"auto","background-attachment":"scroll","background-type":"","background-media":"","overlay-type":"","overlay-color":"","overlay-opacity":"","overlay-gradient":""},"tablet":{"background-color":"","background-image":"","background-repeat":"repeat","background-position":"center center","background-size":"auto","background-attachment":"scroll","background-type":"","background-media":"","overlay-type":"","overlay-color":"","overlay-opacity":"","overlay-gradient":""},"mobile":{"background-color":"","background-image":"","background-repeat":"repeat","background-position":"center center","background-size":"auto","background-attachment":"scroll","background-type":"","background-media":"","overlay-type":"","overlay-color":"","overlay-opacity":"","overlay-gradient":""}},"ast-content-background-meta":{"desktop":{"background-color":"var(--ast-global-color-5)","background-image":"","background-repeat":"repeat","background-position":"center center","background-size":"auto","background-attachment":"scroll","background-type":"","background-media":"","overlay-type":"","overlay-color":"","overlay-opacity":"","overlay-gradient":""},"tablet":{"background-color":"var(--ast-global-color-5)","background-image":"","background-repeat":"repeat","background-position":"center center","background-size":"auto","background-attachment":"scroll","background-type":"","background-media":"","overlay-type":"","overlay-color":"","overlay-opacity":"","overlay-gradient":""},"mobile":{"background-color":"var(--ast-global-color-5)","background-image":"","background-repeat":"repeat","background-position":"center center","background-size":"auto","background-attachment":"scroll","background-type":"","background-media":"","overlay-type":"","overlay-color":"","overlay-opacity":"","overlay-gradient":""}}},"product_brand":[],"product_cat":[66],"product_tag":[],"class_list":{"0":"post-4393","1":"product","2":"type-product","3":"status-publish","4":"has-post-thumbnail","6":"product_cat-water-treatment-raw-materials","7":"desktop-align-left","8":"tablet-align-left","9":"mobile-align-left","10":"ast-product-gallery-layout-horizontal-slider","11":"ast-product-gallery-with-no-image","12":"ast-product-tabs-layout-horizontal","14":"first","15":"instock","16":"shipping-taxable","17":"product-type-simple"},"uagb_featured_image_src":{"full":["https:\/\/jinancuchem.com\/wp-content\/uploads\/2025\/07\/\u672a\u6807\u9898-1-20.jpg",800,800,false],"thumbnail":["https:\/\/jinancuchem.com\/wp-content\/uploads\/2025\/07\/\u672a\u6807\u9898-1-20-150x150.jpg",150,150,true],"medium":["https:\/\/jinancuchem.com\/wp-content\/uploads\/2025\/07\/\u672a\u6807\u9898-1-20-300x300.jpg",300,300,true],"medium_large":["https:\/\/jinancuchem.com\/wp-content\/uploads\/2025\/07\/\u672a\u6807\u9898-1-20-768x768.jpg",768,768,true],"large":["https:\/\/jinancuchem.com\/wp-content\/uploads\/2025\/07\/\u672a\u6807\u9898-1-20.jpg",800,800,false],"1536x1536":["https:\/\/jinancuchem.com\/wp-content\/uploads\/2025\/07\/\u672a\u6807\u9898-1-20.jpg",800,800,false],"2048x2048":["https:\/\/jinancuchem.com\/wp-content\/uploads\/2025\/07\/\u672a\u6807\u9898-1-20.jpg",800,800,false],"trp-custom-language-flag":["https:\/\/jinancuchem.com\/wp-content\/uploads\/2025\/07\/\u672a\u6807\u9898-1-20-12x12.jpg",12,12,true],"woocommerce_thumbnail":["https:\/\/jinancuchem.com\/wp-content\/uploads\/2025\/07\/\u672a\u6807\u9898-1-20-300x300.jpg",300,300,true],"woocommerce_single":["https:\/\/jinancuchem.com\/wp-content\/uploads\/2025\/07\/\u672a\u6807\u9898-1-20-500x500.jpg",500,500,true],"woocommerce_gallery_thumbnail":["https:\/\/jinancuchem.com\/wp-content\/uploads\/2025\/07\/\u672a\u6807\u9898-1-20-100x100.jpg",100,100,true]},"uagb_author_info":{"display_name":"jinxing6611@gmail.com","author_link":"https:\/\/jinancuchem.com\/fr\/author\/"},"uagb_comment_info":0,"uagb_excerpt":"\u3010CAS\u3011 7651-99-2 Alias: Sodium pentadentate ethylenediamine tetrakisphosphonate \u00a0Ethylenediamine pentadentate tetrakisphosphonate \u00a0EDTMPS Molecular formula: C6H15O12N2P4\u00a0Na5\u00a0\u00a0Relative molecular mass: 546.13 Structural Formula: &nbsp; 1.Product Performance EDTMP\u2022Na5 is a nitrogen-containing organic polyphosphate. It is a cathodic type corrosion inhibitor and can be mixed with water. It is non-toxic and pollution-free, has good chemical stability and heat resistance. It still\u2026","_links":{"self":[{"href":"https:\/\/jinancuchem.com\/fr\/wp-json\/wp\/v2\/product\/4393","targetHints":{"allow":["GET"]}}],"collection":[{"href":"https:\/\/jinancuchem.com\/fr\/wp-json\/wp\/v2\/product"}],"about":[{"href":"https:\/\/jinancuchem.com\/fr\/wp-json\/wp\/v2\/types\/product"}],"wp:featuredmedia":[{"embeddable":true,"href":"https:\/\/jinancuchem.com\/fr\/wp-json\/wp\/v2\/media\/4396"}],"wp:attachment":[{"href":"https:\/\/jinancuchem.com\/fr\/wp-json\/wp\/v2\/media?parent=4393"}],"wp:term":[{"taxonomy":"product_brand","embeddable":true,"href":"https:\/\/jinancuchem.com\/fr\/wp-json\/wp\/v2\/product_brand?post=4393"},{"taxonomy":"product_cat","embeddable":true,"href":"https:\/\/jinancuchem.com\/fr\/wp-json\/wp\/v2\/product_cat?post=4393"},{"taxonomy":"product_tag","embeddable":true,"href":"https:\/\/jinancuchem.com\/fr\/wp-json\/wp\/v2\/product_tag?post=4393"}],"curies":[{"name":"wp","href":"https:\/\/api.w.org\/{rel}","templated":true}]}}