{"id":4398,"date":"2025-07-25T03:48:10","date_gmt":"2025-07-25T03:48:10","guid":{"rendered":"https:\/\/jinancuchem.com\/?post_type=product&#038;p=4398"},"modified":"2025-07-25T03:48:10","modified_gmt":"2025-07-25T03:48:10","slug":"diethylene-triamine-penta-methylene-phosphonic-acid-pentasodium-saltdtpmpana5","status":"publish","type":"product","link":"https:\/\/jinancuchem.com\/fr\/produit\/diethylene-triamine-penta-methylene-phosphonic-acid-pentasodium-saltdtpmpana5\/","title":{"rendered":"Sel pentasodique de di\u00e9thyl\u00e8ne triamine penta (acide m\u00e9thyl\u00e8ne phosphonique) (DTPMPA-Na5)"},"content":{"rendered":"<p>\u3010CAS\u3011 68155-78-2<\/p>\n<p>Formule mol\u00e9culaire : C<sub>9<\/sub>H<sub>23<\/sub>O<sub>15<\/sub>N<sub>3<\/sub>P<sub>5<\/sub>Na<sub>5<\/sub>\u00a0\u00a0Masse mol\u00e9culaire relative : 683,2<\/p>\n<p>Formule structurelle :<img alt=\"\" fetchpriority=\"high\" decoding=\"async\" class=\"alignnone size-medium wp-image-4405\" src=\"https:\/\/jinancuchem.com\/wp-content\/uploads\/2025\/07\/\u672a\u6807\u9898-1-21-300x300.jpg\" width=\"300\" height=\"300\" srcset=\"https:\/\/jinancuchem.com\/wp-content\/uploads\/2025\/07\/\u672a\u6807\u9898-1-21-300x300.jpg 300w, https:\/\/jinancuchem.com\/wp-content\/uploads\/2025\/07\/\u672a\u6807\u9898-1-21-100x100.jpg 100w, https:\/\/jinancuchem.com\/wp-content\/uploads\/2025\/07\/\u672a\u6807\u9898-1-21-500x500.jpg 500w, https:\/\/jinancuchem.com\/wp-content\/uploads\/2025\/07\/\u672a\u6807\u9898-1-21-150x150.jpg 150w, https:\/\/jinancuchem.com\/wp-content\/uploads\/2025\/07\/\u672a\u6807\u9898-1-21-768x768.jpg 768w, https:\/\/jinancuchem.com\/wp-content\/uploads\/2025\/07\/\u672a\u6807\u9898-1-21-12x12.jpg 12w, https:\/\/jinancuchem.com\/wp-content\/uploads\/2025\/07\/\u672a\u6807\u9898-1-21.jpg 800w\" sizes=\"(max-width: 300px) 100vw, 300px\" \/><\/p>\n<p><strong>\u00a0<\/strong><\/p>\n<ol>\n<li>Performance des produits<\/li>\n<\/ol>\n<p>Ce produit a d'excellents effets antitartre et inhibiteurs de corrosion et une bonne r\u00e9sistance \u00e0 la temp\u00e9rature. Il peut inhiber la formation de tartre carbonat\u00e9 et sulfat\u00e9. En milieu alcalin, ses performances anti-tartre et inhibitrices de corrosion sont sup\u00e9rieures \u00e0 celles d'autres agents de traitement de l'eau de type acide phosphonique organique. Il peut \u00e9galement \u00eatre utilis\u00e9 comme agent antitartre pour l'eau de r\u00e9injection des champs p\u00e9trolif\u00e8res.<\/p>\n<p>2.<\/p>\n<table>\n<tbody>\n<tr>\n<td width=\"246\">Objet<\/td>\n<td width=\"249\">index<\/td>\n<\/tr>\n<tr>\n<td width=\"246\">Apparence<\/td>\n<td width=\"249\">Liquide transparent de couleur ambre<\/td>\n<\/tr>\n<tr>\n<td width=\"246\">Composant actif (calcul\u00e9 en DTPMPA) %<\/td>\n<td width=\"249\">24.0-26.0<\/td>\n<\/tr>\n<tr>\n<td width=\"246\">Composant actif (calcul\u00e9 comme DTPMP-Na5) %<\/td>\n<td width=\"249\">28.5-31.0<\/td>\n<\/tr>\n<tr>\n<td width=\"246\">Teneur en phosphore total (calcul\u00e9e en PO43-) %<\/td>\n<td width=\"249\">19.7-21.7<\/td>\n<\/tr>\n<tr>\n<td width=\"246\">Chlorure (calcul\u00e9 en Cl-) % \u2264<\/td>\n<td width=\"249\">5.0<\/td>\n<\/tr>\n<tr>\n<td width=\"246\">Densit\u00e9 (\u00e0 20\u2103) g\/cm3 \u2265<\/td>\n<td width=\"249\">1.25<\/td>\n<\/tr>\n<tr>\n<td width=\"246\">Teneur en fer (sous forme de Fe2+) ppm \u2264<\/td>\n<td width=\"249\">20<\/td>\n<\/tr>\n<tr>\n<td width=\"246\">Valeur du pH (solution aqueuse de 1%)<\/td>\n<td width=\"249\">6.0-8.0<\/td>\n<\/tr>\n<\/tbody>\n<\/table>\n<ol start=\"3\">\n<li>Champ d'application et m\u00e9thode d'utilisation<\/li>\n<\/ol>\n<p>Le DTPMP-Na5 peut \u00eatre utilis\u00e9 comme dispersant pour les pigments, comme support pour les oligo-\u00e9l\u00e9ments dans les engrais, comme agent ch\u00e9lateur pour l'impression et la teinture des textiles, comme stabilisateur pour les peroxydes et comme additif pour le b\u00e9ton ; il peut \u00e9galement \u00eatre utilis\u00e9 comme inhibiteur de tartre et de corrosion pour l'eau de refroidissement en circulation et l'eau des chaudi\u00e8res dans le traitement de l'eau ; en outre, il a \u00e9t\u00e9 largement appliqu\u00e9 dans la fabrication du papier, la galvanoplastie et les cosm\u00e9tiques, etc.<\/p>\n<ol start=\"4\">\n<li>Emballage et stockage<\/li>\n<\/ol>\n<p>Le liquide DTPMP-Na5 est conditionn\u00e9 dans des f\u00fbts en plastique. Chaque f\u00fbt contient 25 kg ou 250 kg. Il doit \u00eatre stock\u00e9 \u00e0 l'int\u00e9rieur dans un endroit frais et sec, \u00e0 l'abri de l'humidit\u00e9. La dur\u00e9e de conservation est de dix mois.<\/p>\n<ol start=\"5\">\n<li>Protection de la s\u00e9curit\u00e9<\/li>\n<\/ol>\n<p>Le DTPMP-Na5 est neutre. Lors de son utilisation, il convient de porter un \u00e9quipement de protection individuelle. Il faut \u00e9viter tout contact avec la peau, les yeux, etc. En cas de contact, rincer imm\u00e9diatement et abondamment \u00e0 l'eau.<\/p>","protected":false},"excerpt":{"rendered":"<p>\u3010CAS\u3011 68155-78-2 Molecular formula: C9H23O15N3P5Na5\u00a0\u00a0Relative molecular mass: 683.2 Structural Formula: \u00a0 Product Performance This product has excellent anti-scaling and corrosion-inhibiting effects and good temperature resistance. It can inhibit the formation of carbonate and sulfate scale. In alkaline environments, its anti-scaling and corrosion-inhibiting performance is better than that of other organic phosphonic acid type water treatment [&hellip;]<\/p>\n","protected":false},"featured_media":4405,"template":"","meta":{"_seopress_robots_primary_cat":"","_seopress_titles_title":"","_seopress_titles_desc":"","_seopress_robots_index":"","_uag_custom_page_level_css":"","site-sidebar-layout":"default","site-content-layout":"","ast-site-content-layout":"default","site-content-style":"default","site-sidebar-style":"default","ast-global-header-display":"","ast-banner-title-visibility":"","ast-main-header-display":"","ast-hfb-above-header-display":"","ast-hfb-below-header-display":"","ast-hfb-mobile-header-display":"","site-post-title":"","ast-breadcrumbs-content":"","ast-featured-img":"","footer-sml-layout":"","theme-transparent-header-meta":"default","adv-header-id-meta":"","stick-header-meta":"default","header-above-stick-meta":"","header-main-stick-meta":"","header-below-stick-meta":"","astra-migrate-meta-layouts":"set","ast-page-background-enabled":"default","ast-page-background-meta":{"desktop":{"background-color":"","background-image":"","background-repeat":"repeat","background-position":"center center","background-size":"auto","background-attachment":"scroll","background-type":"","background-media":"","overlay-type":"","overlay-color":"","overlay-opacity":"","overlay-gradient":""},"tablet":{"background-color":"","background-image":"","background-repeat":"repeat","background-position":"center center","background-size":"auto","background-attachment":"scroll","background-type":"","background-media":"","overlay-type":"","overlay-color":"","overlay-opacity":"","overlay-gradient":""},"mobile":{"background-color":"","background-image":"","background-repeat":"repeat","background-position":"center center","background-size":"auto","background-attachment":"scroll","background-type":"","background-media":"","overlay-type":"","overlay-color":"","overlay-opacity":"","overlay-gradient":""}},"ast-content-background-meta":{"desktop":{"background-color":"var(--ast-global-color-5)","background-image":"","background-repeat":"repeat","background-position":"center center","background-size":"auto","background-attachment":"scroll","background-type":"","background-media":"","overlay-type":"","overlay-color":"","overlay-opacity":"","overlay-gradient":""},"tablet":{"background-color":"var(--ast-global-color-5)","background-image":"","background-repeat":"repeat","background-position":"center center","background-size":"auto","background-attachment":"scroll","background-type":"","background-media":"","overlay-type":"","overlay-color":"","overlay-opacity":"","overlay-gradient":""},"mobile":{"background-color":"var(--ast-global-color-5)","background-image":"","background-repeat":"repeat","background-position":"center center","background-size":"auto","background-attachment":"scroll","background-type":"","background-media":"","overlay-type":"","overlay-color":"","overlay-opacity":"","overlay-gradient":""}}},"product_brand":[],"product_cat":[66],"product_tag":[],"class_list":{"0":"post-4398","1":"product","2":"type-product","3":"status-publish","4":"has-post-thumbnail","6":"product_cat-water-treatment-raw-materials","7":"desktop-align-left","8":"tablet-align-left","9":"mobile-align-left","10":"ast-product-gallery-layout-horizontal-slider","11":"ast-product-gallery-with-no-image","12":"ast-product-tabs-layout-horizontal","14":"first","15":"instock","16":"shipping-taxable","17":"product-type-simple"},"uagb_featured_image_src":{"full":["https:\/\/jinancuchem.com\/wp-content\/uploads\/2025\/07\/\u672a\u6807\u9898-1-21.jpg",800,800,false],"thumbnail":["https:\/\/jinancuchem.com\/wp-content\/uploads\/2025\/07\/\u672a\u6807\u9898-1-21-150x150.jpg",150,150,true],"medium":["https:\/\/jinancuchem.com\/wp-content\/uploads\/2025\/07\/\u672a\u6807\u9898-1-21-300x300.jpg",300,300,true],"medium_large":["https:\/\/jinancuchem.com\/wp-content\/uploads\/2025\/07\/\u672a\u6807\u9898-1-21-768x768.jpg",768,768,true],"large":["https:\/\/jinancuchem.com\/wp-content\/uploads\/2025\/07\/\u672a\u6807\u9898-1-21.jpg",800,800,false],"1536x1536":["https:\/\/jinancuchem.com\/wp-content\/uploads\/2025\/07\/\u672a\u6807\u9898-1-21.jpg",800,800,false],"2048x2048":["https:\/\/jinancuchem.com\/wp-content\/uploads\/2025\/07\/\u672a\u6807\u9898-1-21.jpg",800,800,false],"trp-custom-language-flag":["https:\/\/jinancuchem.com\/wp-content\/uploads\/2025\/07\/\u672a\u6807\u9898-1-21-12x12.jpg",12,12,true],"woocommerce_thumbnail":["https:\/\/jinancuchem.com\/wp-content\/uploads\/2025\/07\/\u672a\u6807\u9898-1-21-300x300.jpg",300,300,true],"woocommerce_single":["https:\/\/jinancuchem.com\/wp-content\/uploads\/2025\/07\/\u672a\u6807\u9898-1-21-500x500.jpg",500,500,true],"woocommerce_gallery_thumbnail":["https:\/\/jinancuchem.com\/wp-content\/uploads\/2025\/07\/\u672a\u6807\u9898-1-21-100x100.jpg",100,100,true]},"uagb_author_info":{"display_name":"jinxing6611@gmail.com","author_link":"https:\/\/jinancuchem.com\/fr\/author\/"},"uagb_comment_info":0,"uagb_excerpt":"\u3010CAS\u3011 68155-78-2 Molecular formula: C9H23O15N3P5Na5\u00a0\u00a0Relative molecular mass: 683.2 Structural Formula: \u00a0 Product Performance This product has excellent anti-scaling and corrosion-inhibiting effects and good temperature resistance. It can inhibit the formation of carbonate and sulfate scale. In alkaline environments, its anti-scaling and corrosion-inhibiting performance is better than that of other organic phosphonic acid type water treatment\u2026","_links":{"self":[{"href":"https:\/\/jinancuchem.com\/fr\/wp-json\/wp\/v2\/product\/4398","targetHints":{"allow":["GET"]}}],"collection":[{"href":"https:\/\/jinancuchem.com\/fr\/wp-json\/wp\/v2\/product"}],"about":[{"href":"https:\/\/jinancuchem.com\/fr\/wp-json\/wp\/v2\/types\/product"}],"wp:featuredmedia":[{"embeddable":true,"href":"https:\/\/jinancuchem.com\/fr\/wp-json\/wp\/v2\/media\/4405"}],"wp:attachment":[{"href":"https:\/\/jinancuchem.com\/fr\/wp-json\/wp\/v2\/media?parent=4398"}],"wp:term":[{"taxonomy":"product_brand","embeddable":true,"href":"https:\/\/jinancuchem.com\/fr\/wp-json\/wp\/v2\/product_brand?post=4398"},{"taxonomy":"product_cat","embeddable":true,"href":"https:\/\/jinancuchem.com\/fr\/wp-json\/wp\/v2\/product_cat?post=4398"},{"taxonomy":"product_tag","embeddable":true,"href":"https:\/\/jinancuchem.com\/fr\/wp-json\/wp\/v2\/product_tag?post=4398"}],"curies":[{"name":"wp","href":"https:\/\/api.w.org\/{rel}","templated":true}]}}