{"id":4406,"date":"2025-07-25T03:50:28","date_gmt":"2025-07-25T03:50:28","guid":{"rendered":"https:\/\/jinancuchem.com\/?post_type=product&#038;p=4406"},"modified":"2025-07-25T03:50:28","modified_gmt":"2025-07-25T03:50:28","slug":"hepta-sodium-salt-of-diethylene-triamine-penta-methylene-phosphonic-acid%ef%bc%88dtpmpana7%ef%bc%89","status":"publish","type":"product","link":"https:\/\/jinancuchem.com\/fr\/produit\/hepta-sodium-salt-of-diethylene-triamine-penta-methylene-phosphonic-acid%ef%bc%88dtpmpana7%ef%bc%89\/","title":{"rendered":"Sel de sodium Hepta de Diethylene Triamine Penta (Methylene Phosphonic Acid)\uff08DTPMPA-Na7\uff09"},"content":{"rendered":"<p>\u3010CAS\u301122042-96-2 (x-Na) 68155-78-2 (7-Na)<\/p>\n<p>Formule mol\u00e9culaire : C<sub>9<\/sub>H<sub>21<\/sub>O<sub>15<\/sub>N<sub>3<\/sub>P<sub>5<\/sub>Na<sub>7 \u00a0<\/sub>Masse mol\u00e9culaire relative : 700<\/p>\n<p>Formule structurelle :<\/p>\n<p><img alt=\"\" fetchpriority=\"high\" decoding=\"async\" class=\"alignnone size-medium wp-image-4409\" src=\"https:\/\/jinancuchem.com\/wp-content\/uploads\/2025\/07\/\u672a\u6807\u9898-1-22-300x300.jpg\" width=\"300\" height=\"300\" srcset=\"https:\/\/jinancuchem.com\/wp-content\/uploads\/2025\/07\/\u672a\u6807\u9898-1-22-300x300.jpg 300w, https:\/\/jinancuchem.com\/wp-content\/uploads\/2025\/07\/\u672a\u6807\u9898-1-22-100x100.jpg 100w, https:\/\/jinancuchem.com\/wp-content\/uploads\/2025\/07\/\u672a\u6807\u9898-1-22-500x500.jpg 500w, https:\/\/jinancuchem.com\/wp-content\/uploads\/2025\/07\/\u672a\u6807\u9898-1-22-150x150.jpg 150w, https:\/\/jinancuchem.com\/wp-content\/uploads\/2025\/07\/\u672a\u6807\u9898-1-22-768x768.jpg 768w, https:\/\/jinancuchem.com\/wp-content\/uploads\/2025\/07\/\u672a\u6807\u9898-1-22-12x12.jpg 12w, https:\/\/jinancuchem.com\/wp-content\/uploads\/2025\/07\/\u672a\u6807\u9898-1-22.jpg 800w\" sizes=\"(max-width: 300px) 100vw, 300px\" \/><\/p>\n<ol>\n<li>Performance des produits<\/li>\n<\/ol>\n<p>Le DTPMP-Na7 peut \u00eatre utilis\u00e9 comme inhibiteur de tartre, comme agent ch\u00e9lateur efficace et comme excellent inhibiteur de tartre pour le BaSO4. Il s'agit du sel de sodium du compos\u00e9 DTPMPA. Il peut \u00eatre utilis\u00e9 dans des conditions alcalines et a un bon effet d'inhibition du tartre. Il peut \u00e9galement \u00eatre utilis\u00e9 comme inhibiteur de tartre pour l'eau d'injection des champs p\u00e9trolif\u00e8res.<\/p>\n<p>2.<\/p>\n<table>\n<tbody>\n<tr>\n<td width=\"259\">articles<\/td>\n<td width=\"293\">index<\/td>\n<\/tr>\n<tr>\n<td width=\"259\">Apparence<\/td>\n<td width=\"293\">Liquide ambr\u00e9<\/td>\n<\/tr>\n<tr>\n<td width=\"259\">Teneur active (DTPMPA)% &gt;<\/td>\n<td width=\"293\">31.5-33.5<\/td>\n<\/tr>\n<tr>\n<td width=\"259\">Contenu actif (DTPMPANa<sub>7<\/sub>)%<\/td>\n<td width=\"293\">40.0-42.5<\/td>\n<\/tr>\n<tr>\n<td width=\"259\">L'acide phosphorique total (PO<sub>4<\/sub><sup>3-<\/sup>)%<\/td>\n<td width=\"293\">25.9-27.9<\/td>\n<\/tr>\n<tr>\n<td width=\"259\">Chlorure ( comme Cl<sup>&#8211;<\/sup>) %<\/td>\n<td width=\"293\">5.0max<\/td>\n<\/tr>\n<tr>\n<td width=\"259\">PH(solution aqueuse 1%)<\/td>\n<td width=\"293\">6.0-8.0<\/td>\n<\/tr>\n<tr>\n<td width=\"259\">Densit\u00e9 (20\u2103) g\/cm<sup>3<\/sup><\/td>\n<td width=\"293\">1.32 min<\/td>\n<\/tr>\n<\/tbody>\n<\/table>\n<ol start=\"3\">\n<li>3.Champ d'application et m\u00e9thode d'utilisation<\/li>\n<\/ol>\n<p>Le DTPMP-Na7 peut \u00eatre utilis\u00e9 comme inhibiteur de tartre et inhibiteur de corrosion, comme inhibiteur de tartre pour les eaux de r\u00e9injection des champs p\u00e9trolif\u00e8res, comme agent ch\u00e9lateur tr\u00e8s efficace et comme excellent inhibiteur de tartre pour le BaSO4. Le DTPMP-Na7 est largement utilis\u00e9 dans le traitement des eaux de refroidissement, comme stabilisateur pour le blanchiment au peroxyde, comme aide au lavage, dans les eaux propres municipales et industrielles, dans le traitement des eaux g\u00e9othermiques et dans l'inhibition de l'entartrage des champs p\u00e9trolif\u00e8res.<\/p>\n<ol start=\"4\">\n<li>Emballage et stockage<\/li>\n<\/ol>\n<p>Le DTPMP-Na7 est conditionn\u00e9 dans des f\u00fbts en plastique, disponibles en 25 kg ou 250 kg par f\u00fbt. La quantit\u00e9 sp\u00e9cifique peut \u00eatre d\u00e9termin\u00e9e en fonction des besoins de l'utilisateur. Il doit \u00eatre stock\u00e9 dans un endroit frais \u00e0 l'int\u00e9rieur et a une dur\u00e9e de conservation de dix mois.<\/p>\n<ol start=\"5\">\n<li>Protection de la s\u00e9curit\u00e9<\/li>\n<\/ol>\n<p>Le DTPMP-Na7 est neutre. Pendant l'utilisation, il convient de veiller \u00e0 la protection personnelle. Il faut \u00e9viter tout contact avec la peau, les yeux, etc. En cas de contact, rincer abondamment \u00e0 l'eau.<\/p>","protected":false},"excerpt":{"rendered":"<p>\u3010CAS\u301122042-96-2 (x-Na) 68155-78-2 (7-Na) Molecular Formula: C9H21O15N3P5Na7 \u00a0Relative molecular mass:700 Structural Formula: Product Performance DTPMP\u2022Na7 can be used as a scale inhibitor, an efficient chelating agent, and an excellent BaSO4 scale inhibitor. It is the sodium salt product of the DTPMPA compound. It can be used under alkaline conditions and has a good scale inhibition [&hellip;]<\/p>\n","protected":false},"featured_media":4405,"template":"","meta":{"_seopress_robots_primary_cat":"","_seopress_titles_title":"","_seopress_titles_desc":"","_seopress_robots_index":"","_uag_custom_page_level_css":"","site-sidebar-layout":"default","site-content-layout":"","ast-site-content-layout":"default","site-content-style":"default","site-sidebar-style":"default","ast-global-header-display":"","ast-banner-title-visibility":"","ast-main-header-display":"","ast-hfb-above-header-display":"","ast-hfb-below-header-display":"","ast-hfb-mobile-header-display":"","site-post-title":"","ast-breadcrumbs-content":"","ast-featured-img":"","footer-sml-layout":"","theme-transparent-header-meta":"default","adv-header-id-meta":"","stick-header-meta":"default","header-above-stick-meta":"","header-main-stick-meta":"","header-below-stick-meta":"","astra-migrate-meta-layouts":"set","ast-page-background-enabled":"default","ast-page-background-meta":{"desktop":{"background-color":"","background-image":"","background-repeat":"repeat","background-position":"center center","background-size":"auto","background-attachment":"scroll","background-type":"","background-media":"","overlay-type":"","overlay-color":"","overlay-opacity":"","overlay-gradient":""},"tablet":{"background-color":"","background-image":"","background-repeat":"repeat","background-position":"center center","background-size":"auto","background-attachment":"scroll","background-type":"","background-media":"","overlay-type":"","overlay-color":"","overlay-opacity":"","overlay-gradient":""},"mobile":{"background-color":"","background-image":"","background-repeat":"repeat","background-position":"center center","background-size":"auto","background-attachment":"scroll","background-type":"","background-media":"","overlay-type":"","overlay-color":"","overlay-opacity":"","overlay-gradient":""}},"ast-content-background-meta":{"desktop":{"background-color":"var(--ast-global-color-5)","background-image":"","background-repeat":"repeat","background-position":"center center","background-size":"auto","background-attachment":"scroll","background-type":"","background-media":"","overlay-type":"","overlay-color":"","overlay-opacity":"","overlay-gradient":""},"tablet":{"background-color":"var(--ast-global-color-5)","background-image":"","background-repeat":"repeat","background-position":"center center","background-size":"auto","background-attachment":"scroll","background-type":"","background-media":"","overlay-type":"","overlay-color":"","overlay-opacity":"","overlay-gradient":""},"mobile":{"background-color":"var(--ast-global-color-5)","background-image":"","background-repeat":"repeat","background-position":"center center","background-size":"auto","background-attachment":"scroll","background-type":"","background-media":"","overlay-type":"","overlay-color":"","overlay-opacity":"","overlay-gradient":""}}},"product_brand":[],"product_cat":[66],"product_tag":[],"class_list":{"0":"post-4406","1":"product","2":"type-product","3":"status-publish","4":"has-post-thumbnail","6":"product_cat-water-treatment-raw-materials","7":"desktop-align-left","8":"tablet-align-left","9":"mobile-align-left","10":"ast-product-gallery-layout-horizontal-slider","11":"ast-product-gallery-with-no-image","12":"ast-product-tabs-layout-horizontal","14":"first","15":"instock","16":"shipping-taxable","17":"product-type-simple"},"uagb_featured_image_src":{"full":["https:\/\/jinancuchem.com\/wp-content\/uploads\/2025\/07\/\u672a\u6807\u9898-1-21.jpg",800,800,false],"thumbnail":["https:\/\/jinancuchem.com\/wp-content\/uploads\/2025\/07\/\u672a\u6807\u9898-1-21-150x150.jpg",150,150,true],"medium":["https:\/\/jinancuchem.com\/wp-content\/uploads\/2025\/07\/\u672a\u6807\u9898-1-21-300x300.jpg",300,300,true],"medium_large":["https:\/\/jinancuchem.com\/wp-content\/uploads\/2025\/07\/\u672a\u6807\u9898-1-21-768x768.jpg",768,768,true],"large":["https:\/\/jinancuchem.com\/wp-content\/uploads\/2025\/07\/\u672a\u6807\u9898-1-21.jpg",800,800,false],"1536x1536":["https:\/\/jinancuchem.com\/wp-content\/uploads\/2025\/07\/\u672a\u6807\u9898-1-21.jpg",800,800,false],"2048x2048":["https:\/\/jinancuchem.com\/wp-content\/uploads\/2025\/07\/\u672a\u6807\u9898-1-21.jpg",800,800,false],"trp-custom-language-flag":["https:\/\/jinancuchem.com\/wp-content\/uploads\/2025\/07\/\u672a\u6807\u9898-1-21-12x12.jpg",12,12,true],"woocommerce_thumbnail":["https:\/\/jinancuchem.com\/wp-content\/uploads\/2025\/07\/\u672a\u6807\u9898-1-21-300x300.jpg",300,300,true],"woocommerce_single":["https:\/\/jinancuchem.com\/wp-content\/uploads\/2025\/07\/\u672a\u6807\u9898-1-21-500x500.jpg",500,500,true],"woocommerce_gallery_thumbnail":["https:\/\/jinancuchem.com\/wp-content\/uploads\/2025\/07\/\u672a\u6807\u9898-1-21-100x100.jpg",100,100,true]},"uagb_author_info":{"display_name":"jinxing6611@gmail.com","author_link":"https:\/\/jinancuchem.com\/fr\/author\/"},"uagb_comment_info":0,"uagb_excerpt":"\u3010CAS\u301122042-96-2 (x-Na) 68155-78-2 (7-Na) Molecular Formula: C9H21O15N3P5Na7 \u00a0Relative molecular mass:700 Structural Formula: Product Performance DTPMP\u2022Na7 can be used as a scale inhibitor, an efficient chelating agent, and an excellent BaSO4 scale inhibitor. It is the sodium salt product of the DTPMPA compound. It can be used under alkaline conditions and has a good scale inhibition\u2026","_links":{"self":[{"href":"https:\/\/jinancuchem.com\/fr\/wp-json\/wp\/v2\/product\/4406","targetHints":{"allow":["GET"]}}],"collection":[{"href":"https:\/\/jinancuchem.com\/fr\/wp-json\/wp\/v2\/product"}],"about":[{"href":"https:\/\/jinancuchem.com\/fr\/wp-json\/wp\/v2\/types\/product"}],"wp:featuredmedia":[{"embeddable":true,"href":"https:\/\/jinancuchem.com\/fr\/wp-json\/wp\/v2\/media\/4405"}],"wp:attachment":[{"href":"https:\/\/jinancuchem.com\/fr\/wp-json\/wp\/v2\/media?parent=4406"}],"wp:term":[{"taxonomy":"product_brand","embeddable":true,"href":"https:\/\/jinancuchem.com\/fr\/wp-json\/wp\/v2\/product_brand?post=4406"},{"taxonomy":"product_cat","embeddable":true,"href":"https:\/\/jinancuchem.com\/fr\/wp-json\/wp\/v2\/product_cat?post=4406"},{"taxonomy":"product_tag","embeddable":true,"href":"https:\/\/jinancuchem.com\/fr\/wp-json\/wp\/v2\/product_tag?post=4406"}],"curies":[{"name":"wp","href":"https:\/\/api.w.org\/{rel}","templated":true}]}}