{"id":4411,"date":"2025-07-25T03:53:06","date_gmt":"2025-07-25T03:53:06","guid":{"rendered":"https:\/\/jinancuchem.com\/?post_type=product&#038;p=4411"},"modified":"2025-07-25T03:53:06","modified_gmt":"2025-07-25T03:53:06","slug":"2-phosphonobutane-124-tricarboxylic-acid%ef%bc%88pbtcana4%ef%bc%89","status":"publish","type":"product","link":"https:\/\/jinancuchem.com\/fr\/produit\/2-phosphonobutane-124-tricarboxylic-acid%ef%bc%88pbtcana4%ef%bc%89\/","title":{"rendered":"Acide 2-Phosphonobutane -1,2,4-Tricarboxylique\uff08PBTCA-Na4\uff09"},"content":{"rendered":"<p>\u3010CAS\u301140372-66-5<\/p>\n<p>Formule mol\u00e9culaire : C<sub>7<\/sub>H<sub>7<\/sub>O<sub>9<\/sub>P-Na<sub>4<\/sub>\u00a0 Masse mol\u00e9culaire relative : 358<\/p>\n<p>Formule structurelle :<img alt=\"\" fetchpriority=\"high\" decoding=\"async\" class=\"alignnone size-medium wp-image-4415\" src=\"https:\/\/jinancuchem.com\/wp-content\/uploads\/2025\/07\/\u672a\u6807\u9898-1-23-300x300.jpg\" width=\"300\" height=\"300\" srcset=\"https:\/\/jinancuchem.com\/wp-content\/uploads\/2025\/07\/\u672a\u6807\u9898-1-23-300x300.jpg 300w, https:\/\/jinancuchem.com\/wp-content\/uploads\/2025\/07\/\u672a\u6807\u9898-1-23-100x100.jpg 100w, https:\/\/jinancuchem.com\/wp-content\/uploads\/2025\/07\/\u672a\u6807\u9898-1-23-500x500.jpg 500w, https:\/\/jinancuchem.com\/wp-content\/uploads\/2025\/07\/\u672a\u6807\u9898-1-23-150x150.jpg 150w, https:\/\/jinancuchem.com\/wp-content\/uploads\/2025\/07\/\u672a\u6807\u9898-1-23-768x768.jpg 768w, https:\/\/jinancuchem.com\/wp-content\/uploads\/2025\/07\/\u672a\u6807\u9898-1-23-12x12.jpg 12w, https:\/\/jinancuchem.com\/wp-content\/uploads\/2025\/07\/\u672a\u6807\u9898-1-23.jpg 800w\" sizes=\"(max-width: 300px) 100vw, 300px\" \/><\/p>\n<p>&nbsp;<\/p>\n<p>2.<\/p>\n<table>\n<tbody>\n<tr>\n<td>Articles<\/td>\n<td colspan=\"2\">Index<\/td>\n<\/tr>\n<tr>\n<td>Apparence<\/td>\n<td>Liquide transparent incolore \u00e0 jaun\u00e2tre<\/td>\n<td>Poudre cristalline blanche<\/td>\n<\/tr>\n<tr>\n<td>Contenu actif (en tant que PBTCA, %)<\/td>\n<td>30.0 min<\/td>\n<td>64.0 min<\/td>\n<\/tr>\n<tr>\n<td>Contenu actif (en tant que PBTC-Na4, %)<\/td>\n<td>40.0 min<\/td>\n<td>85.0 min<\/td>\n<\/tr>\n<tr>\n<td>L'acide phosphorique total (PO<sub>4<\/sub><sup>3-<\/sup>%, )<\/td>\n<td>10,5 min<\/td>\n<td>22,5 min<\/td>\n<\/tr>\n<tr>\n<td>Fe, mg\/L<\/td>\n<td>&#8211;<\/td>\n<td>20,0 max<\/td>\n<\/tr>\n<tr>\n<td>Densit\u00e9 (20\u2103) g\/cm<sup>3<\/sup><\/td>\n<td>1.35 min<\/td>\n<td>&#8211;<\/td>\n<\/tr>\n<tr>\n<td>PH (solution aqueuse 1%)<\/td>\n<td>9.0-12.0<\/td>\n<td>4.0-6.0<\/td>\n<\/tr>\n<\/tbody>\n<\/table>\n<ol start=\"3\">\n<li>3. Champ d'application et m\u00e9thode d'utilisation<\/li>\n<\/ol>\n<p>Le PBTCA-Na4 peut \u00eatre utilis\u00e9 comme inhibiteur de tartre, comme agent ch\u00e9lateur efficace et comme excellent inhibiteur de tartre pour le BaSO4. Le DTPMP-Na7 est largement utilis\u00e9 dans le traitement des eaux de refroidissement, comme stabilisateur pour le blanchiment au peroxyde, comme adjuvant pour les d\u00e9tergents, comme eau propre municipale et industrielle, comme traitement de l'eau chaude pour les sources g\u00e9othermiques et comme inhibiteur de tartre pour les champs p\u00e9trolif\u00e8res. Il est largement utilis\u00e9 dans l'industrie des mat\u00e9riaux de construction en tant que retardateur de b\u00e9ton.<\/p>\n<ol start=\"4\">\n<li>Emballage et stockage<\/li>\n<\/ol>\n<p>Le PBTCA-Na4 est conditionn\u00e9 dans des f\u00fbts en plastique, disponibles en 25 kg ou 200 kg par f\u00fbt. La quantit\u00e9 sp\u00e9cifique peut \u00eatre d\u00e9termin\u00e9e en fonction des besoins de l'utilisateur. Il doit \u00eatre stock\u00e9 dans un endroit frais \u00e0 l'int\u00e9rieur et a une dur\u00e9e de conservation de dix mois.<\/p>\n<ol start=\"5\">\n<li>Protection de la s\u00e9curit\u00e9<\/li>\n<\/ol>\n<p>Le PBTCA-Na4 est neutre. Pendant l'utilisation, il convient de veiller \u00e0 la protection personnelle. Il faut \u00e9viter tout contact avec la peau, les yeux, etc. Apr\u00e8s contact, rincer abondamment \u00e0 l'eau.<\/p>","protected":false},"excerpt":{"rendered":"<p>\u3010CAS\u301140372-66-5 Molecular Formula: C7H7O9P\u2022Na4\u00a0 Relative molecular mass: 358 Structural Formula: &nbsp; 2. Items Index Appearance Colorless to yellowish transparent liquid White crystal powder Active content (as PBTCA, % ) 30.0 min 64.0\u00a0min Active content (as PBTC\u2022Na4, %) 40.0 min 85.0\u00a0min Total phosphoric acid(PO43-%, ) 10.5 min 22.5 min Fe, mg\/L &#8211; 20.0 max Density (20\u2103) [&hellip;]<\/p>\n","protected":false},"featured_media":4415,"template":"","meta":{"_seopress_robots_primary_cat":"","_seopress_titles_title":"","_seopress_titles_desc":"","_seopress_robots_index":"","_uag_custom_page_level_css":"","site-sidebar-layout":"default","site-content-layout":"","ast-site-content-layout":"default","site-content-style":"default","site-sidebar-style":"default","ast-global-header-display":"","ast-banner-title-visibility":"","ast-main-header-display":"","ast-hfb-above-header-display":"","ast-hfb-below-header-display":"","ast-hfb-mobile-header-display":"","site-post-title":"","ast-breadcrumbs-content":"","ast-featured-img":"","footer-sml-layout":"","theme-transparent-header-meta":"default","adv-header-id-meta":"","stick-header-meta":"default","header-above-stick-meta":"","header-main-stick-meta":"","header-below-stick-meta":"","astra-migrate-meta-layouts":"set","ast-page-background-enabled":"default","ast-page-background-meta":{"desktop":{"background-color":"","background-image":"","background-repeat":"repeat","background-position":"center center","background-size":"auto","background-attachment":"scroll","background-type":"","background-media":"","overlay-type":"","overlay-color":"","overlay-opacity":"","overlay-gradient":""},"tablet":{"background-color":"","background-image":"","background-repeat":"repeat","background-position":"center center","background-size":"auto","background-attachment":"scroll","background-type":"","background-media":"","overlay-type":"","overlay-color":"","overlay-opacity":"","overlay-gradient":""},"mobile":{"background-color":"","background-image":"","background-repeat":"repeat","background-position":"center center","background-size":"auto","background-attachment":"scroll","background-type":"","background-media":"","overlay-type":"","overlay-color":"","overlay-opacity":"","overlay-gradient":""}},"ast-content-background-meta":{"desktop":{"background-color":"var(--ast-global-color-5)","background-image":"","background-repeat":"repeat","background-position":"center center","background-size":"auto","background-attachment":"scroll","background-type":"","background-media":"","overlay-type":"","overlay-color":"","overlay-opacity":"","overlay-gradient":""},"tablet":{"background-color":"var(--ast-global-color-5)","background-image":"","background-repeat":"repeat","background-position":"center center","background-size":"auto","background-attachment":"scroll","background-type":"","background-media":"","overlay-type":"","overlay-color":"","overlay-opacity":"","overlay-gradient":""},"mobile":{"background-color":"var(--ast-global-color-5)","background-image":"","background-repeat":"repeat","background-position":"center center","background-size":"auto","background-attachment":"scroll","background-type":"","background-media":"","overlay-type":"","overlay-color":"","overlay-opacity":"","overlay-gradient":""}}},"product_brand":[],"product_cat":[66],"product_tag":[],"class_list":{"0":"post-4411","1":"product","2":"type-product","3":"status-publish","4":"has-post-thumbnail","6":"product_cat-water-treatment-raw-materials","7":"desktop-align-left","8":"tablet-align-left","9":"mobile-align-left","10":"ast-product-gallery-layout-horizontal-slider","11":"ast-product-gallery-with-no-image","12":"ast-product-tabs-layout-horizontal","14":"first","15":"instock","16":"shipping-taxable","17":"product-type-simple"},"uagb_featured_image_src":{"full":["https:\/\/jinancuchem.com\/wp-content\/uploads\/2025\/07\/\u672a\u6807\u9898-1-23.jpg",800,800,false],"thumbnail":["https:\/\/jinancuchem.com\/wp-content\/uploads\/2025\/07\/\u672a\u6807\u9898-1-23-150x150.jpg",150,150,true],"medium":["https:\/\/jinancuchem.com\/wp-content\/uploads\/2025\/07\/\u672a\u6807\u9898-1-23-300x300.jpg",300,300,true],"medium_large":["https:\/\/jinancuchem.com\/wp-content\/uploads\/2025\/07\/\u672a\u6807\u9898-1-23-768x768.jpg",768,768,true],"large":["https:\/\/jinancuchem.com\/wp-content\/uploads\/2025\/07\/\u672a\u6807\u9898-1-23.jpg",800,800,false],"1536x1536":["https:\/\/jinancuchem.com\/wp-content\/uploads\/2025\/07\/\u672a\u6807\u9898-1-23.jpg",800,800,false],"2048x2048":["https:\/\/jinancuchem.com\/wp-content\/uploads\/2025\/07\/\u672a\u6807\u9898-1-23.jpg",800,800,false],"trp-custom-language-flag":["https:\/\/jinancuchem.com\/wp-content\/uploads\/2025\/07\/\u672a\u6807\u9898-1-23-12x12.jpg",12,12,true],"woocommerce_thumbnail":["https:\/\/jinancuchem.com\/wp-content\/uploads\/2025\/07\/\u672a\u6807\u9898-1-23-300x300.jpg",300,300,true],"woocommerce_single":["https:\/\/jinancuchem.com\/wp-content\/uploads\/2025\/07\/\u672a\u6807\u9898-1-23-500x500.jpg",500,500,true],"woocommerce_gallery_thumbnail":["https:\/\/jinancuchem.com\/wp-content\/uploads\/2025\/07\/\u672a\u6807\u9898-1-23-100x100.jpg",100,100,true]},"uagb_author_info":{"display_name":"jinxing6611@gmail.com","author_link":"https:\/\/jinancuchem.com\/fr\/author\/"},"uagb_comment_info":0,"uagb_excerpt":"\u3010CAS\u301140372-66-5 Molecular Formula: C7H7O9P\u2022Na4\u00a0 Relative molecular mass: 358 Structural Formula: &nbsp; 2. Items Index Appearance Colorless to yellowish transparent liquid White crystal powder Active content (as PBTCA, % ) 30.0 min 64.0\u00a0min Active content (as PBTC\u2022Na4, %) 40.0 min 85.0\u00a0min Total phosphoric acid(PO43-%, ) 10.5 min 22.5 min Fe, mg\/L &#8211; 20.0 max Density (20\u2103)\u2026","_links":{"self":[{"href":"https:\/\/jinancuchem.com\/fr\/wp-json\/wp\/v2\/product\/4411","targetHints":{"allow":["GET"]}}],"collection":[{"href":"https:\/\/jinancuchem.com\/fr\/wp-json\/wp\/v2\/product"}],"about":[{"href":"https:\/\/jinancuchem.com\/fr\/wp-json\/wp\/v2\/types\/product"}],"wp:featuredmedia":[{"embeddable":true,"href":"https:\/\/jinancuchem.com\/fr\/wp-json\/wp\/v2\/media\/4415"}],"wp:attachment":[{"href":"https:\/\/jinancuchem.com\/fr\/wp-json\/wp\/v2\/media?parent=4411"}],"wp:term":[{"taxonomy":"product_brand","embeddable":true,"href":"https:\/\/jinancuchem.com\/fr\/wp-json\/wp\/v2\/product_brand?post=4411"},{"taxonomy":"product_cat","embeddable":true,"href":"https:\/\/jinancuchem.com\/fr\/wp-json\/wp\/v2\/product_cat?post=4411"},{"taxonomy":"product_tag","embeddable":true,"href":"https:\/\/jinancuchem.com\/fr\/wp-json\/wp\/v2\/product_tag?post=4411"}],"curies":[{"name":"wp","href":"https:\/\/api.w.org\/{rel}","templated":true}]}}