{"id":4427,"date":"2025-07-25T04:01:12","date_gmt":"2025-07-25T04:01:12","guid":{"rendered":"https:\/\/jinancuchem.com\/?post_type=product&#038;p=4427"},"modified":"2025-07-25T04:01:12","modified_gmt":"2025-07-25T04:01:12","slug":"polyhexamethylene-guanidine-hydrochloride","status":"publish","type":"product","link":"https:\/\/jinancuchem.com\/fr\/produit\/polyhexamethylene-guanidine-hydrochloride\/","title":{"rendered":"Chlorhydrate de polyhexam\u00e9thyl\u00e8ne guanidine"},"content":{"rendered":"<p>\u3010CAS\u301157028-96-3<\/p>\n<p>Alias : PHMG<\/p>\n<p>Formule mol\u00e9culaire : (C<sub>7<\/sub>H<sub>15<\/sub>N<sub>3<\/sub>)n-xHCl Masse mol\u00e9culaire relative :<\/p>\n<p>Formule structurelle :<\/p>\n<p><img alt=\"\" fetchpriority=\"high\" decoding=\"async\" class=\"alignnone size-medium wp-image-4430\" src=\"https:\/\/jinancuchem.com\/wp-content\/uploads\/2025\/07\/\u672a\u6807\u9898-1-25-300x300.jpg\" width=\"300\" height=\"300\" srcset=\"https:\/\/jinancuchem.com\/wp-content\/uploads\/2025\/07\/\u672a\u6807\u9898-1-25-300x300.jpg 300w, https:\/\/jinancuchem.com\/wp-content\/uploads\/2025\/07\/\u672a\u6807\u9898-1-25-100x100.jpg 100w, https:\/\/jinancuchem.com\/wp-content\/uploads\/2025\/07\/\u672a\u6807\u9898-1-25-500x500.jpg 500w, https:\/\/jinancuchem.com\/wp-content\/uploads\/2025\/07\/\u672a\u6807\u9898-1-25-150x150.jpg 150w, https:\/\/jinancuchem.com\/wp-content\/uploads\/2025\/07\/\u672a\u6807\u9898-1-25-768x768.jpg 768w, https:\/\/jinancuchem.com\/wp-content\/uploads\/2025\/07\/\u672a\u6807\u9898-1-25-12x12.jpg 12w, https:\/\/jinancuchem.com\/wp-content\/uploads\/2025\/07\/\u672a\u6807\u9898-1-25.jpg 800w\" sizes=\"(max-width: 300px) 100vw, 300px\" \/><\/p>\n<p>1.Propri\u00e9t\u00e9 du produit<br \/>\nLe chlorhydrate de polyhexam\u00e9thyl\u00e8ne guanidine est un d\u00e9sinfectant polym\u00e8re cationique. Il se pr\u00e9sente sous la forme d'un liquide incolore ou jaune clair et pr\u00e9sente une bonne solubilit\u00e9 dans l'eau.<\/p>\n<p>2.<\/p>\n<table>\n<tbody>\n<tr>\n<td><strong><b>Param\u00e8tres<\/b><\/strong><\/td>\n<td width=\"326\"><strong><b>Sp\u00e9cifications<\/b><\/strong><\/td>\n<\/tr>\n<tr>\n<td><strong><b>Apparence<\/b><\/strong><\/td>\n<td width=\"326\">Poudre blanche \u00e0 jaune clair<\/td>\n<\/tr>\n<tr>\n<td><strong><b>Puret\u00e9 (dosage)<\/b><\/strong><\/td>\n<td width=\"326\">\u2265 95.0%<\/td>\n<\/tr>\n<tr>\n<td><strong><b>pH (solution aqueuse de 1%)<\/b><\/strong><\/td>\n<td width=\"326\">4.0 &#8211; 6.0<\/td>\n<\/tr>\n<tr>\n<td><strong><b>Solubilit\u00e9<\/b><\/strong><\/td>\n<td width=\"326\">Enti\u00e8rement soluble dans l'eau<\/td>\n<\/tr>\n<tr>\n<td><strong><b>Perte au s\u00e9chage (%)<\/b><\/strong><\/td>\n<td width=\"326\">\u2264 1.0<\/td>\n<\/tr>\n<tr>\n<td><strong><b>R\u00e9sidus \u00e0 l'allumage (%)<\/b><\/strong><\/td>\n<td width=\"326\">\u2264 0.5<\/td>\n<\/tr>\n<tr>\n<td><strong><b>M\u00e9taux lourds (en Pb, ppm)<\/b><\/strong><\/td>\n<td width=\"326\">\u2264 10<\/td>\n<\/tr>\n<tr>\n<td><strong><b>Teneur en chlorure (%)<\/b><\/strong><\/td>\n<td width=\"326\">15.0 &#8211; 17.0<\/td>\n<\/tr>\n<tr>\n<td><strong><b>Limites microbiennes<\/b><\/strong><\/td>\n<td width=\"326\">Num\u00e9ration sur plaque totale \u2264 100 UFC\/g<\/td>\n<\/tr>\n<tr>\n<td><strong><b>Endotoxine (si st\u00e9rile)<\/b><\/strong><\/td>\n<td width=\"326\">\u2264 0,5 EU\/mg (pour les produits de qualit\u00e9 m\u00e9dicale)<\/td>\n<\/tr>\n<\/tbody>\n<\/table>\n<p>&nbsp;<\/p>\n<p>3. Champ d'application et utilisation<br \/>\nIl est largement appliqu\u00e9 dans les domaines de l'industrie chimique quotidienne, des cosm\u00e9tiques, de l'industrie textile, de l'industrie du papier, du traitement de l'eau, des soins m\u00e9dicaux et de sant\u00e9, etc. Il est couramment utilis\u00e9 dans des produits tels que les cosm\u00e9tiques, les produits de soins de la peau, les liquides antibact\u00e9riens, les d\u00e9sinfectants m\u00e9nagers, les d\u00e9sinfectants pour la peau et les plaies, les lingettes, les agents de st\u00e9rilisation et de purification, les fruits et l\u00e9gumes, l'aquaculture et les d\u00e9sinfectants de floculation pour le traitement des eaux us\u00e9es.<\/p>\n<p>4. l'emballage et le stockage<br \/>\nCe produit est ininflammable et peut \u00eatre stock\u00e9 et transport\u00e9 comme un produit chimique ordinaire. Il doit \u00eatre stock\u00e9 dans un endroit sec et bien ventil\u00e9. La dur\u00e9e de conservation est de deux ans.<\/p>","protected":false},"excerpt":{"rendered":"<p>\u3010CAS\u301157028-96-3 Alias: PHMG Molecular formula: (C7H15N3)n\u00b7xHCl \u00a0\u00a0Relative molecular mass: Structural formula: 1.Product Property Polyhexamethylene guanidine hydrochloride is a cationic polymer disinfectant. Its appearance is colorless or light yellow liquid, and it has good water solubility. 2. Parameter Specification Appearance White to light yellow powder Purity (Assay) \u2265 95.0% pH (1% aqueous solution) 4.0 &#8211; 6.0 [&hellip;]<\/p>\n","protected":false},"featured_media":4430,"template":"","meta":{"_seopress_robots_primary_cat":"","_seopress_titles_title":"","_seopress_titles_desc":"","_seopress_robots_index":"","_uag_custom_page_level_css":"","site-sidebar-layout":"default","site-content-layout":"","ast-site-content-layout":"default","site-content-style":"default","site-sidebar-style":"default","ast-global-header-display":"","ast-banner-title-visibility":"","ast-main-header-display":"","ast-hfb-above-header-display":"","ast-hfb-below-header-display":"","ast-hfb-mobile-header-display":"","site-post-title":"","ast-breadcrumbs-content":"","ast-featured-img":"","footer-sml-layout":"","theme-transparent-header-meta":"default","adv-header-id-meta":"","stick-header-meta":"default","header-above-stick-meta":"","header-main-stick-meta":"","header-below-stick-meta":"","astra-migrate-meta-layouts":"set","ast-page-background-enabled":"default","ast-page-background-meta":{"desktop":{"background-color":"","background-image":"","background-repeat":"repeat","background-position":"center center","background-size":"auto","background-attachment":"scroll","background-type":"","background-media":"","overlay-type":"","overlay-color":"","overlay-opacity":"","overlay-gradient":""},"tablet":{"background-color":"","background-image":"","background-repeat":"repeat","background-position":"center center","background-size":"auto","background-attachment":"scroll","background-type":"","background-media":"","overlay-type":"","overlay-color":"","overlay-opacity":"","overlay-gradient":""},"mobile":{"background-color":"","background-image":"","background-repeat":"repeat","background-position":"center center","background-size":"auto","background-attachment":"scroll","background-type":"","background-media":"","overlay-type":"","overlay-color":"","overlay-opacity":"","overlay-gradient":""}},"ast-content-background-meta":{"desktop":{"background-color":"var(--ast-global-color-5)","background-image":"","background-repeat":"repeat","background-position":"center center","background-size":"auto","background-attachment":"scroll","background-type":"","background-media":"","overlay-type":"","overlay-color":"","overlay-opacity":"","overlay-gradient":""},"tablet":{"background-color":"var(--ast-global-color-5)","background-image":"","background-repeat":"repeat","background-position":"center center","background-size":"auto","background-attachment":"scroll","background-type":"","background-media":"","overlay-type":"","overlay-color":"","overlay-opacity":"","overlay-gradient":""},"mobile":{"background-color":"var(--ast-global-color-5)","background-image":"","background-repeat":"repeat","background-position":"center center","background-size":"auto","background-attachment":"scroll","background-type":"","background-media":"","overlay-type":"","overlay-color":"","overlay-opacity":"","overlay-gradient":""}}},"product_brand":[],"product_cat":[69],"product_tag":[],"class_list":{"0":"post-4427","1":"product","2":"type-product","3":"status-publish","4":"has-post-thumbnail","6":"product_cat-daily-chemical-product","7":"desktop-align-left","8":"tablet-align-left","9":"mobile-align-left","10":"ast-product-gallery-layout-horizontal-slider","11":"ast-product-gallery-with-no-image","12":"ast-product-tabs-layout-horizontal","14":"first","15":"instock","16":"shipping-taxable","17":"product-type-simple"},"uagb_featured_image_src":{"full":["https:\/\/jinancuchem.com\/wp-content\/uploads\/2025\/07\/\u672a\u6807\u9898-1-25.jpg",800,800,false],"thumbnail":["https:\/\/jinancuchem.com\/wp-content\/uploads\/2025\/07\/\u672a\u6807\u9898-1-25-150x150.jpg",150,150,true],"medium":["https:\/\/jinancuchem.com\/wp-content\/uploads\/2025\/07\/\u672a\u6807\u9898-1-25-300x300.jpg",300,300,true],"medium_large":["https:\/\/jinancuchem.com\/wp-content\/uploads\/2025\/07\/\u672a\u6807\u9898-1-25-768x768.jpg",768,768,true],"large":["https:\/\/jinancuchem.com\/wp-content\/uploads\/2025\/07\/\u672a\u6807\u9898-1-25.jpg",800,800,false],"1536x1536":["https:\/\/jinancuchem.com\/wp-content\/uploads\/2025\/07\/\u672a\u6807\u9898-1-25.jpg",800,800,false],"2048x2048":["https:\/\/jinancuchem.com\/wp-content\/uploads\/2025\/07\/\u672a\u6807\u9898-1-25.jpg",800,800,false],"trp-custom-language-flag":["https:\/\/jinancuchem.com\/wp-content\/uploads\/2025\/07\/\u672a\u6807\u9898-1-25-12x12.jpg",12,12,true],"woocommerce_thumbnail":["https:\/\/jinancuchem.com\/wp-content\/uploads\/2025\/07\/\u672a\u6807\u9898-1-25-300x300.jpg",300,300,true],"woocommerce_single":["https:\/\/jinancuchem.com\/wp-content\/uploads\/2025\/07\/\u672a\u6807\u9898-1-25-500x500.jpg",500,500,true],"woocommerce_gallery_thumbnail":["https:\/\/jinancuchem.com\/wp-content\/uploads\/2025\/07\/\u672a\u6807\u9898-1-25-100x100.jpg",100,100,true]},"uagb_author_info":{"display_name":"jinxing6611@gmail.com","author_link":"https:\/\/jinancuchem.com\/fr\/author\/"},"uagb_comment_info":0,"uagb_excerpt":"\u3010CAS\u301157028-96-3 Alias: PHMG Molecular formula: (C7H15N3)n\u00b7xHCl \u00a0\u00a0Relative molecular mass: Structural formula: 1.Product Property Polyhexamethylene guanidine hydrochloride is a cationic polymer disinfectant. Its appearance is colorless or light yellow liquid, and it has good water solubility. 2. Parameter Specification Appearance White to light yellow powder Purity (Assay) \u2265 95.0% pH (1% aqueous solution) 4.0 &#8211; 6.0\u2026","_links":{"self":[{"href":"https:\/\/jinancuchem.com\/fr\/wp-json\/wp\/v2\/product\/4427","targetHints":{"allow":["GET"]}}],"collection":[{"href":"https:\/\/jinancuchem.com\/fr\/wp-json\/wp\/v2\/product"}],"about":[{"href":"https:\/\/jinancuchem.com\/fr\/wp-json\/wp\/v2\/types\/product"}],"wp:featuredmedia":[{"embeddable":true,"href":"https:\/\/jinancuchem.com\/fr\/wp-json\/wp\/v2\/media\/4430"}],"wp:attachment":[{"href":"https:\/\/jinancuchem.com\/fr\/wp-json\/wp\/v2\/media?parent=4427"}],"wp:term":[{"taxonomy":"product_brand","embeddable":true,"href":"https:\/\/jinancuchem.com\/fr\/wp-json\/wp\/v2\/product_brand?post=4427"},{"taxonomy":"product_cat","embeddable":true,"href":"https:\/\/jinancuchem.com\/fr\/wp-json\/wp\/v2\/product_cat?post=4427"},{"taxonomy":"product_tag","embeddable":true,"href":"https:\/\/jinancuchem.com\/fr\/wp-json\/wp\/v2\/product_tag?post=4427"}],"curies":[{"name":"wp","href":"https:\/\/api.w.org\/{rel}","templated":true}]}}