{"id":4441,"date":"2025-07-25T05:39:12","date_gmt":"2025-07-25T05:39:12","guid":{"rendered":"https:\/\/jinancuchem.com\/?post_type=product&#038;p=4441"},"modified":"2025-07-25T05:39:12","modified_gmt":"2025-07-25T05:39:12","slug":"glutaric-dialdehyde","status":"publish","type":"product","link":"https:\/\/jinancuchem.com\/fr\/produit\/glutaric-dialdehyde\/","title":{"rendered":"Diald\u00e9hyde glutarique"},"content":{"rendered":"<p>\u3010CAS\u3011111-30-8<\/p>\n<p>Alias: Glutaraldehyde 25 % solution in water;Glutaraldehyde 50 % solution in water<\/p>\n<p>Formule mol\u00e9culaire : C<sub>5<\/sub>H<sub>8<\/sub>O<sub>2<\/sub>\u00a0\u00a0Masse mol\u00e9culaire relative : 100,12<\/p>\n<p>Formule structurelle :<img alt=\"\" fetchpriority=\"high\" decoding=\"async\" class=\"alignnone size-medium wp-image-4444\" src=\"https:\/\/jinancuchem.com\/wp-content\/uploads\/2025\/07\/\u672a\u6807\u9898-1-27-300x300.jpg\" width=\"300\" height=\"300\" srcset=\"https:\/\/jinancuchem.com\/wp-content\/uploads\/2025\/07\/\u672a\u6807\u9898-1-27-300x300.jpg 300w, https:\/\/jinancuchem.com\/wp-content\/uploads\/2025\/07\/\u672a\u6807\u9898-1-27-100x100.jpg 100w, https:\/\/jinancuchem.com\/wp-content\/uploads\/2025\/07\/\u672a\u6807\u9898-1-27-500x500.jpg 500w, https:\/\/jinancuchem.com\/wp-content\/uploads\/2025\/07\/\u672a\u6807\u9898-1-27-150x150.jpg 150w, https:\/\/jinancuchem.com\/wp-content\/uploads\/2025\/07\/\u672a\u6807\u9898-1-27-768x768.jpg 768w, https:\/\/jinancuchem.com\/wp-content\/uploads\/2025\/07\/\u672a\u6807\u9898-1-27-12x12.jpg 12w, https:\/\/jinancuchem.com\/wp-content\/uploads\/2025\/07\/\u672a\u6807\u9898-1-27.jpg 800w\" sizes=\"(max-width: 300px) 100vw, 300px\" \/><\/p>\n<h4>1.Propri\u00e9t\u00e9 du produit<\/h4>\n<p>&nbsp;<\/p>\n<p>Glutaraldehyde is a colorless and transparent oily liquid with a pungent odor similar to formaldehyde. It is non-flammable and can volatilize along with water vapor.<\/p>\n<h4>2.<\/h4>\n<table>\n<tbody>\n<tr>\n<td><strong><b>Param\u00e8tres<\/b><\/strong><\/td>\n<td><strong><b>Sp\u00e9cifications<\/b><\/strong><\/td>\n<\/tr>\n<tr>\n<td><strong><b>Apparence<\/b><\/strong><\/td>\n<td>Liquide clair, incolore \u00e0 jaune p\u00e2le<\/td>\n<\/tr>\n<tr>\n<td><strong><b>Puret\u00e9 (dosage)<\/b><\/strong><\/td>\n<td>\u2265 50.0% (aqueous solution) or \u2265 98.0% (pure)<\/td>\n<\/tr>\n<tr>\n<td><strong><b>pH (25\u00b0C)<\/b><\/strong><\/td>\n<td>3.0 &#8211; 5.0 (for 50% solution)<\/td>\n<\/tr>\n<tr>\n<td><strong><b>Densit\u00e9 (20\u00b0C, g\/cm\u00b3)<\/b><\/strong><\/td>\n<td>1.060 &#8211; 1.070 (25% solution)<\/td>\n<\/tr>\n<tr>\n<td><strong><b>Teneur en eau (%)<\/b><\/strong><\/td>\n<td>\u2264 0.5 (for pure grade)<\/td>\n<\/tr>\n<tr>\n<td><strong><b>Acidity (as formic acid, %)<\/b><\/strong><\/td>\n<td>\u2264 0.1<\/td>\n<\/tr>\n<tr>\n<td><strong><b>R\u00e9sidus \u00e0 l'allumage (%)<\/b><\/strong><\/td>\n<td>\u2264 0.05<\/td>\n<\/tr>\n<tr>\n<td><strong><b>M\u00e9taux lourds (en Pb, ppm)<\/b><\/strong><\/td>\n<td>\u2264 5<\/td>\n<\/tr>\n<\/tbody>\n<\/table>\n<h4>3. Champ d'application et utilisation<\/h4>\n<p>&nbsp;<\/p>\n<p>It is commonly used as a disinfectant, a processing aid in the food industry, a sterilizing agent, a tanning agent, a wood preservative, a pharmaceutical substance and a raw material for polymer synthesis, etc.<\/p>\n<h4>4. l'emballage et le stockage<\/h4>\n<p>&nbsp;<\/p>\n<p>Emball\u00e9 dans des f\u00fbts en fer de 200 kg et des f\u00fbts en plastique de 50 kg. Cette s\u00e9rie de produits est ininflammable et peut \u00eatre stock\u00e9e et transport\u00e9e conform\u00e9ment aux m\u00e9thodes g\u00e9n\u00e9rales de stockage et de transport des produits chimiques. Stocker dans un endroit sec et ventil\u00e9. La dur\u00e9e de conservation est de deux ans.<\/p>","protected":false},"excerpt":{"rendered":"<p>\u3010CAS\u3011111-30-8 Alias: Glutaraldehyde 25 % solution in water;Glutaraldehyde 50 % solution in water Molecular formula: C5H8O2\u00a0\u00a0Relative molecular mass: 100.12 Structural formula: 1.Product Property &nbsp; Glutaraldehyde is a colorless and transparent oily liquid with a pungent odor similar to formaldehyde. It is non-flammable and can volatilize along with water vapor. 2. Parameter Specification Appearance Clear, colorless [&hellip;]<\/p>\n","protected":false},"featured_media":4444,"template":"","meta":{"_seopress_robots_primary_cat":"","_seopress_titles_title":"","_seopress_titles_desc":"","_seopress_robots_index":"","_uag_custom_page_level_css":"","site-sidebar-layout":"default","site-content-layout":"","ast-site-content-layout":"default","site-content-style":"default","site-sidebar-style":"default","ast-global-header-display":"","ast-banner-title-visibility":"","ast-main-header-display":"","ast-hfb-above-header-display":"","ast-hfb-below-header-display":"","ast-hfb-mobile-header-display":"","site-post-title":"","ast-breadcrumbs-content":"","ast-featured-img":"","footer-sml-layout":"","theme-transparent-header-meta":"default","adv-header-id-meta":"","stick-header-meta":"default","header-above-stick-meta":"","header-main-stick-meta":"","header-below-stick-meta":"","astra-migrate-meta-layouts":"set","ast-page-background-enabled":"default","ast-page-background-meta":{"desktop":{"background-color":"","background-image":"","background-repeat":"repeat","background-position":"center center","background-size":"auto","background-attachment":"scroll","background-type":"","background-media":"","overlay-type":"","overlay-color":"","overlay-opacity":"","overlay-gradient":""},"tablet":{"background-color":"","background-image":"","background-repeat":"repeat","background-position":"center center","background-size":"auto","background-attachment":"scroll","background-type":"","background-media":"","overlay-type":"","overlay-color":"","overlay-opacity":"","overlay-gradient":""},"mobile":{"background-color":"","background-image":"","background-repeat":"repeat","background-position":"center center","background-size":"auto","background-attachment":"scroll","background-type":"","background-media":"","overlay-type":"","overlay-color":"","overlay-opacity":"","overlay-gradient":""}},"ast-content-background-meta":{"desktop":{"background-color":"var(--ast-global-color-5)","background-image":"","background-repeat":"repeat","background-position":"center center","background-size":"auto","background-attachment":"scroll","background-type":"","background-media":"","overlay-type":"","overlay-color":"","overlay-opacity":"","overlay-gradient":""},"tablet":{"background-color":"var(--ast-global-color-5)","background-image":"","background-repeat":"repeat","background-position":"center center","background-size":"auto","background-attachment":"scroll","background-type":"","background-media":"","overlay-type":"","overlay-color":"","overlay-opacity":"","overlay-gradient":""},"mobile":{"background-color":"var(--ast-global-color-5)","background-image":"","background-repeat":"repeat","background-position":"center center","background-size":"auto","background-attachment":"scroll","background-type":"","background-media":"","overlay-type":"","overlay-color":"","overlay-opacity":"","overlay-gradient":""}}},"product_brand":[],"product_cat":[69],"product_tag":[],"class_list":{"0":"post-4441","1":"product","2":"type-product","3":"status-publish","4":"has-post-thumbnail","6":"product_cat-daily-chemical-product","7":"desktop-align-left","8":"tablet-align-left","9":"mobile-align-left","10":"ast-product-gallery-layout-horizontal-slider","11":"ast-product-gallery-with-no-image","12":"ast-product-tabs-layout-horizontal","14":"first","15":"instock","16":"shipping-taxable","17":"product-type-simple"},"uagb_featured_image_src":{"full":["https:\/\/jinancuchem.com\/wp-content\/uploads\/2025\/07\/\u672a\u6807\u9898-1-27.jpg",800,800,false],"thumbnail":["https:\/\/jinancuchem.com\/wp-content\/uploads\/2025\/07\/\u672a\u6807\u9898-1-27-150x150.jpg",150,150,true],"medium":["https:\/\/jinancuchem.com\/wp-content\/uploads\/2025\/07\/\u672a\u6807\u9898-1-27-300x300.jpg",300,300,true],"medium_large":["https:\/\/jinancuchem.com\/wp-content\/uploads\/2025\/07\/\u672a\u6807\u9898-1-27-768x768.jpg",768,768,true],"large":["https:\/\/jinancuchem.com\/wp-content\/uploads\/2025\/07\/\u672a\u6807\u9898-1-27.jpg",800,800,false],"1536x1536":["https:\/\/jinancuchem.com\/wp-content\/uploads\/2025\/07\/\u672a\u6807\u9898-1-27.jpg",800,800,false],"2048x2048":["https:\/\/jinancuchem.com\/wp-content\/uploads\/2025\/07\/\u672a\u6807\u9898-1-27.jpg",800,800,false],"trp-custom-language-flag":["https:\/\/jinancuchem.com\/wp-content\/uploads\/2025\/07\/\u672a\u6807\u9898-1-27-12x12.jpg",12,12,true],"woocommerce_thumbnail":["https:\/\/jinancuchem.com\/wp-content\/uploads\/2025\/07\/\u672a\u6807\u9898-1-27-300x300.jpg",300,300,true],"woocommerce_single":["https:\/\/jinancuchem.com\/wp-content\/uploads\/2025\/07\/\u672a\u6807\u9898-1-27-500x500.jpg",500,500,true],"woocommerce_gallery_thumbnail":["https:\/\/jinancuchem.com\/wp-content\/uploads\/2025\/07\/\u672a\u6807\u9898-1-27-100x100.jpg",100,100,true]},"uagb_author_info":{"display_name":"jinxing6611@gmail.com","author_link":"https:\/\/jinancuchem.com\/fr\/author\/"},"uagb_comment_info":0,"uagb_excerpt":"\u3010CAS\u3011111-30-8 Alias: Glutaraldehyde 25 % solution in water;Glutaraldehyde 50 % solution in water Molecular formula: C5H8O2\u00a0\u00a0Relative molecular mass: 100.12 Structural formula: 1.Product Property &nbsp; Glutaraldehyde is a colorless and transparent oily liquid with a pungent odor similar to formaldehyde. It is non-flammable and can volatilize along with water vapor. 2. Parameter Specification Appearance Clear, colorless\u2026","_links":{"self":[{"href":"https:\/\/jinancuchem.com\/fr\/wp-json\/wp\/v2\/product\/4441","targetHints":{"allow":["GET"]}}],"collection":[{"href":"https:\/\/jinancuchem.com\/fr\/wp-json\/wp\/v2\/product"}],"about":[{"href":"https:\/\/jinancuchem.com\/fr\/wp-json\/wp\/v2\/types\/product"}],"wp:featuredmedia":[{"embeddable":true,"href":"https:\/\/jinancuchem.com\/fr\/wp-json\/wp\/v2\/media\/4444"}],"wp:attachment":[{"href":"https:\/\/jinancuchem.com\/fr\/wp-json\/wp\/v2\/media?parent=4441"}],"wp:term":[{"taxonomy":"product_brand","embeddable":true,"href":"https:\/\/jinancuchem.com\/fr\/wp-json\/wp\/v2\/product_brand?post=4441"},{"taxonomy":"product_cat","embeddable":true,"href":"https:\/\/jinancuchem.com\/fr\/wp-json\/wp\/v2\/product_cat?post=4441"},{"taxonomy":"product_tag","embeddable":true,"href":"https:\/\/jinancuchem.com\/fr\/wp-json\/wp\/v2\/product_tag?post=4441"}],"curies":[{"name":"wp","href":"https:\/\/api.w.org\/{rel}","templated":true}]}}