{"id":4445,"date":"2025-07-25T05:51:02","date_gmt":"2025-07-25T05:51:02","guid":{"rendered":"https:\/\/jinancuchem.com\/?post_type=product&#038;p=4445"},"modified":"2025-07-25T05:56:18","modified_gmt":"2025-07-25T05:56:18","slug":"benzalkoniumchloride","status":"publish","type":"product","link":"https:\/\/jinancuchem.com\/fr\/produit\/benzalkoniumchloride\/","title":{"rendered":"Chlorure de benzalkonium"},"content":{"rendered":"<p>\u3010CAS\u301163449-41-2<\/p>\n<p>Alias: Quaternaryammoniumcompounds,benzyl-C8-18-alkyldimethyl,chlorides;roccal<\/p>\n<p>Molecular formula: C6H5CH2N(CH3)2CnH2n+1Cl\uff08n=8\uff0c10\uff0c12\uff0c14\uff0c16\uff0c18\uff09<\/p>\n<p>Formule structurelle :<img alt=\"\" fetchpriority=\"high\" decoding=\"async\" class=\"alignnone size-medium wp-image-4448\" src=\"https:\/\/jinancuchem.com\/wp-content\/uploads\/2025\/07\/\u672a\u6807\u9898-1-28-300x300.jpg\" width=\"300\" height=\"300\" srcset=\"https:\/\/jinancuchem.com\/wp-content\/uploads\/2025\/07\/\u672a\u6807\u9898-1-28-300x300.jpg 300w, https:\/\/jinancuchem.com\/wp-content\/uploads\/2025\/07\/\u672a\u6807\u9898-1-28-100x100.jpg 100w, https:\/\/jinancuchem.com\/wp-content\/uploads\/2025\/07\/\u672a\u6807\u9898-1-28-500x500.jpg 500w, https:\/\/jinancuchem.com\/wp-content\/uploads\/2025\/07\/\u672a\u6807\u9898-1-28-150x150.jpg 150w, https:\/\/jinancuchem.com\/wp-content\/uploads\/2025\/07\/\u672a\u6807\u9898-1-28-768x768.jpg 768w, https:\/\/jinancuchem.com\/wp-content\/uploads\/2025\/07\/\u672a\u6807\u9898-1-28-12x12.jpg 12w, https:\/\/jinancuchem.com\/wp-content\/uploads\/2025\/07\/\u672a\u6807\u9898-1-28.jpg 800w\" sizes=\"(max-width: 300px) 100vw, 300px\" \/><\/p>\n<p>&nbsp;<\/p>\n<h4>1.Propri\u00e9t\u00e9 du produit<\/h4>\n<p>Benzalkonium chloride is a cationic surfactant, belonging to non-oxidizing disinfectants. It has a broad-spectrum and highly effective ability to kill bacteria and algae, and can effectively control the reproduction of bacteria and algae as well as the growth of slime in water. It also has good sludge stripping effects and certain dispersing and penetrating capabilities. At the same time, it has certain oil removal, deodorization and corrosion prevention abilities.<\/p>\n<h4>2.<\/h4>\n<p>&nbsp;<\/p>\n<table>\n<tbody>\n<tr>\n<td><strong><b>Param\u00e8tres<\/b><\/strong><\/td>\n<td><strong><b>Sp\u00e9cifications<\/b><\/strong><\/td>\n<\/tr>\n<tr>\n<td><strong><b>Apparence<\/b><\/strong><\/td>\n<td>Colorless to pale yellow viscous liquid (or white powder)<\/td>\n<\/tr>\n<tr>\n<td><strong><b>Assay (as C12-C16 alkyl dimethyl benzyl ammonium chloride)<\/b><\/strong><\/td>\n<td>95.0 &#8211; 105.0%<\/td>\n<\/tr>\n<tr>\n<td><strong><b>pH (solution aqueuse de 5%)<\/b><\/strong><\/td>\n<td>4.0 &#8211; 7.0<\/td>\n<\/tr>\n<tr>\n<td><strong><b>Teneur en eau (%)<\/b><\/strong><\/td>\n<td>\u2264 5.0 (liquid), \u2264 3.0 (powder)<\/td>\n<\/tr>\n<tr>\n<td><strong><b>Ethanol\/Isopropanol Content (for solutions, %)<\/b><\/strong><\/td>\n<td>\u2264 10.0<\/td>\n<\/tr>\n<tr>\n<td><strong><b>R\u00e9sidus \u00e0 l'allumage (%)<\/b><\/strong><\/td>\n<td>\u2264 0.1<\/td>\n<\/tr>\n<tr>\n<td><strong><b>M\u00e9taux lourds (en Pb, ppm)<\/b><\/strong><\/td>\n<td>\u2264 10<\/td>\n<\/tr>\n<tr>\n<td><strong><b>Ammonium Compounds (ppm)<\/b><\/strong><\/td>\n<td>\u2264 500<\/td>\n<\/tr>\n<\/tbody>\n<\/table>\n<p>&nbsp;<\/p>\n<h4>3. Champ d'application et utilisation<\/h4>\n<p>Benzalkonium chloride is mainly used as an effective disinfectant (for medical devices, wound disinfection, contact lens care solution), a preservative (added to ophthalmic preparations, nasal sprays and cosmetics), and an industrial bactericide (in water treatment systems, textile disinfection), and is also widely used in daily chemical products (disinfectant wipes, antibacterial hand sanitizers) to achieve rapid sterilization (bacteria\/fungi\/encapsulated viruses) by destroying the cell membranes of microorganisms.<\/p>\n<h4>4. l'emballage et le stockage<\/h4>\n<p>Emball\u00e9 dans des f\u00fbts en fer de 200 kg et des f\u00fbts en plastique de 50 kg. Cette s\u00e9rie de produits est ininflammable et peut \u00eatre stock\u00e9e et transport\u00e9e conform\u00e9ment aux m\u00e9thodes g\u00e9n\u00e9rales de stockage et de transport des produits chimiques. Stocker dans un endroit sec et ventil\u00e9. La dur\u00e9e de conservation est de deux ans.<\/p>\n<p>\u3010CAS\u301163449-41-2<\/p>\n<p>Alias: Quaternaryammoniumcompounds,benzyl-C8-18-alkyldimethyl,chlorides;roccal<\/p>\n<p>Molecular formula: C6H5CH2N(CH3)2CnH2n+1Cl\uff08n=8\uff0c10\uff0c12\uff0c14\uff0c16\uff0c18\uff09<\/p>\n<p>Formule structurelle :<img alt=\"\" fetchpriority=\"high\" decoding=\"async\" class=\"alignnone size-medium wp-image-4448\" src=\"https:\/\/jinancuchem.com\/wp-content\/uploads\/2025\/07\/\u672a\u6807\u9898-1-28-300x300.jpg\" width=\"300\" height=\"300\" srcset=\"https:\/\/jinancuchem.com\/wp-content\/uploads\/2025\/07\/\u672a\u6807\u9898-1-28-300x300.jpg 300w, https:\/\/jinancuchem.com\/wp-content\/uploads\/2025\/07\/\u672a\u6807\u9898-1-28-100x100.jpg 100w, https:\/\/jinancuchem.com\/wp-content\/uploads\/2025\/07\/\u672a\u6807\u9898-1-28-500x500.jpg 500w, https:\/\/jinancuchem.com\/wp-content\/uploads\/2025\/07\/\u672a\u6807\u9898-1-28-150x150.jpg 150w, https:\/\/jinancuchem.com\/wp-content\/uploads\/2025\/07\/\u672a\u6807\u9898-1-28-768x768.jpg 768w, https:\/\/jinancuchem.com\/wp-content\/uploads\/2025\/07\/\u672a\u6807\u9898-1-28-12x12.jpg 12w, https:\/\/jinancuchem.com\/wp-content\/uploads\/2025\/07\/\u672a\u6807\u9898-1-28.jpg 800w\" sizes=\"(max-width: 300px) 100vw, 300px\" \/><\/p>\n<p>&nbsp;<\/p>\n<h4>1.Propri\u00e9t\u00e9 du produit<\/h4>\n<p>Benzalkonium chloride is a cationic surfactant, belonging to non-oxidizing disinfectants. It has a broad-spectrum and highly effective ability to kill bacteria and algae, and can effectively control the reproduction of bacteria and algae as well as the growth of slime in water. It also has good sludge stripping effects and certain dispersing and penetrating capabilities. At the same time, it has certain oil removal, deodorization and corrosion prevention abilities.<\/p>\n<h4>2.<\/h4>\n<p>&nbsp;<\/p>\n<table>\n<tbody>\n<tr>\n<td><strong><b>Param\u00e8tres<\/b><\/strong><\/td>\n<td><strong><b>Sp\u00e9cifications<\/b><\/strong><\/td>\n<\/tr>\n<tr>\n<td><strong><b>Apparence<\/b><\/strong><\/td>\n<td>Colorless to pale yellow viscous liquid (or white powder)<\/td>\n<\/tr>\n<tr>\n<td><strong><b>Assay (as C12-C16 alkyl dimethyl benzyl ammonium chloride)<\/b><\/strong><\/td>\n<td>95.0 &#8211; 105.0%<\/td>\n<\/tr>\n<tr>\n<td><strong><b>pH (solution aqueuse de 5%)<\/b><\/strong><\/td>\n<td>4.0 &#8211; 7.0<\/td>\n<\/tr>\n<tr>\n<td><strong><b>Teneur en eau (%)<\/b><\/strong><\/td>\n<td>\u2264 5.0 (liquid), \u2264 3.0 (powder)<\/td>\n<\/tr>\n<tr>\n<td><strong><b>Ethanol\/Isopropanol Content (for solutions, %)<\/b><\/strong><\/td>\n<td>\u2264 10.0<\/td>\n<\/tr>\n<tr>\n<td><strong><b>R\u00e9sidus \u00e0 l'allumage (%)<\/b><\/strong><\/td>\n<td>\u2264 0.1<\/td>\n<\/tr>\n<tr>\n<td><strong><b>M\u00e9taux lourds (en Pb, ppm)<\/b><\/strong><\/td>\n<td>\u2264 10<\/td>\n<\/tr>\n<tr>\n<td><strong><b>Ammonium Compounds (ppm)<\/b><\/strong><\/td>\n<td>\u2264 500<\/td>\n<\/tr>\n<\/tbody>\n<\/table>\n<p>&nbsp;<\/p>\n<h4>3. Champ d'application et utilisation<\/h4>\n<p>Benzalkonium chloride is mainly used as an effective disinfectant (for medical devices, wound disinfection, contact lens care solution), a preservative (added to ophthalmic preparations, nasal sprays and cosmetics), and an industrial bactericide (in water treatment systems, textile disinfection), and is also widely used in daily chemical products (disinfectant wipes, antibacterial hand sanitizers) to achieve rapid sterilization (bacteria\/fungi\/encapsulated viruses) by destroying the cell membranes of microorganisms.<\/p>\n<h4>4. l'emballage et le stockage<\/h4>\n<p>Emball\u00e9 dans des f\u00fbts en fer de 200 kg et des f\u00fbts en plastique de 50 kg. Cette s\u00e9rie de produits est ininflammable et peut \u00eatre stock\u00e9e et transport\u00e9e conform\u00e9ment aux m\u00e9thodes g\u00e9n\u00e9rales de stockage et de transport des produits chimiques. Stocker dans un endroit sec et ventil\u00e9. La dur\u00e9e de conservation est de deux ans.<\/p>\n<p>\u3010CAS\u301118472-51-0<\/p>\n<p>Alias: CHLOROHEXIDINE DIGLUCONATE, SOLUTION;Chlorhexdine digluconate;Chlorhexidin bigluconate<\/p>\n<p>Formule mol\u00e9culaire : C<sub>34<\/sub>H<sub>54<\/sub>Cl<sub>2<\/sub>N<sub>10<\/sub>O<sub>14<\/sub>\u00a0\u00a0Relative molecular mass: 897.76<\/p>\n<p>Formule structurelle :<\/p>\n<p><img alt=\"\" decoding=\"async\" class=\"alignnone size-medium wp-image-4454\" src=\"https:\/\/jinancuchem.com\/wp-content\/uploads\/2025\/07\/\u672a\u6807\u9898-1-29-300x300.jpg\" width=\"300\" height=\"300\" srcset=\"https:\/\/jinancuchem.com\/wp-content\/uploads\/2025\/07\/\u672a\u6807\u9898-1-29-300x300.jpg 300w, https:\/\/jinancuchem.com\/wp-content\/uploads\/2025\/07\/\u672a\u6807\u9898-1-29-100x100.jpg 100w, https:\/\/jinancuchem.com\/wp-content\/uploads\/2025\/07\/\u672a\u6807\u9898-1-29-500x500.jpg 500w, https:\/\/jinancuchem.com\/wp-content\/uploads\/2025\/07\/\u672a\u6807\u9898-1-29-150x150.jpg 150w, https:\/\/jinancuchem.com\/wp-content\/uploads\/2025\/07\/\u672a\u6807\u9898-1-29-768x768.jpg 768w, https:\/\/jinancuchem.com\/wp-content\/uploads\/2025\/07\/\u672a\u6807\u9898-1-29-12x12.jpg 12w, https:\/\/jinancuchem.com\/wp-content\/uploads\/2025\/07\/\u672a\u6807\u9898-1-29.jpg 800w\" sizes=\"(max-width: 300px) 100vw, 300px\" \/><\/p>\n<p>1.Propri\u00e9t\u00e9 du produit<br \/>\nChlorhexidine Gluconate is a low-efficiency disinfectant. It can rapidly kill suppurative bacteria, intestinal pathogenic bacteria, common pathogenic bacteria causing hospital infections, pathogenic bacteria in the air, and pathogenic yeasts. It is suitable for long-term skin sterilization protection of hands and other parts of the body.<\/p>\n<p>2.<\/p>\n<table>\n<tbody>\n<tr>\n<td><strong><b>Param\u00e8tres<\/b><\/strong><\/td>\n<td><strong><b>Sp\u00e9cifications<\/b><\/strong><\/td>\n<\/tr>\n<tr>\n<td><strong><b>Apparence<\/b><\/strong><\/td>\n<td>Clear, colorless to pale yellow viscous liquid<\/td>\n<\/tr>\n<tr>\n<td><strong><b>Essai <\/b><\/strong><\/td>\n<td>19.0 &#8211; 21.0% (w\/w)<\/td>\n<\/tr>\n<tr>\n<td><strong><b>pH (solution aqueuse 20%)<\/b><\/strong><\/td>\n<td>5.5 &#8211; 7.0<\/td>\n<\/tr>\n<tr>\n<td><strong><b>Densit\u00e9 (20\u00b0C, g\/cm\u00b3)<\/b><\/strong><\/td>\n<td>1.06 &#8211; 1.07<\/td>\n<\/tr>\n<tr>\n<td><strong><b>Teneur en eau (%)<\/b><\/strong><\/td>\n<td>\u2264 15.0<\/td>\n<\/tr>\n<tr>\n<td><strong><b>Glucose Content (%)<\/b><\/strong><\/td>\n<td>\u2264 5.0<\/td>\n<\/tr>\n<tr>\n<td><strong><b>Base sans chlorhexidine (%)<\/b><\/strong><\/td>\n<td>\u2264 1.0<\/td>\n<\/tr>\n<tr>\n<td><strong><b>R\u00e9sidus \u00e0 l'allumage (%)<\/b><\/strong><\/td>\n<td>\u2264 0.1<\/td>\n<\/tr>\n<tr>\n<td><strong><b>M\u00e9taux lourds (en Pb, ppm)<\/b><\/strong><\/td>\n<td>\u2264 10<\/td>\n<\/tr>\n<tr>\n<td><strong><b>Limites microbiennes<\/b><\/strong><\/td>\n<td>Total aerobic count \u2264 100 CFU\/mL<\/td>\n<\/tr>\n<\/tbody>\n<\/table>\n<h4>3. Champ d'application et utilisation<\/h4>\n<p>Disinfectant and antiseptic drugs have a very strong broad-spectrum antibacterial and antiseptic effect, and are effective against both Gram-positive and Gram-negative bacteria. They can be used for external hand and skin disinfection, as well as for rinsing wounds.<\/p>\n<h4>4. l'emballage et le stockage<\/h4>\n<p>Packed in 200kg iron drums and 50kg plastic drums. This series of products are non-flammable and can be stored and transported in accordance with the storage and transportation methods for general chemicals. Store in a dry and well-ventilated place. Shelf life: two years.<\/p>","protected":false},"excerpt":{"rendered":"<p>\u3010CAS\u301163449-41-2 Alias: Quaternaryammoniumcompounds,benzyl-C8-18-alkyldimethyl,chlorides;roccal Molecular formula: C6H5CH2N(CH3)2CnH2n+1Cl\uff08n=8\uff0c10\uff0c12\uff0c14\uff0c16\uff0c18\uff09 Structural formula: &nbsp; 1.Product Property Benzalkonium chloride is a cationic surfactant, belonging to non-oxidizing disinfectants. It has a broad-spectrum and highly effective ability to kill bacteria and algae, and can effectively control the reproduction of bacteria and algae as well as the growth of slime in water. It also [&hellip;]<\/p>\n","protected":false},"featured_media":4448,"template":"","meta":{"_seopress_robots_primary_cat":"none","_seopress_titles_title":"","_seopress_titles_desc":"","_seopress_robots_index":"","_uag_custom_page_level_css":"","site-sidebar-layout":"default","site-content-layout":"","ast-site-content-layout":"default","site-content-style":"default","site-sidebar-style":"default","ast-global-header-display":"","ast-banner-title-visibility":"","ast-main-header-display":"","ast-hfb-above-header-display":"","ast-hfb-below-header-display":"","ast-hfb-mobile-header-display":"","site-post-title":"","ast-breadcrumbs-content":"","ast-featured-img":"","footer-sml-layout":"","theme-transparent-header-meta":"default","adv-header-id-meta":"","stick-header-meta":"default","header-above-stick-meta":"","header-main-stick-meta":"","header-below-stick-meta":"","astra-migrate-meta-layouts":"set","ast-page-background-enabled":"default","ast-page-background-meta":{"desktop":{"background-color":"","background-image":"","background-repeat":"repeat","background-position":"center center","background-size":"auto","background-attachment":"scroll","background-type":"","background-media":"","overlay-type":"","overlay-color":"","overlay-opacity":"","overlay-gradient":""},"tablet":{"background-color":"","background-image":"","background-repeat":"repeat","background-position":"center center","background-size":"auto","background-attachment":"scroll","background-type":"","background-media":"","overlay-type":"","overlay-color":"","overlay-opacity":"","overlay-gradient":""},"mobile":{"background-color":"","background-image":"","background-repeat":"repeat","background-position":"center center","background-size":"auto","background-attachment":"scroll","background-type":"","background-media":"","overlay-type":"","overlay-color":"","overlay-opacity":"","overlay-gradient":""}},"ast-content-background-meta":{"desktop":{"background-color":"var(--ast-global-color-5)","background-image":"","background-repeat":"repeat","background-position":"center center","background-size":"auto","background-attachment":"scroll","background-type":"","background-media":"","overlay-type":"","overlay-color":"","overlay-opacity":"","overlay-gradient":""},"tablet":{"background-color":"var(--ast-global-color-5)","background-image":"","background-repeat":"repeat","background-position":"center center","background-size":"auto","background-attachment":"scroll","background-type":"","background-media":"","overlay-type":"","overlay-color":"","overlay-opacity":"","overlay-gradient":""},"mobile":{"background-color":"var(--ast-global-color-5)","background-image":"","background-repeat":"repeat","background-position":"center center","background-size":"auto","background-attachment":"scroll","background-type":"","background-media":"","overlay-type":"","overlay-color":"","overlay-opacity":"","overlay-gradient":""}}},"product_brand":[],"product_cat":[69],"product_tag":[],"class_list":{"0":"post-4445","1":"product","2":"type-product","3":"status-publish","4":"has-post-thumbnail","6":"product_cat-daily-chemical-product","7":"desktop-align-left","8":"tablet-align-left","9":"mobile-align-left","10":"ast-product-gallery-layout-horizontal-slider","11":"ast-product-gallery-with-no-image","12":"ast-product-tabs-layout-horizontal","14":"first","15":"instock","16":"shipping-taxable","17":"product-type-simple"},"uagb_featured_image_src":{"full":["https:\/\/jinancuchem.com\/wp-content\/uploads\/2025\/07\/\u672a\u6807\u9898-1-28.jpg",800,800,false],"thumbnail":["https:\/\/jinancuchem.com\/wp-content\/uploads\/2025\/07\/\u672a\u6807\u9898-1-28-150x150.jpg",150,150,true],"medium":["https:\/\/jinancuchem.com\/wp-content\/uploads\/2025\/07\/\u672a\u6807\u9898-1-28-300x300.jpg",300,300,true],"medium_large":["https:\/\/jinancuchem.com\/wp-content\/uploads\/2025\/07\/\u672a\u6807\u9898-1-28-768x768.jpg",768,768,true],"large":["https:\/\/jinancuchem.com\/wp-content\/uploads\/2025\/07\/\u672a\u6807\u9898-1-28.jpg",800,800,false],"1536x1536":["https:\/\/jinancuchem.com\/wp-content\/uploads\/2025\/07\/\u672a\u6807\u9898-1-28.jpg",800,800,false],"2048x2048":["https:\/\/jinancuchem.com\/wp-content\/uploads\/2025\/07\/\u672a\u6807\u9898-1-28.jpg",800,800,false],"trp-custom-language-flag":["https:\/\/jinancuchem.com\/wp-content\/uploads\/2025\/07\/\u672a\u6807\u9898-1-28-12x12.jpg",12,12,true],"woocommerce_thumbnail":["https:\/\/jinancuchem.com\/wp-content\/uploads\/2025\/07\/\u672a\u6807\u9898-1-28-300x300.jpg",300,300,true],"woocommerce_single":["https:\/\/jinancuchem.com\/wp-content\/uploads\/2025\/07\/\u672a\u6807\u9898-1-28-500x500.jpg",500,500,true],"woocommerce_gallery_thumbnail":["https:\/\/jinancuchem.com\/wp-content\/uploads\/2025\/07\/\u672a\u6807\u9898-1-28-100x100.jpg",100,100,true]},"uagb_author_info":{"display_name":"jinxing6611@gmail.com","author_link":"https:\/\/jinancuchem.com\/fr\/author\/"},"uagb_comment_info":0,"uagb_excerpt":"\u3010CAS\u301163449-41-2 Alias: Quaternaryammoniumcompounds,benzyl-C8-18-alkyldimethyl,chlorides;roccal Molecular formula: C6H5CH2N(CH3)2CnH2n+1Cl\uff08n=8\uff0c10\uff0c12\uff0c14\uff0c16\uff0c18\uff09 Structural formula: &nbsp; 1.Product Property Benzalkonium chloride is a cationic surfactant, belonging to non-oxidizing disinfectants. It has a broad-spectrum and highly effective ability to kill bacteria and algae, and can effectively control the reproduction of bacteria and algae as well as the growth of slime in water. It also\u2026","_links":{"self":[{"href":"https:\/\/jinancuchem.com\/fr\/wp-json\/wp\/v2\/product\/4445","targetHints":{"allow":["GET"]}}],"collection":[{"href":"https:\/\/jinancuchem.com\/fr\/wp-json\/wp\/v2\/product"}],"about":[{"href":"https:\/\/jinancuchem.com\/fr\/wp-json\/wp\/v2\/types\/product"}],"wp:featuredmedia":[{"embeddable":true,"href":"https:\/\/jinancuchem.com\/fr\/wp-json\/wp\/v2\/media\/4448"}],"wp:attachment":[{"href":"https:\/\/jinancuchem.com\/fr\/wp-json\/wp\/v2\/media?parent=4445"}],"wp:term":[{"taxonomy":"product_brand","embeddable":true,"href":"https:\/\/jinancuchem.com\/fr\/wp-json\/wp\/v2\/product_brand?post=4445"},{"taxonomy":"product_cat","embeddable":true,"href":"https:\/\/jinancuchem.com\/fr\/wp-json\/wp\/v2\/product_cat?post=4445"},{"taxonomy":"product_tag","embeddable":true,"href":"https:\/\/jinancuchem.com\/fr\/wp-json\/wp\/v2\/product_tag?post=4445"}],"curies":[{"name":"wp","href":"https:\/\/api.w.org\/{rel}","templated":true}]}}