{"id":4455,"date":"2025-07-25T05:58:13","date_gmt":"2025-07-25T05:58:13","guid":{"rendered":"https:\/\/jinancuchem.com\/?post_type=product&#038;p=4455"},"modified":"2025-07-25T05:58:13","modified_gmt":"2025-07-25T05:58:13","slug":"poly-hydrochloride","status":"publish","type":"product","link":"https:\/\/jinancuchem.com\/fr\/produit\/poly-hydrochloride\/","title":{"rendered":"Polychlorure"},"content":{"rendered":"<p>\u3010CAS\u301127083-27-8<\/p>\n<p>Alias : PHMB<\/p>\n<p>Formule mol\u00e9culaire : C<sub>16<\/sub>H<sub>34<\/sub>N<sub>10 <\/sub>\u00a0\u00a0Masse mol\u00e9culaire relative : 366.52<\/p>\n<p>Formule structurelle :<\/p>\n<p>&nbsp;<\/p>\n<p><img alt=\"\" fetchpriority=\"high\" decoding=\"async\" class=\"alignnone size-medium wp-image-4459\" src=\"https:\/\/jinancuchem.com\/wp-content\/uploads\/2025\/07\/\u672a\u6807\u9898-1-30-300x300.jpg\" width=\"300\" height=\"300\" srcset=\"https:\/\/jinancuchem.com\/wp-content\/uploads\/2025\/07\/\u672a\u6807\u9898-1-30-300x300.jpg 300w, https:\/\/jinancuchem.com\/wp-content\/uploads\/2025\/07\/\u672a\u6807\u9898-1-30-100x100.jpg 100w, https:\/\/jinancuchem.com\/wp-content\/uploads\/2025\/07\/\u672a\u6807\u9898-1-30-500x500.jpg 500w, https:\/\/jinancuchem.com\/wp-content\/uploads\/2025\/07\/\u672a\u6807\u9898-1-30-150x150.jpg 150w, https:\/\/jinancuchem.com\/wp-content\/uploads\/2025\/07\/\u672a\u6807\u9898-1-30-768x768.jpg 768w, https:\/\/jinancuchem.com\/wp-content\/uploads\/2025\/07\/\u672a\u6807\u9898-1-30-12x12.jpg 12w, https:\/\/jinancuchem.com\/wp-content\/uploads\/2025\/07\/\u672a\u6807\u9898-1-30.jpg 800w\" sizes=\"(max-width: 300px) 100vw, 300px\" \/><\/p>\n<h4>1.Propri\u00e9t\u00e9 du produit<\/h4>\n<p>Il poss\u00e8de les excellentes propri\u00e9t\u00e9s suivantes : effet bact\u00e9ricide \u00e0 large spectre ; faible concentration efficace ; action rapide ; nature stable ; soluble dans l'eau ; peut \u00eatre utilis\u00e9 \u00e0 temp\u00e9rature ambiante ; effet bact\u00e9riostatique durable sans effets secondaires ; non corrosif ; incolore et inodore ; non toxique ; ininflammable, non explosif, sans danger pour l'utilisateur ; prix mod\u00e9r\u00e9 ; transport pratique. On peut dire qu'il s'agit du meilleur bact\u00e9ricide.<\/p>\n<h4>2.<\/h4>\n<p>&nbsp;<\/p>\n<table>\n<tbody>\n<tr>\n<td><strong><b>Param\u00e8tres<\/b><\/strong><\/td>\n<td width=\"342\"><strong><b>Sp\u00e9cifications<\/b><\/strong><\/td>\n<\/tr>\n<tr>\n<td><strong><b>Apparence<\/b><\/strong><\/td>\n<td width=\"342\">Liquide incolore \u00e0 jaune p\u00e2le<br \/>\nou poudre blanche<\/td>\n<\/tr>\n<tr>\n<td><strong><b>Essai (teneur en PHMB)<\/b><\/strong><\/td>\n<td width=\"342\">\u2265 98,0% (puret\u00e9 HPLC)<\/td>\n<\/tr>\n<tr>\n<td><strong><b>Poids mol\u00e9culaire (Da)<\/b><\/strong><\/td>\n<td width=\"342\">1,000 &#8211; 3,000<\/td>\n<\/tr>\n<tr>\n<td><strong><b>pH (solution aqueuse 20%)<\/b><\/strong><\/td>\n<td width=\"342\">7.5 &#8211; 9.0<\/td>\n<\/tr>\n<tr>\n<td><strong><b>Teneur en eau (%)<\/b><\/strong><\/td>\n<td width=\"342\">\u2264 0,5 (poudre), \u2264 50 (liquide)<\/td>\n<\/tr>\n<tr>\n<td><strong><b>Monom\u00e8res r\u00e9siduels (%)<\/b><\/strong><\/td>\n<td width=\"342\">\u2264 0.5<\/td>\n<\/tr>\n<tr>\n<td><strong><b>Teneur en chlorure (%)<\/b><\/strong><\/td>\n<td width=\"342\">\u2264 0.5<\/td>\n<\/tr>\n<tr>\n<td><strong><b>M\u00e9taux lourds (en Pb, ppm)<\/b><\/strong><\/td>\n<td width=\"342\">\u2264 10<\/td>\n<\/tr>\n<tr>\n<td><strong><b>Limites microbiennes<\/b><\/strong><\/td>\n<td width=\"342\">\u2264 100 UFC\/g<\/td>\n<\/tr>\n<tr>\n<td><strong><b>Endotoxine (si st\u00e9rile)<\/b><\/strong><\/td>\n<td width=\"342\">\u2264 0,5 EU\/mg<\/td>\n<\/tr>\n<\/tbody>\n<\/table>\n<p>&nbsp;<\/p>\n<h4>3. Champ d'application et utilisation<\/h4>\n<p>D\u00e9sinfection m\u00e9dicale environnementale : Il peut \u00eatre utilis\u00e9 comme dispositif m\u00e9dical externe et pour la d\u00e9sinfection et la st\u00e9rilisation de la peau et des plaies.<\/p>\n<p>Industrie alimentaire (d\u00e9sinfection des tuyaux et des \u00e9quipements) : L'utilisation de polyhexam\u00e9thyl\u00e8ne guanidine pour d\u00e9sinfecter r\u00e9guli\u00e8rement les tuyaux, les conteneurs et les sols des usines permet de tuer 99,9% d'Escherichia coli.<\/p>\n<p>Industrie du papier : Le polyhexam\u00e9thyl\u00e8ne guanidine poss\u00e8de de bonnes propri\u00e9t\u00e9s bact\u00e9ricides et antibact\u00e9riennes contre les micro-organismes courants. Il peut \u00e9galement disperser et \u00e9liminer les substances adh\u00e9sives produites pendant le processus de d\u00e9p\u00f4t.<\/p>\n<p>Industrie de l'aquaculture : Tr\u00e8s efficace pour tuer Vibrio parahaemolyticus, Vibrio green, Vibrio yellow, Haemophilus vibrio, Pseudomonas, et pour r\u00e9duire rapidement la teneur en bact\u00e9ries nocives dans les plans d'eau.<\/p>\n<p>Industrie textile : Les tissus de laine trait\u00e9s au polyhexam\u00e9thyl\u00e8ne guanidine pr\u00e9sentent d'excellentes propri\u00e9t\u00e9s antibact\u00e9riennes et une bonne r\u00e9sistance au lavage contre Staphylococcus aureus.<\/p>\n<p>D\u00e9sinfection des fruits et l\u00e9gumes agricoles : Traiter les semences, les bulbes ou les graines tubulaires avec du polyhexam\u00e9thyl\u00e8ne guanidine. Ce produit peut r\u00e9soudre les maladies des l\u00e9gumes, r\u00e9soudre les probl\u00e8mes de sol et am\u00e9liorer la qualit\u00e9 du sol. Il peut \u00e9galement \u00eatre utilis\u00e9 pour la conservation et la pr\u00e9servation des fruits et l\u00e9gumes.<\/p>\n<h4>4. l'emballage et le stockage<\/h4>\n<p>Conditionnement des liquides : f\u00fbts bleus de 25 kg, f\u00fbts de 200 kg, conditionnement des poudres : f\u00fbts en carton de 25 kg (5, 40L, 60L), f\u00fbts \u00e0 brides. Cette s\u00e9rie de produits est ininflammable et peut \u00eatre stock\u00e9e et transport\u00e9e conform\u00e9ment aux m\u00e9thodes g\u00e9n\u00e9rales de stockage et de transport des produits chimiques. Stocker dans un endroit sec et ventil\u00e9. Dur\u00e9e de conservation : deux ans.<\/p>","protected":false},"excerpt":{"rendered":"<p>\u3010CAS\u301127083-27-8 Alias: PHMB Molecular formula: C16H34N10 \u00a0\u00a0Relative molecular mass: 366.52 Structural formula: &nbsp; 1.Product Property It has the following excellent properties: broad-spectrum bactericidal effect; low effective concentration; fast action; stable nature; soluble in water; can be used at room temperature; long-lasting bacteriostatic effect without side effects; non-corrosive; colorless and odorless; non-toxic; non-flammable, non-explosive, safe to [&hellip;]<\/p>\n","protected":false},"featured_media":4459,"template":"","meta":{"_seopress_robots_primary_cat":"","_seopress_titles_title":"","_seopress_titles_desc":"","_seopress_robots_index":"","_uag_custom_page_level_css":"","site-sidebar-layout":"default","site-content-layout":"","ast-site-content-layout":"default","site-content-style":"default","site-sidebar-style":"default","ast-global-header-display":"","ast-banner-title-visibility":"","ast-main-header-display":"","ast-hfb-above-header-display":"","ast-hfb-below-header-display":"","ast-hfb-mobile-header-display":"","site-post-title":"","ast-breadcrumbs-content":"","ast-featured-img":"","footer-sml-layout":"","theme-transparent-header-meta":"default","adv-header-id-meta":"","stick-header-meta":"default","header-above-stick-meta":"","header-main-stick-meta":"","header-below-stick-meta":"","astra-migrate-meta-layouts":"set","ast-page-background-enabled":"default","ast-page-background-meta":{"desktop":{"background-color":"","background-image":"","background-repeat":"repeat","background-position":"center center","background-size":"auto","background-attachment":"scroll","background-type":"","background-media":"","overlay-type":"","overlay-color":"","overlay-opacity":"","overlay-gradient":""},"tablet":{"background-color":"","background-image":"","background-repeat":"repeat","background-position":"center center","background-size":"auto","background-attachment":"scroll","background-type":"","background-media":"","overlay-type":"","overlay-color":"","overlay-opacity":"","overlay-gradient":""},"mobile":{"background-color":"","background-image":"","background-repeat":"repeat","background-position":"center center","background-size":"auto","background-attachment":"scroll","background-type":"","background-media":"","overlay-type":"","overlay-color":"","overlay-opacity":"","overlay-gradient":""}},"ast-content-background-meta":{"desktop":{"background-color":"var(--ast-global-color-5)","background-image":"","background-repeat":"repeat","background-position":"center center","background-size":"auto","background-attachment":"scroll","background-type":"","background-media":"","overlay-type":"","overlay-color":"","overlay-opacity":"","overlay-gradient":""},"tablet":{"background-color":"var(--ast-global-color-5)","background-image":"","background-repeat":"repeat","background-position":"center center","background-size":"auto","background-attachment":"scroll","background-type":"","background-media":"","overlay-type":"","overlay-color":"","overlay-opacity":"","overlay-gradient":""},"mobile":{"background-color":"var(--ast-global-color-5)","background-image":"","background-repeat":"repeat","background-position":"center center","background-size":"auto","background-attachment":"scroll","background-type":"","background-media":"","overlay-type":"","overlay-color":"","overlay-opacity":"","overlay-gradient":""}}},"product_brand":[],"product_cat":[69],"product_tag":[],"class_list":{"0":"post-4455","1":"product","2":"type-product","3":"status-publish","4":"has-post-thumbnail","6":"product_cat-daily-chemical-product","7":"desktop-align-left","8":"tablet-align-left","9":"mobile-align-left","10":"ast-product-gallery-layout-horizontal-slider","11":"ast-product-gallery-with-no-image","12":"ast-product-tabs-layout-horizontal","14":"first","15":"instock","16":"shipping-taxable","17":"product-type-simple"},"uagb_featured_image_src":{"full":["https:\/\/jinancuchem.com\/wp-content\/uploads\/2025\/07\/\u672a\u6807\u9898-1-30.jpg",800,800,false],"thumbnail":["https:\/\/jinancuchem.com\/wp-content\/uploads\/2025\/07\/\u672a\u6807\u9898-1-30-150x150.jpg",150,150,true],"medium":["https:\/\/jinancuchem.com\/wp-content\/uploads\/2025\/07\/\u672a\u6807\u9898-1-30-300x300.jpg",300,300,true],"medium_large":["https:\/\/jinancuchem.com\/wp-content\/uploads\/2025\/07\/\u672a\u6807\u9898-1-30-768x768.jpg",768,768,true],"large":["https:\/\/jinancuchem.com\/wp-content\/uploads\/2025\/07\/\u672a\u6807\u9898-1-30.jpg",800,800,false],"1536x1536":["https:\/\/jinancuchem.com\/wp-content\/uploads\/2025\/07\/\u672a\u6807\u9898-1-30.jpg",800,800,false],"2048x2048":["https:\/\/jinancuchem.com\/wp-content\/uploads\/2025\/07\/\u672a\u6807\u9898-1-30.jpg",800,800,false],"trp-custom-language-flag":["https:\/\/jinancuchem.com\/wp-content\/uploads\/2025\/07\/\u672a\u6807\u9898-1-30-12x12.jpg",12,12,true],"woocommerce_thumbnail":["https:\/\/jinancuchem.com\/wp-content\/uploads\/2025\/07\/\u672a\u6807\u9898-1-30-300x300.jpg",300,300,true],"woocommerce_single":["https:\/\/jinancuchem.com\/wp-content\/uploads\/2025\/07\/\u672a\u6807\u9898-1-30-500x500.jpg",500,500,true],"woocommerce_gallery_thumbnail":["https:\/\/jinancuchem.com\/wp-content\/uploads\/2025\/07\/\u672a\u6807\u9898-1-30-100x100.jpg",100,100,true]},"uagb_author_info":{"display_name":"jinxing6611@gmail.com","author_link":"https:\/\/jinancuchem.com\/fr\/author\/"},"uagb_comment_info":0,"uagb_excerpt":"\u3010CAS\u301127083-27-8 Alias: PHMB Molecular formula: C16H34N10 \u00a0\u00a0Relative molecular mass: 366.52 Structural formula: &nbsp; 1.Product Property It has the following excellent properties: broad-spectrum bactericidal effect; low effective concentration; fast action; stable nature; soluble in water; can be used at room temperature; long-lasting bacteriostatic effect without side effects; non-corrosive; colorless and odorless; non-toxic; non-flammable, non-explosive, safe to\u2026","_links":{"self":[{"href":"https:\/\/jinancuchem.com\/fr\/wp-json\/wp\/v2\/product\/4455","targetHints":{"allow":["GET"]}}],"collection":[{"href":"https:\/\/jinancuchem.com\/fr\/wp-json\/wp\/v2\/product"}],"about":[{"href":"https:\/\/jinancuchem.com\/fr\/wp-json\/wp\/v2\/types\/product"}],"wp:featuredmedia":[{"embeddable":true,"href":"https:\/\/jinancuchem.com\/fr\/wp-json\/wp\/v2\/media\/4459"}],"wp:attachment":[{"href":"https:\/\/jinancuchem.com\/fr\/wp-json\/wp\/v2\/media?parent=4455"}],"wp:term":[{"taxonomy":"product_brand","embeddable":true,"href":"https:\/\/jinancuchem.com\/fr\/wp-json\/wp\/v2\/product_brand?post=4455"},{"taxonomy":"product_cat","embeddable":true,"href":"https:\/\/jinancuchem.com\/fr\/wp-json\/wp\/v2\/product_cat?post=4455"},{"taxonomy":"product_tag","embeddable":true,"href":"https:\/\/jinancuchem.com\/fr\/wp-json\/wp\/v2\/product_tag?post=4455"}],"curies":[{"name":"wp","href":"https:\/\/api.w.org\/{rel}","templated":true}]}}