{"id":4478,"date":"2025-07-25T06:04:14","date_gmt":"2025-07-25T06:04:14","guid":{"rendered":"https:\/\/jinancuchem.com\/?post_type=product&#038;p=4478"},"modified":"2025-07-25T06:04:14","modified_gmt":"2025-07-25T06:04:14","slug":"emulsifier-tx-4sa","status":"publish","type":"product","link":"https:\/\/jinancuchem.com\/fr\/produit\/emulsifier-tx-4sa\/","title":{"rendered":"\u00c9mulsifiant TX-4SA"},"content":{"rendered":"<h4>1.Propri\u00e9t\u00e9 du produit<\/h4>\n<p>Emulsifier TX-4SA is a nonionic surfactant, mainly used in the textile, pesticide, and detergent industries, and it has the characteristic of being resistant to strong acids and strong alkalis.<\/p>\n<h4>2.<\/h4>\n<p>&nbsp;<\/p>\n<table>\n<tbody>\n<tr>\n<td><strong><b>Param\u00e8tres<\/b><\/strong><\/td>\n<td width=\"341\"><strong><b>Sp\u00e9cifications<\/b><\/strong><\/td>\n<\/tr>\n<tr>\n<td><strong><b>Apparence<\/b><\/strong><\/td>\n<td width=\"341\">Pale yellow to amber viscous liquid<\/td>\n<\/tr>\n<tr>\n<td><strong><b>Contenu actif (%)<\/b><\/strong><\/td>\n<td width=\"341\">\u2265 99.0<\/td>\n<\/tr>\n<tr>\n<td><strong><b>Valeur HLB<\/b><\/strong><\/td>\n<td width=\"341\">10.5 \u00b1 0.5<\/td>\n<\/tr>\n<tr>\n<td><strong><b>Viscosit\u00e9 \u00e0 25\u00b0C (cP)<\/b><\/strong><\/td>\n<td width=\"341\">200 &#8211; 500<\/td>\n<\/tr>\n<tr>\n<td><strong><b>pH (solution aqueuse de 5%)<\/b><\/strong><\/td>\n<td width=\"341\">5.0 &#8211; 7.0<\/td>\n<\/tr>\n<tr>\n<td><strong><b>Cloud Point (\u00b0C)<\/b><\/strong><\/td>\n<td width=\"341\">65 &#8211; 75<\/td>\n<\/tr>\n<tr>\n<td><strong><b>Surface Tension (mN\/m)<\/b><\/strong><\/td>\n<td width=\"341\">\u2264 32<\/td>\n<\/tr>\n<tr>\n<td><strong><b>Teneur en eau (%)<\/b><\/strong><\/td>\n<td width=\"341\">\u2264 0.5<\/td>\n<\/tr>\n<\/tbody>\n<\/table>\n<p>&nbsp;<\/p>\n<h4>3. Champ d'application et utilisation<\/h4>\n<p>As an emulsifier resistant to strong acids and alkalis, it is suitable as a dyeing aid in textile printing and dyeing processes. It has the characteristics of good compatibility and low tendency to separate, and can improve the uniformity of dye dispersion.<\/p>\n<p>Used as an emulsifier for pesticides, it can enhance the stability and penetration of the agent, and is suitable for the preparation of water-based pesticide formulations.<\/p>\n<p>As a non-ionic surfactant, it plays an emulsifying and dispersing role in daily chemical products such as detergents and cosmetics, and belongs to an oil-in-water type emulsifier.<\/p>\n<p>In specific organic synthesis reactions, it acts as an accelerator to optimize reaction conditions.<\/p>\n<p>&nbsp;<\/p>\n<h4>4. l'emballage et le stockage<\/h4>\n<p>&nbsp;<\/p>\n<p>F\u00fbts en fer de 200 kg, f\u00fbts en plastique de 50 kg.<\/p>\n<p>Stocker et transporter conform\u00e9ment aux normes g\u00e9n\u00e9rales de stockage et de transport des produits chimiques. Stocker dans un endroit sec et ventil\u00e9.<\/p>\n<p>Dur\u00e9e de conservation : deux ans<\/p>","protected":false},"excerpt":{"rendered":"<p>1.Product Property Emulsifier TX-4SA is a nonionic surfactant, mainly used in the textile, pesticide, and detergent industries, and it has the characteristic of being resistant to strong acids and strong alkalis. 2. &nbsp; Parameter Specification Appearance Pale yellow to amber viscous liquid Active Content (%) \u2265 99.0 HLB Value 10.5 \u00b1 0.5 Viscosity @25\u00b0C (cP) [&hellip;]<\/p>\n","protected":false},"featured_media":4484,"template":"","meta":{"_seopress_robots_primary_cat":"","_seopress_titles_title":"","_seopress_titles_desc":"","_seopress_robots_index":"","_uag_custom_page_level_css":"","site-sidebar-layout":"default","site-content-layout":"","ast-site-content-layout":"default","site-content-style":"default","site-sidebar-style":"default","ast-global-header-display":"","ast-banner-title-visibility":"","ast-main-header-display":"","ast-hfb-above-header-display":"","ast-hfb-below-header-display":"","ast-hfb-mobile-header-display":"","site-post-title":"","ast-breadcrumbs-content":"","ast-featured-img":"","footer-sml-layout":"","theme-transparent-header-meta":"default","adv-header-id-meta":"","stick-header-meta":"default","header-above-stick-meta":"","header-main-stick-meta":"","header-below-stick-meta":"","astra-migrate-meta-layouts":"set","ast-page-background-enabled":"default","ast-page-background-meta":{"desktop":{"background-color":"","background-image":"","background-repeat":"repeat","background-position":"center center","background-size":"auto","background-attachment":"scroll","background-type":"","background-media":"","overlay-type":"","overlay-color":"","overlay-opacity":"","overlay-gradient":""},"tablet":{"background-color":"","background-image":"","background-repeat":"repeat","background-position":"center center","background-size":"auto","background-attachment":"scroll","background-type":"","background-media":"","overlay-type":"","overlay-color":"","overlay-opacity":"","overlay-gradient":""},"mobile":{"background-color":"","background-image":"","background-repeat":"repeat","background-position":"center center","background-size":"auto","background-attachment":"scroll","background-type":"","background-media":"","overlay-type":"","overlay-color":"","overlay-opacity":"","overlay-gradient":""}},"ast-content-background-meta":{"desktop":{"background-color":"var(--ast-global-color-5)","background-image":"","background-repeat":"repeat","background-position":"center center","background-size":"auto","background-attachment":"scroll","background-type":"","background-media":"","overlay-type":"","overlay-color":"","overlay-opacity":"","overlay-gradient":""},"tablet":{"background-color":"var(--ast-global-color-5)","background-image":"","background-repeat":"repeat","background-position":"center center","background-size":"auto","background-attachment":"scroll","background-type":"","background-media":"","overlay-type":"","overlay-color":"","overlay-opacity":"","overlay-gradient":""},"mobile":{"background-color":"var(--ast-global-color-5)","background-image":"","background-repeat":"repeat","background-position":"center center","background-size":"auto","background-attachment":"scroll","background-type":"","background-media":"","overlay-type":"","overlay-color":"","overlay-opacity":"","overlay-gradient":""}}},"product_brand":[],"product_cat":[69],"product_tag":[],"class_list":{"0":"post-4478","1":"product","2":"type-product","3":"status-publish","4":"has-post-thumbnail","6":"product_cat-daily-chemical-product","7":"desktop-align-left","8":"tablet-align-left","9":"mobile-align-left","10":"ast-product-gallery-layout-horizontal-slider","11":"ast-product-gallery-with-no-image","12":"ast-product-tabs-layout-horizontal","14":"first","15":"instock","16":"shipping-taxable","17":"product-type-simple"},"uagb_featured_image_src":{"full":["https:\/\/jinancuchem.com\/wp-content\/uploads\/2025\/07\/\u672a\u6807\u9898-1-33.jpg",800,800,false],"thumbnail":["https:\/\/jinancuchem.com\/wp-content\/uploads\/2025\/07\/\u672a\u6807\u9898-1-33-150x150.jpg",150,150,true],"medium":["https:\/\/jinancuchem.com\/wp-content\/uploads\/2025\/07\/\u672a\u6807\u9898-1-33-300x300.jpg",300,300,true],"medium_large":["https:\/\/jinancuchem.com\/wp-content\/uploads\/2025\/07\/\u672a\u6807\u9898-1-33-768x768.jpg",768,768,true],"large":["https:\/\/jinancuchem.com\/wp-content\/uploads\/2025\/07\/\u672a\u6807\u9898-1-33.jpg",800,800,false],"1536x1536":["https:\/\/jinancuchem.com\/wp-content\/uploads\/2025\/07\/\u672a\u6807\u9898-1-33.jpg",800,800,false],"2048x2048":["https:\/\/jinancuchem.com\/wp-content\/uploads\/2025\/07\/\u672a\u6807\u9898-1-33.jpg",800,800,false],"trp-custom-language-flag":["https:\/\/jinancuchem.com\/wp-content\/uploads\/2025\/07\/\u672a\u6807\u9898-1-33-12x12.jpg",12,12,true],"woocommerce_thumbnail":["https:\/\/jinancuchem.com\/wp-content\/uploads\/2025\/07\/\u672a\u6807\u9898-1-33-300x300.jpg",300,300,true],"woocommerce_single":["https:\/\/jinancuchem.com\/wp-content\/uploads\/2025\/07\/\u672a\u6807\u9898-1-33-500x500.jpg",500,500,true],"woocommerce_gallery_thumbnail":["https:\/\/jinancuchem.com\/wp-content\/uploads\/2025\/07\/\u672a\u6807\u9898-1-33-100x100.jpg",100,100,true]},"uagb_author_info":{"display_name":"jinxing6611@gmail.com","author_link":"https:\/\/jinancuchem.com\/fr\/author\/"},"uagb_comment_info":0,"uagb_excerpt":"1.Product Property Emulsifier TX-4SA is a nonionic surfactant, mainly used in the textile, pesticide, and detergent industries, and it has the characteristic of being resistant to strong acids and strong alkalis. 2. &nbsp; Parameter Specification Appearance Pale yellow to amber viscous liquid Active Content (%) \u2265 99.0 HLB Value 10.5 \u00b1 0.5 Viscosity @25\u00b0C (cP)\u2026","_links":{"self":[{"href":"https:\/\/jinancuchem.com\/fr\/wp-json\/wp\/v2\/product\/4478","targetHints":{"allow":["GET"]}}],"collection":[{"href":"https:\/\/jinancuchem.com\/fr\/wp-json\/wp\/v2\/product"}],"about":[{"href":"https:\/\/jinancuchem.com\/fr\/wp-json\/wp\/v2\/types\/product"}],"wp:featuredmedia":[{"embeddable":true,"href":"https:\/\/jinancuchem.com\/fr\/wp-json\/wp\/v2\/media\/4484"}],"wp:attachment":[{"href":"https:\/\/jinancuchem.com\/fr\/wp-json\/wp\/v2\/media?parent=4478"}],"wp:term":[{"taxonomy":"product_brand","embeddable":true,"href":"https:\/\/jinancuchem.com\/fr\/wp-json\/wp\/v2\/product_brand?post=4478"},{"taxonomy":"product_cat","embeddable":true,"href":"https:\/\/jinancuchem.com\/fr\/wp-json\/wp\/v2\/product_cat?post=4478"},{"taxonomy":"product_tag","embeddable":true,"href":"https:\/\/jinancuchem.com\/fr\/wp-json\/wp\/v2\/product_tag?post=4478"}],"curies":[{"name":"wp","href":"https:\/\/api.w.org\/{rel}","templated":true}]}}