{"id":4482,"date":"2025-07-25T06:05:40","date_gmt":"2025-07-25T06:05:40","guid":{"rendered":"https:\/\/jinancuchem.com\/?post_type=product&#038;p=4482"},"modified":"2025-07-25T06:05:40","modified_gmt":"2025-07-25T06:05:40","slug":"potassium-sorbate","status":"publish","type":"product","link":"https:\/\/jinancuchem.com\/fr\/produit\/potassium-sorbate\/","title":{"rendered":"Sorbate de potassium"},"content":{"rendered":"<p>\u3010CAS\u301124634-61-5<\/p>\n<p>Alias : 2, 4-hexadi\u00e9nate de potassium<\/p>\n<p>Formule mol\u00e9culaire\uff1bC<sub>6<\/sub>H<sub>7<\/sub>KO<sub>2<\/sub><\/p>\n<p>Formule structurelle :<img alt=\"\" decoding=\"async\" class=\"alignnone size-full wp-image-4486\" src=\"https:\/\/jinancuchem.com\/wp-content\/uploads\/2025\/07\/\u56fe\u724741.png\" width=\"225\" height=\"200\" srcset=\"https:\/\/jinancuchem.com\/wp-content\/uploads\/2025\/07\/\u56fe\u724741.png 225w, https:\/\/jinancuchem.com\/wp-content\/uploads\/2025\/07\/\u56fe\u724741-14x12.png 14w\" sizes=\"(max-width: 225px) 100vw, 225px\" \/><\/p>\n<p>&nbsp;<\/p>\n<h4>1. Propri\u00e9t\u00e9 du produit<\/h4>\n<p>Le sorbate de potassium est principalement utilis\u00e9 comme conservateur alimentaire, mais aussi pour la conservation des produits cosm\u00e9tiques et la pr\u00e9vention des moisissures dans les aliments pour animaux, etc. Il a un fort effet inhibiteur sur les bact\u00e9ries et les moisissures putr\u00e9fiantes et est \u00e9galement tr\u00e8s soluble dans l'eau, ce qui lui conf\u00e8re un large champ d'application. Son effet antibact\u00e9rien est plus fort que son effet bact\u00e9ricide. Plus le PH est bas, plus l'effet antibact\u00e9rien est important.<\/p>\n<h5><\/h5>\n<h4>2.<\/h4>\n<table>\n<tbody>\n<tr>\n<td>Param\u00e8tres<\/td>\n<td>Exigence<\/td>\n<\/tr>\n<tr>\n<td>Apparence<\/td>\n<td>Poudre ou granul\u00e9s blancs\/blancs cass\u00e9s<\/td>\n<\/tr>\n<tr>\n<td>Puret\u00e9 (C\u2086H\u2087KO\u2082)<\/td>\n<td>98.0% - 101.0%<\/td>\n<\/tr>\n<tr>\n<td>Humidit\u00e9<\/td>\n<td>\u2264 1.0%<\/td>\n<\/tr>\n<tr>\n<td>Plomb (Pb)<\/td>\n<td>\u2264 2 mg\/kg<\/td>\n<\/tr>\n<tr>\n<td>Arsenic (As)<\/td>\n<td>\u2264 3 mg\/kg<\/td>\n<\/tr>\n<tr>\n<td>D\u00e9nombrement microbien<\/td>\n<td>\u2264 1 000 UFC\/g<\/td>\n<\/tr>\n<\/tbody>\n<\/table>\n<p>&nbsp;<\/p>\n<h4>3\u3001Champ d'application et utilisation<\/h4>\n<p>Le sorbate (potassium) peut inhiber efficacement l'activit\u00e9 des moisissures, des levures et des bact\u00e9ries a\u00e9robies, et emp\u00eacher la croissance et la reproduction de micro-organismes nuisibles tels que le botulinum, le staphylocoque et la salmonelle. En revanche, il est pratiquement inefficace contre les micro-organismes b\u00e9n\u00e9fiques tels que les bact\u00e9ries ana\u00e9robies formant des spores et Lactobacillus acidophilus. Son effet inhibiteur sur le d\u00e9veloppement est plus fort que son effet bact\u00e9ricide, ce qui prolonge efficacement la dur\u00e9e de conservation des aliments. Il permet \u00e9galement de conserver la saveur originale des aliments.<\/p>\n<h4><\/h4>\n<h4>4\u3001Emballage et stockage<\/h4>\n<p>Le sorbate de potassium est g\u00e9n\u00e9ralement emball\u00e9 dans des sacs en plastique scell\u00e9s, des sacs en papier d'aluminium ou des f\u00fbts en fibre pour \u00e9viter l'humidit\u00e9. Pour le stockage, conservez-le dans un endroit frais, sec et bien ventil\u00e9, \u00e0 l'abri de la chaleur, de la lumi\u00e8re et des substances incompatibles telles que les oxydants puissants. Veiller \u00e0 ce que les r\u00e9cipients soient bien ferm\u00e9s lorsqu'ils ne sont pas utilis\u00e9s afin de maintenir la stabilit\u00e9 et de prolonger la dur\u00e9e de conservation.<\/p>","protected":false},"excerpt":{"rendered":"<p>\u3010CAS\u301124634-61-5 Alias: Potassium 2, 4-hexadienate Molecular formula\uff1bC6H7KO2 Structural formula: &nbsp; 1.\u00a0Product Property Potassium sorbate is mainly used as a food preservative, and is also applied in cosmetic preservation and feed mold prevention, etc. It has a strong inhibitory effect on putrefactive bacteria and mold, and is also highly soluble in water, thus being widely applied. [&hellip;]<\/p>\n","protected":false},"featured_media":4488,"template":"","meta":{"_seopress_robots_primary_cat":"","_seopress_titles_title":"","_seopress_titles_desc":"","_seopress_robots_index":"","_uag_custom_page_level_css":"","site-sidebar-layout":"default","site-content-layout":"","ast-site-content-layout":"default","site-content-style":"default","site-sidebar-style":"default","ast-global-header-display":"","ast-banner-title-visibility":"","ast-main-header-display":"","ast-hfb-above-header-display":"","ast-hfb-below-header-display":"","ast-hfb-mobile-header-display":"","site-post-title":"","ast-breadcrumbs-content":"","ast-featured-img":"","footer-sml-layout":"","theme-transparent-header-meta":"default","adv-header-id-meta":"","stick-header-meta":"default","header-above-stick-meta":"","header-main-stick-meta":"","header-below-stick-meta":"","astra-migrate-meta-layouts":"set","ast-page-background-enabled":"default","ast-page-background-meta":{"desktop":{"background-color":"","background-image":"","background-repeat":"repeat","background-position":"center center","background-size":"auto","background-attachment":"scroll","background-type":"","background-media":"","overlay-type":"","overlay-color":"","overlay-opacity":"","overlay-gradient":""},"tablet":{"background-color":"","background-image":"","background-repeat":"repeat","background-position":"center center","background-size":"auto","background-attachment":"scroll","background-type":"","background-media":"","overlay-type":"","overlay-color":"","overlay-opacity":"","overlay-gradient":""},"mobile":{"background-color":"","background-image":"","background-repeat":"repeat","background-position":"center center","background-size":"auto","background-attachment":"scroll","background-type":"","background-media":"","overlay-type":"","overlay-color":"","overlay-opacity":"","overlay-gradient":""}},"ast-content-background-meta":{"desktop":{"background-color":"var(--ast-global-color-5)","background-image":"","background-repeat":"repeat","background-position":"center center","background-size":"auto","background-attachment":"scroll","background-type":"","background-media":"","overlay-type":"","overlay-color":"","overlay-opacity":"","overlay-gradient":""},"tablet":{"background-color":"var(--ast-global-color-5)","background-image":"","background-repeat":"repeat","background-position":"center center","background-size":"auto","background-attachment":"scroll","background-type":"","background-media":"","overlay-type":"","overlay-color":"","overlay-opacity":"","overlay-gradient":""},"mobile":{"background-color":"var(--ast-global-color-5)","background-image":"","background-repeat":"repeat","background-position":"center center","background-size":"auto","background-attachment":"scroll","background-type":"","background-media":"","overlay-type":"","overlay-color":"","overlay-opacity":"","overlay-gradient":""}}},"product_brand":[],"product_cat":[67],"product_tag":[],"class_list":{"0":"post-4482","1":"product","2":"type-product","3":"status-publish","4":"has-post-thumbnail","6":"product_cat-food-additives","7":"desktop-align-left","8":"tablet-align-left","9":"mobile-align-left","10":"ast-product-gallery-layout-horizontal-slider","11":"ast-product-gallery-with-no-image","12":"ast-product-tabs-layout-horizontal","14":"first","15":"instock","16":"shipping-taxable","17":"product-type-simple"},"uagb_featured_image_src":{"full":["https:\/\/jinancuchem.com\/wp-content\/uploads\/2025\/07\/41.png",800,800,false],"thumbnail":["https:\/\/jinancuchem.com\/wp-content\/uploads\/2025\/07\/41-150x150.png",150,150,true],"medium":["https:\/\/jinancuchem.com\/wp-content\/uploads\/2025\/07\/41-300x300.png",300,300,true],"medium_large":["https:\/\/jinancuchem.com\/wp-content\/uploads\/2025\/07\/41-768x768.png",768,768,true],"large":["https:\/\/jinancuchem.com\/wp-content\/uploads\/2025\/07\/41.png",800,800,false],"1536x1536":["https:\/\/jinancuchem.com\/wp-content\/uploads\/2025\/07\/41.png",800,800,false],"2048x2048":["https:\/\/jinancuchem.com\/wp-content\/uploads\/2025\/07\/41.png",800,800,false],"trp-custom-language-flag":["https:\/\/jinancuchem.com\/wp-content\/uploads\/2025\/07\/41-12x12.png",12,12,true],"woocommerce_thumbnail":["https:\/\/jinancuchem.com\/wp-content\/uploads\/2025\/07\/41-300x300.png",300,300,true],"woocommerce_single":["https:\/\/jinancuchem.com\/wp-content\/uploads\/2025\/07\/41-500x500.png",500,500,true],"woocommerce_gallery_thumbnail":["https:\/\/jinancuchem.com\/wp-content\/uploads\/2025\/07\/41-100x100.png",100,100,true]},"uagb_author_info":{"display_name":"jinxing6611@gmail.com","author_link":"https:\/\/jinancuchem.com\/fr\/author\/"},"uagb_comment_info":0,"uagb_excerpt":"\u3010CAS\u301124634-61-5 Alias: Potassium 2, 4-hexadienate Molecular formula\uff1bC6H7KO2 Structural formula: &nbsp; 1.\u00a0Product Property Potassium sorbate is mainly used as a food preservative, and is also applied in cosmetic preservation and feed mold prevention, etc. It has a strong inhibitory effect on putrefactive bacteria and mold, and is also highly soluble in water, thus being widely applied.\u2026","_links":{"self":[{"href":"https:\/\/jinancuchem.com\/fr\/wp-json\/wp\/v2\/product\/4482","targetHints":{"allow":["GET"]}}],"collection":[{"href":"https:\/\/jinancuchem.com\/fr\/wp-json\/wp\/v2\/product"}],"about":[{"href":"https:\/\/jinancuchem.com\/fr\/wp-json\/wp\/v2\/types\/product"}],"wp:featuredmedia":[{"embeddable":true,"href":"https:\/\/jinancuchem.com\/fr\/wp-json\/wp\/v2\/media\/4488"}],"wp:attachment":[{"href":"https:\/\/jinancuchem.com\/fr\/wp-json\/wp\/v2\/media?parent=4482"}],"wp:term":[{"taxonomy":"product_brand","embeddable":true,"href":"https:\/\/jinancuchem.com\/fr\/wp-json\/wp\/v2\/product_brand?post=4482"},{"taxonomy":"product_cat","embeddable":true,"href":"https:\/\/jinancuchem.com\/fr\/wp-json\/wp\/v2\/product_cat?post=4482"},{"taxonomy":"product_tag","embeddable":true,"href":"https:\/\/jinancuchem.com\/fr\/wp-json\/wp\/v2\/product_tag?post=4482"}],"curies":[{"name":"wp","href":"https:\/\/api.w.org\/{rel}","templated":true}]}}