{"id":4487,"date":"2025-07-25T06:05:56","date_gmt":"2025-07-25T06:05:56","guid":{"rendered":"https:\/\/jinancuchem.com\/?post_type=product&#038;p=4487"},"modified":"2025-07-25T06:05:56","modified_gmt":"2025-07-25T06:05:56","slug":"emulsifier-fm","status":"publish","type":"product","link":"https:\/\/jinancuchem.com\/fr\/produit\/emulsifier-fm\/","title":{"rendered":"Emulsifiant FM"},"content":{"rendered":"<h4>1.Propri\u00e9t\u00e9 du produit<\/h4>\n<p>Ce produit est un liquide visqueux huileux brun qui se dissout dans l'huile et se disperse en \u00e9mulsion dans l'eau. Il poss\u00e8de d'excellentes propri\u00e9t\u00e9s \u00e9mulsifiantes.<\/p>\n<h4>2.<\/h4>\n<table>\n<tbody>\n<tr>\n<td><strong><b>Param\u00e8tres<\/b><\/strong><\/td>\n<td width=\"345\"><strong><b>Sp\u00e9cifications<\/b><\/strong><\/td>\n<\/tr>\n<tr>\n<td><strong><b>Contenu actif (%)<\/b><\/strong><\/td>\n<td width=\"345\">\u2265 98.0<\/td>\n<\/tr>\n<tr>\n<td><strong><b>Point de fusion (\u00b0C)<\/b><\/strong><\/td>\n<td width=\"345\">50 &#8211; 55<\/td>\n<\/tr>\n<tr>\n<td><strong><b>Indice d'acidit\u00e9 (mg KOH\/g)<\/b><\/strong><\/td>\n<td width=\"345\">\u2264 2.0<\/td>\n<\/tr>\n<tr>\n<td><strong><b>Valeur de saponification<\/b><\/strong><\/td>\n<td width=\"345\">140 &#8211; 160<\/td>\n<\/tr>\n<tr>\n<td><strong><b>Valeur HLB<\/b><\/strong><\/td>\n<td width=\"345\">5.0 \u00b1 0.5<\/td>\n<\/tr>\n<tr>\n<td><strong><b>Teneur en eau (%)<\/b><\/strong><\/td>\n<td width=\"345\">\u2264 0.5<\/td>\n<\/tr>\n<tr>\n<td><strong><b>M\u00e9taux lourds (en Pb, ppm)<\/b><\/strong><\/td>\n<td width=\"345\">\u2264 10<\/td>\n<\/tr>\n<tr>\n<td><strong><b>Limites microbiennes<\/b><\/strong><\/td>\n<td width=\"345\">\u2264 100 UFC\/g<\/td>\n<\/tr>\n<\/tbody>\n<\/table>\n<p>&nbsp;<\/p>\n<h4>3. Champ d'application et utilisation<\/h4>\n<p>Dans le traitement des m\u00e9taux, il est utilis\u00e9 pour le nettoyage, la lubrification, le polissage et la pr\u00e9vention de la rouille des m\u00e9taux ferreux et des alliages d'aluminium. Dans le traitement des pesticides, il sert d'\u00e9mulsifiant de type H\/E pour les pesticides. Dans l'industrie des encres, il est utilis\u00e9 comme \u00e9mulsifiant de type H\/E pour pr\u00e9parer les encres, les pigments et les peintures au latex, renforcer l'intensit\u00e9 de la couleur des pigments et am\u00e9liorer leur fluidit\u00e9.<\/p>\n<h4>4. l'emballage et le stockage<\/h4>\n<p>&nbsp;<\/p>\n<p>F\u00fbts en fer de 200 kg, f\u00fbts en plastique de 50 kg.<\/p>\n<p>Stocker et transporter conform\u00e9ment aux normes g\u00e9n\u00e9rales de stockage et de transport des produits chimiques. Stocker dans un endroit sec et ventil\u00e9.<\/p>\n<p>Dur\u00e9e de conservation : deux ans<\/p>","protected":false},"excerpt":{"rendered":"<p>1.Product Property This product is a brown oily viscous liquid that dissolves in oil and disperses into an emulsion in water. It has excellent emulsifying properties. 2. Parameter Specification Active Content (%) \u2265 98.0 Melting Point (\u00b0C) 50 &#8211; 55 Acid Value (mg KOH\/g) \u2264 2.0 Saponification Value 140 &#8211; 160 HLB Value 5.0 \u00b1 [&hellip;]<\/p>\n","protected":false},"featured_media":4491,"template":"","meta":{"_seopress_robots_primary_cat":"","_seopress_titles_title":"","_seopress_titles_desc":"","_seopress_robots_index":"","_uag_custom_page_level_css":"","site-sidebar-layout":"default","site-content-layout":"","ast-site-content-layout":"default","site-content-style":"default","site-sidebar-style":"default","ast-global-header-display":"","ast-banner-title-visibility":"","ast-main-header-display":"","ast-hfb-above-header-display":"","ast-hfb-below-header-display":"","ast-hfb-mobile-header-display":"","site-post-title":"","ast-breadcrumbs-content":"","ast-featured-img":"","footer-sml-layout":"","theme-transparent-header-meta":"default","adv-header-id-meta":"","stick-header-meta":"default","header-above-stick-meta":"","header-main-stick-meta":"","header-below-stick-meta":"","astra-migrate-meta-layouts":"set","ast-page-background-enabled":"default","ast-page-background-meta":{"desktop":{"background-color":"","background-image":"","background-repeat":"repeat","background-position":"center center","background-size":"auto","background-attachment":"scroll","background-type":"","background-media":"","overlay-type":"","overlay-color":"","overlay-opacity":"","overlay-gradient":""},"tablet":{"background-color":"","background-image":"","background-repeat":"repeat","background-position":"center center","background-size":"auto","background-attachment":"scroll","background-type":"","background-media":"","overlay-type":"","overlay-color":"","overlay-opacity":"","overlay-gradient":""},"mobile":{"background-color":"","background-image":"","background-repeat":"repeat","background-position":"center center","background-size":"auto","background-attachment":"scroll","background-type":"","background-media":"","overlay-type":"","overlay-color":"","overlay-opacity":"","overlay-gradient":""}},"ast-content-background-meta":{"desktop":{"background-color":"var(--ast-global-color-5)","background-image":"","background-repeat":"repeat","background-position":"center center","background-size":"auto","background-attachment":"scroll","background-type":"","background-media":"","overlay-type":"","overlay-color":"","overlay-opacity":"","overlay-gradient":""},"tablet":{"background-color":"var(--ast-global-color-5)","background-image":"","background-repeat":"repeat","background-position":"center center","background-size":"auto","background-attachment":"scroll","background-type":"","background-media":"","overlay-type":"","overlay-color":"","overlay-opacity":"","overlay-gradient":""},"mobile":{"background-color":"var(--ast-global-color-5)","background-image":"","background-repeat":"repeat","background-position":"center center","background-size":"auto","background-attachment":"scroll","background-type":"","background-media":"","overlay-type":"","overlay-color":"","overlay-opacity":"","overlay-gradient":""}}},"product_brand":[],"product_cat":[69],"product_tag":[],"class_list":{"0":"post-4487","1":"product","2":"type-product","3":"status-publish","4":"has-post-thumbnail","6":"product_cat-daily-chemical-product","7":"desktop-align-left","8":"tablet-align-left","9":"mobile-align-left","10":"ast-product-gallery-layout-horizontal-slider","11":"ast-product-gallery-with-no-image","12":"ast-product-tabs-layout-horizontal","14":"first","15":"instock","16":"shipping-taxable","17":"product-type-simple"},"uagb_featured_image_src":{"full":["https:\/\/jinancuchem.com\/wp-content\/uploads\/2025\/07\/\u672a\u6807\u9898-1-34.jpg",800,800,false],"thumbnail":["https:\/\/jinancuchem.com\/wp-content\/uploads\/2025\/07\/\u672a\u6807\u9898-1-34-150x150.jpg",150,150,true],"medium":["https:\/\/jinancuchem.com\/wp-content\/uploads\/2025\/07\/\u672a\u6807\u9898-1-34-300x300.jpg",300,300,true],"medium_large":["https:\/\/jinancuchem.com\/wp-content\/uploads\/2025\/07\/\u672a\u6807\u9898-1-34-768x768.jpg",768,768,true],"large":["https:\/\/jinancuchem.com\/wp-content\/uploads\/2025\/07\/\u672a\u6807\u9898-1-34.jpg",800,800,false],"1536x1536":["https:\/\/jinancuchem.com\/wp-content\/uploads\/2025\/07\/\u672a\u6807\u9898-1-34.jpg",800,800,false],"2048x2048":["https:\/\/jinancuchem.com\/wp-content\/uploads\/2025\/07\/\u672a\u6807\u9898-1-34.jpg",800,800,false],"trp-custom-language-flag":["https:\/\/jinancuchem.com\/wp-content\/uploads\/2025\/07\/\u672a\u6807\u9898-1-34-12x12.jpg",12,12,true],"woocommerce_thumbnail":["https:\/\/jinancuchem.com\/wp-content\/uploads\/2025\/07\/\u672a\u6807\u9898-1-34-300x300.jpg",300,300,true],"woocommerce_single":["https:\/\/jinancuchem.com\/wp-content\/uploads\/2025\/07\/\u672a\u6807\u9898-1-34-500x500.jpg",500,500,true],"woocommerce_gallery_thumbnail":["https:\/\/jinancuchem.com\/wp-content\/uploads\/2025\/07\/\u672a\u6807\u9898-1-34-100x100.jpg",100,100,true]},"uagb_author_info":{"display_name":"jinxing6611@gmail.com","author_link":"https:\/\/jinancuchem.com\/fr\/author\/"},"uagb_comment_info":0,"uagb_excerpt":"1.Product Property This product is a brown oily viscous liquid that dissolves in oil and disperses into an emulsion in water. It has excellent emulsifying properties. 2. Parameter Specification Active Content (%) \u2265 98.0 Melting Point (\u00b0C) 50 &#8211; 55 Acid Value (mg KOH\/g) \u2264 2.0 Saponification Value 140 &#8211; 160 HLB Value 5.0 \u00b1\u2026","_links":{"self":[{"href":"https:\/\/jinancuchem.com\/fr\/wp-json\/wp\/v2\/product\/4487","targetHints":{"allow":["GET"]}}],"collection":[{"href":"https:\/\/jinancuchem.com\/fr\/wp-json\/wp\/v2\/product"}],"about":[{"href":"https:\/\/jinancuchem.com\/fr\/wp-json\/wp\/v2\/types\/product"}],"wp:featuredmedia":[{"embeddable":true,"href":"https:\/\/jinancuchem.com\/fr\/wp-json\/wp\/v2\/media\/4491"}],"wp:attachment":[{"href":"https:\/\/jinancuchem.com\/fr\/wp-json\/wp\/v2\/media?parent=4487"}],"wp:term":[{"taxonomy":"product_brand","embeddable":true,"href":"https:\/\/jinancuchem.com\/fr\/wp-json\/wp\/v2\/product_brand?post=4487"},{"taxonomy":"product_cat","embeddable":true,"href":"https:\/\/jinancuchem.com\/fr\/wp-json\/wp\/v2\/product_cat?post=4487"},{"taxonomy":"product_tag","embeddable":true,"href":"https:\/\/jinancuchem.com\/fr\/wp-json\/wp\/v2\/product_tag?post=4487"}],"curies":[{"name":"wp","href":"https:\/\/api.w.org\/{rel}","templated":true}]}}