{"id":4493,"date":"2025-07-25T06:08:11","date_gmt":"2025-07-25T06:08:11","guid":{"rendered":"https:\/\/jinancuchem.com\/?post_type=product&#038;p=4493"},"modified":"2025-07-25T06:08:11","modified_gmt":"2025-07-25T06:08:11","slug":"high-temperature-leveling-agent-w","status":"publish","type":"product","link":"https:\/\/jinancuchem.com\/fr\/produit\/high-temperature-leveling-agent-w\/","title":{"rendered":"Agent de nivellement \u00e0 haute temp\u00e9rature W"},"content":{"rendered":"<h4>1.Propri\u00e9t\u00e9 du produit<\/h4>\n<p>L'agent de nivellement \u00e0 haute temp\u00e9rature W est un surfactant anionique. Son principal composant est le sel d'ammonium de l'\u00e9ther polyoxy\u00e9thyl\u00e8ne styr\u00e8ne-ph\u00e9nol. Il se pr\u00e9sente sous la forme d'un liquide visqueux jaune p\u00e2le dont le pH est compris entre 4 et 7.<\/p>\n<h4>2.<\/h4>\n<table>\n<tbody>\n<tr>\n<td><strong><b>Param\u00e8tres<\/b><\/strong><\/td>\n<td><strong><b>Sp\u00e9cifications<\/b><\/strong><\/td>\n<\/tr>\n<tr>\n<td><strong><b>Contenu actif (%)<\/b><\/strong><\/td>\n<td>40.0 \u00b1 2.0<\/td>\n<\/tr>\n<tr>\n<td><strong><b>Nature ionique<\/b><\/strong><\/td>\n<td>Non ionique<\/td>\n<\/tr>\n<tr>\n<td><strong><b>Viscosit\u00e9 \u00e0 25\u00b0C (cP)<\/b><\/strong><\/td>\n<td>300 &#8211; 800<\/td>\n<\/tr>\n<tr>\n<td><strong><b>Stabilit\u00e9 thermique<\/b><\/strong><\/td>\n<td>Stable jusqu'\u00e0 140\u00b0C (4h)<\/td>\n<\/tr>\n<tr>\n<td><strong><b>Indice de migration des colorants<\/b><\/strong><\/td>\n<td>\u2264 1.5 (ISO 105-Z08)<\/td>\n<\/tr>\n<tr>\n<td><strong><b>Propri\u00e9t\u00e9 moussante (solution 0,1%, mm)<\/b><\/strong><\/td>\n<td>\u2264 30 (initial)<\/td>\n<\/tr>\n<tr>\n<td><strong><b>Biod\u00e9gradabilit\u00e9<\/b><\/strong><\/td>\n<td>\u2265 70% (28 jours)<\/td>\n<\/tr>\n<\/tbody>\n<\/table>\n<p>&nbsp;<\/p>\n<h4>3. Champ d'application et utilisation<\/h4>\n<p>Dans l'industrie textile et de la teinture, il est utilis\u00e9 comme agent de dispersion et de nivellement \u00e0 haute temp\u00e9rature et \u00e0 haute pression pour les fibres de polyester, adapt\u00e9 aux processus de teinture rapides. Il peut maintenir le bain de teinture dans un \u00e9tat acide pour la teinture, \u00e9vitant ainsi toute d\u00e9viation de couleur dans les tissus caus\u00e9e par l'hydrolyse des colorants sensibles. Il ne contient pas de solvant ni de composant porteur, ce qui contribue \u00e0 am\u00e9liorer l'environnement de travail et convient \u00e0 la teinture fonc\u00e9e \u00e0 haute temp\u00e9rature du polyester et \u00e0 la teinture claire \u00e0 haute temp\u00e9rature avec des tons chauds. Dans l'industrie g\u00e9n\u00e9rale, il est utilis\u00e9 comme composant des d\u00e9tergents.<\/p>\n<p>&nbsp;<\/p>\n<h4>4. l'emballage et le stockage<\/h4>\n<p>&nbsp;<\/p>\n<p>L'agent de nivellement W est conditionn\u00e9 dans un f\u00fbt en plastique de 50 kg.<\/p>\n<p>L'agent de nivellement W est ininflammable. Il doit \u00eatre stock\u00e9 et transport\u00e9 conform\u00e9ment aux exigences de stockage et de transport des produits chimiques g\u00e9n\u00e9raux.<\/p>\n<p>Conserver dans un endroit sec et bien ventil\u00e9.<\/p>\n<p>La dur\u00e9e de conservation est d'un an.<\/p>","protected":false},"excerpt":{"rendered":"<p>1.Product Property High-temperature leveling agent W is an anionic surfactant. Its main component is ammonium salt of styrene phenol polyoxyethylene ether. It appears as a pale yellow viscous liquid with a pH range of 4 to 7. 2. Parameter Specification Active Content (%) 40.0 \u00b1 2.0 Ionic Nature Nonionic Viscosity @25\u00b0C (cP) 300 &#8211; 800 [&hellip;]<\/p>\n","protected":false},"featured_media":4500,"template":"","meta":{"_seopress_robots_primary_cat":"","_seopress_titles_title":"","_seopress_titles_desc":"","_seopress_robots_index":"","_uag_custom_page_level_css":"","site-sidebar-layout":"default","site-content-layout":"","ast-site-content-layout":"default","site-content-style":"default","site-sidebar-style":"default","ast-global-header-display":"","ast-banner-title-visibility":"","ast-main-header-display":"","ast-hfb-above-header-display":"","ast-hfb-below-header-display":"","ast-hfb-mobile-header-display":"","site-post-title":"","ast-breadcrumbs-content":"","ast-featured-img":"","footer-sml-layout":"","theme-transparent-header-meta":"default","adv-header-id-meta":"","stick-header-meta":"default","header-above-stick-meta":"","header-main-stick-meta":"","header-below-stick-meta":"","astra-migrate-meta-layouts":"set","ast-page-background-enabled":"default","ast-page-background-meta":{"desktop":{"background-color":"","background-image":"","background-repeat":"repeat","background-position":"center center","background-size":"auto","background-attachment":"scroll","background-type":"","background-media":"","overlay-type":"","overlay-color":"","overlay-opacity":"","overlay-gradient":""},"tablet":{"background-color":"","background-image":"","background-repeat":"repeat","background-position":"center center","background-size":"auto","background-attachment":"scroll","background-type":"","background-media":"","overlay-type":"","overlay-color":"","overlay-opacity":"","overlay-gradient":""},"mobile":{"background-color":"","background-image":"","background-repeat":"repeat","background-position":"center center","background-size":"auto","background-attachment":"scroll","background-type":"","background-media":"","overlay-type":"","overlay-color":"","overlay-opacity":"","overlay-gradient":""}},"ast-content-background-meta":{"desktop":{"background-color":"var(--ast-global-color-5)","background-image":"","background-repeat":"repeat","background-position":"center center","background-size":"auto","background-attachment":"scroll","background-type":"","background-media":"","overlay-type":"","overlay-color":"","overlay-opacity":"","overlay-gradient":""},"tablet":{"background-color":"var(--ast-global-color-5)","background-image":"","background-repeat":"repeat","background-position":"center center","background-size":"auto","background-attachment":"scroll","background-type":"","background-media":"","overlay-type":"","overlay-color":"","overlay-opacity":"","overlay-gradient":""},"mobile":{"background-color":"var(--ast-global-color-5)","background-image":"","background-repeat":"repeat","background-position":"center center","background-size":"auto","background-attachment":"scroll","background-type":"","background-media":"","overlay-type":"","overlay-color":"","overlay-opacity":"","overlay-gradient":""}}},"product_brand":[],"product_cat":[69],"product_tag":[],"class_list":{"0":"post-4493","1":"product","2":"type-product","3":"status-publish","4":"has-post-thumbnail","6":"product_cat-daily-chemical-product","7":"desktop-align-left","8":"tablet-align-left","9":"mobile-align-left","10":"ast-product-gallery-layout-horizontal-slider","11":"ast-product-gallery-with-no-image","12":"ast-product-tabs-layout-horizontal","14":"first","15":"instock","16":"shipping-taxable","17":"product-type-simple"},"uagb_featured_image_src":{"full":["https:\/\/jinancuchem.com\/wp-content\/uploads\/2025\/07\/\u672a\u6807\u9898-1-35.jpg",800,800,false],"thumbnail":["https:\/\/jinancuchem.com\/wp-content\/uploads\/2025\/07\/\u672a\u6807\u9898-1-35-150x150.jpg",150,150,true],"medium":["https:\/\/jinancuchem.com\/wp-content\/uploads\/2025\/07\/\u672a\u6807\u9898-1-35-300x300.jpg",300,300,true],"medium_large":["https:\/\/jinancuchem.com\/wp-content\/uploads\/2025\/07\/\u672a\u6807\u9898-1-35-768x768.jpg",768,768,true],"large":["https:\/\/jinancuchem.com\/wp-content\/uploads\/2025\/07\/\u672a\u6807\u9898-1-35.jpg",800,800,false],"1536x1536":["https:\/\/jinancuchem.com\/wp-content\/uploads\/2025\/07\/\u672a\u6807\u9898-1-35.jpg",800,800,false],"2048x2048":["https:\/\/jinancuchem.com\/wp-content\/uploads\/2025\/07\/\u672a\u6807\u9898-1-35.jpg",800,800,false],"trp-custom-language-flag":["https:\/\/jinancuchem.com\/wp-content\/uploads\/2025\/07\/\u672a\u6807\u9898-1-35-12x12.jpg",12,12,true],"woocommerce_thumbnail":["https:\/\/jinancuchem.com\/wp-content\/uploads\/2025\/07\/\u672a\u6807\u9898-1-35-300x300.jpg",300,300,true],"woocommerce_single":["https:\/\/jinancuchem.com\/wp-content\/uploads\/2025\/07\/\u672a\u6807\u9898-1-35-500x500.jpg",500,500,true],"woocommerce_gallery_thumbnail":["https:\/\/jinancuchem.com\/wp-content\/uploads\/2025\/07\/\u672a\u6807\u9898-1-35-100x100.jpg",100,100,true]},"uagb_author_info":{"display_name":"jinxing6611@gmail.com","author_link":"https:\/\/jinancuchem.com\/fr\/author\/"},"uagb_comment_info":0,"uagb_excerpt":"1.Product Property High-temperature leveling agent W is an anionic surfactant. Its main component is ammonium salt of styrene phenol polyoxyethylene ether. It appears as a pale yellow viscous liquid with a pH range of 4 to 7. 2. Parameter Specification Active Content (%) 40.0 \u00b1 2.0 Ionic Nature Nonionic Viscosity @25\u00b0C (cP) 300 &#8211; 800\u2026","_links":{"self":[{"href":"https:\/\/jinancuchem.com\/fr\/wp-json\/wp\/v2\/product\/4493","targetHints":{"allow":["GET"]}}],"collection":[{"href":"https:\/\/jinancuchem.com\/fr\/wp-json\/wp\/v2\/product"}],"about":[{"href":"https:\/\/jinancuchem.com\/fr\/wp-json\/wp\/v2\/types\/product"}],"wp:featuredmedia":[{"embeddable":true,"href":"https:\/\/jinancuchem.com\/fr\/wp-json\/wp\/v2\/media\/4500"}],"wp:attachment":[{"href":"https:\/\/jinancuchem.com\/fr\/wp-json\/wp\/v2\/media?parent=4493"}],"wp:term":[{"taxonomy":"product_brand","embeddable":true,"href":"https:\/\/jinancuchem.com\/fr\/wp-json\/wp\/v2\/product_brand?post=4493"},{"taxonomy":"product_cat","embeddable":true,"href":"https:\/\/jinancuchem.com\/fr\/wp-json\/wp\/v2\/product_cat?post=4493"},{"taxonomy":"product_tag","embeddable":true,"href":"https:\/\/jinancuchem.com\/fr\/wp-json\/wp\/v2\/product_tag?post=4493"}],"curies":[{"name":"wp","href":"https:\/\/api.w.org\/{rel}","templated":true}]}}