{"id":4506,"date":"2025-07-25T06:11:47","date_gmt":"2025-07-25T06:11:47","guid":{"rendered":"https:\/\/jinancuchem.com\/?post_type=product&#038;p=4506"},"modified":"2025-07-25T06:11:47","modified_gmt":"2025-07-25T06:11:47","slug":"leveling-agent-se-components-a-and-b","status":"publish","type":"product","link":"https:\/\/jinancuchem.com\/fr\/produit\/leveling-agent-se-components-a-and-b\/","title":{"rendered":"Agent de nivellement SE (composants A et B)"},"content":{"rendered":"<table>\n<tbody>\n<tr>\n<td colspan=\"2\" width=\"51.0000%\">Composants A<\/td>\n<td colspan=\"2\" width=\"49.0000%\">Composants B<\/td>\n<\/tr>\n<tr>\n<td width=\"16.0000%\">Composition<\/td>\n<td width=\"34.0000%\">\u00c9ther de glyc\u00e9rol ol\u00e9ate<\/td>\n<td width=\"12.0000%\">Composition<\/td>\n<td width=\"36.0000%\">Sulfate de styr\u00e8ne ph\u00e9nol polyoxy\u00e9thyl\u00e8ne \u00e9ther d'ammonium<\/td>\n<\/tr>\n<tr>\n<td width=\"16.0000%\">Type ionique<\/td>\n<td width=\"34.0000%\">Type non ionique<\/td>\n<td width=\"12.0000%\">Type ionique<\/td>\n<td width=\"36.0000%\">Type anionique<\/td>\n<\/tr>\n<tr>\n<td colspan=\"2\" width=\"51.0000%\">Indicateurs techniques<\/td>\n<td colspan=\"2\" width=\"49.0000%\">Indicateurs techniques<\/td>\n<\/tr>\n<tr>\n<td width=\"16.0000%\">Apparence<\/td>\n<td width=\"34.0000%\">Substance huileuse jaune p\u00e2le \u00e0 jaune brun\u00e2tre\uff0825\u2103\uff09<\/td>\n<td width=\"12.0000%\">Apparence<\/td>\n<td width=\"36.0000%\">Substance visqueuse jaune p\u00e2le \u00e0 jaune brun\u00e2tre\uff0825\u2103\uff09<\/td>\n<\/tr>\n<tr>\n<td width=\"16.0000%\">Indice d'acidit\u00e9<\/td>\n<td width=\"34.0000%\">\u226410mgKOH\/g<\/td>\n<td width=\"12.0000%\">Valeur du pH<\/td>\n<td width=\"36.0000%\">4~6\uff081% solution aqueuse\uff09<\/td>\n<\/tr>\n<tr>\n<td width=\"16.0000%\">valeur de saponification<\/td>\n<td width=\"34.0000%\">90~105mgKOH\/g<\/td>\n<td width=\"12.0000%\">mati\u00e8re active<\/td>\n<td width=\"36.0000%\">\u226599%(wt%)<\/td>\n<\/tr>\n<tr>\n<td colspan=\"2\" width=\"51.0000%\">Performance et application :<\/p>\n<p>1. Ce produit est facilement dispers\u00e9 dans l'eau et soluble dans la plupart des solvants organiques.<\/p>\n<p>2. Ce produit est utilis\u00e9 comme composant A du SE, un agent d'\u00e9galisation pour la teinture \u00e0 haute temp\u00e9rature et \u00e0 haute pression des fibres de polyester. 3. Ce produit est utilis\u00e9 comme \u00e9mulsifiant dans des applications industrielles g\u00e9n\u00e9rales.<\/td>\n<td colspan=\"2\" width=\"49.0000%\">Performance et application :<\/p>\n<p>&nbsp;<\/p>\n<p>1. Ce produit est tr\u00e8s soluble dans l'eau et les solvants organiques courants, il r\u00e9siste aux acides et aux temp\u00e9ratures \u00e9lev\u00e9es et poss\u00e8de d'excellentes propri\u00e9t\u00e9s de dispersion, d'\u00e9mulsification et de nivellement.<\/p>\n<p>2. Ce produit est utilis\u00e9 comme composant B du SE, un agent d'\u00e9galisation pour la teinture \u00e0 haute temp\u00e9rature et \u00e0 haute pression des fibres de polyester. 3. Ce produit est utilis\u00e9 dans d'autres industries comme \u00e9mulsifiant, dispersant (dispersant de colophane) et agent de nettoyage.<\/td>\n<\/tr>\n<\/tbody>\n<\/table>\n<p>&nbsp;<\/p>\n<h4>Emballage et stockage<\/h4>\n<p>&nbsp;<\/p>\n<p>L'agent de nivellement SE est conditionn\u00e9 dans un f\u00fbt en plastique de 50 kg.<\/p>\n<p>L'agent de nivellement SE doit \u00eatre stock\u00e9 et transport\u00e9 conform\u00e9ment aux exigences de stockage et de transport des produits chimiques g\u00e9n\u00e9raux.<\/p>\n<p>Conserver dans un endroit sec et bien ventil\u00e9.<\/p>\n<p>Dur\u00e9e de conservation : deux ans.<\/p>","protected":false},"excerpt":{"rendered":"<p>Components\u00a0A Components\u00a0B Composition Glycerol ether oleate Composition Styrene phenol polyoxyethylene ether ammonium sulfate Ionic type Non-ionic type Ionic type Anionic type Technical indicators Technical indicators Appearance Pale yellow to brownish-yellow oily substance\uff0825\u2103\uff09 Appearance Pale yellow to brownish-yellow viscous substance\uff0825\u2103\uff09 Acid value \u226410mgKOH\/g pH value 4~6\uff081% aqueous solution\uff09 saponification value 90~105mgKOH\/g active matter \u226599%(wt%) Performance and [&hellip;]<\/p>\n","protected":false},"featured_media":4513,"template":"","meta":{"_seopress_robots_primary_cat":"","_seopress_titles_title":"","_seopress_titles_desc":"","_seopress_robots_index":"","_uag_custom_page_level_css":"","site-sidebar-layout":"default","site-content-layout":"","ast-site-content-layout":"default","site-content-style":"default","site-sidebar-style":"default","ast-global-header-display":"","ast-banner-title-visibility":"","ast-main-header-display":"","ast-hfb-above-header-display":"","ast-hfb-below-header-display":"","ast-hfb-mobile-header-display":"","site-post-title":"","ast-breadcrumbs-content":"","ast-featured-img":"","footer-sml-layout":"","theme-transparent-header-meta":"default","adv-header-id-meta":"","stick-header-meta":"default","header-above-stick-meta":"","header-main-stick-meta":"","header-below-stick-meta":"","astra-migrate-meta-layouts":"set","ast-page-background-enabled":"default","ast-page-background-meta":{"desktop":{"background-color":"","background-image":"","background-repeat":"repeat","background-position":"center center","background-size":"auto","background-attachment":"scroll","background-type":"","background-media":"","overlay-type":"","overlay-color":"","overlay-opacity":"","overlay-gradient":""},"tablet":{"background-color":"","background-image":"","background-repeat":"repeat","background-position":"center center","background-size":"auto","background-attachment":"scroll","background-type":"","background-media":"","overlay-type":"","overlay-color":"","overlay-opacity":"","overlay-gradient":""},"mobile":{"background-color":"","background-image":"","background-repeat":"repeat","background-position":"center center","background-size":"auto","background-attachment":"scroll","background-type":"","background-media":"","overlay-type":"","overlay-color":"","overlay-opacity":"","overlay-gradient":""}},"ast-content-background-meta":{"desktop":{"background-color":"var(--ast-global-color-5)","background-image":"","background-repeat":"repeat","background-position":"center center","background-size":"auto","background-attachment":"scroll","background-type":"","background-media":"","overlay-type":"","overlay-color":"","overlay-opacity":"","overlay-gradient":""},"tablet":{"background-color":"var(--ast-global-color-5)","background-image":"","background-repeat":"repeat","background-position":"center center","background-size":"auto","background-attachment":"scroll","background-type":"","background-media":"","overlay-type":"","overlay-color":"","overlay-opacity":"","overlay-gradient":""},"mobile":{"background-color":"var(--ast-global-color-5)","background-image":"","background-repeat":"repeat","background-position":"center center","background-size":"auto","background-attachment":"scroll","background-type":"","background-media":"","overlay-type":"","overlay-color":"","overlay-opacity":"","overlay-gradient":""}}},"product_brand":[],"product_cat":[69],"product_tag":[],"class_list":{"0":"post-4506","1":"product","2":"type-product","3":"status-publish","4":"has-post-thumbnail","6":"product_cat-daily-chemical-product","7":"desktop-align-left","8":"tablet-align-left","9":"mobile-align-left","10":"ast-product-gallery-layout-horizontal-slider","11":"ast-product-gallery-with-no-image","12":"ast-product-tabs-layout-horizontal","14":"first","15":"instock","16":"shipping-taxable","17":"product-type-simple"},"uagb_featured_image_src":{"full":["https:\/\/jinancuchem.com\/wp-content\/uploads\/2025\/07\/\u672a\u6807\u9898-1-36.jpg",800,800,false],"thumbnail":["https:\/\/jinancuchem.com\/wp-content\/uploads\/2025\/07\/\u672a\u6807\u9898-1-36-150x150.jpg",150,150,true],"medium":["https:\/\/jinancuchem.com\/wp-content\/uploads\/2025\/07\/\u672a\u6807\u9898-1-36-300x300.jpg",300,300,true],"medium_large":["https:\/\/jinancuchem.com\/wp-content\/uploads\/2025\/07\/\u672a\u6807\u9898-1-36-768x768.jpg",768,768,true],"large":["https:\/\/jinancuchem.com\/wp-content\/uploads\/2025\/07\/\u672a\u6807\u9898-1-36.jpg",800,800,false],"1536x1536":["https:\/\/jinancuchem.com\/wp-content\/uploads\/2025\/07\/\u672a\u6807\u9898-1-36.jpg",800,800,false],"2048x2048":["https:\/\/jinancuchem.com\/wp-content\/uploads\/2025\/07\/\u672a\u6807\u9898-1-36.jpg",800,800,false],"trp-custom-language-flag":["https:\/\/jinancuchem.com\/wp-content\/uploads\/2025\/07\/\u672a\u6807\u9898-1-36-12x12.jpg",12,12,true],"woocommerce_thumbnail":["https:\/\/jinancuchem.com\/wp-content\/uploads\/2025\/07\/\u672a\u6807\u9898-1-36-300x300.jpg",300,300,true],"woocommerce_single":["https:\/\/jinancuchem.com\/wp-content\/uploads\/2025\/07\/\u672a\u6807\u9898-1-36-500x500.jpg",500,500,true],"woocommerce_gallery_thumbnail":["https:\/\/jinancuchem.com\/wp-content\/uploads\/2025\/07\/\u672a\u6807\u9898-1-36-100x100.jpg",100,100,true]},"uagb_author_info":{"display_name":"jinxing6611@gmail.com","author_link":"https:\/\/jinancuchem.com\/fr\/author\/"},"uagb_comment_info":0,"uagb_excerpt":"Components\u00a0A Components\u00a0B Composition Glycerol ether oleate Composition Styrene phenol polyoxyethylene ether ammonium sulfate Ionic type Non-ionic type Ionic type Anionic type Technical indicators Technical indicators Appearance Pale yellow to brownish-yellow oily substance\uff0825\u2103\uff09 Appearance Pale yellow to brownish-yellow viscous substance\uff0825\u2103\uff09 Acid value \u226410mgKOH\/g pH value 4~6\uff081% aqueous solution\uff09 saponification value 90~105mgKOH\/g active matter \u226599%(wt%) Performance and\u2026","_links":{"self":[{"href":"https:\/\/jinancuchem.com\/fr\/wp-json\/wp\/v2\/product\/4506","targetHints":{"allow":["GET"]}}],"collection":[{"href":"https:\/\/jinancuchem.com\/fr\/wp-json\/wp\/v2\/product"}],"about":[{"href":"https:\/\/jinancuchem.com\/fr\/wp-json\/wp\/v2\/types\/product"}],"wp:featuredmedia":[{"embeddable":true,"href":"https:\/\/jinancuchem.com\/fr\/wp-json\/wp\/v2\/media\/4513"}],"wp:attachment":[{"href":"https:\/\/jinancuchem.com\/fr\/wp-json\/wp\/v2\/media?parent=4506"}],"wp:term":[{"taxonomy":"product_brand","embeddable":true,"href":"https:\/\/jinancuchem.com\/fr\/wp-json\/wp\/v2\/product_brand?post=4506"},{"taxonomy":"product_cat","embeddable":true,"href":"https:\/\/jinancuchem.com\/fr\/wp-json\/wp\/v2\/product_cat?post=4506"},{"taxonomy":"product_tag","embeddable":true,"href":"https:\/\/jinancuchem.com\/fr\/wp-json\/wp\/v2\/product_tag?post=4506"}],"curies":[{"name":"wp","href":"https:\/\/api.w.org\/{rel}","templated":true}]}}