{"id":4527,"date":"2025-07-25T06:19:56","date_gmt":"2025-07-25T06:19:56","guid":{"rendered":"https:\/\/jinancuchem.com\/?post_type=product&#038;p=4527"},"modified":"2025-07-25T06:19:56","modified_gmt":"2025-07-25T06:19:56","slug":"sodium-hydroxide-food-grade","status":"publish","type":"product","link":"https:\/\/jinancuchem.com\/fr\/produit\/sodium-hydroxide-food-grade\/","title":{"rendered":"Hydroxyde de sodium (qualit\u00e9 alimentaire)"},"content":{"rendered":"<p>\u3010CAS\u3011<br \/>\n1310-73-2<\/p>\n<p>\u3010Alias\u3011<br \/>\nSoude caustique\uff1bLye\uff1bHydrate de sodium<\/p>\n<p>\u3010Formule mol\u00e9culaire\u3011<br \/>\nNaOH<br \/>\n\u3010Structural Formula\u3011<img alt=\"\" decoding=\"async\" class=\"alignnone size-full wp-image-4530\" src=\"https:\/\/jinancuchem.com\/wp-content\/uploads\/2025\/07\/\u56fe\u724745.png\" width=\"172\" height=\"58\" srcset=\"https:\/\/jinancuchem.com\/wp-content\/uploads\/2025\/07\/\u56fe\u724745.png 172w, https:\/\/jinancuchem.com\/wp-content\/uploads\/2025\/07\/\u56fe\u724745-18x6.png 18w\" sizes=\"(max-width: 172px) 100vw, 172px\" \/><\/p>\n<h4><\/h4>\n<h4>1\u3001Propri\u00e9t\u00e9 du produit<\/h4>\n<p>L'hydroxyde de sodium de qualit\u00e9 alimentaire est un solide blanc, inodore (paillettes, granul\u00e9s ou poudre) tr\u00e8s corrosif et hygroscopique. Il se dissout exothermiquement dans l'eau, formant une solution alcaline forte. Il r\u00e9agit avec les acides, les graisses et les m\u00e9taux. Utilis\u00e9 dans l'industrie alimentaire, il doit r\u00e9pondre \u00e0 des normes de puret\u00e9 strictes afin de garantir sa s\u00e9curit\u00e9 pour la consommation humaine.<\/p>\n<h4><\/h4>\n<h4>2\u3001Normes de qualit\u00e9 (qualit\u00e9 alimentaire)<\/h4>\n<table>\n<tbody>\n<tr>\n<td>Param\u00e8tres<\/td>\n<td>Sp\u00e9cifications<\/td>\n<\/tr>\n<tr>\n<td>Apparence<\/td>\n<td>Flocons\/pellets\/poudre blancs<\/td>\n<\/tr>\n<tr>\n<td>Essai (NaOH)<\/td>\n<td>\u2265 97.0%<\/td>\n<\/tr>\n<tr>\n<td>Carbonate (Na\u2082CO\u2083)<\/td>\n<td>\u2264 2.0%<\/td>\n<\/tr>\n<tr>\n<td>Chlorure (Cl-)<\/td>\n<td>\u2264 0,03%<\/td>\n<\/tr>\n<tr>\n<td>M\u00e9taux lourds (Pb)<\/td>\n<td>\u2264 5 ppm<\/td>\n<\/tr>\n<tr>\n<td>Fer (Fe)<\/td>\n<td>\u2264 10 ppm<\/td>\n<\/tr>\n<tr>\n<td>Mati\u00e8res insolubles<\/td>\n<td>\u2264 0,1%<\/td>\n<\/tr>\n<\/tbody>\n<\/table>\n<h4>\n3\u3001Champ d'application et utilisation<\/h4>\n<p>L'hydroxyde de sodium de qualit\u00e9 alimentaire est largement utilis\u00e9 dans la transformation des aliments, notamment pour peler les fruits\/l\u00e9gumes, neutraliser les acides dans les huiles comestibles et nettoyer les conteneurs alimentaires. Il agit comme r\u00e9gulateur de pH dans les boissons et la modification de l'amidon. Dans la transformation des fruits de mer, il r\u00e9hydrate les produits s\u00e9ch\u00e9s, tandis qu'en boulangerie, il am\u00e9liore le brunissement (par exemple, les bretzels). Il contribue \u00e9galement \u00e0 la transformation du cacao et \u00e0 la production de caramel. Un contr\u00f4le strict du dosage est n\u00e9cessaire (g\u00e9n\u00e9ralement 0,1-2%) pour \u00e9viter l'alcalinit\u00e9 r\u00e9siduelle. Les utilisations industrielles comprennent les produits pharmaceutiques et les cosm\u00e9tiques, mais les applications alimentaires n\u00e9cessitent un NaOH de haute puret\u00e9 avec un minimum de m\u00e9taux lourds.<\/p>\n<h4><\/h4>\n<h4>4\u3001Emballage et stockage<\/h4>\n<p>L'hydroxyde de sodium de qualit\u00e9 alimentaire est conditionn\u00e9 dans des sacs tiss\u00e9s en poly\u00e9thyl\u00e8ne de 25 kg ou dans des f\u00fbts en HDPE pour \u00e9viter l'absorption d'humidit\u00e9. Pour les petites quantit\u00e9s, on utilise des bouteilles en plastique scell\u00e9es. Le stockage doit se faire dans un endroit frais, sec et ventil\u00e9 (&lt;25\u00b0C), \u00e0 l&#039;\u00e9cart des acides et des m\u00e9taux. Les conteneurs doivent \u00eatre herm\u00e9tiques pour \u00e9viter l&#039;absorption de CO\u2082, qui forme du carbonate de sodium. La dur\u00e9e de conservation est de 2 ans si le produit est stock\u00e9 correctement. Le transport n\u00e9cessite un emballage r\u00e9sistant \u00e0 la corrosion avec des \u00e9tiquettes &quot;Corrosif&quot;. Les d\u00e9versements doivent \u00eatre neutralis\u00e9s avec des acides faibles (par exemple, du vinaigre). Les travailleurs doivent porter des gants et des lunettes de protection en raison de la forte corrosivit\u00e9 du produit.<\/p>","protected":false},"excerpt":{"rendered":"<p>\u3010CAS\u3011 1310-73-2 \u3010Alias\u3011 Caustic Soda\uff1bLye\uff1bSodium Hydrate \u3010Molecular Formula\u3011 NaOH \u3010Structural Formula\u3011 1\u3001Product Property Food-grade sodium hydroxide is a white, odorless, solid (flakes, pellets, or powder) that is highly corrosive and hygroscopic. It dissolves exothermically in water, forming a strong alkaline solution. It reacts with acids, fats, and metals. Used in food processing, it must meet [&hellip;]<\/p>\n","protected":false},"featured_media":4537,"template":"","meta":{"_seopress_robots_primary_cat":"","_seopress_titles_title":"","_seopress_titles_desc":"","_seopress_robots_index":"","_uag_custom_page_level_css":"","site-sidebar-layout":"default","site-content-layout":"","ast-site-content-layout":"default","site-content-style":"default","site-sidebar-style":"default","ast-global-header-display":"","ast-banner-title-visibility":"","ast-main-header-display":"","ast-hfb-above-header-display":"","ast-hfb-below-header-display":"","ast-hfb-mobile-header-display":"","site-post-title":"","ast-breadcrumbs-content":"","ast-featured-img":"","footer-sml-layout":"","theme-transparent-header-meta":"default","adv-header-id-meta":"","stick-header-meta":"default","header-above-stick-meta":"","header-main-stick-meta":"","header-below-stick-meta":"","astra-migrate-meta-layouts":"set","ast-page-background-enabled":"default","ast-page-background-meta":{"desktop":{"background-color":"","background-image":"","background-repeat":"repeat","background-position":"center center","background-size":"auto","background-attachment":"scroll","background-type":"","background-media":"","overlay-type":"","overlay-color":"","overlay-opacity":"","overlay-gradient":""},"tablet":{"background-color":"","background-image":"","background-repeat":"repeat","background-position":"center center","background-size":"auto","background-attachment":"scroll","background-type":"","background-media":"","overlay-type":"","overlay-color":"","overlay-opacity":"","overlay-gradient":""},"mobile":{"background-color":"","background-image":"","background-repeat":"repeat","background-position":"center center","background-size":"auto","background-attachment":"scroll","background-type":"","background-media":"","overlay-type":"","overlay-color":"","overlay-opacity":"","overlay-gradient":""}},"ast-content-background-meta":{"desktop":{"background-color":"var(--ast-global-color-5)","background-image":"","background-repeat":"repeat","background-position":"center center","background-size":"auto","background-attachment":"scroll","background-type":"","background-media":"","overlay-type":"","overlay-color":"","overlay-opacity":"","overlay-gradient":""},"tablet":{"background-color":"var(--ast-global-color-5)","background-image":"","background-repeat":"repeat","background-position":"center center","background-size":"auto","background-attachment":"scroll","background-type":"","background-media":"","overlay-type":"","overlay-color":"","overlay-opacity":"","overlay-gradient":""},"mobile":{"background-color":"var(--ast-global-color-5)","background-image":"","background-repeat":"repeat","background-position":"center center","background-size":"auto","background-attachment":"scroll","background-type":"","background-media":"","overlay-type":"","overlay-color":"","overlay-opacity":"","overlay-gradient":""}}},"product_brand":[],"product_cat":[67],"product_tag":[],"class_list":{"0":"post-4527","1":"product","2":"type-product","3":"status-publish","4":"has-post-thumbnail","6":"product_cat-food-additives","7":"desktop-align-left","8":"tablet-align-left","9":"mobile-align-left","10":"ast-product-gallery-layout-horizontal-slider","11":"ast-product-gallery-with-no-image","12":"ast-product-tabs-layout-horizontal","14":"first","15":"instock","16":"shipping-taxable","17":"product-type-simple"},"uagb_featured_image_src":{"full":["https:\/\/jinancuchem.com\/wp-content\/uploads\/2025\/07\/45.png",800,800,false],"thumbnail":["https:\/\/jinancuchem.com\/wp-content\/uploads\/2025\/07\/45-150x150.png",150,150,true],"medium":["https:\/\/jinancuchem.com\/wp-content\/uploads\/2025\/07\/45-300x300.png",300,300,true],"medium_large":["https:\/\/jinancuchem.com\/wp-content\/uploads\/2025\/07\/45-768x768.png",768,768,true],"large":["https:\/\/jinancuchem.com\/wp-content\/uploads\/2025\/07\/45.png",800,800,false],"1536x1536":["https:\/\/jinancuchem.com\/wp-content\/uploads\/2025\/07\/45.png",800,800,false],"2048x2048":["https:\/\/jinancuchem.com\/wp-content\/uploads\/2025\/07\/45.png",800,800,false],"trp-custom-language-flag":["https:\/\/jinancuchem.com\/wp-content\/uploads\/2025\/07\/45-12x12.png",12,12,true],"woocommerce_thumbnail":["https:\/\/jinancuchem.com\/wp-content\/uploads\/2025\/07\/45-300x300.png",300,300,true],"woocommerce_single":["https:\/\/jinancuchem.com\/wp-content\/uploads\/2025\/07\/45-500x500.png",500,500,true],"woocommerce_gallery_thumbnail":["https:\/\/jinancuchem.com\/wp-content\/uploads\/2025\/07\/45-100x100.png",100,100,true]},"uagb_author_info":{"display_name":"jinxing6611@gmail.com","author_link":"https:\/\/jinancuchem.com\/fr\/author\/"},"uagb_comment_info":0,"uagb_excerpt":"\u3010CAS\u3011 1310-73-2 \u3010Alias\u3011 Caustic Soda\uff1bLye\uff1bSodium Hydrate \u3010Molecular Formula\u3011 NaOH \u3010Structural Formula\u3011 1\u3001Product Property Food-grade sodium hydroxide is a white, odorless, solid (flakes, pellets, or powder) that is highly corrosive and hygroscopic. It dissolves exothermically in water, forming a strong alkaline solution. It reacts with acids, fats, and metals. Used in food processing, it must meet\u2026","_links":{"self":[{"href":"https:\/\/jinancuchem.com\/fr\/wp-json\/wp\/v2\/product\/4527","targetHints":{"allow":["GET"]}}],"collection":[{"href":"https:\/\/jinancuchem.com\/fr\/wp-json\/wp\/v2\/product"}],"about":[{"href":"https:\/\/jinancuchem.com\/fr\/wp-json\/wp\/v2\/types\/product"}],"wp:featuredmedia":[{"embeddable":true,"href":"https:\/\/jinancuchem.com\/fr\/wp-json\/wp\/v2\/media\/4537"}],"wp:attachment":[{"href":"https:\/\/jinancuchem.com\/fr\/wp-json\/wp\/v2\/media?parent=4527"}],"wp:term":[{"taxonomy":"product_brand","embeddable":true,"href":"https:\/\/jinancuchem.com\/fr\/wp-json\/wp\/v2\/product_brand?post=4527"},{"taxonomy":"product_cat","embeddable":true,"href":"https:\/\/jinancuchem.com\/fr\/wp-json\/wp\/v2\/product_cat?post=4527"},{"taxonomy":"product_tag","embeddable":true,"href":"https:\/\/jinancuchem.com\/fr\/wp-json\/wp\/v2\/product_tag?post=4527"}],"curies":[{"name":"wp","href":"https:\/\/api.w.org\/{rel}","templated":true}]}}