{"id":4538,"date":"2025-07-25T06:21:39","date_gmt":"2025-07-25T06:21:39","guid":{"rendered":"https:\/\/jinancuchem.com\/?post_type=product&#038;p=4538"},"modified":"2025-07-25T06:21:39","modified_gmt":"2025-07-25T06:21:39","slug":"durability-anti-fouling-anti-static-agent-ha-66","status":"publish","type":"product","link":"https:\/\/jinancuchem.com\/fr\/produit\/durability-anti-fouling-anti-static-agent-ha-66\/","title":{"rendered":"Durabilit\u00e9 agent antisalissure\/antistatique ha-66"},"content":{"rendered":"<h4>1.Propri\u00e9t\u00e9 du produit<\/h4>\n<p>HA-66 est un agent de finition antisalissure et antistatique durable, particuli\u00e8rement adapt\u00e9 aux tissus en polyester pur et aux m\u00e9langes de polyester. Il peut transformer le polyester initialement hydrophobe\/hydrophile en fibres hydrophiles\/hydrophobes.<\/p>\n<p>&nbsp;<\/p>\n<h4>2.<\/h4>\n<p>&nbsp;<\/p>\n<table>\n<tbody>\n<tr>\n<td><strong><b>Param\u00e8tres<\/b><\/strong><\/td>\n<td><strong><b>Sp\u00e9cifications<\/b><\/strong><\/td>\n<\/tr>\n<tr>\n<td><strong><b>Contenu actif (%)<\/b><\/strong><\/td>\n<td>60.0 \u00b1 2.0<\/td>\n<\/tr>\n<tr>\n<td><strong><b>Nature ionique<\/b><\/strong><\/td>\n<td>M\u00e9lange non ionique\/cationique<\/td>\n<\/tr>\n<tr>\n<td><strong><b>pH (solution aqueuse de 5%)<\/b><\/strong><\/td>\n<td>5.0 &#8211; 7.0<\/td>\n<\/tr>\n<tr>\n<td><strong><b>Viscosit\u00e9 \u00e0 25\u00b0C (cP)<\/b><\/strong><\/td>\n<td>200 &#8211; 500<\/td>\n<\/tr>\n<tr>\n<td><strong><b>R\u00e9sistivit\u00e9 de la surface (\u03a9\/sq)<\/b><\/strong><\/td>\n<td>\u226410<sup>9<\/sup> (apr\u00e8s 10 lavages)<\/td>\n<\/tr>\n<tr>\n<td><strong><b>Taux de lib\u00e9ration des sols<\/b><\/strong><\/td>\n<td>\u22654 (AATCC 130) apr\u00e8s 20 lavages<\/td>\n<\/tr>\n<tr>\n<td><strong><b>Teneur en formald\u00e9hyde (ppm)<\/b><\/strong><\/td>\n<td>\u226420<\/td>\n<\/tr>\n<\/tbody>\n<\/table>\n<p>&nbsp;<\/p>\n<h4>3. Champ d'application et utilisation<\/h4>\n<p>Le HA-66 forme une enveloppe autour des fibres de polyester, modifiant les propri\u00e9t\u00e9s hydrophobes de la surface des fibres.<\/p>\n<p>Le HA-66 peut augmenter le pouvoir lubrifiant entre les fibres, facilitant ainsi le glissement des fibres les unes contre les autres. Ce ph\u00e9nom\u00e8ne est particuli\u00e8rement \u00e9vident dans la teinture intermittente du polyester pur et des m\u00e9langes de polyester.<\/p>\n<p>Le HA-66 peut \u00eatre consid\u00e9r\u00e9 comme un excellent lubrifiant antirides.<\/p>\n<p>&nbsp;<\/p>\n<h4>4. l'emballage et le stockage<\/h4>\n<p>&nbsp;<\/p>\n<p>50 kilogrammes de plastique dans un tonneau.<\/p>\n<p>Conform\u00e9ment au stockage et au transport des produits chimiques g\u00e9n\u00e9raux.<\/p>\n<p>Conserver dans un endroit sec et bien ventil\u00e9.<\/p>\n<p>Dur\u00e9e de conservation : deux ans.<\/p>","protected":false},"excerpt":{"rendered":"<p>1.Product Property HA-66 is a durable anti-fouling and anti-static finishing agent, especially suitable for pure polyester fabrics and polyester blends. It can transform the originally hydrophobic\/hydrophilic polyester into hydrophilic\/hydrophobic fibers. &nbsp; 2. &nbsp; Parameter Specification Active Content (%) 60.0 \u00b1 2.0 Ionic Nature Nonionic\/Cationic blend pH (5% aqueous solution) 5.0 &#8211; 7.0 Viscosity @25\u00b0C (cP) [&hellip;]<\/p>\n","protected":false},"featured_media":4542,"template":"","meta":{"_seopress_robots_primary_cat":"","_seopress_titles_title":"","_seopress_titles_desc":"","_seopress_robots_index":"","_uag_custom_page_level_css":"","site-sidebar-layout":"default","site-content-layout":"","ast-site-content-layout":"default","site-content-style":"default","site-sidebar-style":"default","ast-global-header-display":"","ast-banner-title-visibility":"","ast-main-header-display":"","ast-hfb-above-header-display":"","ast-hfb-below-header-display":"","ast-hfb-mobile-header-display":"","site-post-title":"","ast-breadcrumbs-content":"","ast-featured-img":"","footer-sml-layout":"","theme-transparent-header-meta":"default","adv-header-id-meta":"","stick-header-meta":"default","header-above-stick-meta":"","header-main-stick-meta":"","header-below-stick-meta":"","astra-migrate-meta-layouts":"set","ast-page-background-enabled":"default","ast-page-background-meta":{"desktop":{"background-color":"","background-image":"","background-repeat":"repeat","background-position":"center center","background-size":"auto","background-attachment":"scroll","background-type":"","background-media":"","overlay-type":"","overlay-color":"","overlay-opacity":"","overlay-gradient":""},"tablet":{"background-color":"","background-image":"","background-repeat":"repeat","background-position":"center center","background-size":"auto","background-attachment":"scroll","background-type":"","background-media":"","overlay-type":"","overlay-color":"","overlay-opacity":"","overlay-gradient":""},"mobile":{"background-color":"","background-image":"","background-repeat":"repeat","background-position":"center center","background-size":"auto","background-attachment":"scroll","background-type":"","background-media":"","overlay-type":"","overlay-color":"","overlay-opacity":"","overlay-gradient":""}},"ast-content-background-meta":{"desktop":{"background-color":"var(--ast-global-color-5)","background-image":"","background-repeat":"repeat","background-position":"center center","background-size":"auto","background-attachment":"scroll","background-type":"","background-media":"","overlay-type":"","overlay-color":"","overlay-opacity":"","overlay-gradient":""},"tablet":{"background-color":"var(--ast-global-color-5)","background-image":"","background-repeat":"repeat","background-position":"center center","background-size":"auto","background-attachment":"scroll","background-type":"","background-media":"","overlay-type":"","overlay-color":"","overlay-opacity":"","overlay-gradient":""},"mobile":{"background-color":"var(--ast-global-color-5)","background-image":"","background-repeat":"repeat","background-position":"center center","background-size":"auto","background-attachment":"scroll","background-type":"","background-media":"","overlay-type":"","overlay-color":"","overlay-opacity":"","overlay-gradient":""}}},"product_brand":[],"product_cat":[69],"product_tag":[],"class_list":{"0":"post-4538","1":"product","2":"type-product","3":"status-publish","4":"has-post-thumbnail","6":"product_cat-daily-chemical-product","7":"desktop-align-left","8":"tablet-align-left","9":"mobile-align-left","10":"ast-product-gallery-layout-horizontal-slider","11":"ast-product-gallery-with-no-image","12":"ast-product-tabs-layout-horizontal","14":"first","15":"instock","16":"shipping-taxable","17":"product-type-simple"},"uagb_featured_image_src":{"full":["https:\/\/jinancuchem.com\/wp-content\/uploads\/2025\/07\/\u672a\u6807\u9898-1-40.jpg",800,800,false],"thumbnail":["https:\/\/jinancuchem.com\/wp-content\/uploads\/2025\/07\/\u672a\u6807\u9898-1-40-150x150.jpg",150,150,true],"medium":["https:\/\/jinancuchem.com\/wp-content\/uploads\/2025\/07\/\u672a\u6807\u9898-1-40-300x300.jpg",300,300,true],"medium_large":["https:\/\/jinancuchem.com\/wp-content\/uploads\/2025\/07\/\u672a\u6807\u9898-1-40-768x768.jpg",768,768,true],"large":["https:\/\/jinancuchem.com\/wp-content\/uploads\/2025\/07\/\u672a\u6807\u9898-1-40.jpg",800,800,false],"1536x1536":["https:\/\/jinancuchem.com\/wp-content\/uploads\/2025\/07\/\u672a\u6807\u9898-1-40.jpg",800,800,false],"2048x2048":["https:\/\/jinancuchem.com\/wp-content\/uploads\/2025\/07\/\u672a\u6807\u9898-1-40.jpg",800,800,false],"trp-custom-language-flag":["https:\/\/jinancuchem.com\/wp-content\/uploads\/2025\/07\/\u672a\u6807\u9898-1-40-12x12.jpg",12,12,true],"woocommerce_thumbnail":["https:\/\/jinancuchem.com\/wp-content\/uploads\/2025\/07\/\u672a\u6807\u9898-1-40-300x300.jpg",300,300,true],"woocommerce_single":["https:\/\/jinancuchem.com\/wp-content\/uploads\/2025\/07\/\u672a\u6807\u9898-1-40-500x500.jpg",500,500,true],"woocommerce_gallery_thumbnail":["https:\/\/jinancuchem.com\/wp-content\/uploads\/2025\/07\/\u672a\u6807\u9898-1-40-100x100.jpg",100,100,true]},"uagb_author_info":{"display_name":"jinxing6611@gmail.com","author_link":"https:\/\/jinancuchem.com\/fr\/author\/"},"uagb_comment_info":0,"uagb_excerpt":"1.Product Property HA-66 is a durable anti-fouling and anti-static finishing agent, especially suitable for pure polyester fabrics and polyester blends. It can transform the originally hydrophobic\/hydrophilic polyester into hydrophilic\/hydrophobic fibers. &nbsp; 2. &nbsp; Parameter Specification Active Content (%) 60.0 \u00b1 2.0 Ionic Nature Nonionic\/Cationic blend pH (5% aqueous solution) 5.0 &#8211; 7.0 Viscosity @25\u00b0C (cP)\u2026","_links":{"self":[{"href":"https:\/\/jinancuchem.com\/fr\/wp-json\/wp\/v2\/product\/4538","targetHints":{"allow":["GET"]}}],"collection":[{"href":"https:\/\/jinancuchem.com\/fr\/wp-json\/wp\/v2\/product"}],"about":[{"href":"https:\/\/jinancuchem.com\/fr\/wp-json\/wp\/v2\/types\/product"}],"wp:featuredmedia":[{"embeddable":true,"href":"https:\/\/jinancuchem.com\/fr\/wp-json\/wp\/v2\/media\/4542"}],"wp:attachment":[{"href":"https:\/\/jinancuchem.com\/fr\/wp-json\/wp\/v2\/media?parent=4538"}],"wp:term":[{"taxonomy":"product_brand","embeddable":true,"href":"https:\/\/jinancuchem.com\/fr\/wp-json\/wp\/v2\/product_brand?post=4538"},{"taxonomy":"product_cat","embeddable":true,"href":"https:\/\/jinancuchem.com\/fr\/wp-json\/wp\/v2\/product_cat?post=4538"},{"taxonomy":"product_tag","embeddable":true,"href":"https:\/\/jinancuchem.com\/fr\/wp-json\/wp\/v2\/product_tag?post=4538"}],"curies":[{"name":"wp","href":"https:\/\/api.w.org\/{rel}","templated":true}]}}