{"id":4549,"date":"2025-07-25T06:26:32","date_gmt":"2025-07-25T06:26:32","guid":{"rendered":"https:\/\/jinancuchem.com\/?post_type=product&#038;p=4549"},"modified":"2025-07-25T06:26:32","modified_gmt":"2025-07-25T06:26:32","slug":"anionic-pretreated-surfactants","status":"publish","type":"product","link":"https:\/\/jinancuchem.com\/fr\/produit\/anionic-pretreated-surfactants\/","title":{"rendered":"Agents de surface anioniques pr\u00e9trait\u00e9s"},"content":{"rendered":"<table>\n<tbody>\n<tr>\n<td width=\"101\"><strong><b>sp\u00e9cification<\/b><\/strong><\/td>\n<td width=\"148\"><strong><b>apparence<\/b><\/strong><strong><b><br \/>\n<\/b><\/strong><strong><b>\uff0825\u2103\uff09<\/b><\/strong><\/td>\n<td width=\"94\"><strong><b>Valeur du pH <\/b><\/strong><\/p>\n<p><strong><b>(solution aqueuse de 1%)<\/b><\/strong><\/td>\n<td width=\"80\"><strong><b>Contenu<\/b><\/strong><\/td>\n<td width=\"145\"><strong><b>force d'infiltration<\/b><\/strong><\/td>\n<td width=\"119\"><strong><b>R\u00e9sistance aux alcalis<\/b><\/strong><\/td>\n<\/tr>\n<tr>\n<td width=\"101\">OEP-98<\/td>\n<td width=\"148\">Liquide visqueux transparent jaune clair<\/td>\n<td width=\"94\">\u22643<\/td>\n<td width=\"80\">\u226598%<\/td>\n<td width=\"145\">6\uff5e8s \uff085g\/L\uff0c100gNaOH\/L\uff09<\/td>\n<td width=\"119\">250gNaOH\/LPas de d\u00e9versement d'huile<\/td>\n<\/tr>\n<tr>\n<td width=\"101\">TEP<\/td>\n<td width=\"148\">Liquide visqueux transparent jaune clair<\/td>\n<td width=\"94\">\u22643<\/td>\n<td width=\"80\">\u226598%<\/td>\n<td width=\"145\">\u226460s \uff085g\/L\uff0c100gNaOH\/L\uff09<\/td>\n<td width=\"119\">-<\/td>\n<\/tr>\n<tr>\n<td width=\"101\">RP-98<\/td>\n<td width=\"148\">&nbsp;<\/p>\n<p>Liquide visqueux transparent jaune clair<\/td>\n<td width=\"94\">\u22643<\/td>\n<td width=\"80\">\u226598%<\/td>\n<td width=\"145\">\u22645s \uff085g\/L\uff0c25\u2103\uff0cneutral\uff09<\/td>\n<td width=\"119\">-<\/td>\n<\/tr>\n<tr>\n<td width=\"101\">KT-08<\/td>\n<td width=\"148\">P\u00e2te blanche \u00e0 jaune<\/td>\n<td width=\"94\">5\uff5e8<\/td>\n<td width=\"80\">70\u00b12%<\/td>\n<td width=\"145\">\u22645s \uff085g\/L\uff0c280gNaOH\/L\uff09<\/td>\n<td width=\"119\">\u2265250gNaOH\/L<\/td>\n<\/tr>\n<tr>\n<td width=\"101\">OES-70<\/td>\n<td width=\"148\">&nbsp;<\/p>\n<p>Substance p\u00e2teuse jaune clair<\/td>\n<td width=\"94\">5\uff5e8<\/td>\n<td width=\"80\">70\u00b12%<\/td>\n<td width=\"145\">\u22645s \uff085g\/L\uff0c200gNaOH\/L\uff09<\/td>\n<td width=\"119\">\u2265200gNaOH\/L<\/td>\n<\/tr>\n<tr>\n<td width=\"101\">OEA<\/td>\n<td width=\"148\">&nbsp;<\/p>\n<p>Substance p\u00e2teuse jaune clair<\/td>\n<td width=\"94\">5\uff5e8<\/td>\n<td width=\"80\">\u226560%<\/td>\n<td width=\"145\">\u22645s \uff085g\/L\uff0c25\u2103\uff09<\/td>\n<td width=\"119\">\u2265150gNaOH\/L<\/td>\n<\/tr>\n<tr>\n<td width=\"101\">OASE<\/td>\n<td width=\"148\">&nbsp;<\/p>\n<p>Substance p\u00e2teuse jaune clair<\/td>\n<td width=\"94\">5\uff5e8<\/td>\n<td width=\"80\">\u226560%<\/td>\n<td width=\"145\">\u22645s \uff085g\/L\uff0c25\u2103\uff09<\/td>\n<td width=\"119\">\u2265180gNaOH\/L<\/td>\n<\/tr>\n<\/tbody>\n<\/table>\n<h4>\nOEP-98<\/h4>\n<p>&nbsp;<\/p>\n<p>1 Ce produit pr\u00e9sente de fortes capacit\u00e9s de d\u00e9graissage, d'\u00e9mulsification, de dispersion, de p\u00e9n\u00e9tration et de nettoyage dans des conditions alcalines, il est r\u00e9sistant \u00e0 l'oxydation et aux agents r\u00e9ducteurs et pr\u00e9sente une bonne stabilit\u00e9 face au peroxyde d'hydrog\u00e8ne.<\/p>\n<ol start=\"2\">\n<li>Ce produit est principalement utilis\u00e9 pour la production d'agents de raffinage anti-alcalins et de p\u00e9n\u00e9trants pour le finissage de la soie, entre autres auxiliaires d'impression et de teinture.<\/li>\n<\/ol>\n<h4>TEP<\/h4>\n<p>&nbsp;<\/p>\n<p>1 Ce produit poss\u00e8de un pouvoir de p\u00e9n\u00e9tration extr\u00eamement puissant dans des conditions fortement alcalines et \u00e0 haute temp\u00e9rature. Il poss\u00e8de d'excellentes fonctions d'\u00e9mulsification, d'\u00e9limination de l'huile et de lavage. Au cours du processus de blanchiment avec de l'alcali et de l'oxyg\u00e8ne, il peut rapidement \u00e9mulsifier et \u00e9liminer le mat\u00e9riau de la p\u00e2te, ce qui am\u00e9liore consid\u00e9rablement le rendement des fibres.<\/p>\n<ol start=\"2\">\n<li>Il peut \u00eatre compos\u00e9 avec OEP-70, OASE, RP98, etc. pour former un agent de finition efficace et hautement r\u00e9sistant aux alcalis. Il est principalement utilis\u00e9 dans la production de p\u00e9n\u00e9trants, d'agents de finition et de d\u00e9tergents.<\/li>\n<\/ol>\n<h4>RP-98<\/h4>\n<p>&nbsp;<\/p>\n<p>1 Ce produit poss\u00e8de des capacit\u00e9s de mouillage, d'\u00e9mulsification et de dispersion extr\u00eamement fortes dans des conditions neutres. Il est principalement utilis\u00e9 dans la production de p\u00e9n\u00e9trants et d'agents mouillants. Dans le processus de blanchiment au sulfite de sodium, il inhibe l'agr\u00e9gation d'autres agents de surface et emp\u00eache la formation de taches blanches.<\/p>\n<h4>KT-08 OES-70<\/h4>\n<p>&nbsp;<\/p>\n<p>Ce produit ne contient pas de phosphore et est respectueux de l'environnement. Il n'a pas d'activit\u00e9 de surface dans des conditions neutres et poss\u00e8de un pouvoir de p\u00e9n\u00e9tration extr\u00eamement fort dans des solutions alcalines concentr\u00e9es. Il est particuli\u00e8rement adapt\u00e9 \u00e0 la fabrication de p\u00e9n\u00e9trants pour le lavage de la soie ou d'agents de finition anti-strong-alcalins.<\/p>\n<h4>OAS OASE<\/h4>\n<p>&nbsp;<\/p>\n<ol>\n<li>Ce produit ne contient pas de phosphore et est respectueux de l'environnement. Il est soluble dans l'eau (alcaline) et a une activit\u00e9 de surface dans des conditions neutres et alcalines. Il poss\u00e8de \u00e9galement de fortes capacit\u00e9s de p\u00e9n\u00e9tration, de dispersion, d'\u00e9mulsification et de nettoyage \u00e0 des temp\u00e9ratures \u00e9lev\u00e9es et dans des solutions alcalines concentr\u00e9es (ses diverses propri\u00e9t\u00e9s ont d\u00e9pass\u00e9 celles du sulfonate d'alkyle secondaire de sodium).<\/li>\n<li>Ce produit ne n\u00e9cessite pas l'ajout de tensioactifs de type ester de phosphate pour am\u00e9liorer sa r\u00e9sistance aux alcalis. Utilis\u00e9 seul dans le processus de pr\u00e9traitement, il permet d'obtenir d'excellents r\u00e9sultats de raffinage.<\/li>\n<li>Lorsque ce produit est associ\u00e9 \u00e0 des agents de surface non ioniques, il permet d'obtenir un co\u00fbt de produit satisfaisant, une excellente apparence, une excellente capacit\u00e9 de p\u00e9n\u00e9tration, une excellente r\u00e9sistance aux alcalis et un bon lustre des tissus.<\/li>\n<li>Comme ce produit ne contient pas de phosphore, il peut \u00eatre utilis\u00e9 pour fabriquer des agents de raffinage et des agents p\u00e9n\u00e9trants tr\u00e8s efficaces et respectueux de l'environnement pour les processus d'impression et de teinture.<\/li>\n<\/ol>\n<p>Emballage et stockage<\/p>\n<p>Emballage en baril de plastique de 50 kg.<\/p>\n<p>Conform\u00e9ment au stockage et au transport des produits chimiques g\u00e9n\u00e9raux.<\/p>\n<p>Conserver dans un endroit sec et bien ventil\u00e9.<\/p>\n<p>Dur\u00e9e de conservation : deux ans.<\/p>\n<p>&nbsp;<\/p>","protected":false},"excerpt":{"rendered":"<p>specification appearance \uff0825\u2103\uff09 pH value (1% aqueous solution) Content seepage force Alkali resistance OEP-98 Light yellow transparent viscous liquid \u22643 \u226598% 6\uff5e8s\u00a0\uff085g\/L\uff0c100gNaOH\/L\uff09 250gNaOH\/LNo oil spill TEP Light yellow transparent viscous liquid \u22643 \u226598% \u226460s\u00a0\uff085g\/L\uff0c100gNaOH\/L\uff09 \u2014 RP-98 &nbsp; Light yellow transparent viscous liquid \u22643 \u226598% \u22645s\u00a0\uff085g\/L\uff0c25\u2103\uff0cneutral\uff09 \u2014 KT-08 White to yellow paste 5\uff5e8 70\u00b12% \u22645s\u00a0\uff085g\/L\uff0c280gNaOH\/L\uff09 \u2265250gNaOH\/L [&hellip;]<\/p>\n","protected":false},"featured_media":4557,"template":"","meta":{"_seopress_robots_primary_cat":"","_seopress_titles_title":"","_seopress_titles_desc":"","_seopress_robots_index":"","_uag_custom_page_level_css":"","site-sidebar-layout":"default","site-content-layout":"","ast-site-content-layout":"default","site-content-style":"default","site-sidebar-style":"default","ast-global-header-display":"","ast-banner-title-visibility":"","ast-main-header-display":"","ast-hfb-above-header-display":"","ast-hfb-below-header-display":"","ast-hfb-mobile-header-display":"","site-post-title":"","ast-breadcrumbs-content":"","ast-featured-img":"","footer-sml-layout":"","theme-transparent-header-meta":"default","adv-header-id-meta":"","stick-header-meta":"default","header-above-stick-meta":"","header-main-stick-meta":"","header-below-stick-meta":"","astra-migrate-meta-layouts":"set","ast-page-background-enabled":"default","ast-page-background-meta":{"desktop":{"background-color":"","background-image":"","background-repeat":"repeat","background-position":"center center","background-size":"auto","background-attachment":"scroll","background-type":"","background-media":"","overlay-type":"","overlay-color":"","overlay-opacity":"","overlay-gradient":""},"tablet":{"background-color":"","background-image":"","background-repeat":"repeat","background-position":"center center","background-size":"auto","background-attachment":"scroll","background-type":"","background-media":"","overlay-type":"","overlay-color":"","overlay-opacity":"","overlay-gradient":""},"mobile":{"background-color":"","background-image":"","background-repeat":"repeat","background-position":"center center","background-size":"auto","background-attachment":"scroll","background-type":"","background-media":"","overlay-type":"","overlay-color":"","overlay-opacity":"","overlay-gradient":""}},"ast-content-background-meta":{"desktop":{"background-color":"var(--ast-global-color-5)","background-image":"","background-repeat":"repeat","background-position":"center center","background-size":"auto","background-attachment":"scroll","background-type":"","background-media":"","overlay-type":"","overlay-color":"","overlay-opacity":"","overlay-gradient":""},"tablet":{"background-color":"var(--ast-global-color-5)","background-image":"","background-repeat":"repeat","background-position":"center center","background-size":"auto","background-attachment":"scroll","background-type":"","background-media":"","overlay-type":"","overlay-color":"","overlay-opacity":"","overlay-gradient":""},"mobile":{"background-color":"var(--ast-global-color-5)","background-image":"","background-repeat":"repeat","background-position":"center center","background-size":"auto","background-attachment":"scroll","background-type":"","background-media":"","overlay-type":"","overlay-color":"","overlay-opacity":"","overlay-gradient":""}}},"product_brand":[],"product_cat":[69],"product_tag":[],"class_list":{"0":"post-4549","1":"product","2":"type-product","3":"status-publish","4":"has-post-thumbnail","6":"product_cat-daily-chemical-product","7":"desktop-align-left","8":"tablet-align-left","9":"mobile-align-left","10":"ast-product-gallery-layout-horizontal-slider","11":"ast-product-gallery-with-no-image","12":"ast-product-tabs-layout-horizontal","14":"first","15":"instock","16":"shipping-taxable","17":"product-type-simple"},"uagb_featured_image_src":{"full":["https:\/\/jinancuchem.com\/wp-content\/uploads\/2025\/07\/\u672a\u6807\u9898-1-41.jpg",800,800,false],"thumbnail":["https:\/\/jinancuchem.com\/wp-content\/uploads\/2025\/07\/\u672a\u6807\u9898-1-41-150x150.jpg",150,150,true],"medium":["https:\/\/jinancuchem.com\/wp-content\/uploads\/2025\/07\/\u672a\u6807\u9898-1-41-300x300.jpg",300,300,true],"medium_large":["https:\/\/jinancuchem.com\/wp-content\/uploads\/2025\/07\/\u672a\u6807\u9898-1-41-768x768.jpg",768,768,true],"large":["https:\/\/jinancuchem.com\/wp-content\/uploads\/2025\/07\/\u672a\u6807\u9898-1-41.jpg",800,800,false],"1536x1536":["https:\/\/jinancuchem.com\/wp-content\/uploads\/2025\/07\/\u672a\u6807\u9898-1-41.jpg",800,800,false],"2048x2048":["https:\/\/jinancuchem.com\/wp-content\/uploads\/2025\/07\/\u672a\u6807\u9898-1-41.jpg",800,800,false],"trp-custom-language-flag":["https:\/\/jinancuchem.com\/wp-content\/uploads\/2025\/07\/\u672a\u6807\u9898-1-41-12x12.jpg",12,12,true],"woocommerce_thumbnail":["https:\/\/jinancuchem.com\/wp-content\/uploads\/2025\/07\/\u672a\u6807\u9898-1-41-300x300.jpg",300,300,true],"woocommerce_single":["https:\/\/jinancuchem.com\/wp-content\/uploads\/2025\/07\/\u672a\u6807\u9898-1-41-500x500.jpg",500,500,true],"woocommerce_gallery_thumbnail":["https:\/\/jinancuchem.com\/wp-content\/uploads\/2025\/07\/\u672a\u6807\u9898-1-41-100x100.jpg",100,100,true]},"uagb_author_info":{"display_name":"jinxing6611@gmail.com","author_link":"https:\/\/jinancuchem.com\/fr\/author\/"},"uagb_comment_info":0,"uagb_excerpt":"specification appearance \uff0825\u2103\uff09 pH value (1% aqueous solution) Content seepage force Alkali resistance OEP-98 Light yellow transparent viscous liquid \u22643 \u226598% 6\uff5e8s\u00a0\uff085g\/L\uff0c100gNaOH\/L\uff09 250gNaOH\/LNo oil spill TEP Light yellow transparent viscous liquid \u22643 \u226598% \u226460s\u00a0\uff085g\/L\uff0c100gNaOH\/L\uff09 \u2014 RP-98 &nbsp; Light yellow transparent viscous liquid \u22643 \u226598% \u22645s\u00a0\uff085g\/L\uff0c25\u2103\uff0cneutral\uff09 \u2014 KT-08 White to yellow paste 5\uff5e8 70\u00b12% \u22645s\u00a0\uff085g\/L\uff0c280gNaOH\/L\uff09 \u2265250gNaOH\/L\u2026","_links":{"self":[{"href":"https:\/\/jinancuchem.com\/fr\/wp-json\/wp\/v2\/product\/4549","targetHints":{"allow":["GET"]}}],"collection":[{"href":"https:\/\/jinancuchem.com\/fr\/wp-json\/wp\/v2\/product"}],"about":[{"href":"https:\/\/jinancuchem.com\/fr\/wp-json\/wp\/v2\/types\/product"}],"wp:featuredmedia":[{"embeddable":true,"href":"https:\/\/jinancuchem.com\/fr\/wp-json\/wp\/v2\/media\/4557"}],"wp:attachment":[{"href":"https:\/\/jinancuchem.com\/fr\/wp-json\/wp\/v2\/media?parent=4549"}],"wp:term":[{"taxonomy":"product_brand","embeddable":true,"href":"https:\/\/jinancuchem.com\/fr\/wp-json\/wp\/v2\/product_brand?post=4549"},{"taxonomy":"product_cat","embeddable":true,"href":"https:\/\/jinancuchem.com\/fr\/wp-json\/wp\/v2\/product_cat?post=4549"},{"taxonomy":"product_tag","embeddable":true,"href":"https:\/\/jinancuchem.com\/fr\/wp-json\/wp\/v2\/product_tag?post=4549"}],"curies":[{"name":"wp","href":"https:\/\/api.w.org\/{rel}","templated":true}]}}