{"id":4558,"date":"2025-07-25T06:29:06","date_gmt":"2025-07-25T06:29:06","guid":{"rendered":"https:\/\/jinancuchem.com\/?post_type=product&#038;p=4558"},"modified":"2025-07-25T06:29:07","modified_gmt":"2025-07-25T06:29:07","slug":"multi-functional-dispersing-chelating-agent-ha-al","status":"publish","type":"product","link":"https:\/\/jinancuchem.com\/fr\/produit\/multi-functional-dispersing-chelating-agent-ha-al\/","title":{"rendered":"Agent ch\u00e9lateur dispersant multifonctionnel HA-AL"},"content":{"rendered":"<h4>1.Propri\u00e9t\u00e9 du produit<\/h4>\n<p>Le HA-AL peut servir de collo\u00efde protecteur et d'agent complexant dans le processus de teinture des fibres de cellulose et des tissus m\u00e9lang\u00e9s polyester\/fibres de cellulose. Il peut emp\u00eacher la pr\u00e9cipitation pendant la teinture du tissu de base due \u00e0 l'eau dure et \u00e0 d'autres impuret\u00e9s, et peut \u00eatre utilis\u00e9 dans le pr\u00e9traitement de l'\u00e9bullition.<\/p>\n<p>Ce produit est diff\u00e9rent des agents d'eau douce ordinaires. Pendant la teinture, il ne r\u00e9agit pas avec les ions m\u00e9talliques du colorant et ne provoque pas de changements dans l'intensit\u00e9 de la couleur. Il peut \u00eatre utilis\u00e9 comme agent actif de d\u00e9capage des teintures, et son effet est plus \u00e9vident dans les couleurs indigo et magenta.<\/p>\n<h4>2.<\/h4>\n<p>&nbsp;<\/p>\n<table>\n<tbody>\n<tr>\n<td><strong><b>Param\u00e8tres<\/b><\/strong><\/td>\n<td width=\"319\"><strong><b>Sp\u00e9cifications<\/b><\/strong><\/td>\n<\/tr>\n<tr>\n<td><strong><b>Apparence<\/b><\/strong><\/td>\n<td width=\"319\">Liquide clair et ambr\u00e9<\/td>\n<\/tr>\n<tr>\n<td><strong><b>Contenu actif (%)<\/b><\/strong><\/td>\n<td width=\"319\">40.0 \u00b1 2.0<\/td>\n<\/tr>\n<tr>\n<td><strong><b>pH (solution aqueuse de 1%)<\/b><\/strong><\/td>\n<td width=\"319\">9.0 &#8211; 11.0<\/td>\n<\/tr>\n<tr>\n<td><strong><b>Viscosit\u00e9 \u00e0 25\u00b0C (cP)<\/b><\/strong><\/td>\n<td width=\"319\">50 &#8211; 200<\/td>\n<\/tr>\n<tr>\n<td><strong><b>Densit\u00e9 \u00e0 20\u00b0C (g\/cm\u00b3)<\/b><\/strong><\/td>\n<td width=\"319\">1.15 &#8211; 1.25<\/td>\n<\/tr>\n<tr>\n<td><strong><b>Valeur ch\u00e9latante (mg CaCO\u2083\/g)<\/b><\/strong><\/td>\n<td width=\"319\">\u2265300<\/td>\n<\/tr>\n<tr>\n<td><strong><b>Stabilit\u00e9 de la dispersion<\/b><\/strong><\/td>\n<td width=\"319\">S\u00e9diment \u22645% (24h, 50\u00b0C)<\/td>\n<\/tr>\n<\/tbody>\n<\/table>\n<p>&nbsp;<\/p>\n<h4>3. Champ d'application et utilisation<\/h4>\n<p>&nbsp;<\/p>\n<p>Teinture d'un tissu m\u00e9lang\u00e9 polyester-coton<\/p>\n<p>Habituellement, apr\u00e8s la teinture de la partie polyester du tissu de base, les impuret\u00e9s du coton dissoutes dans le milieu acide ont tendance \u00e0 former des pr\u00e9cipit\u00e9s dans la cuve de teinture alcaline qui suit.<\/p>\n<p>Colorants de r\u00e9duction pour la teinture des tissus de coton<\/p>\n<p>Comme ce produit a un effet collo\u00efdal protecteur dans les solutions alcalines de colorants et qu'il a un effet complexant important sur les ions m\u00e9talliques tels que le calcium et le magn\u00e9sium, il convient parfaitement \u00e0 la teinture des tissus en coton avec des colorants r\u00e9ducteurs.<\/p>\n<p>Teinture des tissus de coton avec des colorants r\u00e9actifs<\/p>\n<p>Lors de l'utilisation de colorants r\u00e9actifs pour la teinture, divers agents complexants de type acide \u00e9thyl\u00e8nediaminet\u00e9traac\u00e9tique ne peuvent pas \u00eatre utilis\u00e9s car ils peuvent dissoudre les ions m\u00e9talliques d\u00e9j\u00e0 complex\u00e9s de nombreux colorants, r\u00e9duisant ainsi la solidit\u00e9 de la couleur du tissu teint. Au contraire, le ha-al n'interf\u00e8re pas avec les colorants complex\u00e9s aux m\u00e9taux, il peut donc \u00eatre utilis\u00e9 \u00e0 la m\u00eame concentration \u00e0 la place des polyphosphates au cours du processus de teinture r\u00e9active.<\/p>\n<p>&nbsp;<\/p>\n<h4>4. l'emballage et le stockage<\/h4>\n<p>&nbsp;<\/p>\n<p>HA-AL est conditionn\u00e9 dans un conteneur en plastique de 50 kg.<\/p>\n<p>Ce produit HA-AL est ininflammable et peut \u00eatre stock\u00e9 et transport\u00e9 comme des produits chimiques ordinaires.<\/p>\n<p>Conserver dans un endroit sec et bien ventil\u00e9.<\/p>\n<p>Dur\u00e9e de conservation : deux ans.<\/p>","protected":false},"excerpt":{"rendered":"<p>1.Product Property HA-AL can serve as a protective colloid and complexing agent in the dyeing process of cellulose fibers and polyester\/cellulose fiber blended fabrics. It can prevent precipitation during the dyeing of the base fabric due to hard water and other impurities, and can be used in the pre-treatment of boiling. This product is different [&hellip;]<\/p>\n","protected":false},"featured_media":4566,"template":"","meta":{"_seopress_robots_primary_cat":"","_seopress_titles_title":"","_seopress_titles_desc":"","_seopress_robots_index":"","_uag_custom_page_level_css":"","site-sidebar-layout":"default","site-content-layout":"","ast-site-content-layout":"default","site-content-style":"default","site-sidebar-style":"default","ast-global-header-display":"","ast-banner-title-visibility":"","ast-main-header-display":"","ast-hfb-above-header-display":"","ast-hfb-below-header-display":"","ast-hfb-mobile-header-display":"","site-post-title":"","ast-breadcrumbs-content":"","ast-featured-img":"","footer-sml-layout":"","theme-transparent-header-meta":"default","adv-header-id-meta":"","stick-header-meta":"default","header-above-stick-meta":"","header-main-stick-meta":"","header-below-stick-meta":"","astra-migrate-meta-layouts":"set","ast-page-background-enabled":"default","ast-page-background-meta":{"desktop":{"background-color":"","background-image":"","background-repeat":"repeat","background-position":"center center","background-size":"auto","background-attachment":"scroll","background-type":"","background-media":"","overlay-type":"","overlay-color":"","overlay-opacity":"","overlay-gradient":""},"tablet":{"background-color":"","background-image":"","background-repeat":"repeat","background-position":"center center","background-size":"auto","background-attachment":"scroll","background-type":"","background-media":"","overlay-type":"","overlay-color":"","overlay-opacity":"","overlay-gradient":""},"mobile":{"background-color":"","background-image":"","background-repeat":"repeat","background-position":"center center","background-size":"auto","background-attachment":"scroll","background-type":"","background-media":"","overlay-type":"","overlay-color":"","overlay-opacity":"","overlay-gradient":""}},"ast-content-background-meta":{"desktop":{"background-color":"var(--ast-global-color-5)","background-image":"","background-repeat":"repeat","background-position":"center center","background-size":"auto","background-attachment":"scroll","background-type":"","background-media":"","overlay-type":"","overlay-color":"","overlay-opacity":"","overlay-gradient":""},"tablet":{"background-color":"var(--ast-global-color-5)","background-image":"","background-repeat":"repeat","background-position":"center center","background-size":"auto","background-attachment":"scroll","background-type":"","background-media":"","overlay-type":"","overlay-color":"","overlay-opacity":"","overlay-gradient":""},"mobile":{"background-color":"var(--ast-global-color-5)","background-image":"","background-repeat":"repeat","background-position":"center center","background-size":"auto","background-attachment":"scroll","background-type":"","background-media":"","overlay-type":"","overlay-color":"","overlay-opacity":"","overlay-gradient":""}}},"product_brand":[],"product_cat":[69],"product_tag":[],"class_list":{"0":"post-4558","1":"product","2":"type-product","3":"status-publish","4":"has-post-thumbnail","6":"product_cat-daily-chemical-product","7":"desktop-align-left","8":"tablet-align-left","9":"mobile-align-left","10":"ast-product-gallery-layout-horizontal-slider","11":"ast-product-gallery-with-no-image","12":"ast-product-tabs-layout-horizontal","14":"first","15":"instock","16":"shipping-taxable","17":"product-type-simple"},"uagb_featured_image_src":{"full":["https:\/\/jinancuchem.com\/wp-content\/uploads\/2025\/07\/\u672a\u6807\u9898-1-42.jpg",800,800,false],"thumbnail":["https:\/\/jinancuchem.com\/wp-content\/uploads\/2025\/07\/\u672a\u6807\u9898-1-42-150x150.jpg",150,150,true],"medium":["https:\/\/jinancuchem.com\/wp-content\/uploads\/2025\/07\/\u672a\u6807\u9898-1-42-300x300.jpg",300,300,true],"medium_large":["https:\/\/jinancuchem.com\/wp-content\/uploads\/2025\/07\/\u672a\u6807\u9898-1-42-768x768.jpg",768,768,true],"large":["https:\/\/jinancuchem.com\/wp-content\/uploads\/2025\/07\/\u672a\u6807\u9898-1-42.jpg",800,800,false],"1536x1536":["https:\/\/jinancuchem.com\/wp-content\/uploads\/2025\/07\/\u672a\u6807\u9898-1-42.jpg",800,800,false],"2048x2048":["https:\/\/jinancuchem.com\/wp-content\/uploads\/2025\/07\/\u672a\u6807\u9898-1-42.jpg",800,800,false],"trp-custom-language-flag":["https:\/\/jinancuchem.com\/wp-content\/uploads\/2025\/07\/\u672a\u6807\u9898-1-42-12x12.jpg",12,12,true],"woocommerce_thumbnail":["https:\/\/jinancuchem.com\/wp-content\/uploads\/2025\/07\/\u672a\u6807\u9898-1-42-300x300.jpg",300,300,true],"woocommerce_single":["https:\/\/jinancuchem.com\/wp-content\/uploads\/2025\/07\/\u672a\u6807\u9898-1-42-500x500.jpg",500,500,true],"woocommerce_gallery_thumbnail":["https:\/\/jinancuchem.com\/wp-content\/uploads\/2025\/07\/\u672a\u6807\u9898-1-42-100x100.jpg",100,100,true]},"uagb_author_info":{"display_name":"jinxing6611@gmail.com","author_link":"https:\/\/jinancuchem.com\/fr\/author\/"},"uagb_comment_info":0,"uagb_excerpt":"1.Product Property HA-AL can serve as a protective colloid and complexing agent in the dyeing process of cellulose fibers and polyester\/cellulose fiber blended fabrics. It can prevent precipitation during the dyeing of the base fabric due to hard water and other impurities, and can be used in the pre-treatment of boiling. This product is different\u2026","_links":{"self":[{"href":"https:\/\/jinancuchem.com\/fr\/wp-json\/wp\/v2\/product\/4558","targetHints":{"allow":["GET"]}}],"collection":[{"href":"https:\/\/jinancuchem.com\/fr\/wp-json\/wp\/v2\/product"}],"about":[{"href":"https:\/\/jinancuchem.com\/fr\/wp-json\/wp\/v2\/types\/product"}],"wp:featuredmedia":[{"embeddable":true,"href":"https:\/\/jinancuchem.com\/fr\/wp-json\/wp\/v2\/media\/4566"}],"wp:attachment":[{"href":"https:\/\/jinancuchem.com\/fr\/wp-json\/wp\/v2\/media?parent=4558"}],"wp:term":[{"taxonomy":"product_brand","embeddable":true,"href":"https:\/\/jinancuchem.com\/fr\/wp-json\/wp\/v2\/product_brand?post=4558"},{"taxonomy":"product_cat","embeddable":true,"href":"https:\/\/jinancuchem.com\/fr\/wp-json\/wp\/v2\/product_cat?post=4558"},{"taxonomy":"product_tag","embeddable":true,"href":"https:\/\/jinancuchem.com\/fr\/wp-json\/wp\/v2\/product_tag?post=4558"}],"curies":[{"name":"wp","href":"https:\/\/api.w.org\/{rel}","templated":true}]}}