{"id":4582,"date":"2025-07-25T06:36:57","date_gmt":"2025-07-25T06:36:57","guid":{"rendered":"https:\/\/jinancuchem.com\/?post_type=product&#038;p=4582"},"modified":"2025-07-25T06:36:58","modified_gmt":"2025-07-25T06:36:58","slug":"sodium-tripolyphosphate-food-grade","status":"publish","type":"product","link":"https:\/\/jinancuchem.com\/fr\/produit\/sodium-tripolyphosphate-food-grade\/","title":{"rendered":"TRIPOLYPHOSPHATE DE SODIUM DE QUALIT\u00c9 ALIMENTAIRE"},"content":{"rendered":"<p>Formule mol\u00e9culaire : Na<sub>5<\/sub>P<sub>3<\/sub>O<sub>10<\/sub><\/p>\n<p>Poids mol\u00e9culaire : 367,86<\/p>\n<p>N\u00b0 CAS : 7758-29-4<\/p>\n<p>\u3010Structural Formula\u3011<img alt=\"\" fetchpriority=\"high\" decoding=\"async\" class=\"alignnone size-medium wp-image-4585\" src=\"https:\/\/jinancuchem.com\/wp-content\/uploads\/2025\/07\/\u56fe\u724750-300x170.png\" width=\"300\" height=\"170\" srcset=\"https:\/\/jinancuchem.com\/wp-content\/uploads\/2025\/07\/\u56fe\u724750-300x170.png 300w, https:\/\/jinancuchem.com\/wp-content\/uploads\/2025\/07\/\u56fe\u724750-500x284.png 500w, https:\/\/jinancuchem.com\/wp-content\/uploads\/2025\/07\/\u56fe\u724750-768x436.png 768w, https:\/\/jinancuchem.com\/wp-content\/uploads\/2025\/07\/\u56fe\u724750-18x10.png 18w, https:\/\/jinancuchem.com\/wp-content\/uploads\/2025\/07\/\u56fe\u724750.png 867w\" sizes=\"(max-width: 300px) 100vw, 300px\" \/><\/p>\n<h3><\/h3>\n<h4><strong><b>1. Propri\u00e9t\u00e9 du produit <\/b><\/strong><\/h4>\n<p>Le tripolyphosphate de sodium de qualit\u00e9 alimentaire est une poudre cristalline blanche ou un solide granuleux, tr\u00e8s soluble dans l'eau, avec un pH l\u00e9g\u00e8rement alcalin (9,2-10,0 dans une solution de 1%). Il poss\u00e8de de fortes propri\u00e9t\u00e9s ch\u00e9latrices pour les ions m\u00e9talliques comme le calcium et le magn\u00e9sium, ce qui le rend efficace pour l'adoucissement de l'eau et l'\u00e9mulsification. Il fond \u00e0 622\u00b0C et se d\u00e9compose en chauffant, lib\u00e9rant des phosphates. Le compos\u00e9 est hygroscopique et doit \u00eatre stock\u00e9 dans des conditions s\u00e8ches pour \u00e9viter qu'il ne s'agglom\u00e8re. Il est non toxique et largement utilis\u00e9 dans l'industrie alimentaire comme stabilisateur et agent de r\u00e9tention de l'humidit\u00e9.<\/p>\n<h4><\/h4>\n<h4><strong><b>2. Normes de qualit\u00e9<\/b><\/strong><\/h4>\n<table>\n<tbody>\n<tr>\n<td><strong><b>Param\u00e8tres<\/b><\/strong><\/td>\n<td><strong><b>Sp\u00e9cification (qualit\u00e9 alimentaire)<\/b><\/strong><\/td>\n<\/tr>\n<tr>\n<td><strong><b>Essai (Na\u2085P\u2083O\u2081\u2080)<\/b><\/strong><\/td>\n<td>\u2265 85.0%-95.0%<\/td>\n<\/tr>\n<tr>\n<td><strong><b>Phosphate total (P\u2082O\u2085)<\/b><\/strong><\/td>\n<td>56.0%-58.0%<\/td>\n<\/tr>\n<tr>\n<td><strong><b>Insolubles dans l'eau<\/b><\/strong><\/td>\n<td>\u2264 0,1%<\/td>\n<\/tr>\n<tr>\n<td><strong><b>pH (solution 1%)<\/b><\/strong><\/td>\n<td>9.2-10.0<\/td>\n<\/tr>\n<tr>\n<td><strong><b>M\u00e9taux lourds (Pb)<\/b><\/strong><\/td>\n<td>\u2264 10 mg\/kg<\/td>\n<\/tr>\n<tr>\n<td><strong><b>Plomb (Pb)<\/b><\/strong><\/td>\n<td>\u2264 2-4 mg\/kg<\/td>\n<\/tr>\n<tr>\n<td><strong><b>Arsenic (As)<\/b><\/strong><\/td>\n<td>\u2264 3 mg\/kg<\/td>\n<\/tr>\n<tr>\n<td><strong><b>Fluorure (F)<\/b><\/strong><\/td>\n<td>\u2264 20-50 mg\/kg<\/td>\n<\/tr>\n<tr>\n<td><strong><b>Humidit\u00e9<\/b><\/strong><\/td>\n<td>\u2264 0,2%<\/td>\n<\/tr>\n<\/tbody>\n<\/table>\n<h3><\/h3>\n<h4><strong><b>3. Champ d'application et utilisation<\/b><\/strong><\/h4>\n<p>Dans l'industrie alimentaire, il sert \u00e0 am\u00e9liorer la qualit\u00e9. Il est utilis\u00e9 dans les produits carn\u00e9s pour retenir l'eau, maintenir la texture et la jutosit\u00e9. Dans les fruits de mer, il emp\u00eache la d\u00e9coloration. Dans les produits \u00e0 base de farine, il am\u00e9liore l'\u00e9lasticit\u00e9 et la r\u00e9sistance. Il sert \u00e9galement d'\u00e9mulsifiant dans les produits laitiers et les boissons, avec des niveaux d'utilisation typiques allant de 0,1% \u00e0 0,5% en fonction du type d'aliment, conform\u00e9ment aux r\u00e9glementations relatives aux additifs alimentaires.<\/p>\n<h3><\/h3>\n<h4><strong><b>4. Emballage et stockage<\/b><\/strong><\/h4>\n<p>Emball\u00e9s dans des sacs en plastique tiss\u00e9 recouverts de poly\u00e9thyl\u00e8ne ou dans des sacs en papier, d'un poids net de 25 ou 50 kg. Stocker dans un entrep\u00f4t frais, sec et bien ventil\u00e9. \u00c9viter l'humidit\u00e9, la lumi\u00e8re directe du soleil et le contact avec les acides. Garder le produit scell\u00e9 pour \u00e9viter qu'il ne s'agglom\u00e8re et que sa qualit\u00e9 ne se d\u00e9t\u00e9riore. La dur\u00e9e de conservation est d'environ 24 mois dans des conditions de stockage ad\u00e9quates.<\/p>","protected":false},"excerpt":{"rendered":"<p>Molecular Formula:Na5P3O10 Molecular Weight: 367 .86 CAS NO.:7758-29-4 \u3010Structural Formula\u3011 1. Product Property Food-grade sodium tripolyphosphate is a white crystalline powder or granular solid, highly soluble in water, with a slightly alkaline pH (9.2\u201310.0 in 1% solution). It has strong chelating properties for metal ions like calcium and magnesium, making it effective in water softening [&hellip;]<\/p>\n","protected":false},"featured_media":4588,"template":"","meta":{"_seopress_robots_primary_cat":"","_seopress_titles_title":"","_seopress_titles_desc":"","_seopress_robots_index":"","_uag_custom_page_level_css":"","site-sidebar-layout":"default","site-content-layout":"","ast-site-content-layout":"default","site-content-style":"default","site-sidebar-style":"default","ast-global-header-display":"","ast-banner-title-visibility":"","ast-main-header-display":"","ast-hfb-above-header-display":"","ast-hfb-below-header-display":"","ast-hfb-mobile-header-display":"","site-post-title":"","ast-breadcrumbs-content":"","ast-featured-img":"","footer-sml-layout":"","theme-transparent-header-meta":"default","adv-header-id-meta":"","stick-header-meta":"default","header-above-stick-meta":"","header-main-stick-meta":"","header-below-stick-meta":"","astra-migrate-meta-layouts":"set","ast-page-background-enabled":"default","ast-page-background-meta":{"desktop":{"background-color":"","background-image":"","background-repeat":"repeat","background-position":"center center","background-size":"auto","background-attachment":"scroll","background-type":"","background-media":"","overlay-type":"","overlay-color":"","overlay-opacity":"","overlay-gradient":""},"tablet":{"background-color":"","background-image":"","background-repeat":"repeat","background-position":"center center","background-size":"auto","background-attachment":"scroll","background-type":"","background-media":"","overlay-type":"","overlay-color":"","overlay-opacity":"","overlay-gradient":""},"mobile":{"background-color":"","background-image":"","background-repeat":"repeat","background-position":"center center","background-size":"auto","background-attachment":"scroll","background-type":"","background-media":"","overlay-type":"","overlay-color":"","overlay-opacity":"","overlay-gradient":""}},"ast-content-background-meta":{"desktop":{"background-color":"var(--ast-global-color-5)","background-image":"","background-repeat":"repeat","background-position":"center center","background-size":"auto","background-attachment":"scroll","background-type":"","background-media":"","overlay-type":"","overlay-color":"","overlay-opacity":"","overlay-gradient":""},"tablet":{"background-color":"var(--ast-global-color-5)","background-image":"","background-repeat":"repeat","background-position":"center center","background-size":"auto","background-attachment":"scroll","background-type":"","background-media":"","overlay-type":"","overlay-color":"","overlay-opacity":"","overlay-gradient":""},"mobile":{"background-color":"var(--ast-global-color-5)","background-image":"","background-repeat":"repeat","background-position":"center center","background-size":"auto","background-attachment":"scroll","background-type":"","background-media":"","overlay-type":"","overlay-color":"","overlay-opacity":"","overlay-gradient":""}}},"product_brand":[],"product_cat":[67],"product_tag":[],"class_list":{"0":"post-4582","1":"product","2":"type-product","3":"status-publish","4":"has-post-thumbnail","6":"product_cat-food-additives","7":"desktop-align-left","8":"tablet-align-left","9":"mobile-align-left","10":"ast-product-gallery-layout-horizontal-slider","11":"ast-product-gallery-with-no-image","12":"ast-product-tabs-layout-horizontal","14":"first","15":"instock","16":"shipping-taxable","17":"product-type-simple"},"uagb_featured_image_src":{"full":["https:\/\/jinancuchem.com\/wp-content\/uploads\/2025\/07\/50.png",800,800,false],"thumbnail":["https:\/\/jinancuchem.com\/wp-content\/uploads\/2025\/07\/50-150x150.png",150,150,true],"medium":["https:\/\/jinancuchem.com\/wp-content\/uploads\/2025\/07\/50-300x300.png",300,300,true],"medium_large":["https:\/\/jinancuchem.com\/wp-content\/uploads\/2025\/07\/50-768x768.png",768,768,true],"large":["https:\/\/jinancuchem.com\/wp-content\/uploads\/2025\/07\/50.png",800,800,false],"1536x1536":["https:\/\/jinancuchem.com\/wp-content\/uploads\/2025\/07\/50.png",800,800,false],"2048x2048":["https:\/\/jinancuchem.com\/wp-content\/uploads\/2025\/07\/50.png",800,800,false],"trp-custom-language-flag":["https:\/\/jinancuchem.com\/wp-content\/uploads\/2025\/07\/50-12x12.png",12,12,true],"woocommerce_thumbnail":["https:\/\/jinancuchem.com\/wp-content\/uploads\/2025\/07\/50-300x300.png",300,300,true],"woocommerce_single":["https:\/\/jinancuchem.com\/wp-content\/uploads\/2025\/07\/50-500x500.png",500,500,true],"woocommerce_gallery_thumbnail":["https:\/\/jinancuchem.com\/wp-content\/uploads\/2025\/07\/50-100x100.png",100,100,true]},"uagb_author_info":{"display_name":"jinxing6611@gmail.com","author_link":"https:\/\/jinancuchem.com\/fr\/author\/"},"uagb_comment_info":0,"uagb_excerpt":"Molecular Formula:Na5P3O10 Molecular Weight: 367 .86 CAS NO.:7758-29-4 \u3010Structural Formula\u3011 1. Product Property Food-grade sodium tripolyphosphate is a white crystalline powder or granular solid, highly soluble in water, with a slightly alkaline pH (9.2\u201310.0 in 1% solution). It has strong chelating properties for metal ions like calcium and magnesium, making it effective in water softening\u2026","_links":{"self":[{"href":"https:\/\/jinancuchem.com\/fr\/wp-json\/wp\/v2\/product\/4582","targetHints":{"allow":["GET"]}}],"collection":[{"href":"https:\/\/jinancuchem.com\/fr\/wp-json\/wp\/v2\/product"}],"about":[{"href":"https:\/\/jinancuchem.com\/fr\/wp-json\/wp\/v2\/types\/product"}],"wp:featuredmedia":[{"embeddable":true,"href":"https:\/\/jinancuchem.com\/fr\/wp-json\/wp\/v2\/media\/4588"}],"wp:attachment":[{"href":"https:\/\/jinancuchem.com\/fr\/wp-json\/wp\/v2\/media?parent=4582"}],"wp:term":[{"taxonomy":"product_brand","embeddable":true,"href":"https:\/\/jinancuchem.com\/fr\/wp-json\/wp\/v2\/product_brand?post=4582"},{"taxonomy":"product_cat","embeddable":true,"href":"https:\/\/jinancuchem.com\/fr\/wp-json\/wp\/v2\/product_cat?post=4582"},{"taxonomy":"product_tag","embeddable":true,"href":"https:\/\/jinancuchem.com\/fr\/wp-json\/wp\/v2\/product_tag?post=4582"}],"curies":[{"name":"wp","href":"https:\/\/api.w.org\/{rel}","templated":true}]}}