{"id":4587,"date":"2025-07-25T06:38:21","date_gmt":"2025-07-25T06:38:21","guid":{"rendered":"https:\/\/jinancuchem.com\/?post_type=product&#038;p=4587"},"modified":"2025-07-25T06:38:22","modified_gmt":"2025-07-25T06:38:22","slug":"phenol","status":"publish","type":"product","link":"https:\/\/jinancuchem.com\/fr\/produit\/phenol\/","title":{"rendered":"Ph\u00e9nol"},"content":{"rendered":"<p>\u3010CAS\u3011108-95-2<\/p>\n<p>Alias : hydroxyde de ph\u00e9nyle<\/p>\n<p>Formule mol\u00e9culaire : C<sub>6<\/sub>H<sub>6<\/sub>O Masse mol\u00e9culaire relative : 94,11<\/p>\n<p>Formule structurelle :<img alt=\"\" fetchpriority=\"high\" decoding=\"async\" class=\"alignnone size-medium wp-image-4591\" src=\"https:\/\/jinancuchem.com\/wp-content\/uploads\/2025\/07\/\u672a\u6807\u9898-1-45-300x300.jpg\" width=\"300\" height=\"300\" srcset=\"https:\/\/jinancuchem.com\/wp-content\/uploads\/2025\/07\/\u672a\u6807\u9898-1-45-300x300.jpg 300w, https:\/\/jinancuchem.com\/wp-content\/uploads\/2025\/07\/\u672a\u6807\u9898-1-45-100x100.jpg 100w, https:\/\/jinancuchem.com\/wp-content\/uploads\/2025\/07\/\u672a\u6807\u9898-1-45-500x500.jpg 500w, https:\/\/jinancuchem.com\/wp-content\/uploads\/2025\/07\/\u672a\u6807\u9898-1-45-150x150.jpg 150w, https:\/\/jinancuchem.com\/wp-content\/uploads\/2025\/07\/\u672a\u6807\u9898-1-45-768x768.jpg 768w, https:\/\/jinancuchem.com\/wp-content\/uploads\/2025\/07\/\u672a\u6807\u9898-1-45-12x12.jpg 12w, https:\/\/jinancuchem.com\/wp-content\/uploads\/2025\/07\/\u672a\u6807\u9898-1-45.jpg 800w\" sizes=\"(max-width: 300px) 100vw, 300px\" \/><\/p>\n<p>&nbsp;<\/p>\n<h4>1.Propri\u00e9t\u00e9 du produit<\/h4>\n<p>Le ph\u00e9nol est une mati\u00e8re premi\u00e8re chimique organique importante. Il permet de produire des r\u00e9sines ph\u00e9noliques, du caprolactame, du bisph\u00e9nol A, de l'acide salicylique, de l'acide piquant, du pentachloroph\u00e9nol, du 2,4-D, de l'acide adipique, de la ph\u00e9nolphtal\u00e9ine, de la n-ac\u00e9tyl \u00e9thoxybenzylamine et d'autres produits chimiques et interm\u00e9diaires. Il joue un r\u00f4le important dans diverses industries telles que les mati\u00e8res premi\u00e8res chimiques, les alkylph\u00e9nols, les fibres synth\u00e9tiques, les plastiques, le caoutchouc synth\u00e9tique, la m\u00e9decine, les pesticides, les parfums, les teintures, les rev\u00eatements et le raffinage du p\u00e9trole.<\/p>\n<h4>2.<\/h4>\n<p>&nbsp;<\/p>\n<table>\n<tbody>\n<tr>\n<td><strong><b>Param\u00e8tres<\/b><\/strong><\/td>\n<td width=\"336\"><strong><b>Sp\u00e9cifications<\/b><\/strong><\/td>\n<\/tr>\n<tr>\n<td><strong><b>Apparence<\/b><\/strong><\/td>\n<td width=\"336\">Cristaux incolores \u00e0 rose clair<\/td>\n<\/tr>\n<tr>\n<td><strong><b>Puret\u00e9 (%)<\/b><\/strong><\/td>\n<td width=\"336\">\u2265 99.5<\/td>\n<\/tr>\n<tr>\n<td><strong><b>Point de solidification (\u00b0C)<\/b><\/strong><\/td>\n<td width=\"336\">\u2265 40.5<\/td>\n<\/tr>\n<tr>\n<td><strong><b>Teneur en eau (%)<\/b><\/strong><\/td>\n<td width=\"336\">\u2264 0.1<\/td>\n<\/tr>\n<tr>\n<td><strong><b>R\u00e9sidus \u00e0 l'allumage (%)<\/b><\/strong><\/td>\n<td width=\"336\">\u2264 0.01<\/td>\n<\/tr>\n<tr>\n<td><strong><b>Sulfate (en tant que SO\u2084, ppm)<\/b><\/strong><\/td>\n<td width=\"336\">\u2264 10<\/td>\n<\/tr>\n<tr>\n<td><strong><b>M\u00e9taux lourds (en Pb, ppm)<\/b><\/strong><\/td>\n<td width=\"336\">\u2264 5<\/td>\n<\/tr>\n<tr>\n<td><strong><b>Mati\u00e8res non volatiles (%)<\/b><\/strong><\/td>\n<td width=\"336\">\u2264 0.05<\/td>\n<\/tr>\n<tr>\n<td><strong><b>Couleur (APHA)<\/b><\/strong><\/td>\n<td width=\"336\">\u2264 15<\/td>\n<\/tr>\n<tr>\n<td><strong><b>Point de cristallisation (\u00b0C)<\/b><\/strong><\/td>\n<td width=\"336\">40.6 &#8211; 41.2<\/td>\n<\/tr>\n<\/tbody>\n<\/table>\n<p>&nbsp;<\/p>\n<h4>3. Champ d'application et utilisation<\/h4>\n<p>Il est largement utilis\u00e9 dans la fabrication de r\u00e9sines ph\u00e9noliques, de r\u00e9sines \u00e9poxy, de fibres de nylon, de plastifiants, de r\u00e9v\u00e9lateurs, de conservateurs, de pesticides, de fongicides, de colorants, de m\u00e9dicaments et de parfums, etc.<\/p>\n<h4>4. l'emballage et le stockage<\/h4>\n<p>&nbsp;<\/p>\n<p>Bouteilles en verre \u00e0 goulot filet\u00e9, bouteilles en verre \u00e0 goulot recouvert de fer, bouteilles en plastique ou f\u00fbts en m\u00e9tal (bo\u00eetes de conserve), etc. Caisses en bois ordinaires munies \u00e0 l'ext\u00e9rieur de bouteilles en verre \u00e0 goulot filet\u00e9, de bouteilles en plastique ou de f\u00fbts en fer-blanc (bo\u00eetes de conserve), etc. Caisses \u00e0 fond plein avec motif en treillis en panneaux de fibres de bois, caisses en contreplaqu\u00e9 ou panneaux de contreplaqu\u00e9, etc. F\u00fbts en carton, f\u00fbts en contreplaqu\u00e9, f\u00fbts en carton, sacs en plastique \u00e0 l'ext\u00e9rieur des f\u00fbts en plastique. Il est strictement interdit de les m\u00e9langer avec des acides, des alcalis, des oxydants, des aliments et des additifs alimentaires. Pendant le transport, ils doivent \u00eatre prot\u00e9g\u00e9s de la lumi\u00e8re directe du soleil, de la pluie et des temp\u00e9ratures \u00e9lev\u00e9es. Pendant le transport, les v\u00e9hicules de transport doivent \u00eatre \u00e9quip\u00e9s des types et quantit\u00e9s correspondants d'\u00e9quipement de lutte contre l'incendie et d'\u00e9quipement d'intervention d'urgence en cas de fuite.<\/p>","protected":false},"excerpt":{"rendered":"<p>\u3010CAS\u3011108-95-2 Alias: phenyl hydroxide Molecular formula: C6H6O \u00a0Relative molecular mass: 94.11 Structural formula: &nbsp; 1.Product Property Phenol is an important organic chemical raw material. Using it, one can produce phenolic resins, caprolactam, bisphenol A, salicylic acid, pungent acid, pentachlorophenol, 2,4-D, adipic acid, phenolphthalein n-acetyl ethoxybenzylamine and other chemical products and intermediates. It plays a significant [&hellip;]<\/p>\n","protected":false},"featured_media":4591,"template":"","meta":{"_seopress_robots_primary_cat":"","_seopress_titles_title":"","_seopress_titles_desc":"","_seopress_robots_index":"","_uag_custom_page_level_css":"","site-sidebar-layout":"default","site-content-layout":"","ast-site-content-layout":"default","site-content-style":"default","site-sidebar-style":"default","ast-global-header-display":"","ast-banner-title-visibility":"","ast-main-header-display":"","ast-hfb-above-header-display":"","ast-hfb-below-header-display":"","ast-hfb-mobile-header-display":"","site-post-title":"","ast-breadcrumbs-content":"","ast-featured-img":"","footer-sml-layout":"","theme-transparent-header-meta":"default","adv-header-id-meta":"","stick-header-meta":"default","header-above-stick-meta":"","header-main-stick-meta":"","header-below-stick-meta":"","astra-migrate-meta-layouts":"set","ast-page-background-enabled":"default","ast-page-background-meta":{"desktop":{"background-color":"","background-image":"","background-repeat":"repeat","background-position":"center center","background-size":"auto","background-attachment":"scroll","background-type":"","background-media":"","overlay-type":"","overlay-color":"","overlay-opacity":"","overlay-gradient":""},"tablet":{"background-color":"","background-image":"","background-repeat":"repeat","background-position":"center center","background-size":"auto","background-attachment":"scroll","background-type":"","background-media":"","overlay-type":"","overlay-color":"","overlay-opacity":"","overlay-gradient":""},"mobile":{"background-color":"","background-image":"","background-repeat":"repeat","background-position":"center center","background-size":"auto","background-attachment":"scroll","background-type":"","background-media":"","overlay-type":"","overlay-color":"","overlay-opacity":"","overlay-gradient":""}},"ast-content-background-meta":{"desktop":{"background-color":"var(--ast-global-color-5)","background-image":"","background-repeat":"repeat","background-position":"center center","background-size":"auto","background-attachment":"scroll","background-type":"","background-media":"","overlay-type":"","overlay-color":"","overlay-opacity":"","overlay-gradient":""},"tablet":{"background-color":"var(--ast-global-color-5)","background-image":"","background-repeat":"repeat","background-position":"center center","background-size":"auto","background-attachment":"scroll","background-type":"","background-media":"","overlay-type":"","overlay-color":"","overlay-opacity":"","overlay-gradient":""},"mobile":{"background-color":"var(--ast-global-color-5)","background-image":"","background-repeat":"repeat","background-position":"center center","background-size":"auto","background-attachment":"scroll","background-type":"","background-media":"","overlay-type":"","overlay-color":"","overlay-opacity":"","overlay-gradient":""}}},"product_brand":[],"product_cat":[69],"product_tag":[],"class_list":{"0":"post-4587","1":"product","2":"type-product","3":"status-publish","4":"has-post-thumbnail","6":"product_cat-daily-chemical-product","7":"desktop-align-left","8":"tablet-align-left","9":"mobile-align-left","10":"ast-product-gallery-layout-horizontal-slider","11":"ast-product-gallery-with-no-image","12":"ast-product-tabs-layout-horizontal","14":"first","15":"instock","16":"shipping-taxable","17":"product-type-simple"},"uagb_featured_image_src":{"full":["https:\/\/jinancuchem.com\/wp-content\/uploads\/2025\/07\/\u672a\u6807\u9898-1-45.jpg",800,800,false],"thumbnail":["https:\/\/jinancuchem.com\/wp-content\/uploads\/2025\/07\/\u672a\u6807\u9898-1-45-150x150.jpg",150,150,true],"medium":["https:\/\/jinancuchem.com\/wp-content\/uploads\/2025\/07\/\u672a\u6807\u9898-1-45-300x300.jpg",300,300,true],"medium_large":["https:\/\/jinancuchem.com\/wp-content\/uploads\/2025\/07\/\u672a\u6807\u9898-1-45-768x768.jpg",768,768,true],"large":["https:\/\/jinancuchem.com\/wp-content\/uploads\/2025\/07\/\u672a\u6807\u9898-1-45.jpg",800,800,false],"1536x1536":["https:\/\/jinancuchem.com\/wp-content\/uploads\/2025\/07\/\u672a\u6807\u9898-1-45.jpg",800,800,false],"2048x2048":["https:\/\/jinancuchem.com\/wp-content\/uploads\/2025\/07\/\u672a\u6807\u9898-1-45.jpg",800,800,false],"trp-custom-language-flag":["https:\/\/jinancuchem.com\/wp-content\/uploads\/2025\/07\/\u672a\u6807\u9898-1-45-12x12.jpg",12,12,true],"woocommerce_thumbnail":["https:\/\/jinancuchem.com\/wp-content\/uploads\/2025\/07\/\u672a\u6807\u9898-1-45-300x300.jpg",300,300,true],"woocommerce_single":["https:\/\/jinancuchem.com\/wp-content\/uploads\/2025\/07\/\u672a\u6807\u9898-1-45-500x500.jpg",500,500,true],"woocommerce_gallery_thumbnail":["https:\/\/jinancuchem.com\/wp-content\/uploads\/2025\/07\/\u672a\u6807\u9898-1-45-100x100.jpg",100,100,true]},"uagb_author_info":{"display_name":"jinxing6611@gmail.com","author_link":"https:\/\/jinancuchem.com\/fr\/author\/"},"uagb_comment_info":0,"uagb_excerpt":"\u3010CAS\u3011108-95-2 Alias: phenyl hydroxide Molecular formula: C6H6O \u00a0Relative molecular mass: 94.11 Structural formula: &nbsp; 1.Product Property Phenol is an important organic chemical raw material. Using it, one can produce phenolic resins, caprolactam, bisphenol A, salicylic acid, pungent acid, pentachlorophenol, 2,4-D, adipic acid, phenolphthalein n-acetyl ethoxybenzylamine and other chemical products and intermediates. It plays a significant\u2026","_links":{"self":[{"href":"https:\/\/jinancuchem.com\/fr\/wp-json\/wp\/v2\/product\/4587","targetHints":{"allow":["GET"]}}],"collection":[{"href":"https:\/\/jinancuchem.com\/fr\/wp-json\/wp\/v2\/product"}],"about":[{"href":"https:\/\/jinancuchem.com\/fr\/wp-json\/wp\/v2\/types\/product"}],"wp:featuredmedia":[{"embeddable":true,"href":"https:\/\/jinancuchem.com\/fr\/wp-json\/wp\/v2\/media\/4591"}],"wp:attachment":[{"href":"https:\/\/jinancuchem.com\/fr\/wp-json\/wp\/v2\/media?parent=4587"}],"wp:term":[{"taxonomy":"product_brand","embeddable":true,"href":"https:\/\/jinancuchem.com\/fr\/wp-json\/wp\/v2\/product_brand?post=4587"},{"taxonomy":"product_cat","embeddable":true,"href":"https:\/\/jinancuchem.com\/fr\/wp-json\/wp\/v2\/product_cat?post=4587"},{"taxonomy":"product_tag","embeddable":true,"href":"https:\/\/jinancuchem.com\/fr\/wp-json\/wp\/v2\/product_tag?post=4587"}],"curies":[{"name":"wp","href":"https:\/\/api.w.org\/{rel}","templated":true}]}}