{"id":4595,"date":"2025-07-25T06:41:07","date_gmt":"2025-07-25T06:41:07","guid":{"rendered":"https:\/\/jinancuchem.com\/?post_type=product&#038;p=4595"},"modified":"2025-07-25T06:41:07","modified_gmt":"2025-07-25T06:41:07","slug":"sodium-hexametaphosphate-food-grade","status":"publish","type":"product","link":"https:\/\/jinancuchem.com\/fr\/produit\/sodium-hexametaphosphate-food-grade\/","title":{"rendered":"Hexam\u00e9taphosphate de sodium (qualit\u00e9 alimentaire)"},"content":{"rendered":"<p>\u3010CAS\u3011<\/p>\n<p>10124-56-8<\/p>\n<p>\u3010Alias\u3011<\/p>\n<p>SHMP ; Polym\u00e9taphosphate de sodium<\/p>\n<p>\u3010Formule mol\u00e9culaire\u3011(NaPO\u2083)\u2086<\/p>\n<p>\u3010Structural Formula\u3011<img alt=\"\" fetchpriority=\"high\" decoding=\"async\" class=\"alignnone size-medium wp-image-4598\" src=\"https:\/\/jinancuchem.com\/wp-content\/uploads\/2025\/07\/\u56fe\u724751-300x300.png\" width=\"300\" height=\"300\" srcset=\"https:\/\/jinancuchem.com\/wp-content\/uploads\/2025\/07\/\u56fe\u724751-300x300.png 300w, https:\/\/jinancuchem.com\/wp-content\/uploads\/2025\/07\/\u56fe\u724751-100x100.png 100w, https:\/\/jinancuchem.com\/wp-content\/uploads\/2025\/07\/\u56fe\u724751-150x150.png 150w, https:\/\/jinancuchem.com\/wp-content\/uploads\/2025\/07\/\u56fe\u724751-12x12.png 12w, https:\/\/jinancuchem.com\/wp-content\/uploads\/2025\/07\/\u56fe\u724751.png 400w\" sizes=\"(max-width: 300px) 100vw, 300px\" \/><\/p>\n<h3><\/h3>\n<h4><strong><b>1. Propri\u00e9t\u00e9 du produit<\/b><\/strong><\/h4>\n<p>L'hexam\u00e9taphosphate de sodium (qualit\u00e9 alimentaire) est une poudre ou un granul\u00e9 blanc amorphe. Il est tr\u00e8s soluble dans l'eau et forme une solution l\u00e9g\u00e8rement alcaline. Il poss\u00e8de une forte capacit\u00e9 de ch\u00e9lation des ions m\u00e9talliques, peut disperser et \u00e9mulsifier des substances et pr\u00e9sente une bonne stabilit\u00e9 dans des conditions de stockage normales, avec une faible hygroscopicit\u00e9.<\/p>\n<h3><\/h3>\n<h4><strong><b>2. Normes de qualit\u00e9<\/b><\/strong><\/h4>\n<table>\n<tbody>\n<tr>\n<td><strong><b>Objet<\/b><\/strong><\/td>\n<td><strong><b>Sp\u00e9cifications<\/b><\/strong><\/td>\n<\/tr>\n<tr>\n<td>Dosage (en tant que \\((NaPO_3)_6\\))<\/td>\n<td>\u2265 95.0%<\/td>\n<\/tr>\n<tr>\n<td>pH (solution aqueuse de 1%)<\/td>\n<td>6.5 &#8211; 7.5<\/td>\n<\/tr>\n<tr>\n<td>Mati\u00e8res insolubles dans l'eau<\/td>\n<td>\u2264 0,1%<\/td>\n<\/tr>\n<tr>\n<td>Fluorure (F)<\/td>\n<td>\u2264 50 mg\/kg<\/td>\n<\/tr>\n<tr>\n<td>Plomb (Pb)<\/td>\n<td>\u2264 4,0 mg\/kg<\/td>\n<\/tr>\n<tr>\n<td>Arsenic (As)<\/td>\n<td>\u2264 3,0 mg\/kg<\/td>\n<\/tr>\n<tr>\n<td>M\u00e9taux lourds (en Pb)<\/td>\n<td>\u2264 10,0 mg\/kg<\/td>\n<\/tr>\n<tr>\n<td>Perte au s\u00e9chage<\/td>\n<td>\u2264 0,5%<\/td>\n<\/tr>\n<\/tbody>\n<\/table>\n<h3><\/h3>\n<h4><strong><b>3. Champ d'application et utilisation<\/b><\/strong><\/h4>\n<p>L'hexam\u00e9taphosphate de sodium est largement utilis\u00e9 dans l'industrie alimentaire comme agent de r\u00e9tention d'eau, \u00e9mulsifiant et r\u00e9gulateur de pH. Il am\u00e9liore la texture et la r\u00e9tention d'eau dans les produits carn\u00e9s (jambon, saucisses, etc.) et emp\u00eache l'oxydation des graisses. Dans les boissons, il am\u00e9liore la viscosit\u00e9 et stabilise la vitamine C. Il agit \u00e9galement comme agent de clarification dans la bi\u00e8re et comme stabilisateur dans les produits laitiers. En outre, il est utilis\u00e9 dans les aliments en conserve, les sauces et les produits de boulangerie pour prolonger la dur\u00e9e de conservation et maintenir la qualit\u00e9. Les niveaux d'utilisation varient g\u00e9n\u00e9ralement de 0,1% \u00e0 0,5%, en fonction de l'application\u3002.<\/p>\n<h3><\/h3>\n<h4><strong><b>4. Emballage et stockage<\/b><\/strong><\/h4>\n<p>Le SHMP de qualit\u00e9 alimentaire est g\u00e9n\u00e9ralement emball\u00e9 dans des sacs tiss\u00e9s de 25 kg rev\u00eatus de poly\u00e9thyl\u00e8ne ou dans des conteneurs HDPE scell\u00e9s pour \u00e9viter l'absorption d'humidit\u00e9. Le stockage doit se faire dans un endroit frais, sec et bien ventil\u00e9, \u00e0 l'abri de la lumi\u00e8re directe du soleil et de l'humidit\u00e9. Le produit est hygroscopique et peut s'agglom\u00e9rer s'il est expos\u00e9 \u00e0 l'air. La dur\u00e9e de conservation est de 24 mois dans des conditions optimales. Transporter comme une mati\u00e8re non dangereuse, mais s'assurer que les conteneurs sont intacts pour \u00e9viter les fuites. Les travailleurs doivent utiliser des gants et des masques lors de la manipulation pour \u00e9viter toute irritation\u3002.<\/p>","protected":false},"excerpt":{"rendered":"<p>\u3010CAS\u3011 10124-56-8 \u3010Alias\u3011 SHMP; Sodium Polymetaphosphate \u3010Molecular Formula\u3011(NaPO\u2083)\u2086 \u3010Structural Formula\u3011 1. Product Property Sodium hexametaphosphate (food grade) is a white, amorphous powder or granule. It&#8217;s highly soluble in water, forming a slightly alkaline solution. It has strong chelating ability for metal ions, can disperse and emulsify substances, and shows good stability in normal storage, with [&hellip;]<\/p>\n","protected":false},"featured_media":4603,"template":"","meta":{"_seopress_robots_primary_cat":"","_seopress_titles_title":"","_seopress_titles_desc":"","_seopress_robots_index":"","_uag_custom_page_level_css":"","site-sidebar-layout":"default","site-content-layout":"","ast-site-content-layout":"default","site-content-style":"default","site-sidebar-style":"default","ast-global-header-display":"","ast-banner-title-visibility":"","ast-main-header-display":"","ast-hfb-above-header-display":"","ast-hfb-below-header-display":"","ast-hfb-mobile-header-display":"","site-post-title":"","ast-breadcrumbs-content":"","ast-featured-img":"","footer-sml-layout":"","theme-transparent-header-meta":"default","adv-header-id-meta":"","stick-header-meta":"default","header-above-stick-meta":"","header-main-stick-meta":"","header-below-stick-meta":"","astra-migrate-meta-layouts":"set","ast-page-background-enabled":"default","ast-page-background-meta":{"desktop":{"background-color":"","background-image":"","background-repeat":"repeat","background-position":"center center","background-size":"auto","background-attachment":"scroll","background-type":"","background-media":"","overlay-type":"","overlay-color":"","overlay-opacity":"","overlay-gradient":""},"tablet":{"background-color":"","background-image":"","background-repeat":"repeat","background-position":"center center","background-size":"auto","background-attachment":"scroll","background-type":"","background-media":"","overlay-type":"","overlay-color":"","overlay-opacity":"","overlay-gradient":""},"mobile":{"background-color":"","background-image":"","background-repeat":"repeat","background-position":"center center","background-size":"auto","background-attachment":"scroll","background-type":"","background-media":"","overlay-type":"","overlay-color":"","overlay-opacity":"","overlay-gradient":""}},"ast-content-background-meta":{"desktop":{"background-color":"var(--ast-global-color-5)","background-image":"","background-repeat":"repeat","background-position":"center center","background-size":"auto","background-attachment":"scroll","background-type":"","background-media":"","overlay-type":"","overlay-color":"","overlay-opacity":"","overlay-gradient":""},"tablet":{"background-color":"var(--ast-global-color-5)","background-image":"","background-repeat":"repeat","background-position":"center center","background-size":"auto","background-attachment":"scroll","background-type":"","background-media":"","overlay-type":"","overlay-color":"","overlay-opacity":"","overlay-gradient":""},"mobile":{"background-color":"var(--ast-global-color-5)","background-image":"","background-repeat":"repeat","background-position":"center center","background-size":"auto","background-attachment":"scroll","background-type":"","background-media":"","overlay-type":"","overlay-color":"","overlay-opacity":"","overlay-gradient":""}}},"product_brand":[],"product_cat":[67],"product_tag":[],"class_list":{"0":"post-4595","1":"product","2":"type-product","3":"status-publish","4":"has-post-thumbnail","6":"product_cat-food-additives","7":"desktop-align-left","8":"tablet-align-left","9":"mobile-align-left","10":"ast-product-gallery-layout-horizontal-slider","11":"ast-product-gallery-with-no-image","12":"ast-product-tabs-layout-horizontal","14":"first","15":"instock","16":"shipping-taxable","17":"product-type-simple"},"uagb_featured_image_src":{"full":["https:\/\/jinancuchem.com\/wp-content\/uploads\/2025\/07\/51.png",800,800,false],"thumbnail":["https:\/\/jinancuchem.com\/wp-content\/uploads\/2025\/07\/51-150x150.png",150,150,true],"medium":["https:\/\/jinancuchem.com\/wp-content\/uploads\/2025\/07\/51-300x300.png",300,300,true],"medium_large":["https:\/\/jinancuchem.com\/wp-content\/uploads\/2025\/07\/51-768x768.png",768,768,true],"large":["https:\/\/jinancuchem.com\/wp-content\/uploads\/2025\/07\/51.png",800,800,false],"1536x1536":["https:\/\/jinancuchem.com\/wp-content\/uploads\/2025\/07\/51.png",800,800,false],"2048x2048":["https:\/\/jinancuchem.com\/wp-content\/uploads\/2025\/07\/51.png",800,800,false],"trp-custom-language-flag":["https:\/\/jinancuchem.com\/wp-content\/uploads\/2025\/07\/51-12x12.png",12,12,true],"woocommerce_thumbnail":["https:\/\/jinancuchem.com\/wp-content\/uploads\/2025\/07\/51-300x300.png",300,300,true],"woocommerce_single":["https:\/\/jinancuchem.com\/wp-content\/uploads\/2025\/07\/51-500x500.png",500,500,true],"woocommerce_gallery_thumbnail":["https:\/\/jinancuchem.com\/wp-content\/uploads\/2025\/07\/51-100x100.png",100,100,true]},"uagb_author_info":{"display_name":"jinxing6611@gmail.com","author_link":"https:\/\/jinancuchem.com\/fr\/author\/"},"uagb_comment_info":0,"uagb_excerpt":"\u3010CAS\u3011 10124-56-8 \u3010Alias\u3011 SHMP; Sodium Polymetaphosphate \u3010Molecular Formula\u3011(NaPO\u2083)\u2086 \u3010Structural Formula\u3011 1. Product Property Sodium hexametaphosphate (food grade) is a white, amorphous powder or granule. It&#8217;s highly soluble in water, forming a slightly alkaline solution. It has strong chelating ability for metal ions, can disperse and emulsify substances, and shows good stability in normal storage, with\u2026","_links":{"self":[{"href":"https:\/\/jinancuchem.com\/fr\/wp-json\/wp\/v2\/product\/4595","targetHints":{"allow":["GET"]}}],"collection":[{"href":"https:\/\/jinancuchem.com\/fr\/wp-json\/wp\/v2\/product"}],"about":[{"href":"https:\/\/jinancuchem.com\/fr\/wp-json\/wp\/v2\/types\/product"}],"wp:featuredmedia":[{"embeddable":true,"href":"https:\/\/jinancuchem.com\/fr\/wp-json\/wp\/v2\/media\/4603"}],"wp:attachment":[{"href":"https:\/\/jinancuchem.com\/fr\/wp-json\/wp\/v2\/media?parent=4595"}],"wp:term":[{"taxonomy":"product_brand","embeddable":true,"href":"https:\/\/jinancuchem.com\/fr\/wp-json\/wp\/v2\/product_brand?post=4595"},{"taxonomy":"product_cat","embeddable":true,"href":"https:\/\/jinancuchem.com\/fr\/wp-json\/wp\/v2\/product_cat?post=4595"},{"taxonomy":"product_tag","embeddable":true,"href":"https:\/\/jinancuchem.com\/fr\/wp-json\/wp\/v2\/product_tag?post=4595"}],"curies":[{"name":"wp","href":"https:\/\/api.w.org\/{rel}","templated":true}]}}