{"id":4600,"date":"2025-07-25T06:42:11","date_gmt":"2025-07-25T06:42:11","guid":{"rendered":"https:\/\/jinancuchem.com\/?post_type=product&#038;p=4600"},"modified":"2025-07-25T06:42:11","modified_gmt":"2025-07-25T06:42:11","slug":"nn-dimethylformamide","status":"publish","type":"product","link":"https:\/\/jinancuchem.com\/fr\/produit\/nn-dimethylformamide\/","title":{"rendered":"N,N-Dim\u00e9thylformamide"},"content":{"rendered":"<p>\u3010CAS\u301168-12-2<\/p>\n<p>Alias : DMF<\/p>\n<p>Formule mol\u00e9culaire : C<sub>3<\/sub>H<sub>7<\/sub>NO Masse mol\u00e9culaire relative : 73,09<\/p>\n<p>Formule structurelle :<img alt=\"\" fetchpriority=\"high\" decoding=\"async\" class=\"alignnone size-medium wp-image-4607\" src=\"https:\/\/jinancuchem.com\/wp-content\/uploads\/2025\/07\/\u672a\u6807\u9898-1-47-300x300.jpg\" width=\"300\" height=\"300\" srcset=\"https:\/\/jinancuchem.com\/wp-content\/uploads\/2025\/07\/\u672a\u6807\u9898-1-47-300x300.jpg 300w, https:\/\/jinancuchem.com\/wp-content\/uploads\/2025\/07\/\u672a\u6807\u9898-1-47-100x100.jpg 100w, https:\/\/jinancuchem.com\/wp-content\/uploads\/2025\/07\/\u672a\u6807\u9898-1-47-500x500.jpg 500w, https:\/\/jinancuchem.com\/wp-content\/uploads\/2025\/07\/\u672a\u6807\u9898-1-47-150x150.jpg 150w, https:\/\/jinancuchem.com\/wp-content\/uploads\/2025\/07\/\u672a\u6807\u9898-1-47-768x768.jpg 768w, https:\/\/jinancuchem.com\/wp-content\/uploads\/2025\/07\/\u672a\u6807\u9898-1-47-12x12.jpg 12w, https:\/\/jinancuchem.com\/wp-content\/uploads\/2025\/07\/\u672a\u6807\u9898-1-47.jpg 800w\" sizes=\"(max-width: 300px) 100vw, 300px\" \/><\/p>\n<p>&nbsp;<\/p>\n<h4>1.Propri\u00e9t\u00e9 du produit<\/h4>\n<p>Le N,N-Dim\u00e9thylformamide est un compos\u00e9 organique, un liquide transparent incolore. Il s'agit non seulement d'une mati\u00e8re premi\u00e8re chimique largement utilis\u00e9e, mais aussi d'un excellent solvant aux applications \u00e9tendues. Il peut \u00eatre m\u00e9lang\u00e9 librement \u00e0 l'eau et \u00e0 la plupart des solvants organiques et pr\u00e9sente une bonne solubilit\u00e9 pour divers compos\u00e9s organiques et inorganiques.<\/p>\n<h4>2.<\/h4>\n<table>\n<tbody>\n<tr>\n<td><strong><b>Param\u00e8tres<\/b><\/strong><\/td>\n<td width=\"362\"><strong><b>Sp\u00e9cifications<\/b><\/strong><\/td>\n<\/tr>\n<tr>\n<td><strong><b>Apparence<\/b><\/strong><\/td>\n<td width=\"362\">Liquide clair et incolore<\/td>\n<\/tr>\n<tr>\n<td><strong><b>Puret\u00e9 (GC, zone %)<\/b><\/strong><\/td>\n<td width=\"362\">\u2265 99.9%<\/td>\n<\/tr>\n<tr>\n<td><strong><b>Teneur en eau<\/b><\/strong><\/td>\n<td width=\"362\">\u2264 0,05% (500 ppm)<\/td>\n<\/tr>\n<tr>\n<td><strong><b>Acidit\u00e9 (sous forme d'acide formique)<\/b><\/strong><\/td>\n<td width=\"362\">\u2264 0,01% (100 ppm)<\/td>\n<\/tr>\n<tr>\n<td><strong><b>Densit\u00e9 (20\u00b0C, g\/cm\u00b3)<\/b><\/strong><\/td>\n<td width=\"362\">0.944 &#8211; 0.948<\/td>\n<\/tr>\n<tr>\n<td><strong><b>Point d'\u00e9bullition (\u00b0C)<\/b><\/strong><\/td>\n<td width=\"362\">152 &#8211; 155<\/td>\n<\/tr>\n<tr>\n<td><strong><b>Indice de r\u00e9fraction (nD\u00b2\u2070)<\/b><\/strong><\/td>\n<td width=\"362\">1.428 &#8211; 1.432<\/td>\n<\/tr>\n<tr>\n<td><strong><b>Mati\u00e8res non volatiles<\/b><\/strong><\/td>\n<td width=\"362\">\u2264 0,005% (50 ppm)<\/td>\n<\/tr>\n<tr>\n<td><strong><b>Dim\u00e9thylamine (DMA)<\/b><\/strong><\/td>\n<td width=\"362\">\u2264 0,02% (200 ppm)<\/td>\n<\/tr>\n<\/tbody>\n<\/table>\n<p>&nbsp;<\/p>\n<h4>3. Champ d'application et utilisation<\/h4>\n<p>Le DMF n'est pas seulement une mati\u00e8re premi\u00e8re chimique largement utilis\u00e9e, c'est aussi un excellent solvant aux applications \u00e9tendues. Outre les hydrocarbures halog\u00e9n\u00e9s, il peut \u00eatre m\u00e9lang\u00e9 librement \u00e0 l'eau et \u00e0 la plupart des solvants organiques. Il pr\u00e9sente une bonne solubilit\u00e9 pour une vari\u00e9t\u00e9 de compos\u00e9s organiques et inorganiques.<\/p>\n<h4>4. l'emballage et le stockage<\/h4>\n<p>&nbsp;<\/p>\n<p>F\u00fbts en acier ouverts. Caisses en bois ordinaires pour les bouteilles d'ampoules. Bouteilles en verre \u00e0 goulot filet\u00e9, bouteilles en verre avec bouchons en fer et goulots press\u00e9s, bouteilles en plastique ou f\u00fbts m\u00e9talliques (bo\u00eetes de conserve), etc. Ne doivent pas \u00eatre m\u00e9lang\u00e9s et transport\u00e9s avec des oxydants, des acides, des aliments et des additifs alimentaires, etc.<\/p>","protected":false},"excerpt":{"rendered":"<p>\u3010CAS\u301168-12-2 Alias: DMF Molecular formula: C3H7NO \u00a0Relative molecular mass: 73.09 Structural formula: &nbsp; 1.Product Property N,N-Dimethylformamide is an organic compound, a colorless transparent liquid. It is not only a widely used chemical raw material but also an excellent solvent with extensive applications. It can be mixed freely with water and most organic solvents, and has [&hellip;]<\/p>\n","protected":false},"featured_media":4607,"template":"","meta":{"_seopress_robots_primary_cat":"","_seopress_titles_title":"","_seopress_titles_desc":"","_seopress_robots_index":"","_uag_custom_page_level_css":"","site-sidebar-layout":"default","site-content-layout":"","ast-site-content-layout":"default","site-content-style":"default","site-sidebar-style":"default","ast-global-header-display":"","ast-banner-title-visibility":"","ast-main-header-display":"","ast-hfb-above-header-display":"","ast-hfb-below-header-display":"","ast-hfb-mobile-header-display":"","site-post-title":"","ast-breadcrumbs-content":"","ast-featured-img":"","footer-sml-layout":"","theme-transparent-header-meta":"default","adv-header-id-meta":"","stick-header-meta":"default","header-above-stick-meta":"","header-main-stick-meta":"","header-below-stick-meta":"","astra-migrate-meta-layouts":"set","ast-page-background-enabled":"default","ast-page-background-meta":{"desktop":{"background-color":"","background-image":"","background-repeat":"repeat","background-position":"center center","background-size":"auto","background-attachment":"scroll","background-type":"","background-media":"","overlay-type":"","overlay-color":"","overlay-opacity":"","overlay-gradient":""},"tablet":{"background-color":"","background-image":"","background-repeat":"repeat","background-position":"center center","background-size":"auto","background-attachment":"scroll","background-type":"","background-media":"","overlay-type":"","overlay-color":"","overlay-opacity":"","overlay-gradient":""},"mobile":{"background-color":"","background-image":"","background-repeat":"repeat","background-position":"center center","background-size":"auto","background-attachment":"scroll","background-type":"","background-media":"","overlay-type":"","overlay-color":"","overlay-opacity":"","overlay-gradient":""}},"ast-content-background-meta":{"desktop":{"background-color":"var(--ast-global-color-5)","background-image":"","background-repeat":"repeat","background-position":"center center","background-size":"auto","background-attachment":"scroll","background-type":"","background-media":"","overlay-type":"","overlay-color":"","overlay-opacity":"","overlay-gradient":""},"tablet":{"background-color":"var(--ast-global-color-5)","background-image":"","background-repeat":"repeat","background-position":"center center","background-size":"auto","background-attachment":"scroll","background-type":"","background-media":"","overlay-type":"","overlay-color":"","overlay-opacity":"","overlay-gradient":""},"mobile":{"background-color":"var(--ast-global-color-5)","background-image":"","background-repeat":"repeat","background-position":"center center","background-size":"auto","background-attachment":"scroll","background-type":"","background-media":"","overlay-type":"","overlay-color":"","overlay-opacity":"","overlay-gradient":""}}},"product_brand":[],"product_cat":[69],"product_tag":[],"class_list":{"0":"post-4600","1":"product","2":"type-product","3":"status-publish","4":"has-post-thumbnail","6":"product_cat-daily-chemical-product","7":"desktop-align-left","8":"tablet-align-left","9":"mobile-align-left","10":"ast-product-gallery-layout-horizontal-slider","11":"ast-product-gallery-with-no-image","12":"ast-product-tabs-layout-horizontal","14":"first","15":"instock","16":"shipping-taxable","17":"product-type-simple"},"uagb_featured_image_src":{"full":["https:\/\/jinancuchem.com\/wp-content\/uploads\/2025\/07\/\u672a\u6807\u9898-1-47.jpg",800,800,false],"thumbnail":["https:\/\/jinancuchem.com\/wp-content\/uploads\/2025\/07\/\u672a\u6807\u9898-1-47-150x150.jpg",150,150,true],"medium":["https:\/\/jinancuchem.com\/wp-content\/uploads\/2025\/07\/\u672a\u6807\u9898-1-47-300x300.jpg",300,300,true],"medium_large":["https:\/\/jinancuchem.com\/wp-content\/uploads\/2025\/07\/\u672a\u6807\u9898-1-47-768x768.jpg",768,768,true],"large":["https:\/\/jinancuchem.com\/wp-content\/uploads\/2025\/07\/\u672a\u6807\u9898-1-47.jpg",800,800,false],"1536x1536":["https:\/\/jinancuchem.com\/wp-content\/uploads\/2025\/07\/\u672a\u6807\u9898-1-47.jpg",800,800,false],"2048x2048":["https:\/\/jinancuchem.com\/wp-content\/uploads\/2025\/07\/\u672a\u6807\u9898-1-47.jpg",800,800,false],"trp-custom-language-flag":["https:\/\/jinancuchem.com\/wp-content\/uploads\/2025\/07\/\u672a\u6807\u9898-1-47-12x12.jpg",12,12,true],"woocommerce_thumbnail":["https:\/\/jinancuchem.com\/wp-content\/uploads\/2025\/07\/\u672a\u6807\u9898-1-47-300x300.jpg",300,300,true],"woocommerce_single":["https:\/\/jinancuchem.com\/wp-content\/uploads\/2025\/07\/\u672a\u6807\u9898-1-47-500x500.jpg",500,500,true],"woocommerce_gallery_thumbnail":["https:\/\/jinancuchem.com\/wp-content\/uploads\/2025\/07\/\u672a\u6807\u9898-1-47-100x100.jpg",100,100,true]},"uagb_author_info":{"display_name":"jinxing6611@gmail.com","author_link":"https:\/\/jinancuchem.com\/fr\/author\/"},"uagb_comment_info":0,"uagb_excerpt":"\u3010CAS\u301168-12-2 Alias: DMF Molecular formula: C3H7NO \u00a0Relative molecular mass: 73.09 Structural formula: &nbsp; 1.Product Property N,N-Dimethylformamide is an organic compound, a colorless transparent liquid. It is not only a widely used chemical raw material but also an excellent solvent with extensive applications. It can be mixed freely with water and most organic solvents, and has\u2026","_links":{"self":[{"href":"https:\/\/jinancuchem.com\/fr\/wp-json\/wp\/v2\/product\/4600","targetHints":{"allow":["GET"]}}],"collection":[{"href":"https:\/\/jinancuchem.com\/fr\/wp-json\/wp\/v2\/product"}],"about":[{"href":"https:\/\/jinancuchem.com\/fr\/wp-json\/wp\/v2\/types\/product"}],"wp:featuredmedia":[{"embeddable":true,"href":"https:\/\/jinancuchem.com\/fr\/wp-json\/wp\/v2\/media\/4607"}],"wp:attachment":[{"href":"https:\/\/jinancuchem.com\/fr\/wp-json\/wp\/v2\/media?parent=4600"}],"wp:term":[{"taxonomy":"product_brand","embeddable":true,"href":"https:\/\/jinancuchem.com\/fr\/wp-json\/wp\/v2\/product_brand?post=4600"},{"taxonomy":"product_cat","embeddable":true,"href":"https:\/\/jinancuchem.com\/fr\/wp-json\/wp\/v2\/product_cat?post=4600"},{"taxonomy":"product_tag","embeddable":true,"href":"https:\/\/jinancuchem.com\/fr\/wp-json\/wp\/v2\/product_tag?post=4600"}],"curies":[{"name":"wp","href":"https:\/\/api.w.org\/{rel}","templated":true}]}}