{"id":4604,"date":"2025-07-25T06:43:08","date_gmt":"2025-07-25T06:43:08","guid":{"rendered":"https:\/\/jinancuchem.com\/?post_type=product&#038;p=4604"},"modified":"2025-07-25T06:43:08","modified_gmt":"2025-07-25T06:43:08","slug":"tetrasodium-pyrophosphate-food-grade","status":"publish","type":"product","link":"https:\/\/jinancuchem.com\/fr\/produit\/tetrasodium-pyrophosphate-food-grade\/","title":{"rendered":"PYROPHOSPHATE T\u00c9TRASODIQUE DE QUALIT\u00c9 ALIMENTAIRE"},"content":{"rendered":"<p><strong><b>Formule mol\u00e9culaire :<\/b><\/strong>Na4P2O7;Na4P2O7\u00b710H2O<\/p>\n<p><strong><b>Poids mol\u00e9culaire :\u00a0<\/b><\/strong>265.91;446.07<\/p>\n<p><strong><b>CAS NO :<\/b><\/strong>7722-88-5(Anhydrous);13472-36-1(Decahydrate )<\/p>\n<p><strong><b>\u3010Structural Formula\u3011<img alt=\"\" decoding=\"async\" class=\"alignnone size-full wp-image-4608\" src=\"https:\/\/jinancuchem.com\/wp-content\/uploads\/2025\/07\/\u56fe\u724752.png\" width=\"226\" height=\"147\" srcset=\"https:\/\/jinancuchem.com\/wp-content\/uploads\/2025\/07\/\u56fe\u724752.png 226w, https:\/\/jinancuchem.com\/wp-content\/uploads\/2025\/07\/\u56fe\u724752-18x12.png 18w\" sizes=\"(max-width: 226px) 100vw, 226px\" \/><\/b><\/strong><\/p>\n<h3><\/h3>\n<h4><strong><b>1. Propri\u00e9t\u00e9 du produit<\/b><\/strong><\/h4>\n<p>Le pyrophosphate de sodium de qualit\u00e9 alimentaire est une poudre cristalline blanche ou un solide granuleux, tr\u00e8s soluble dans l'eau mais insoluble dans l'alcool. Il a un pH fortement alcalin (9,9-10,7 dans une solution de 10 g\/L) et agit comme un agent ch\u00e9lateur pour les ions m\u00e9talliques. La forme anhydre fond \u00e0 880\u00b0C, tandis que le d\u00e9cahydrate perd de l'eau \u00e0 100\u00b0C. Il est hygroscopique, absorbant l'humidit\u00e9 de l'air, et s'hydrolyse en phosphate disodique lorsqu'il est bouilli dans l'eau<\/p>\n<h3><\/h3>\n<h4><strong><b>2. Normes de qualit\u00e9<\/b><\/strong><\/h4>\n<table>\n<tbody>\n<tr>\n<td><strong><b>Param\u00e8tres<\/b><\/strong><\/td>\n<td><strong><b>Sp\u00e9cifications <\/b><\/strong><\/td>\n<\/tr>\n<tr>\n<td><strong><b>Essai (Na\u2084P\u2082O\u2087)<\/b><\/strong><\/td>\n<td>\u2265 96.5% (anhydre) \/ \u2265 98.0% (d\u00e9cahydrat\u00e9)<\/td>\n<\/tr>\n<tr>\n<td><strong><b>pH (solution \u00e0 10 g\/L)<\/b><\/strong><\/td>\n<td>9.9-10.7<\/td>\n<\/tr>\n<tr>\n<td><strong><b>Arsenic (As)<\/b><\/strong><\/td>\n<td>\u2264 3 mg\/kg<\/td>\n<\/tr>\n<tr>\n<td><strong><b>M\u00e9taux lourds (Pb)<\/b><\/strong><\/td>\n<td>\u2264 10 mg\/kg<\/td>\n<\/tr>\n<tr>\n<td><strong><b>Fluorure (F)<\/b><\/strong><\/td>\n<td>\u2264 50 mg\/kg<\/td>\n<\/tr>\n<tr>\n<td><strong><b>Insolubles dans l'eau<\/b><\/strong><\/td>\n<td>\u2264 0,2%<\/td>\n<\/tr>\n<tr>\n<td><strong><b>Test de phosphate<\/b><\/strong><\/td>\n<td>Adopt\u00e9<\/td>\n<\/tr>\n<tr>\n<td><strong><b>Perte \u00e0 l'allumage<\/b><\/strong><\/td>\n<td>\u2264 0,5% (anhydre)<\/td>\n<\/tr>\n<\/tbody>\n<\/table>\n<h3><\/h3>\n<h4><strong><b>3. Champ d'application et utilisation<\/b><\/strong><\/h4>\n<p>En tant qu'additif alimentaire, il am\u00e9liore la qualit\u00e9. Dans les produits carn\u00e9s, il retient l'humidit\u00e9, am\u00e9liore la tendret\u00e9 et la jutosit\u00e9. Dans les fruits de mer, il emp\u00eache la d\u00e9coloration. Il est utilis\u00e9 dans les produits laitiers pour stabiliser les \u00e9mulsions et dans les produits de boulangerie pour am\u00e9liorer la texture. Il sert \u00e9galement de s\u00e9questrant dans les boissons, avec des niveaux d'utilisation g\u00e9n\u00e9ralement compris entre 0,05% et 0,5%, conform\u00e9ment \u00e0 la r\u00e9glementation sur les additifs alimentaires.<\/p>\n<h3><\/h3>\n<h4><strong><b>4. Emballage et stockage<\/b><\/strong><\/h4>\n<p>Conditionn\u00e9s dans des sacs tiss\u00e9s rev\u00eatus de poly\u00e9thyl\u00e8ne, des sacs en papier ou des sacs en plastique composite, d'un poids net courant de 25 kg\/50 kg. Stocker dans un entrep\u00f4t frais, sec et ventil\u00e9. \u00c9viter l'humidit\u00e9, la lumi\u00e8re directe du soleil et le contact avec les acides. Garder le produit scell\u00e9 pour \u00e9viter qu'il ne s'agglom\u00e8re et que sa qualit\u00e9 ne se d\u00e9t\u00e9riore. La dur\u00e9e de conservation est d'environ 24 mois dans des conditions de stockage ad\u00e9quates.<\/p>","protected":false},"excerpt":{"rendered":"<p>Molecular Formula:Na4P2O7;Na4P2O7\u00b710H2O Molecular Weight:\u00a0265.91;446.07 CAS NO.:7722-88-5(Anhydrous);13472-36-1(Decahydrate ) \u3010Structural Formula\u3011 1. Product Property Food-grade sodium pyrophosphate is a\u00a0white crystalline powder or granular solid, highly soluble in water but insoluble in alcohol. It has a\u00a0strong alkaline pH (9.9\u201310.7 in 10 g\/L solution)\u00a0and acts as a\u00a0chelating agent for metal ions. The anhydrous form melts at\u00a0880\u00b0C, while the decahydrate [&hellip;]<\/p>\n","protected":false},"featured_media":4609,"template":"","meta":{"_seopress_robots_primary_cat":"","_seopress_titles_title":"","_seopress_titles_desc":"","_seopress_robots_index":"","_uag_custom_page_level_css":"","site-sidebar-layout":"default","site-content-layout":"","ast-site-content-layout":"default","site-content-style":"default","site-sidebar-style":"default","ast-global-header-display":"","ast-banner-title-visibility":"","ast-main-header-display":"","ast-hfb-above-header-display":"","ast-hfb-below-header-display":"","ast-hfb-mobile-header-display":"","site-post-title":"","ast-breadcrumbs-content":"","ast-featured-img":"","footer-sml-layout":"","theme-transparent-header-meta":"default","adv-header-id-meta":"","stick-header-meta":"default","header-above-stick-meta":"","header-main-stick-meta":"","header-below-stick-meta":"","astra-migrate-meta-layouts":"set","ast-page-background-enabled":"default","ast-page-background-meta":{"desktop":{"background-color":"","background-image":"","background-repeat":"repeat","background-position":"center center","background-size":"auto","background-attachment":"scroll","background-type":"","background-media":"","overlay-type":"","overlay-color":"","overlay-opacity":"","overlay-gradient":""},"tablet":{"background-color":"","background-image":"","background-repeat":"repeat","background-position":"center center","background-size":"auto","background-attachment":"scroll","background-type":"","background-media":"","overlay-type":"","overlay-color":"","overlay-opacity":"","overlay-gradient":""},"mobile":{"background-color":"","background-image":"","background-repeat":"repeat","background-position":"center center","background-size":"auto","background-attachment":"scroll","background-type":"","background-media":"","overlay-type":"","overlay-color":"","overlay-opacity":"","overlay-gradient":""}},"ast-content-background-meta":{"desktop":{"background-color":"var(--ast-global-color-5)","background-image":"","background-repeat":"repeat","background-position":"center center","background-size":"auto","background-attachment":"scroll","background-type":"","background-media":"","overlay-type":"","overlay-color":"","overlay-opacity":"","overlay-gradient":""},"tablet":{"background-color":"var(--ast-global-color-5)","background-image":"","background-repeat":"repeat","background-position":"center center","background-size":"auto","background-attachment":"scroll","background-type":"","background-media":"","overlay-type":"","overlay-color":"","overlay-opacity":"","overlay-gradient":""},"mobile":{"background-color":"var(--ast-global-color-5)","background-image":"","background-repeat":"repeat","background-position":"center center","background-size":"auto","background-attachment":"scroll","background-type":"","background-media":"","overlay-type":"","overlay-color":"","overlay-opacity":"","overlay-gradient":""}}},"product_brand":[],"product_cat":[67],"product_tag":[],"class_list":{"0":"post-4604","1":"product","2":"type-product","3":"status-publish","4":"has-post-thumbnail","6":"product_cat-food-additives","7":"desktop-align-left","8":"tablet-align-left","9":"mobile-align-left","10":"ast-product-gallery-layout-horizontal-slider","11":"ast-product-gallery-with-no-image","12":"ast-product-tabs-layout-horizontal","14":"first","15":"instock","16":"shipping-taxable","17":"product-type-simple"},"uagb_featured_image_src":{"full":["https:\/\/jinancuchem.com\/wp-content\/uploads\/2025\/07\/52.png",800,800,false],"thumbnail":["https:\/\/jinancuchem.com\/wp-content\/uploads\/2025\/07\/52-150x150.png",150,150,true],"medium":["https:\/\/jinancuchem.com\/wp-content\/uploads\/2025\/07\/52-300x300.png",300,300,true],"medium_large":["https:\/\/jinancuchem.com\/wp-content\/uploads\/2025\/07\/52-768x768.png",768,768,true],"large":["https:\/\/jinancuchem.com\/wp-content\/uploads\/2025\/07\/52.png",800,800,false],"1536x1536":["https:\/\/jinancuchem.com\/wp-content\/uploads\/2025\/07\/52.png",800,800,false],"2048x2048":["https:\/\/jinancuchem.com\/wp-content\/uploads\/2025\/07\/52.png",800,800,false],"trp-custom-language-flag":["https:\/\/jinancuchem.com\/wp-content\/uploads\/2025\/07\/52-12x12.png",12,12,true],"woocommerce_thumbnail":["https:\/\/jinancuchem.com\/wp-content\/uploads\/2025\/07\/52-300x300.png",300,300,true],"woocommerce_single":["https:\/\/jinancuchem.com\/wp-content\/uploads\/2025\/07\/52-500x500.png",500,500,true],"woocommerce_gallery_thumbnail":["https:\/\/jinancuchem.com\/wp-content\/uploads\/2025\/07\/52-100x100.png",100,100,true]},"uagb_author_info":{"display_name":"jinxing6611@gmail.com","author_link":"https:\/\/jinancuchem.com\/fr\/author\/"},"uagb_comment_info":0,"uagb_excerpt":"Molecular Formula:Na4P2O7;Na4P2O7\u00b710H2O Molecular Weight:\u00a0265.91;446.07 CAS NO.:7722-88-5(Anhydrous);13472-36-1(Decahydrate ) \u3010Structural Formula\u3011 1. Product Property Food-grade sodium pyrophosphate is a\u00a0white crystalline powder or granular solid, highly soluble in water but insoluble in alcohol. It has a\u00a0strong alkaline pH (9.9\u201310.7 in 10 g\/L solution)\u00a0and acts as a\u00a0chelating agent for metal ions. The anhydrous form melts at\u00a0880\u00b0C, while the decahydrate\u2026","_links":{"self":[{"href":"https:\/\/jinancuchem.com\/fr\/wp-json\/wp\/v2\/product\/4604","targetHints":{"allow":["GET"]}}],"collection":[{"href":"https:\/\/jinancuchem.com\/fr\/wp-json\/wp\/v2\/product"}],"about":[{"href":"https:\/\/jinancuchem.com\/fr\/wp-json\/wp\/v2\/types\/product"}],"wp:featuredmedia":[{"embeddable":true,"href":"https:\/\/jinancuchem.com\/fr\/wp-json\/wp\/v2\/media\/4609"}],"wp:attachment":[{"href":"https:\/\/jinancuchem.com\/fr\/wp-json\/wp\/v2\/media?parent=4604"}],"wp:term":[{"taxonomy":"product_brand","embeddable":true,"href":"https:\/\/jinancuchem.com\/fr\/wp-json\/wp\/v2\/product_brand?post=4604"},{"taxonomy":"product_cat","embeddable":true,"href":"https:\/\/jinancuchem.com\/fr\/wp-json\/wp\/v2\/product_cat?post=4604"},{"taxonomy":"product_tag","embeddable":true,"href":"https:\/\/jinancuchem.com\/fr\/wp-json\/wp\/v2\/product_tag?post=4604"}],"curies":[{"name":"wp","href":"https:\/\/api.w.org\/{rel}","templated":true}]}}