{"id":4610,"date":"2025-07-25T06:45:08","date_gmt":"2025-07-25T06:45:08","guid":{"rendered":"https:\/\/jinancuchem.com\/?post_type=product&#038;p=4610"},"modified":"2025-07-25T06:45:08","modified_gmt":"2025-07-25T06:45:08","slug":"disodium-hydrogen-phosphate-food-grade","status":"publish","type":"product","link":"https:\/\/jinancuchem.com\/fr\/produit\/disodium-hydrogen-phosphate-food-grade\/","title":{"rendered":"Hydrog\u00e9nophosphate disodique (qualit\u00e9 alimentaire)"},"content":{"rendered":"<p><strong><b>\u3010CAS\u3011<\/b><\/strong>: 7558-79-4<\/p>\n<p><strong><b>Alias<\/b><\/strong>: Phosphate de sodium dibasique ; Phosphate disodique<\/p>\n<p><strong><b>\u3010Formule mol\u00e9culaire\u3011<\/b><\/strong><\/p>\n<p>Na\u2082HPO\u2084<\/p>\n<p><strong><b>\u3010Structural Formula\u3011<img alt=\"\" decoding=\"async\" class=\"alignnone size-full wp-image-4614\" src=\"https:\/\/jinancuchem.com\/wp-content\/uploads\/2025\/07\/\u56fe\u724753.png\" width=\"192\" height=\"154\" srcset=\"https:\/\/jinancuchem.com\/wp-content\/uploads\/2025\/07\/\u56fe\u724753.png 192w, https:\/\/jinancuchem.com\/wp-content\/uploads\/2025\/07\/\u56fe\u724753-15x12.png 15w\" sizes=\"(max-width: 192px) 100vw, 192px\" \/><\/b><\/strong><\/p>\n<p>&nbsp;<\/p>\n<h4><strong><b>1. Propri\u00e9t\u00e9 du produit<\/b><\/strong><\/h4>\n<p>L'hydrog\u00e9nophosphate disodique de qualit\u00e9 alimentaire se pr\u00e9sente sous la forme d'une poudre cristalline blanche ou de granul\u00e9s. Il est tr\u00e8s soluble dans l'eau mais insoluble dans l'alcool. Le compos\u00e9 est stable dans des conditions normales et pr\u00e9sente des propri\u00e9t\u00e9s hygroscopiques. En tant qu'agent tampon, il maintient le pH entre 8,0 et 11,0 dans les solutions.<\/p>\n<h3><\/h3>\n<h4><strong><b>2. Normes de qualit\u00e9<\/b><\/strong><\/h4>\n<table>\n<tbody>\n<tr>\n<td><strong><b>Param\u00e8tres<\/b><\/strong><\/td>\n<td><strong><b>Sp\u00e9cifications<\/b><\/strong><\/td>\n<\/tr>\n<tr>\n<td><strong><b>Essai (Na\u2082HPO\u2084)<\/b><\/strong><\/td>\n<td>\u2265 99.0%<\/td>\n<\/tr>\n<tr>\n<td><strong><b>pH (solution 1%)<\/b><\/strong><\/td>\n<td>8.0-11.0<\/td>\n<\/tr>\n<tr>\n<td><strong><b>Perte au s\u00e9chage<\/b><\/strong><\/td>\n<td>\u2264 5.0%<\/td>\n<\/tr>\n<tr>\n<td><strong><b>Insolubles dans l'eau<\/b><\/strong><\/td>\n<td>\u2264 0,2%<\/td>\n<\/tr>\n<tr>\n<td><strong><b>M\u00e9taux lourds (en Pb)<\/b><\/strong><\/td>\n<td>\u2264 10 ppm<\/td>\n<\/tr>\n<tr>\n<td><strong><b>Arsenic (As)<\/b><\/strong><\/td>\n<td>\u2264 3 ppm<\/td>\n<\/tr>\n<tr>\n<td><strong><b>Fluorure (F)<\/b><\/strong><\/td>\n<td>\u2264 10 ppm<\/td>\n<\/tr>\n<tr>\n<td><strong><b>Sulfate (SO\u2084\u00b2-)<\/b><\/strong><\/td>\n<td>\u2264 0,5%<\/td>\n<\/tr>\n<tr>\n<td><strong><b>Chlorure (Cl-)<\/b><\/strong><\/td>\n<td>\u2264 0,2%<\/td>\n<\/tr>\n<\/tbody>\n<\/table>\n<h3><\/h3>\n<h4><strong><b>3. Champ d'application et utilisation<\/b><\/strong><\/h4>\n<p>L'hydrog\u00e9nophosphate disodique remplit de multiples fonctions dans la transformation des aliments en tant que r\u00e9gulateur d'acidit\u00e9, \u00e9mulsifiant et stabilisateur. Il est couramment utilis\u00e9 dans les produits laitiers, les fromages fondus et les produits carn\u00e9s pour am\u00e9liorer la texture et la r\u00e9tention d'eau. Dans les boissons, il agit comme un tampon de pH. Le compos\u00e9 trouve \u00e9galement des applications dans le traitement de l'eau et les d\u00e9tergents. En tant qu'additif alimentaire (E339ii), il doit \u00eatre utilis\u00e9 dans les limites autoris\u00e9es (g\u00e9n\u00e9ralement 0,3-0,5% dans les produits finis).<\/p>\n<h3><\/h3>\n<h4><strong><b>4. Emballage et stockage<\/b><\/strong><\/h4>\n<p>Le produit est g\u00e9n\u00e9ralement conditionn\u00e9 dans des sacs tiss\u00e9s de 25 kg rev\u00eatus de poly\u00e9thyl\u00e8ne ou dans des f\u00fbts en fibre pour un usage industriel. Les quantit\u00e9s vendues au d\u00e9tail peuvent \u00eatre conditionn\u00e9es dans des conteneurs PEHD scell\u00e9s. Stocker dans un endroit frais, sec et bien ventil\u00e9, \u00e0 l'abri de l'humidit\u00e9 et des substances incompatibles. L'emballage doit rester herm\u00e9tiquement ferm\u00e9 pour \u00e9viter que le produit ne se fige en raison de sa nature hygroscopique. Dans des conditions de stockage appropri\u00e9es, la dur\u00e9e de conservation est de 24 mois. Pendant le transport, prot\u00e9ger de la pluie et de l'humidit\u00e9. Manipuler avec un \u00e9quipement de protection standard car la poudre peut provoquer une l\u00e9g\u00e8re irritation des yeux et du syst\u00e8me respiratoire.<\/p>","protected":false},"excerpt":{"rendered":"<p>\u3010CAS\u3011: 7558-79-4 Alias: Sodium phosphate dibasic; Disodium phosphate \u3010Molecular Formula\u3011 Na\u2082HPO\u2084 \u3010Structural Formula\u3011 &nbsp; 1. Product Property Food grade disodium hydrogen phosphate appears as white crystalline powder or granules. It is highly soluble in water but insoluble in alcohol. The compound is stable under normal conditions and shows hygroscopic properties. As a buffering agent, it [&hellip;]<\/p>\n","protected":false},"featured_media":4617,"template":"","meta":{"_seopress_robots_primary_cat":"","_seopress_titles_title":"","_seopress_titles_desc":"","_seopress_robots_index":"","_uag_custom_page_level_css":"","site-sidebar-layout":"default","site-content-layout":"","ast-site-content-layout":"default","site-content-style":"default","site-sidebar-style":"default","ast-global-header-display":"","ast-banner-title-visibility":"","ast-main-header-display":"","ast-hfb-above-header-display":"","ast-hfb-below-header-display":"","ast-hfb-mobile-header-display":"","site-post-title":"","ast-breadcrumbs-content":"","ast-featured-img":"","footer-sml-layout":"","theme-transparent-header-meta":"default","adv-header-id-meta":"","stick-header-meta":"default","header-above-stick-meta":"","header-main-stick-meta":"","header-below-stick-meta":"","astra-migrate-meta-layouts":"set","ast-page-background-enabled":"default","ast-page-background-meta":{"desktop":{"background-color":"","background-image":"","background-repeat":"repeat","background-position":"center center","background-size":"auto","background-attachment":"scroll","background-type":"","background-media":"","overlay-type":"","overlay-color":"","overlay-opacity":"","overlay-gradient":""},"tablet":{"background-color":"","background-image":"","background-repeat":"repeat","background-position":"center center","background-size":"auto","background-attachment":"scroll","background-type":"","background-media":"","overlay-type":"","overlay-color":"","overlay-opacity":"","overlay-gradient":""},"mobile":{"background-color":"","background-image":"","background-repeat":"repeat","background-position":"center center","background-size":"auto","background-attachment":"scroll","background-type":"","background-media":"","overlay-type":"","overlay-color":"","overlay-opacity":"","overlay-gradient":""}},"ast-content-background-meta":{"desktop":{"background-color":"var(--ast-global-color-5)","background-image":"","background-repeat":"repeat","background-position":"center center","background-size":"auto","background-attachment":"scroll","background-type":"","background-media":"","overlay-type":"","overlay-color":"","overlay-opacity":"","overlay-gradient":""},"tablet":{"background-color":"var(--ast-global-color-5)","background-image":"","background-repeat":"repeat","background-position":"center center","background-size":"auto","background-attachment":"scroll","background-type":"","background-media":"","overlay-type":"","overlay-color":"","overlay-opacity":"","overlay-gradient":""},"mobile":{"background-color":"var(--ast-global-color-5)","background-image":"","background-repeat":"repeat","background-position":"center center","background-size":"auto","background-attachment":"scroll","background-type":"","background-media":"","overlay-type":"","overlay-color":"","overlay-opacity":"","overlay-gradient":""}}},"product_brand":[],"product_cat":[67],"product_tag":[],"class_list":{"0":"post-4610","1":"product","2":"type-product","3":"status-publish","4":"has-post-thumbnail","6":"product_cat-food-additives","7":"desktop-align-left","8":"tablet-align-left","9":"mobile-align-left","10":"ast-product-gallery-layout-horizontal-slider","11":"ast-product-gallery-with-no-image","12":"ast-product-tabs-layout-horizontal","14":"first","15":"instock","16":"shipping-taxable","17":"product-type-simple"},"uagb_featured_image_src":{"full":["https:\/\/jinancuchem.com\/wp-content\/uploads\/2025\/07\/53.png",800,800,false],"thumbnail":["https:\/\/jinancuchem.com\/wp-content\/uploads\/2025\/07\/53-150x150.png",150,150,true],"medium":["https:\/\/jinancuchem.com\/wp-content\/uploads\/2025\/07\/53-300x300.png",300,300,true],"medium_large":["https:\/\/jinancuchem.com\/wp-content\/uploads\/2025\/07\/53-768x768.png",768,768,true],"large":["https:\/\/jinancuchem.com\/wp-content\/uploads\/2025\/07\/53.png",800,800,false],"1536x1536":["https:\/\/jinancuchem.com\/wp-content\/uploads\/2025\/07\/53.png",800,800,false],"2048x2048":["https:\/\/jinancuchem.com\/wp-content\/uploads\/2025\/07\/53.png",800,800,false],"trp-custom-language-flag":["https:\/\/jinancuchem.com\/wp-content\/uploads\/2025\/07\/53-12x12.png",12,12,true],"woocommerce_thumbnail":["https:\/\/jinancuchem.com\/wp-content\/uploads\/2025\/07\/53-300x300.png",300,300,true],"woocommerce_single":["https:\/\/jinancuchem.com\/wp-content\/uploads\/2025\/07\/53-500x500.png",500,500,true],"woocommerce_gallery_thumbnail":["https:\/\/jinancuchem.com\/wp-content\/uploads\/2025\/07\/53-100x100.png",100,100,true]},"uagb_author_info":{"display_name":"jinxing6611@gmail.com","author_link":"https:\/\/jinancuchem.com\/fr\/author\/"},"uagb_comment_info":0,"uagb_excerpt":"\u3010CAS\u3011: 7558-79-4 Alias: Sodium phosphate dibasic; Disodium phosphate \u3010Molecular Formula\u3011 Na\u2082HPO\u2084 \u3010Structural Formula\u3011 &nbsp; 1. Product Property Food grade disodium hydrogen phosphate appears as white crystalline powder or granules. It is highly soluble in water but insoluble in alcohol. The compound is stable under normal conditions and shows hygroscopic properties. As a buffering agent, it\u2026","_links":{"self":[{"href":"https:\/\/jinancuchem.com\/fr\/wp-json\/wp\/v2\/product\/4610","targetHints":{"allow":["GET"]}}],"collection":[{"href":"https:\/\/jinancuchem.com\/fr\/wp-json\/wp\/v2\/product"}],"about":[{"href":"https:\/\/jinancuchem.com\/fr\/wp-json\/wp\/v2\/types\/product"}],"wp:featuredmedia":[{"embeddable":true,"href":"https:\/\/jinancuchem.com\/fr\/wp-json\/wp\/v2\/media\/4617"}],"wp:attachment":[{"href":"https:\/\/jinancuchem.com\/fr\/wp-json\/wp\/v2\/media?parent=4610"}],"wp:term":[{"taxonomy":"product_brand","embeddable":true,"href":"https:\/\/jinancuchem.com\/fr\/wp-json\/wp\/v2\/product_brand?post=4610"},{"taxonomy":"product_cat","embeddable":true,"href":"https:\/\/jinancuchem.com\/fr\/wp-json\/wp\/v2\/product_cat?post=4610"},{"taxonomy":"product_tag","embeddable":true,"href":"https:\/\/jinancuchem.com\/fr\/wp-json\/wp\/v2\/product_tag?post=4610"}],"curies":[{"name":"wp","href":"https:\/\/api.w.org\/{rel}","templated":true}]}}