{"id":4628,"date":"2025-07-25T06:48:58","date_gmt":"2025-07-25T06:48:58","guid":{"rendered":"https:\/\/jinancuchem.com\/?post_type=product&#038;p=4628"},"modified":"2025-07-25T06:48:58","modified_gmt":"2025-07-25T06:48:58","slug":"monoammonium-phosphate-food-grade","status":"publish","type":"product","link":"https:\/\/jinancuchem.com\/fr\/produit\/monoammonium-phosphate-food-grade\/","title":{"rendered":"PHOSPHATE MONOAMMONIQUE DE QUALIT\u00c9 ALIMENTAIRE"},"content":{"rendered":"<p><strong><b>Formule mol\u00e9culaire :\u00a0<\/b><\/strong>NH4H2PO4<br \/>\n<strong><b>Poids mol\u00e9culaire :<\/b><\/strong>115.02<br \/>\n<strong><b>CAS NO :<\/b><\/strong>7722-76-1<br \/>\n<strong><b>Standard ex\u00e9cut\u00e9 :<\/b><\/strong>GB1886.330-2021;FCC; Q\/WLD08-20<strong><b>\u3010Structural Formula\u3011<img alt=\"\" decoding=\"async\" class=\"alignnone size-full wp-image-4633\" src=\"https:\/\/jinancuchem.com\/wp-content\/uploads\/2025\/07\/\u56fe\u724755.png\" width=\"160\" height=\"91\" srcset=\"https:\/\/jinancuchem.com\/wp-content\/uploads\/2025\/07\/\u56fe\u724755.png 160w, https:\/\/jinancuchem.com\/wp-content\/uploads\/2025\/07\/\u56fe\u724755-18x10.png 18w\" sizes=\"(max-width: 160px) 100vw, 160px\" \/><\/b><\/strong><\/p>\n<h3><\/h3>\n<h4><strong><b>1. Propri\u00e9t\u00e9 du produit<\/b><\/strong><\/h4>\n<p>Le dihydrog\u00e9nophosphate d'ammonium de qualit\u00e9 alimentaire est une poudre cristalline blanche qui pr\u00e9sente une bonne solubilit\u00e9 dans l'eau mais une insolubilit\u00e9 dans les solvants organiques. Il pr\u00e9sente des propri\u00e9t\u00e9s acides (pH 4,4-4,8 dans une solution 1%) et se d\u00e9compose \u00e0 190\u00b0C. Le compos\u00e9 est stable dans des conditions normales mais peut perdre de l'ammoniac lorsqu'il est chauff\u00e9. Il sert de r\u00e9gulateur de pH efficace et de source de nutriments dans les applications alimentaires.<\/p>\n<h3><\/h3>\n<h4><strong><b>2. Normes de qualit\u00e9<\/b><\/strong><\/h4>\n<table>\n<tbody>\n<tr>\n<td><strong><b>Param\u00e8tres<\/b><\/strong><\/td>\n<td><strong><b>Sp\u00e9cifications<\/b><\/strong><\/td>\n<\/tr>\n<tr>\n<td><strong><b>Essai (NH\u2084H\u2082PO\u2084)<\/b><\/strong><\/td>\n<td>\u2265 99.0%<\/td>\n<\/tr>\n<tr>\n<td><strong><b>P\u2082O\u2085 Contenu<\/b><\/strong><\/td>\n<td>\u2265 61.0%<\/td>\n<\/tr>\n<tr>\n<td><strong><b>Teneur en azote (N)<\/b><\/strong><\/td>\n<td>\u2265 12.0%<\/td>\n<\/tr>\n<tr>\n<td><strong><b>pH (solution \u00e0 10 g\/L)<\/b><\/strong><\/td>\n<td>4.4-4.8<\/td>\n<\/tr>\n<tr>\n<td><strong><b>Humidit\u00e9<\/b><\/strong><\/td>\n<td>\u2264 0,2%<\/td>\n<\/tr>\n<tr>\n<td><strong><b>Insolubles dans l'eau<\/b><\/strong><\/td>\n<td>\u2264 0,1%<\/td>\n<\/tr>\n<tr>\n<td><strong><b>M\u00e9taux lourds (Pb)<\/b><\/strong><\/td>\n<td>\u2264 10 ppm<\/td>\n<\/tr>\n<tr>\n<td><strong><b>Arsenic (As)<\/b><\/strong><\/td>\n<td>\u2264 3 ppm<\/td>\n<\/tr>\n<tr>\n<td><strong><b>Fluorure (F)<\/b><\/strong><\/td>\n<td>\u2264 10 ppm<\/td>\n<\/tr>\n<\/tbody>\n<\/table>\n<p>&nbsp;<\/p>\n<h4><strong><b>3. Champ d'application et utilisation<\/b><\/strong><\/h4>\n<p>Le dihydrog\u00e9nophosphate d'ammonium est largement utilis\u00e9 dans l'industrie alimentaire comme agent levant, conditionneur de p\u00e2te et nutriment pour la levure dans les produits de boulangerie. Il sert de r\u00e9gulateur de pH dans les boissons et de source de nutriments dans les processus de fermentation. Ce compos\u00e9 trouve \u00e9galement des applications dans les produits ignifuges, les produits chimiques de traitement de l'eau et comme engrais dans l'agriculture. Dans la production alimentaire, il doit \u00eatre utilis\u00e9 dans des limites r\u00e9glement\u00e9es afin de garantir la s\u00e9curit\u00e9 et la qualit\u00e9 des produits.<\/p>\n<h3><\/h3>\n<h4><strong><b>4. Emballage et stockage<\/b><\/strong><\/h4>\n<p>Le produit est g\u00e9n\u00e9ralement conditionn\u00e9 dans des sacs tiss\u00e9s de 25 kg rev\u00eatus de poly\u00e9thyl\u00e8ne ou dans des conteneurs r\u00e9sistants \u00e0 l'humidit\u00e9. Le stockage doit se faire dans des endroits frais, secs et bien ventil\u00e9s, \u00e0 l'\u00e9cart de substances incompatibles. Les conteneurs doivent \u00eatre maintenus herm\u00e9tiquement ferm\u00e9s afin d'\u00e9viter l'absorption d'humidit\u00e9 et l'agglom\u00e9ration. Un \u00e9quipement de manutention appropri\u00e9 doit \u00eatre utilis\u00e9 pour \u00e9viter la production de poussi\u00e8re. Dans des conditions optimales, la dur\u00e9e de conservation est de 24 mois.<\/p>","protected":false},"excerpt":{"rendered":"<p>Molecular formula:\u00a0NH4H2PO4 Molecular weight:115.02 CAS NO:7722-76-1 Standard executed:GB1886.330-2021;FCC; Q\/WLD08-20\u3010Structural Formula\u3011 1. Product Property Food-grade ammonium dihydrogen phosphate is a white crystalline powder with good solubility in water but insolubility in organic solvents. It exhibits acidic properties (pH 4.4-4.8 in 1% solution) and decomposes at 190\u00b0C. The compound is stable under normal conditions but may lose [&hellip;]<\/p>\n","protected":false},"featured_media":4638,"template":"","meta":{"_seopress_robots_primary_cat":"","_seopress_titles_title":"","_seopress_titles_desc":"","_seopress_robots_index":"","_uag_custom_page_level_css":"","site-sidebar-layout":"default","site-content-layout":"","ast-site-content-layout":"default","site-content-style":"default","site-sidebar-style":"default","ast-global-header-display":"","ast-banner-title-visibility":"","ast-main-header-display":"","ast-hfb-above-header-display":"","ast-hfb-below-header-display":"","ast-hfb-mobile-header-display":"","site-post-title":"","ast-breadcrumbs-content":"","ast-featured-img":"","footer-sml-layout":"","theme-transparent-header-meta":"default","adv-header-id-meta":"","stick-header-meta":"default","header-above-stick-meta":"","header-main-stick-meta":"","header-below-stick-meta":"","astra-migrate-meta-layouts":"set","ast-page-background-enabled":"default","ast-page-background-meta":{"desktop":{"background-color":"","background-image":"","background-repeat":"repeat","background-position":"center center","background-size":"auto","background-attachment":"scroll","background-type":"","background-media":"","overlay-type":"","overlay-color":"","overlay-opacity":"","overlay-gradient":""},"tablet":{"background-color":"","background-image":"","background-repeat":"repeat","background-position":"center center","background-size":"auto","background-attachment":"scroll","background-type":"","background-media":"","overlay-type":"","overlay-color":"","overlay-opacity":"","overlay-gradient":""},"mobile":{"background-color":"","background-image":"","background-repeat":"repeat","background-position":"center center","background-size":"auto","background-attachment":"scroll","background-type":"","background-media":"","overlay-type":"","overlay-color":"","overlay-opacity":"","overlay-gradient":""}},"ast-content-background-meta":{"desktop":{"background-color":"var(--ast-global-color-5)","background-image":"","background-repeat":"repeat","background-position":"center center","background-size":"auto","background-attachment":"scroll","background-type":"","background-media":"","overlay-type":"","overlay-color":"","overlay-opacity":"","overlay-gradient":""},"tablet":{"background-color":"var(--ast-global-color-5)","background-image":"","background-repeat":"repeat","background-position":"center center","background-size":"auto","background-attachment":"scroll","background-type":"","background-media":"","overlay-type":"","overlay-color":"","overlay-opacity":"","overlay-gradient":""},"mobile":{"background-color":"var(--ast-global-color-5)","background-image":"","background-repeat":"repeat","background-position":"center center","background-size":"auto","background-attachment":"scroll","background-type":"","background-media":"","overlay-type":"","overlay-color":"","overlay-opacity":"","overlay-gradient":""}}},"product_brand":[],"product_cat":[67],"product_tag":[],"class_list":{"0":"post-4628","1":"product","2":"type-product","3":"status-publish","4":"has-post-thumbnail","6":"product_cat-food-additives","7":"desktop-align-left","8":"tablet-align-left","9":"mobile-align-left","10":"ast-product-gallery-layout-horizontal-slider","11":"ast-product-gallery-with-no-image","12":"ast-product-tabs-layout-horizontal","14":"first","15":"instock","16":"shipping-taxable","17":"product-type-simple"},"uagb_featured_image_src":{"full":["https:\/\/jinancuchem.com\/wp-content\/uploads\/2025\/07\/55.png",800,800,false],"thumbnail":["https:\/\/jinancuchem.com\/wp-content\/uploads\/2025\/07\/55-150x150.png",150,150,true],"medium":["https:\/\/jinancuchem.com\/wp-content\/uploads\/2025\/07\/55-300x300.png",300,300,true],"medium_large":["https:\/\/jinancuchem.com\/wp-content\/uploads\/2025\/07\/55-768x768.png",768,768,true],"large":["https:\/\/jinancuchem.com\/wp-content\/uploads\/2025\/07\/55.png",800,800,false],"1536x1536":["https:\/\/jinancuchem.com\/wp-content\/uploads\/2025\/07\/55.png",800,800,false],"2048x2048":["https:\/\/jinancuchem.com\/wp-content\/uploads\/2025\/07\/55.png",800,800,false],"trp-custom-language-flag":["https:\/\/jinancuchem.com\/wp-content\/uploads\/2025\/07\/55-12x12.png",12,12,true],"woocommerce_thumbnail":["https:\/\/jinancuchem.com\/wp-content\/uploads\/2025\/07\/55-300x300.png",300,300,true],"woocommerce_single":["https:\/\/jinancuchem.com\/wp-content\/uploads\/2025\/07\/55-500x500.png",500,500,true],"woocommerce_gallery_thumbnail":["https:\/\/jinancuchem.com\/wp-content\/uploads\/2025\/07\/55-100x100.png",100,100,true]},"uagb_author_info":{"display_name":"jinxing6611@gmail.com","author_link":"https:\/\/jinancuchem.com\/fr\/author\/"},"uagb_comment_info":0,"uagb_excerpt":"Molecular formula:\u00a0NH4H2PO4 Molecular weight:115.02 CAS NO:7722-76-1 Standard executed:GB1886.330-2021;FCC; Q\/WLD08-20\u3010Structural Formula\u3011 1. Product Property Food-grade ammonium dihydrogen phosphate is a white crystalline powder with good solubility in water but insolubility in organic solvents. It exhibits acidic properties (pH 4.4-4.8 in 1% solution) and decomposes at 190\u00b0C. The compound is stable under normal conditions but may lose\u2026","_links":{"self":[{"href":"https:\/\/jinancuchem.com\/fr\/wp-json\/wp\/v2\/product\/4628","targetHints":{"allow":["GET"]}}],"collection":[{"href":"https:\/\/jinancuchem.com\/fr\/wp-json\/wp\/v2\/product"}],"about":[{"href":"https:\/\/jinancuchem.com\/fr\/wp-json\/wp\/v2\/types\/product"}],"wp:featuredmedia":[{"embeddable":true,"href":"https:\/\/jinancuchem.com\/fr\/wp-json\/wp\/v2\/media\/4638"}],"wp:attachment":[{"href":"https:\/\/jinancuchem.com\/fr\/wp-json\/wp\/v2\/media?parent=4628"}],"wp:term":[{"taxonomy":"product_brand","embeddable":true,"href":"https:\/\/jinancuchem.com\/fr\/wp-json\/wp\/v2\/product_brand?post=4628"},{"taxonomy":"product_cat","embeddable":true,"href":"https:\/\/jinancuchem.com\/fr\/wp-json\/wp\/v2\/product_cat?post=4628"},{"taxonomy":"product_tag","embeddable":true,"href":"https:\/\/jinancuchem.com\/fr\/wp-json\/wp\/v2\/product_tag?post=4628"}],"curies":[{"name":"wp","href":"https:\/\/api.w.org\/{rel}","templated":true}]}}