{"id":4634,"date":"2025-07-25T06:49:45","date_gmt":"2025-07-25T06:49:45","guid":{"rendered":"https:\/\/jinancuchem.com\/?post_type=product&#038;p=4634"},"modified":"2025-07-25T06:49:45","modified_gmt":"2025-07-25T06:49:45","slug":"tetrahydrofuran","status":"publish","type":"product","link":"https:\/\/jinancuchem.com\/fr\/produit\/tetrahydrofuran\/","title":{"rendered":"T\u00e9trahydrofurane"},"content":{"rendered":"<p>\u3010CAS\u3011109-99-9<\/p>\n<p>Alias : THF<\/p>\n<p>Formule mol\u00e9culaire : C4H8O Masse mol\u00e9culaire relative : 72,11<\/p>\n<p>Formule structurelle :<img alt=\"\" fetchpriority=\"high\" decoding=\"async\" class=\"alignnone size-medium wp-image-4642\" src=\"https:\/\/jinancuchem.com\/wp-content\/uploads\/2025\/07\/\u672a\u6807\u9898-1-51-300x300.jpg\" width=\"300\" height=\"300\" srcset=\"https:\/\/jinancuchem.com\/wp-content\/uploads\/2025\/07\/\u672a\u6807\u9898-1-51-300x300.jpg 300w, https:\/\/jinancuchem.com\/wp-content\/uploads\/2025\/07\/\u672a\u6807\u9898-1-51-100x100.jpg 100w, https:\/\/jinancuchem.com\/wp-content\/uploads\/2025\/07\/\u672a\u6807\u9898-1-51-500x500.jpg 500w, https:\/\/jinancuchem.com\/wp-content\/uploads\/2025\/07\/\u672a\u6807\u9898-1-51-150x150.jpg 150w, https:\/\/jinancuchem.com\/wp-content\/uploads\/2025\/07\/\u672a\u6807\u9898-1-51-768x768.jpg 768w, https:\/\/jinancuchem.com\/wp-content\/uploads\/2025\/07\/\u672a\u6807\u9898-1-51-12x12.jpg 12w, https:\/\/jinancuchem.com\/wp-content\/uploads\/2025\/07\/\u672a\u6807\u9898-1-51.jpg 800w\" sizes=\"(max-width: 300px) 100vw, 300px\" \/><\/p>\n<p>&nbsp;<\/p>\n<h4>1.Propri\u00e9t\u00e9 du produit<\/h4>\n<p>Le t\u00e9trahydrofurane est l'un des \u00e9thers les plus polaires. Il est utilis\u00e9 comme solvant mod\u00e9r\u00e9ment polaire dans les r\u00e9actions chimiques et l'extraction. \u00c0 temp\u00e9rature ambiante, c'est un liquide volatil incolore dont l'odeur est similaire \u00e0 celle de l'\u00e9ther. Il est soluble dans la plupart des solvants organiques tels que l'eau, l'\u00e9thanol, l'\u00e9ther, l'ac\u00e9tone et le benz\u00e8ne, ce qui lui vaut le nom de \"solvant universel\".<\/p>\n<h4>2.<\/h4>\n<p>&nbsp;<\/p>\n<table>\n<tbody>\n<tr>\n<td><strong><b>Param\u00e8tres<\/b><\/strong><\/td>\n<td width=\"329\"><strong><b>Sp\u00e9cifications<\/b><\/strong><\/td>\n<\/tr>\n<tr>\n<td><strong><b>Apparence<\/b><\/strong><\/td>\n<td width=\"329\">Liquide clair et incolore<\/td>\n<\/tr>\n<tr>\n<td><strong><b>Puret\u00e9 (GC, % en poids)<\/b><\/strong><\/td>\n<td width=\"329\">\u2265 99.9%<\/td>\n<\/tr>\n<tr>\n<td><strong><b>Teneur en eau<\/b><\/strong><\/td>\n<td width=\"329\">\u2264 0,01% (100 ppm)<\/td>\n<\/tr>\n<tr>\n<td><strong><b>Acidit\u00e9 (en tant qu'acide ac\u00e9tique)<\/b><\/strong><\/td>\n<td width=\"329\">\u2264 0,005% (50 ppm)<\/td>\n<\/tr>\n<tr>\n<td><strong><b>Densit\u00e9 (20\u00b0C, g\/cm\u00b3)<\/b><\/strong><\/td>\n<td width=\"329\">0.886 &#8211; 0.889<\/td>\n<\/tr>\n<tr>\n<td><strong><b>Indice de r\u00e9fraction (nD\u00b2\u2070)<\/b><\/strong><\/td>\n<td width=\"329\">1.405 &#8211; 1.408<\/td>\n<\/tr>\n<tr>\n<td><strong><b>R\u00e9sidus non volatils<\/b><\/strong><\/td>\n<td width=\"329\">\u2264 0,001% (10 ppm)<\/td>\n<\/tr>\n<tr>\n<td><strong><b>Stabilisateur (BHT)<\/b><\/strong><\/td>\n<td width=\"329\">200 - 400 ppm (si stabilis\u00e9)<\/td>\n<\/tr>\n<\/tbody>\n<\/table>\n<p>&nbsp;<\/p>\n<h4>3. Champ d'application et utilisation<\/h4>\n<p>Principalement utilis\u00e9 comme solvant, interm\u00e9diaire de synth\u00e8se chimique et r\u00e9actif analytique.<\/p>\n<p>Le t\u00e9trahydrofurane est utilis\u00e9 dans la production de polyt\u00e9tram\u00e9thyl\u00e8ne \u00e9ther glycol (PTMEG) et dans la fabrication de fibres \u00e9lastiques et d'\u00e9lastom\u00e8res de polyur\u00e9thane, de cuir artificiel de polyur\u00e9thane, etc. Il est utilis\u00e9 comme d\u00e9capant de peinture, comme extractant, comme conditionneur de surface pour le cuir artificiel et comme solvant dans les r\u00e9actions de polym\u00e9risation et d'est\u00e9rification. Il est \u00e9galement utilis\u00e9 dans l'industrie des encres et l'industrie pharmaceutique.<\/p>\n<h4>4. l'emballage et le stockage<\/h4>\n<p>F\u00fbts en acier. Caisses en bois ordinaires pour les bouteilles d'ampoules. Bouteilles en verre \u00e0 goulot filet\u00e9, bouteilles en verre \u00e0 goulot press\u00e9 \u00e0 couvercle viss\u00e9, bouteilles en plastique ou f\u00fbts m\u00e9talliques (bo\u00eetes) dans des caisses en bois ordinaires, etc.<\/p>","protected":false},"excerpt":{"rendered":"<p>\u3010CAS\u3011109-99-9 Alias: THF Molecular formula: C4H8O \u00a0\u00a0Relative molecular mass: 72.11 Structural formula: &nbsp; 1.Product Property Tetrahydrofuran is one of the most polar ethers. It is used as a moderately polar solvent in chemical reactions and extraction. At room temperature, it is a colorless volatile liquid with a smell similar to that of ether. It is [&hellip;]<\/p>\n","protected":false},"featured_media":4642,"template":"","meta":{"_seopress_robots_primary_cat":"","_seopress_titles_title":"","_seopress_titles_desc":"","_seopress_robots_index":"","_uag_custom_page_level_css":"","site-sidebar-layout":"default","site-content-layout":"","ast-site-content-layout":"default","site-content-style":"default","site-sidebar-style":"default","ast-global-header-display":"","ast-banner-title-visibility":"","ast-main-header-display":"","ast-hfb-above-header-display":"","ast-hfb-below-header-display":"","ast-hfb-mobile-header-display":"","site-post-title":"","ast-breadcrumbs-content":"","ast-featured-img":"","footer-sml-layout":"","theme-transparent-header-meta":"default","adv-header-id-meta":"","stick-header-meta":"default","header-above-stick-meta":"","header-main-stick-meta":"","header-below-stick-meta":"","astra-migrate-meta-layouts":"set","ast-page-background-enabled":"default","ast-page-background-meta":{"desktop":{"background-color":"","background-image":"","background-repeat":"repeat","background-position":"center center","background-size":"auto","background-attachment":"scroll","background-type":"","background-media":"","overlay-type":"","overlay-color":"","overlay-opacity":"","overlay-gradient":""},"tablet":{"background-color":"","background-image":"","background-repeat":"repeat","background-position":"center center","background-size":"auto","background-attachment":"scroll","background-type":"","background-media":"","overlay-type":"","overlay-color":"","overlay-opacity":"","overlay-gradient":""},"mobile":{"background-color":"","background-image":"","background-repeat":"repeat","background-position":"center center","background-size":"auto","background-attachment":"scroll","background-type":"","background-media":"","overlay-type":"","overlay-color":"","overlay-opacity":"","overlay-gradient":""}},"ast-content-background-meta":{"desktop":{"background-color":"var(--ast-global-color-5)","background-image":"","background-repeat":"repeat","background-position":"center center","background-size":"auto","background-attachment":"scroll","background-type":"","background-media":"","overlay-type":"","overlay-color":"","overlay-opacity":"","overlay-gradient":""},"tablet":{"background-color":"var(--ast-global-color-5)","background-image":"","background-repeat":"repeat","background-position":"center center","background-size":"auto","background-attachment":"scroll","background-type":"","background-media":"","overlay-type":"","overlay-color":"","overlay-opacity":"","overlay-gradient":""},"mobile":{"background-color":"var(--ast-global-color-5)","background-image":"","background-repeat":"repeat","background-position":"center center","background-size":"auto","background-attachment":"scroll","background-type":"","background-media":"","overlay-type":"","overlay-color":"","overlay-opacity":"","overlay-gradient":""}}},"product_brand":[],"product_cat":[69],"product_tag":[],"class_list":{"0":"post-4634","1":"product","2":"type-product","3":"status-publish","4":"has-post-thumbnail","6":"product_cat-daily-chemical-product","7":"desktop-align-left","8":"tablet-align-left","9":"mobile-align-left","10":"ast-product-gallery-layout-horizontal-slider","11":"ast-product-gallery-with-no-image","12":"ast-product-tabs-layout-horizontal","14":"first","15":"instock","16":"shipping-taxable","17":"product-type-simple"},"uagb_featured_image_src":{"full":["https:\/\/jinancuchem.com\/wp-content\/uploads\/2025\/07\/\u672a\u6807\u9898-1-51.jpg",800,800,false],"thumbnail":["https:\/\/jinancuchem.com\/wp-content\/uploads\/2025\/07\/\u672a\u6807\u9898-1-51-150x150.jpg",150,150,true],"medium":["https:\/\/jinancuchem.com\/wp-content\/uploads\/2025\/07\/\u672a\u6807\u9898-1-51-300x300.jpg",300,300,true],"medium_large":["https:\/\/jinancuchem.com\/wp-content\/uploads\/2025\/07\/\u672a\u6807\u9898-1-51-768x768.jpg",768,768,true],"large":["https:\/\/jinancuchem.com\/wp-content\/uploads\/2025\/07\/\u672a\u6807\u9898-1-51.jpg",800,800,false],"1536x1536":["https:\/\/jinancuchem.com\/wp-content\/uploads\/2025\/07\/\u672a\u6807\u9898-1-51.jpg",800,800,false],"2048x2048":["https:\/\/jinancuchem.com\/wp-content\/uploads\/2025\/07\/\u672a\u6807\u9898-1-51.jpg",800,800,false],"trp-custom-language-flag":["https:\/\/jinancuchem.com\/wp-content\/uploads\/2025\/07\/\u672a\u6807\u9898-1-51-12x12.jpg",12,12,true],"woocommerce_thumbnail":["https:\/\/jinancuchem.com\/wp-content\/uploads\/2025\/07\/\u672a\u6807\u9898-1-51-300x300.jpg",300,300,true],"woocommerce_single":["https:\/\/jinancuchem.com\/wp-content\/uploads\/2025\/07\/\u672a\u6807\u9898-1-51-500x500.jpg",500,500,true],"woocommerce_gallery_thumbnail":["https:\/\/jinancuchem.com\/wp-content\/uploads\/2025\/07\/\u672a\u6807\u9898-1-51-100x100.jpg",100,100,true]},"uagb_author_info":{"display_name":"jinxing6611@gmail.com","author_link":"https:\/\/jinancuchem.com\/fr\/author\/"},"uagb_comment_info":0,"uagb_excerpt":"\u3010CAS\u3011109-99-9 Alias: THF Molecular formula: C4H8O \u00a0\u00a0Relative molecular mass: 72.11 Structural formula: &nbsp; 1.Product Property Tetrahydrofuran is one of the most polar ethers. It is used as a moderately polar solvent in chemical reactions and extraction. At room temperature, it is a colorless volatile liquid with a smell similar to that of ether. It is\u2026","_links":{"self":[{"href":"https:\/\/jinancuchem.com\/fr\/wp-json\/wp\/v2\/product\/4634","targetHints":{"allow":["GET"]}}],"collection":[{"href":"https:\/\/jinancuchem.com\/fr\/wp-json\/wp\/v2\/product"}],"about":[{"href":"https:\/\/jinancuchem.com\/fr\/wp-json\/wp\/v2\/types\/product"}],"wp:featuredmedia":[{"embeddable":true,"href":"https:\/\/jinancuchem.com\/fr\/wp-json\/wp\/v2\/media\/4642"}],"wp:attachment":[{"href":"https:\/\/jinancuchem.com\/fr\/wp-json\/wp\/v2\/media?parent=4634"}],"wp:term":[{"taxonomy":"product_brand","embeddable":true,"href":"https:\/\/jinancuchem.com\/fr\/wp-json\/wp\/v2\/product_brand?post=4634"},{"taxonomy":"product_cat","embeddable":true,"href":"https:\/\/jinancuchem.com\/fr\/wp-json\/wp\/v2\/product_cat?post=4634"},{"taxonomy":"product_tag","embeddable":true,"href":"https:\/\/jinancuchem.com\/fr\/wp-json\/wp\/v2\/product_tag?post=4634"}],"curies":[{"name":"wp","href":"https:\/\/api.w.org\/{rel}","templated":true}]}}