{"id":4649,"date":"2025-07-25T06:52:56","date_gmt":"2025-07-25T06:52:56","guid":{"rendered":"https:\/\/jinancuchem.com\/?post_type=product&#038;p=4649"},"modified":"2025-07-25T06:52:56","modified_gmt":"2025-07-25T06:52:56","slug":"chlorine-dioxide","status":"publish","type":"product","link":"https:\/\/jinancuchem.com\/fr\/produit\/chlorine-dioxide\/","title":{"rendered":"Dioxyde de chlore"},"content":{"rendered":"<p>\u3010CAS\u3011<\/p>\n<p>10049-04-4<\/p>\n<p>\u3010Formule mol\u00e9culaire\u3011ClO2<\/p>\n<p>\u3010Masse mol\u00e9culaire relative\u3011<\/p>\n<p>67.45<\/p>\n<p>\u3010Structural Formula\u3011<img alt=\"\" decoding=\"async\" class=\"alignnone size-full wp-image-4655\" src=\"https:\/\/jinancuchem.com\/wp-content\/uploads\/2025\/07\/\u56fe\u724757.png\" width=\"115\" height=\"217\" srcset=\"https:\/\/jinancuchem.com\/wp-content\/uploads\/2025\/07\/\u56fe\u724757.png 115w, https:\/\/jinancuchem.com\/wp-content\/uploads\/2025\/07\/\u56fe\u724757-6x12.png 6w\" sizes=\"(max-width: 115px) 100vw, 115px\" \/><\/p>\n<p>&nbsp;<\/p>\n<h4><strong><b>1. Propri\u00e9t\u00e9 du produit<\/b><\/strong><\/h4>\n<p>Le dioxyde de chlore est un gaz jaune \u00e0 rouge \u00e0 temp\u00e9rature ambiante, soluble dans l'eau. Il poss\u00e8de de fortes propri\u00e9t\u00e9s oxydantes, peut tuer efficacement les bact\u00e9ries, les virus et les champignons, et est stable dans des conditions de stockage appropri\u00e9es.<\/p>\n<h3><\/h3>\n<h4><strong><b>2. Normes de qualit\u00e9<\/b><\/strong><\/h4>\n<table>\n<tbody>\n<tr>\n<td><strong><b>Param\u00e8tres<\/b><\/strong><\/td>\n<td><strong><b>Sp\u00e9cifications<\/b><\/strong><\/td>\n<\/tr>\n<tr>\n<td><strong><b>Puret\u00e9 (ClO\u2082)<\/b><\/strong><\/td>\n<td>\u2265 99,9% (phase gazeuse)<\/td>\n<\/tr>\n<tr>\n<td><strong><b>Chlorite (ClO\u2082-)<\/b><\/strong><\/td>\n<td>\u2264 0,1% (en solution)<\/td>\n<\/tr>\n<tr>\n<td><strong><b>Chlorate (ClO\u2083-)<\/b><\/strong><\/td>\n<td>\u2264 0,1% (en solution)<\/td>\n<\/tr>\n<tr>\n<td><strong><b>M\u00e9taux lourds (Pb)<\/b><\/strong><\/td>\n<td>\u2264 0,0005% (5 ppm)<\/td>\n<\/tr>\n<tr>\n<td><strong><b>Arsenic (As)<\/b><\/strong><\/td>\n<td>\u2264 0,0001% (1 ppm)<\/td>\n<\/tr>\n<tr>\n<td><strong><b>R\u00e9sidus d'\u00e9vaporation<\/b><\/strong><\/td>\n<td>\u2264 0,01%<\/td>\n<\/tr>\n<tr>\n<td><strong><b>pH (solution 1%)<\/b><\/strong><\/td>\n<td>6.0-8.5<\/td>\n<\/tr>\n<\/tbody>\n<\/table>\n<h3><\/h3>\n<h4><strong><b>3. Champ d'application et utilisation<\/b><\/strong><\/h4>\n<p>Le dioxyde de chlore est largement utilis\u00e9 dans l'industrie alimentaire pour la st\u00e9rilisation de l'eau, des \u00e9quipements et des surfaces dans des industries telles que la production de boissons et de produits alimentaires. Il peut d\u00e9sinfecter les mati\u00e8res premi\u00e8res, telles que les fruits et l\u00e9gumes, par pulv\u00e9risation ou trempage \u00e0 des concentrations appropri\u00e9es (g\u00e9n\u00e9ralement de 10 \u00e0 200 ppm en fonction de l'application). Il contr\u00f4le efficacement la croissance microbienne, prolonge la dur\u00e9e de conservation et garantit la s\u00e9curit\u00e9 alimentaire sans impact significatif sur la qualit\u00e9 des aliments lorsqu'il est utilis\u00e9 correctement.<\/p>\n<h3><\/h3>\n<h4><strong><b>4. Emballage et stockage<\/b><\/strong><\/h4>\n<p>Pour les formes gazeuses, des r\u00e9cipients sp\u00e9ciaux r\u00e9sistants \u00e0 la pression sont utilis\u00e9s. Pour les formulations liquides (stables), le produit est conditionn\u00e9 dans des r\u00e9cipients en plastique ou en verre de qualit\u00e9 alimentaire, ferm\u00e9s herm\u00e9tiquement. Conserver dans un endroit frais, sec et bien ventil\u00e9, \u00e0 l'\u00e9cart des substances inflammables et r\u00e9ductrices. \u00c9viter la lumi\u00e8re directe du soleil et les temp\u00e9ratures \u00e9lev\u00e9es. Garder les r\u00e9cipients bien ferm\u00e9s pendant le stockage pour \u00e9viter les fuites et maintenir la stabilit\u00e9 et l'efficacit\u00e9 du produit.<\/p>","protected":false},"excerpt":{"rendered":"<p>\u3010CAS\u3011 10049-04-4 \u3010Molecular Formula\u3011ClO2 \u3010Relative Molecular Mass\u3011 67.45 \u3010Structural Formula\u3011 &nbsp; 1. Product Property Chlorine dioxide is a yellow &#8211; to &#8211; red gas at room temperature, soluble in water. It has strong oxidizing properties, can effectively kill bacteria, viruses, and fungi, and is stable under proper storage conditions. 2. Quality Standards Parameter Specification Purity [&hellip;]<\/p>\n","protected":false},"featured_media":4658,"template":"","meta":{"_seopress_robots_primary_cat":"","_seopress_titles_title":"","_seopress_titles_desc":"","_seopress_robots_index":"","_uag_custom_page_level_css":"","site-sidebar-layout":"default","site-content-layout":"","ast-site-content-layout":"default","site-content-style":"default","site-sidebar-style":"default","ast-global-header-display":"","ast-banner-title-visibility":"","ast-main-header-display":"","ast-hfb-above-header-display":"","ast-hfb-below-header-display":"","ast-hfb-mobile-header-display":"","site-post-title":"","ast-breadcrumbs-content":"","ast-featured-img":"","footer-sml-layout":"","theme-transparent-header-meta":"default","adv-header-id-meta":"","stick-header-meta":"default","header-above-stick-meta":"","header-main-stick-meta":"","header-below-stick-meta":"","astra-migrate-meta-layouts":"set","ast-page-background-enabled":"default","ast-page-background-meta":{"desktop":{"background-color":"","background-image":"","background-repeat":"repeat","background-position":"center center","background-size":"auto","background-attachment":"scroll","background-type":"","background-media":"","overlay-type":"","overlay-color":"","overlay-opacity":"","overlay-gradient":""},"tablet":{"background-color":"","background-image":"","background-repeat":"repeat","background-position":"center center","background-size":"auto","background-attachment":"scroll","background-type":"","background-media":"","overlay-type":"","overlay-color":"","overlay-opacity":"","overlay-gradient":""},"mobile":{"background-color":"","background-image":"","background-repeat":"repeat","background-position":"center center","background-size":"auto","background-attachment":"scroll","background-type":"","background-media":"","overlay-type":"","overlay-color":"","overlay-opacity":"","overlay-gradient":""}},"ast-content-background-meta":{"desktop":{"background-color":"var(--ast-global-color-5)","background-image":"","background-repeat":"repeat","background-position":"center center","background-size":"auto","background-attachment":"scroll","background-type":"","background-media":"","overlay-type":"","overlay-color":"","overlay-opacity":"","overlay-gradient":""},"tablet":{"background-color":"var(--ast-global-color-5)","background-image":"","background-repeat":"repeat","background-position":"center center","background-size":"auto","background-attachment":"scroll","background-type":"","background-media":"","overlay-type":"","overlay-color":"","overlay-opacity":"","overlay-gradient":""},"mobile":{"background-color":"var(--ast-global-color-5)","background-image":"","background-repeat":"repeat","background-position":"center center","background-size":"auto","background-attachment":"scroll","background-type":"","background-media":"","overlay-type":"","overlay-color":"","overlay-opacity":"","overlay-gradient":""}}},"product_brand":[],"product_cat":[67],"product_tag":[],"class_list":{"0":"post-4649","1":"product","2":"type-product","3":"status-publish","4":"has-post-thumbnail","6":"product_cat-food-additives","7":"desktop-align-left","8":"tablet-align-left","9":"mobile-align-left","10":"ast-product-gallery-layout-horizontal-slider","11":"ast-product-gallery-with-no-image","12":"ast-product-tabs-layout-horizontal","14":"first","15":"instock","16":"shipping-taxable","17":"product-type-simple"},"uagb_featured_image_src":{"full":["https:\/\/jinancuchem.com\/wp-content\/uploads\/2025\/07\/57.png",800,800,false],"thumbnail":["https:\/\/jinancuchem.com\/wp-content\/uploads\/2025\/07\/57-150x150.png",150,150,true],"medium":["https:\/\/jinancuchem.com\/wp-content\/uploads\/2025\/07\/57-300x300.png",300,300,true],"medium_large":["https:\/\/jinancuchem.com\/wp-content\/uploads\/2025\/07\/57-768x768.png",768,768,true],"large":["https:\/\/jinancuchem.com\/wp-content\/uploads\/2025\/07\/57.png",800,800,false],"1536x1536":["https:\/\/jinancuchem.com\/wp-content\/uploads\/2025\/07\/57.png",800,800,false],"2048x2048":["https:\/\/jinancuchem.com\/wp-content\/uploads\/2025\/07\/57.png",800,800,false],"trp-custom-language-flag":["https:\/\/jinancuchem.com\/wp-content\/uploads\/2025\/07\/57-12x12.png",12,12,true],"woocommerce_thumbnail":["https:\/\/jinancuchem.com\/wp-content\/uploads\/2025\/07\/57-300x300.png",300,300,true],"woocommerce_single":["https:\/\/jinancuchem.com\/wp-content\/uploads\/2025\/07\/57-500x500.png",500,500,true],"woocommerce_gallery_thumbnail":["https:\/\/jinancuchem.com\/wp-content\/uploads\/2025\/07\/57-100x100.png",100,100,true]},"uagb_author_info":{"display_name":"jinxing6611@gmail.com","author_link":"https:\/\/jinancuchem.com\/fr\/author\/"},"uagb_comment_info":0,"uagb_excerpt":"\u3010CAS\u3011 10049-04-4 \u3010Molecular Formula\u3011ClO2 \u3010Relative Molecular Mass\u3011 67.45 \u3010Structural Formula\u3011 &nbsp; 1. Product Property Chlorine dioxide is a yellow &#8211; to &#8211; red gas at room temperature, soluble in water. It has strong oxidizing properties, can effectively kill bacteria, viruses, and fungi, and is stable under proper storage conditions. 2. Quality Standards Parameter Specification Purity\u2026","_links":{"self":[{"href":"https:\/\/jinancuchem.com\/fr\/wp-json\/wp\/v2\/product\/4649","targetHints":{"allow":["GET"]}}],"collection":[{"href":"https:\/\/jinancuchem.com\/fr\/wp-json\/wp\/v2\/product"}],"about":[{"href":"https:\/\/jinancuchem.com\/fr\/wp-json\/wp\/v2\/types\/product"}],"wp:featuredmedia":[{"embeddable":true,"href":"https:\/\/jinancuchem.com\/fr\/wp-json\/wp\/v2\/media\/4658"}],"wp:attachment":[{"href":"https:\/\/jinancuchem.com\/fr\/wp-json\/wp\/v2\/media?parent=4649"}],"wp:term":[{"taxonomy":"product_brand","embeddable":true,"href":"https:\/\/jinancuchem.com\/fr\/wp-json\/wp\/v2\/product_brand?post=4649"},{"taxonomy":"product_cat","embeddable":true,"href":"https:\/\/jinancuchem.com\/fr\/wp-json\/wp\/v2\/product_cat?post=4649"},{"taxonomy":"product_tag","embeddable":true,"href":"https:\/\/jinancuchem.com\/fr\/wp-json\/wp\/v2\/product_tag?post=4649"}],"curies":[{"name":"wp","href":"https:\/\/api.w.org\/{rel}","templated":true}]}}