{"id":4654,"date":"2025-07-25T06:53:38","date_gmt":"2025-07-25T06:53:38","guid":{"rendered":"https:\/\/jinancuchem.com\/?post_type=product&#038;p=4654"},"modified":"2025-07-25T06:53:38","modified_gmt":"2025-07-25T06:53:38","slug":"aniline","status":"publish","type":"product","link":"https:\/\/jinancuchem.com\/fr\/produit\/aniline\/","title":{"rendered":"Aniline"},"content":{"rendered":"<p>\u3010CAS\u301162-53-3<\/p>\n<p>Alias : amino-benz\u00e8ne;Aminoph\u00e8ne;Aniline<\/p>\n<p>Formule mol\u00e9culaire : C6H7N Masse mol\u00e9culaire relative : 93,13<\/p>\n<p>Formule structurelle :<img alt=\"\" fetchpriority=\"high\" decoding=\"async\" class=\"alignnone size-medium wp-image-4662\" src=\"https:\/\/jinancuchem.com\/wp-content\/uploads\/2025\/07\/\u672a\u6807\u9898-1-53-300x300.jpg\" width=\"300\" height=\"300\" srcset=\"https:\/\/jinancuchem.com\/wp-content\/uploads\/2025\/07\/\u672a\u6807\u9898-1-53-300x300.jpg 300w, https:\/\/jinancuchem.com\/wp-content\/uploads\/2025\/07\/\u672a\u6807\u9898-1-53-100x100.jpg 100w, https:\/\/jinancuchem.com\/wp-content\/uploads\/2025\/07\/\u672a\u6807\u9898-1-53-500x500.jpg 500w, https:\/\/jinancuchem.com\/wp-content\/uploads\/2025\/07\/\u672a\u6807\u9898-1-53-150x150.jpg 150w, https:\/\/jinancuchem.com\/wp-content\/uploads\/2025\/07\/\u672a\u6807\u9898-1-53-768x768.jpg 768w, https:\/\/jinancuchem.com\/wp-content\/uploads\/2025\/07\/\u672a\u6807\u9898-1-53-12x12.jpg 12w, https:\/\/jinancuchem.com\/wp-content\/uploads\/2025\/07\/\u672a\u6807\u9898-1-53.jpg 800w\" sizes=\"(max-width: 300px) 100vw, 300px\" \/><\/p>\n<p>&nbsp;<\/p>\n<h4>1.Propri\u00e9t\u00e9 du produit<\/h4>\n<p>L'aniline est l'amine aromatique primaire la plus simple. Il s'agit d'un compos\u00e9 form\u00e9 en rempla\u00e7ant un atome d'hydrog\u00e8ne dans la mol\u00e9cule de benz\u00e8ne par un groupe amino. Il s'agit d'un liquide incolore, huileux, inflammable et \u00e0 l'odeur forte.<\/p>\n<h4>2.<\/h4>\n<table>\n<tbody>\n<tr>\n<td><strong><b>Param\u00e8tres<\/b><\/strong><\/td>\n<td width=\"371\"><strong><b>Sp\u00e9cifications<\/b><\/strong><\/td>\n<\/tr>\n<tr>\n<td><strong><b>Puret\u00e9 (GC, % en poids)<\/b><\/strong><\/td>\n<td width=\"371\">\u2265 99.5% (Industriel), \u2265 99.9% (R\u00e9actif)<\/td>\n<\/tr>\n<tr>\n<td><strong><b>Teneur en eau<\/b><\/strong><\/td>\n<td width=\"371\">\u2264 0,1% (1000 ppm)<\/td>\n<\/tr>\n<tr>\n<td><strong><b>Teneur en nitrobenz\u00e8ne<\/b><\/strong><\/td>\n<td width=\"371\">\u2264 0,01% (100 ppm)<\/td>\n<\/tr>\n<tr>\n<td><strong><b>Densit\u00e9 (20\u00b0C, g\/cm\u00b3)<\/b><\/strong><\/td>\n<td width=\"371\">1.021 &#8211; 1.024<\/td>\n<\/tr>\n<tr>\n<td><strong><b>Point d'\u00e9bullition (\u00b0C)<\/b><\/strong><\/td>\n<td width=\"371\">184 &#8211; 186<\/td>\n<\/tr>\n<tr>\n<td><strong><b>Indice de r\u00e9fraction (nD\u00b2\u2070)<\/b><\/strong><\/td>\n<td width=\"371\">1.583 &#8211; 1.586<\/td>\n<\/tr>\n<tr>\n<td><strong><b>Couleur (APHA)<\/b><\/strong><\/td>\n<td width=\"371\">\u2264 30<\/td>\n<\/tr>\n<\/tbody>\n<\/table>\n<p>&nbsp;<\/p>\n<h4>3. Champ d'application et utilisation<\/h4>\n<p>L'aniline est l'un des interm\u00e9diaires les plus importants de l'industrie des colorants. C'est \u00e9galement une mati\u00e8re premi\u00e8re majeure pour les m\u00e9dicaments, les acc\u00e9l\u00e9rateurs de caoutchouc et les inhibiteurs de vieillissement. Elle peut \u00e9galement \u00eatre utilis\u00e9e pour produire des parfums, des vernis, des explosifs, etc. L'aniline peut \u00e9galement \u00eatre utilis\u00e9e pour fabriquer des colorants, des m\u00e9dicaments, des r\u00e9sines, des vernis, des parfums, du caoutchouc vulcanis\u00e9 et m\u00eame des solvants.<\/p>\n<h4>4. l'emballage et le stockage<\/h4>\n<p>Stocker dans un entrep\u00f4t frais et bien ventil\u00e9. Tenir \u00e0 l'\u00e9cart des sources de feu et de chaleur. La temp\u00e9rature de l'entrep\u00f4t ne doit pas d\u00e9passer 30\u2103, et l'humidit\u00e9 relative ne doit pas d\u00e9passer 80%. Stocker dans un endroit sombre. L'emballage doit \u00eatre scell\u00e9 et ne doit pas entrer en contact avec l'air. Il doit \u00eatre stock\u00e9 s\u00e9par\u00e9ment des oxydants, des acides et des produits chimiques comestibles. \u00c9viter le stockage mixte.<\/p>","protected":false},"excerpt":{"rendered":"<p>\u3010CAS\u301162-53-3 Alias: amino-benzen;Aminophen;Anilin Molecular formula: C6H7N \u00a0\u00a0Relative molecular mass: 93.13 Structural formula: &nbsp; 1.Product Property Aniline is the simplest primary aromatic amine. It is a compound formed by replacing one hydrogen atom in the benzene molecule with an amino group. It is a colorless, oily, flammable liquid with a strong odor. 2. Parameter Specification Purity [&hellip;]<\/p>\n","protected":false},"featured_media":4662,"template":"","meta":{"_seopress_robots_primary_cat":"","_seopress_titles_title":"","_seopress_titles_desc":"","_seopress_robots_index":"","_uag_custom_page_level_css":"","site-sidebar-layout":"default","site-content-layout":"","ast-site-content-layout":"default","site-content-style":"default","site-sidebar-style":"default","ast-global-header-display":"","ast-banner-title-visibility":"","ast-main-header-display":"","ast-hfb-above-header-display":"","ast-hfb-below-header-display":"","ast-hfb-mobile-header-display":"","site-post-title":"","ast-breadcrumbs-content":"","ast-featured-img":"","footer-sml-layout":"","theme-transparent-header-meta":"default","adv-header-id-meta":"","stick-header-meta":"default","header-above-stick-meta":"","header-main-stick-meta":"","header-below-stick-meta":"","astra-migrate-meta-layouts":"set","ast-page-background-enabled":"default","ast-page-background-meta":{"desktop":{"background-color":"","background-image":"","background-repeat":"repeat","background-position":"center center","background-size":"auto","background-attachment":"scroll","background-type":"","background-media":"","overlay-type":"","overlay-color":"","overlay-opacity":"","overlay-gradient":""},"tablet":{"background-color":"","background-image":"","background-repeat":"repeat","background-position":"center center","background-size":"auto","background-attachment":"scroll","background-type":"","background-media":"","overlay-type":"","overlay-color":"","overlay-opacity":"","overlay-gradient":""},"mobile":{"background-color":"","background-image":"","background-repeat":"repeat","background-position":"center center","background-size":"auto","background-attachment":"scroll","background-type":"","background-media":"","overlay-type":"","overlay-color":"","overlay-opacity":"","overlay-gradient":""}},"ast-content-background-meta":{"desktop":{"background-color":"var(--ast-global-color-5)","background-image":"","background-repeat":"repeat","background-position":"center center","background-size":"auto","background-attachment":"scroll","background-type":"","background-media":"","overlay-type":"","overlay-color":"","overlay-opacity":"","overlay-gradient":""},"tablet":{"background-color":"var(--ast-global-color-5)","background-image":"","background-repeat":"repeat","background-position":"center center","background-size":"auto","background-attachment":"scroll","background-type":"","background-media":"","overlay-type":"","overlay-color":"","overlay-opacity":"","overlay-gradient":""},"mobile":{"background-color":"var(--ast-global-color-5)","background-image":"","background-repeat":"repeat","background-position":"center center","background-size":"auto","background-attachment":"scroll","background-type":"","background-media":"","overlay-type":"","overlay-color":"","overlay-opacity":"","overlay-gradient":""}}},"product_brand":[],"product_cat":[69],"product_tag":[],"class_list":{"0":"post-4654","1":"product","2":"type-product","3":"status-publish","4":"has-post-thumbnail","6":"product_cat-daily-chemical-product","7":"desktop-align-left","8":"tablet-align-left","9":"mobile-align-left","10":"ast-product-gallery-layout-horizontal-slider","11":"ast-product-gallery-with-no-image","12":"ast-product-tabs-layout-horizontal","14":"first","15":"instock","16":"shipping-taxable","17":"product-type-simple"},"uagb_featured_image_src":{"full":["https:\/\/jinancuchem.com\/wp-content\/uploads\/2025\/07\/\u672a\u6807\u9898-1-53.jpg",800,800,false],"thumbnail":["https:\/\/jinancuchem.com\/wp-content\/uploads\/2025\/07\/\u672a\u6807\u9898-1-53-150x150.jpg",150,150,true],"medium":["https:\/\/jinancuchem.com\/wp-content\/uploads\/2025\/07\/\u672a\u6807\u9898-1-53-300x300.jpg",300,300,true],"medium_large":["https:\/\/jinancuchem.com\/wp-content\/uploads\/2025\/07\/\u672a\u6807\u9898-1-53-768x768.jpg",768,768,true],"large":["https:\/\/jinancuchem.com\/wp-content\/uploads\/2025\/07\/\u672a\u6807\u9898-1-53.jpg",800,800,false],"1536x1536":["https:\/\/jinancuchem.com\/wp-content\/uploads\/2025\/07\/\u672a\u6807\u9898-1-53.jpg",800,800,false],"2048x2048":["https:\/\/jinancuchem.com\/wp-content\/uploads\/2025\/07\/\u672a\u6807\u9898-1-53.jpg",800,800,false],"trp-custom-language-flag":["https:\/\/jinancuchem.com\/wp-content\/uploads\/2025\/07\/\u672a\u6807\u9898-1-53-12x12.jpg",12,12,true],"woocommerce_thumbnail":["https:\/\/jinancuchem.com\/wp-content\/uploads\/2025\/07\/\u672a\u6807\u9898-1-53-300x300.jpg",300,300,true],"woocommerce_single":["https:\/\/jinancuchem.com\/wp-content\/uploads\/2025\/07\/\u672a\u6807\u9898-1-53-500x500.jpg",500,500,true],"woocommerce_gallery_thumbnail":["https:\/\/jinancuchem.com\/wp-content\/uploads\/2025\/07\/\u672a\u6807\u9898-1-53-100x100.jpg",100,100,true]},"uagb_author_info":{"display_name":"jinxing6611@gmail.com","author_link":"https:\/\/jinancuchem.com\/fr\/author\/"},"uagb_comment_info":0,"uagb_excerpt":"\u3010CAS\u301162-53-3 Alias: amino-benzen;Aminophen;Anilin Molecular formula: C6H7N \u00a0\u00a0Relative molecular mass: 93.13 Structural formula: &nbsp; 1.Product Property Aniline is the simplest primary aromatic amine. It is a compound formed by replacing one hydrogen atom in the benzene molecule with an amino group. It is a colorless, oily, flammable liquid with a strong odor. 2. Parameter Specification Purity\u2026","_links":{"self":[{"href":"https:\/\/jinancuchem.com\/fr\/wp-json\/wp\/v2\/product\/4654","targetHints":{"allow":["GET"]}}],"collection":[{"href":"https:\/\/jinancuchem.com\/fr\/wp-json\/wp\/v2\/product"}],"about":[{"href":"https:\/\/jinancuchem.com\/fr\/wp-json\/wp\/v2\/types\/product"}],"wp:featuredmedia":[{"embeddable":true,"href":"https:\/\/jinancuchem.com\/fr\/wp-json\/wp\/v2\/media\/4662"}],"wp:attachment":[{"href":"https:\/\/jinancuchem.com\/fr\/wp-json\/wp\/v2\/media?parent=4654"}],"wp:term":[{"taxonomy":"product_brand","embeddable":true,"href":"https:\/\/jinancuchem.com\/fr\/wp-json\/wp\/v2\/product_brand?post=4654"},{"taxonomy":"product_cat","embeddable":true,"href":"https:\/\/jinancuchem.com\/fr\/wp-json\/wp\/v2\/product_cat?post=4654"},{"taxonomy":"product_tag","embeddable":true,"href":"https:\/\/jinancuchem.com\/fr\/wp-json\/wp\/v2\/product_tag?post=4654"}],"curies":[{"name":"wp","href":"https:\/\/api.w.org\/{rel}","templated":true}]}}