{"id":4665,"date":"2025-07-25T06:55:21","date_gmt":"2025-07-25T06:55:21","guid":{"rendered":"https:\/\/jinancuchem.com\/?post_type=product&#038;p=4665"},"modified":"2025-07-25T06:55:22","modified_gmt":"2025-07-25T06:55:22","slug":"2-butoxyethanol","status":"publish","type":"product","link":"https:\/\/jinancuchem.com\/fr\/produit\/2-butoxyethanol\/","title":{"rendered":"2-Butoxy\u00e9thanol"},"content":{"rendered":"<p>\u3010CAS\u3011111-76-2<\/p>\n<p>Alias : 2-(1-butoxy)\u00e9thanol;2-be;2-Butossi-etanolo;2-Butoxy-1-\u00e9thanol<\/p>\n<p>Formule mol\u00e9culaire : C<sub>6<\/sub>H<sub>14<\/sub>O<sub>2<\/sub>\u00a0\u00a0Masse mol\u00e9culaire relative : 118,17<\/p>\n<p>Formule structurelle :<img alt=\"\" fetchpriority=\"high\" decoding=\"async\" class=\"alignnone size-medium wp-image-4670\" src=\"https:\/\/jinancuchem.com\/wp-content\/uploads\/2025\/07\/\u672a\u6807\u9898-1-54-300x300.jpg\" width=\"300\" height=\"300\" srcset=\"https:\/\/jinancuchem.com\/wp-content\/uploads\/2025\/07\/\u672a\u6807\u9898-1-54-300x300.jpg 300w, https:\/\/jinancuchem.com\/wp-content\/uploads\/2025\/07\/\u672a\u6807\u9898-1-54-100x100.jpg 100w, https:\/\/jinancuchem.com\/wp-content\/uploads\/2025\/07\/\u672a\u6807\u9898-1-54-500x500.jpg 500w, https:\/\/jinancuchem.com\/wp-content\/uploads\/2025\/07\/\u672a\u6807\u9898-1-54-150x150.jpg 150w, https:\/\/jinancuchem.com\/wp-content\/uploads\/2025\/07\/\u672a\u6807\u9898-1-54-768x768.jpg 768w, https:\/\/jinancuchem.com\/wp-content\/uploads\/2025\/07\/\u672a\u6807\u9898-1-54-12x12.jpg 12w, https:\/\/jinancuchem.com\/wp-content\/uploads\/2025\/07\/\u672a\u6807\u9898-1-54.jpg 800w\" sizes=\"(max-width: 300px) 100vw, 300px\" \/><\/p>\n<p>&nbsp;<\/p>\n<h4>1.Propri\u00e9t\u00e9 du produit<\/h4>\n<p>L'\u00e9ther butylique de l'\u00e9thyl\u00e8ne glycol est l'un des principaux d\u00e9riv\u00e9s de l'oxyde d'\u00e9thyl\u00e8ne (OE). C'est un solvant vert et respectueux de l'environnement, un liquide incolore, difficilement volatile et toxique, qui peut \u00eatre miscible avec l'eau et les solvants hydrocarbon\u00e9s tels que l'huile de lin. Il pr\u00e9sente une solubilit\u00e9 extr\u00eamement forte pour le caoutchouc synth\u00e9tique.<\/p>\n<h4>2.<\/h4>\n<table>\n<tbody>\n<tr>\n<td><strong><b>Param\u00e8tres<\/b><\/strong><\/td>\n<td width=\"368\"><strong><b>Sp\u00e9cifications<\/b><\/strong><\/td>\n<\/tr>\n<tr>\n<td><strong><b>Puret\u00e9 (GC, % en poids)<\/b><\/strong><\/td>\n<td width=\"368\">\u2265 99.0% (Industriel), \u2265 99.5% (R\u00e9actif)<\/td>\n<\/tr>\n<tr>\n<td><strong><b>Teneur en eau<\/b><\/strong><\/td>\n<td width=\"368\">\u2264 0,1% (1000 ppm)<\/td>\n<\/tr>\n<tr>\n<td><strong><b>Acidit\u00e9 (en tant qu'acide ac\u00e9tique)<\/b><\/strong><\/td>\n<td width=\"368\">\u2264 0,005% (50 ppm)<\/td>\n<\/tr>\n<tr>\n<td><strong><b>Densit\u00e9 (20\u00b0C, g\/cm\u00b3)<\/b><\/strong><\/td>\n<td width=\"368\">0.900 &#8211; 0.903<\/td>\n<\/tr>\n<tr>\n<td><strong><b>Indice de r\u00e9fraction (nD\u00b2\u2070)<\/b><\/strong><\/td>\n<td width=\"368\">1.418 &#8211; 1.420<\/td>\n<\/tr>\n<tr>\n<td><strong><b>R\u00e9sidus non volatils<\/b><\/strong><\/td>\n<td width=\"368\">\u2264 0,005% (50 ppm)<\/td>\n<\/tr>\n<tr>\n<td><strong><b>Couleur (APHA)<\/b><\/strong><\/td>\n<td width=\"368\">\u2264 15<\/td>\n<\/tr>\n<tr>\n<td><strong><b>Teneur en \u00e9thyl\u00e8ne glycol<\/b><\/strong><\/td>\n<td width=\"368\">\u2264 0,1% (1000 ppm)<\/td>\n<\/tr>\n<\/tbody>\n<\/table>\n<p>&nbsp;<\/p>\n<h4>3. Champ d'application et utilisation<\/h4>\n<p>Il est principalement utilis\u00e9 comme solvant \u00e0 point d'\u00e9bullition \u00e9lev\u00e9 pour les peintures, en particulier les laques nitr\u00e9es, les peintures \u00e0 s\u00e9chage rapide, les vernis, les rev\u00eatements \u00e9maill\u00e9s et les d\u00e9capants. Il est \u00e9galement utilis\u00e9 comme diluant non actif pour les adh\u00e9sifs, les nettoyants pour m\u00e9taux, les d\u00e9capants, les agents mouillants pour fibres, les dispersants de pesticides, les extracteurs de m\u00e9dicaments et les plastifiants pour r\u00e9sines.<\/p>\n<h4>4. l'emballage et le stockage<\/h4>\n<p>L'emballage est complet et facile \u00e0 manipuler et \u00e0 d\u00e9charger ; l'entrep\u00f4t est bien ventil\u00e9, \u00e9loign\u00e9 des flammes nues et des temp\u00e9ratures \u00e9lev\u00e9es, et stock\u00e9 \u00e0 l'\u00e9cart des oxydants.<\/p>","protected":false},"excerpt":{"rendered":"<p>\u3010CAS\u3011111-76-2 Alias: 2-(1-butoxy)ethanol;2-be;2-Butossi-etanolo;2-Butoxy-1-ethanol Molecular formula: C6H14O2\u00a0\u00a0Relative molecular mass: 118.17 Structural formula: &nbsp; 1.Product Property Ethylene glycol butyl ether is one of the important derivatives of ethylene oxide (EO). It is a green and environmentally friendly solvent, a colorless liquid, not easily volatile, toxic, and can be miscible with water and hydrocarbon solvents such as linseed [&hellip;]<\/p>\n","protected":false},"featured_media":4670,"template":"","meta":{"_seopress_robots_primary_cat":"","_seopress_titles_title":"","_seopress_titles_desc":"","_seopress_robots_index":"","_uag_custom_page_level_css":"","site-sidebar-layout":"default","site-content-layout":"","ast-site-content-layout":"default","site-content-style":"default","site-sidebar-style":"default","ast-global-header-display":"","ast-banner-title-visibility":"","ast-main-header-display":"","ast-hfb-above-header-display":"","ast-hfb-below-header-display":"","ast-hfb-mobile-header-display":"","site-post-title":"","ast-breadcrumbs-content":"","ast-featured-img":"","footer-sml-layout":"","theme-transparent-header-meta":"default","adv-header-id-meta":"","stick-header-meta":"default","header-above-stick-meta":"","header-main-stick-meta":"","header-below-stick-meta":"","astra-migrate-meta-layouts":"set","ast-page-background-enabled":"default","ast-page-background-meta":{"desktop":{"background-color":"","background-image":"","background-repeat":"repeat","background-position":"center center","background-size":"auto","background-attachment":"scroll","background-type":"","background-media":"","overlay-type":"","overlay-color":"","overlay-opacity":"","overlay-gradient":""},"tablet":{"background-color":"","background-image":"","background-repeat":"repeat","background-position":"center center","background-size":"auto","background-attachment":"scroll","background-type":"","background-media":"","overlay-type":"","overlay-color":"","overlay-opacity":"","overlay-gradient":""},"mobile":{"background-color":"","background-image":"","background-repeat":"repeat","background-position":"center center","background-size":"auto","background-attachment":"scroll","background-type":"","background-media":"","overlay-type":"","overlay-color":"","overlay-opacity":"","overlay-gradient":""}},"ast-content-background-meta":{"desktop":{"background-color":"var(--ast-global-color-5)","background-image":"","background-repeat":"repeat","background-position":"center center","background-size":"auto","background-attachment":"scroll","background-type":"","background-media":"","overlay-type":"","overlay-color":"","overlay-opacity":"","overlay-gradient":""},"tablet":{"background-color":"var(--ast-global-color-5)","background-image":"","background-repeat":"repeat","background-position":"center center","background-size":"auto","background-attachment":"scroll","background-type":"","background-media":"","overlay-type":"","overlay-color":"","overlay-opacity":"","overlay-gradient":""},"mobile":{"background-color":"var(--ast-global-color-5)","background-image":"","background-repeat":"repeat","background-position":"center center","background-size":"auto","background-attachment":"scroll","background-type":"","background-media":"","overlay-type":"","overlay-color":"","overlay-opacity":"","overlay-gradient":""}}},"product_brand":[],"product_cat":[69],"product_tag":[],"class_list":{"0":"post-4665","1":"product","2":"type-product","3":"status-publish","4":"has-post-thumbnail","6":"product_cat-daily-chemical-product","7":"desktop-align-left","8":"tablet-align-left","9":"mobile-align-left","10":"ast-product-gallery-layout-horizontal-slider","11":"ast-product-gallery-with-no-image","12":"ast-product-tabs-layout-horizontal","14":"first","15":"instock","16":"shipping-taxable","17":"product-type-simple"},"uagb_featured_image_src":{"full":["https:\/\/jinancuchem.com\/wp-content\/uploads\/2025\/07\/\u672a\u6807\u9898-1-54.jpg",800,800,false],"thumbnail":["https:\/\/jinancuchem.com\/wp-content\/uploads\/2025\/07\/\u672a\u6807\u9898-1-54-150x150.jpg",150,150,true],"medium":["https:\/\/jinancuchem.com\/wp-content\/uploads\/2025\/07\/\u672a\u6807\u9898-1-54-300x300.jpg",300,300,true],"medium_large":["https:\/\/jinancuchem.com\/wp-content\/uploads\/2025\/07\/\u672a\u6807\u9898-1-54-768x768.jpg",768,768,true],"large":["https:\/\/jinancuchem.com\/wp-content\/uploads\/2025\/07\/\u672a\u6807\u9898-1-54.jpg",800,800,false],"1536x1536":["https:\/\/jinancuchem.com\/wp-content\/uploads\/2025\/07\/\u672a\u6807\u9898-1-54.jpg",800,800,false],"2048x2048":["https:\/\/jinancuchem.com\/wp-content\/uploads\/2025\/07\/\u672a\u6807\u9898-1-54.jpg",800,800,false],"trp-custom-language-flag":["https:\/\/jinancuchem.com\/wp-content\/uploads\/2025\/07\/\u672a\u6807\u9898-1-54-12x12.jpg",12,12,true],"woocommerce_thumbnail":["https:\/\/jinancuchem.com\/wp-content\/uploads\/2025\/07\/\u672a\u6807\u9898-1-54-300x300.jpg",300,300,true],"woocommerce_single":["https:\/\/jinancuchem.com\/wp-content\/uploads\/2025\/07\/\u672a\u6807\u9898-1-54-500x500.jpg",500,500,true],"woocommerce_gallery_thumbnail":["https:\/\/jinancuchem.com\/wp-content\/uploads\/2025\/07\/\u672a\u6807\u9898-1-54-100x100.jpg",100,100,true]},"uagb_author_info":{"display_name":"jinxing6611@gmail.com","author_link":"https:\/\/jinancuchem.com\/fr\/author\/"},"uagb_comment_info":0,"uagb_excerpt":"\u3010CAS\u3011111-76-2 Alias: 2-(1-butoxy)ethanol;2-be;2-Butossi-etanolo;2-Butoxy-1-ethanol Molecular formula: C6H14O2\u00a0\u00a0Relative molecular mass: 118.17 Structural formula: &nbsp; 1.Product Property Ethylene glycol butyl ether is one of the important derivatives of ethylene oxide (EO). It is a green and environmentally friendly solvent, a colorless liquid, not easily volatile, toxic, and can be miscible with water and hydrocarbon solvents such as linseed\u2026","_links":{"self":[{"href":"https:\/\/jinancuchem.com\/fr\/wp-json\/wp\/v2\/product\/4665","targetHints":{"allow":["GET"]}}],"collection":[{"href":"https:\/\/jinancuchem.com\/fr\/wp-json\/wp\/v2\/product"}],"about":[{"href":"https:\/\/jinancuchem.com\/fr\/wp-json\/wp\/v2\/types\/product"}],"wp:featuredmedia":[{"embeddable":true,"href":"https:\/\/jinancuchem.com\/fr\/wp-json\/wp\/v2\/media\/4670"}],"wp:attachment":[{"href":"https:\/\/jinancuchem.com\/fr\/wp-json\/wp\/v2\/media?parent=4665"}],"wp:term":[{"taxonomy":"product_brand","embeddable":true,"href":"https:\/\/jinancuchem.com\/fr\/wp-json\/wp\/v2\/product_brand?post=4665"},{"taxonomy":"product_cat","embeddable":true,"href":"https:\/\/jinancuchem.com\/fr\/wp-json\/wp\/v2\/product_cat?post=4665"},{"taxonomy":"product_tag","embeddable":true,"href":"https:\/\/jinancuchem.com\/fr\/wp-json\/wp\/v2\/product_tag?post=4665"}],"curies":[{"name":"wp","href":"https:\/\/api.w.org\/{rel}","templated":true}]}}