{"id":4669,"date":"2025-07-25T06:57:55","date_gmt":"2025-07-25T06:57:55","guid":{"rendered":"https:\/\/jinancuchem.com\/?post_type=product&#038;p=4669"},"modified":"2025-07-25T06:57:56","modified_gmt":"2025-07-25T06:57:56","slug":"sodium-pyrophosphate","status":"publish","type":"product","link":"https:\/\/jinancuchem.com\/fr\/produit\/sodium-pyrophosphate\/","title":{"rendered":"Pyrophosphate de sodium"},"content":{"rendered":"<p>\u3010CAS\u3011<\/p>\n<p>7758-16-9<\/p>\n<p>\u3010Alias\u3011DisodiuM pytophospha;TwosodiuM pyrophosphatetwo hydrogen ;<\/p>\n<p>\u3010Formule mol\u00e9culaire\u3011H5NaO7P2<\/p>\n<p>\u3010Masse mol\u00e9culaire relative\u3011201.97<\/p>\n<p>\u3010Structural Formula\u3011<img alt=\"\" decoding=\"async\" class=\"alignnone size-full wp-image-4676\" src=\"https:\/\/jinancuchem.com\/wp-content\/uploads\/2025\/07\/\u56fe\u724759.png\" width=\"243\" height=\"116\" srcset=\"https:\/\/jinancuchem.com\/wp-content\/uploads\/2025\/07\/\u56fe\u724759.png 243w, https:\/\/jinancuchem.com\/wp-content\/uploads\/2025\/07\/\u56fe\u724759-18x9.png 18w\" sizes=\"(max-width: 243px) 100vw, 243px\" \/><\/p>\n<h3><\/h3>\n<h4><strong><b>1. Propri\u00e9t\u00e9 du produit<\/b><\/strong><\/h4>\n<p>Le dihydrog\u00e8ne pyrophosphate disodique est une poudre cristalline blanche ou un mat\u00e9riau granulaire avec une bonne solubilit\u00e9 dans l'eau. Il sert d'acidifiant, de tampon et d'agent de levage dans les applications alimentaires. Le compos\u00e9 est hygroscopique et stable dans des conditions normales, mais il se d\u00e9compose \u00e0 la chaleur pour former des polyphosphates de sodium. Il pr\u00e9sente des propri\u00e9t\u00e9s ch\u00e9latrices et r\u00e9agit avec les ions m\u00e9talliques, ce qui le rend utile dans divers processus industriels.<\/p>\n<h3><\/h3>\n<h4><strong><b>2. Normes de qualit\u00e9<\/b><\/strong><\/h4>\n<table>\n<tbody>\n<tr>\n<td><strong><b>Objet<\/b><\/strong><\/td>\n<td><strong><b>Sp\u00e9cification de qualit\u00e9 alimentaire<\/b><\/strong><\/td>\n<\/tr>\n<tr>\n<td><strong><b>Contenu principal (Na\u2082H\u2082P\u2082O\u2087), w\/% \u2265<\/b><\/strong><\/td>\n<td>94.0<\/td>\n<\/tr>\n<tr>\n<td><strong><b>Insoluble dans l'eau, w\/% \u2264<\/b><\/strong><\/td>\n<td>0.6<\/td>\n<\/tr>\n<tr>\n<td><strong><b>Valeur du pH (solution 10g\/L)<\/b><\/strong><\/td>\n<td>4.0\u00b10.5<\/td>\n<\/tr>\n<tr>\n<td><strong><b>Humidit\u00e9, w\/% \u2264<\/b><\/strong><\/td>\n<td>&#8212;<\/td>\n<\/tr>\n<tr>\n<td><strong><b>M\u00e9taux lourds (en tant que Pb), mg\/kg \u2264<\/b><\/strong><\/td>\n<td>10<\/td>\n<\/tr>\n<tr>\n<td><strong><b>Fluorure (F), mg\/kg \u2264<\/b><\/strong><\/td>\n<td>50.0<\/td>\n<\/tr>\n<tr>\n<td><strong><b>Arsenic (As), mg\/kg \u2264<\/b><\/strong><\/td>\n<td>3.0<\/td>\n<\/tr>\n<tr>\n<td><strong><b>Chrome (Cr), mg\/kg \u2264<\/b><\/strong><\/td>\n<td>&#8212;<\/td>\n<\/tr>\n<tr>\n<td><strong><b>Plomb (Pb), mg\/kg \u2264<\/b><\/strong><\/td>\n<td>2.0<\/td>\n<\/tr>\n<\/tbody>\n<\/table>\n<p>&nbsp;<\/p>\n<h4><strong><b>3. Champ d'application et utilisation<\/b><\/strong><\/h4>\n<p>Il est utilis\u00e9 comme agent de fermentation rapide, am\u00e9liorateur de qualit\u00e9, agent de levage, tampon, agent ch\u00e9lateur, agent r\u00e9hydratant et adh\u00e9sif dans l'industrie alimentaire. Le composant acide utilis\u00e9 dans la synth\u00e8se des agents levants pour le pain, les p\u00e2tisseries, etc., a un temps de production de CO2 relativement long. Il convient aux aliments cuits par fusion \u00e0 faible teneur en humidit\u00e9. Lorsqu'il est compos\u00e9 avec d'autres phosphates, il peut \u00eatre utilis\u00e9 comme agent de r\u00e9tention d'eau dans la transformation du fromage, du luncheon meat, du jambon, des produits \u00e0 base de viande et des produits aquatiques, ainsi que comme agent de r\u00e9hydratation dans les nouilles instantan\u00e9es.<\/p>\n<h3><\/h3>\n<h4><strong><b>4. Emballage et stockage<\/b><\/strong><\/h4>\n<p>Le produit est g\u00e9n\u00e9ralement conditionn\u00e9 dans des sacs tiss\u00e9s de 25 kg rev\u00eatus de poly\u00e9thyl\u00e8ne ou dans des sacs en papier multi-parois de 50 lb rev\u00eatus de plastique. Le stockage doit se faire dans un endroit frais, sec et bien ventil\u00e9, \u00e0 l'abri de l'humidit\u00e9 et des mati\u00e8res incompatibles. Les conteneurs doivent \u00eatre maintenus herm\u00e9tiquement ferm\u00e9s pour \u00e9viter l'absorption de l'humidit\u00e9 atmosph\u00e9rique. Dans des conditions de stockage appropri\u00e9es, la dur\u00e9e de conservation est de 24 mois. Le produit doit \u00eatre manipul\u00e9 avec pr\u00e9caution afin d'\u00e9viter la formation de poussi\u00e8res, et un \u00e9quipement de protection individuelle appropri\u00e9 doit \u00eatre port\u00e9 pendant la manipulation afin d'\u00e9viter toute irritation des yeux ou des voies respiratoires.<\/p>","protected":false},"excerpt":{"rendered":"<p>\u3010CAS\u3011 7758-16-9 \u3010Alias\u3011DisodiuM pytophospha;TwosodiuM pyrophosphatetwo hydrogen; \u3010Molecular Formula\u3011H5NaO7P2 \u3010Relative Molecular Mass\u3011201.97 \u3010Structural Formula\u3011 1. Product Property Disodium dihydrogen pyrophosphate is a white crystalline powder or granular material with good water solubility. It functions as an acidulant, buffer, and leavening agent in food applications. The compound is hygroscopic and stable under normal conditions but decomposes upon [&hellip;]<\/p>\n","protected":false},"featured_media":4679,"template":"","meta":{"_seopress_robots_primary_cat":"","_seopress_titles_title":"","_seopress_titles_desc":"","_seopress_robots_index":"","_uag_custom_page_level_css":"","site-sidebar-layout":"default","site-content-layout":"","ast-site-content-layout":"default","site-content-style":"default","site-sidebar-style":"default","ast-global-header-display":"","ast-banner-title-visibility":"","ast-main-header-display":"","ast-hfb-above-header-display":"","ast-hfb-below-header-display":"","ast-hfb-mobile-header-display":"","site-post-title":"","ast-breadcrumbs-content":"","ast-featured-img":"","footer-sml-layout":"","theme-transparent-header-meta":"default","adv-header-id-meta":"","stick-header-meta":"default","header-above-stick-meta":"","header-main-stick-meta":"","header-below-stick-meta":"","astra-migrate-meta-layouts":"set","ast-page-background-enabled":"default","ast-page-background-meta":{"desktop":{"background-color":"","background-image":"","background-repeat":"repeat","background-position":"center center","background-size":"auto","background-attachment":"scroll","background-type":"","background-media":"","overlay-type":"","overlay-color":"","overlay-opacity":"","overlay-gradient":""},"tablet":{"background-color":"","background-image":"","background-repeat":"repeat","background-position":"center center","background-size":"auto","background-attachment":"scroll","background-type":"","background-media":"","overlay-type":"","overlay-color":"","overlay-opacity":"","overlay-gradient":""},"mobile":{"background-color":"","background-image":"","background-repeat":"repeat","background-position":"center center","background-size":"auto","background-attachment":"scroll","background-type":"","background-media":"","overlay-type":"","overlay-color":"","overlay-opacity":"","overlay-gradient":""}},"ast-content-background-meta":{"desktop":{"background-color":"var(--ast-global-color-5)","background-image":"","background-repeat":"repeat","background-position":"center center","background-size":"auto","background-attachment":"scroll","background-type":"","background-media":"","overlay-type":"","overlay-color":"","overlay-opacity":"","overlay-gradient":""},"tablet":{"background-color":"var(--ast-global-color-5)","background-image":"","background-repeat":"repeat","background-position":"center center","background-size":"auto","background-attachment":"scroll","background-type":"","background-media":"","overlay-type":"","overlay-color":"","overlay-opacity":"","overlay-gradient":""},"mobile":{"background-color":"var(--ast-global-color-5)","background-image":"","background-repeat":"repeat","background-position":"center center","background-size":"auto","background-attachment":"scroll","background-type":"","background-media":"","overlay-type":"","overlay-color":"","overlay-opacity":"","overlay-gradient":""}}},"product_brand":[],"product_cat":[67],"product_tag":[],"class_list":{"0":"post-4669","1":"product","2":"type-product","3":"status-publish","4":"has-post-thumbnail","6":"product_cat-food-additives","7":"desktop-align-left","8":"tablet-align-left","9":"mobile-align-left","10":"ast-product-gallery-layout-horizontal-slider","11":"ast-product-gallery-with-no-image","12":"ast-product-tabs-layout-horizontal","14":"first","15":"instock","16":"shipping-taxable","17":"product-type-simple"},"uagb_featured_image_src":{"full":["https:\/\/jinancuchem.com\/wp-content\/uploads\/2025\/07\/59.png",800,800,false],"thumbnail":["https:\/\/jinancuchem.com\/wp-content\/uploads\/2025\/07\/59-150x150.png",150,150,true],"medium":["https:\/\/jinancuchem.com\/wp-content\/uploads\/2025\/07\/59-300x300.png",300,300,true],"medium_large":["https:\/\/jinancuchem.com\/wp-content\/uploads\/2025\/07\/59-768x768.png",768,768,true],"large":["https:\/\/jinancuchem.com\/wp-content\/uploads\/2025\/07\/59.png",800,800,false],"1536x1536":["https:\/\/jinancuchem.com\/wp-content\/uploads\/2025\/07\/59.png",800,800,false],"2048x2048":["https:\/\/jinancuchem.com\/wp-content\/uploads\/2025\/07\/59.png",800,800,false],"trp-custom-language-flag":["https:\/\/jinancuchem.com\/wp-content\/uploads\/2025\/07\/59-12x12.png",12,12,true],"woocommerce_thumbnail":["https:\/\/jinancuchem.com\/wp-content\/uploads\/2025\/07\/59-300x300.png",300,300,true],"woocommerce_single":["https:\/\/jinancuchem.com\/wp-content\/uploads\/2025\/07\/59-500x500.png",500,500,true],"woocommerce_gallery_thumbnail":["https:\/\/jinancuchem.com\/wp-content\/uploads\/2025\/07\/59-100x100.png",100,100,true]},"uagb_author_info":{"display_name":"jinxing6611@gmail.com","author_link":"https:\/\/jinancuchem.com\/fr\/author\/"},"uagb_comment_info":0,"uagb_excerpt":"\u3010CAS\u3011 7758-16-9 \u3010Alias\u3011DisodiuM pytophospha;TwosodiuM pyrophosphatetwo hydrogen; \u3010Molecular Formula\u3011H5NaO7P2 \u3010Relative Molecular Mass\u3011201.97 \u3010Structural Formula\u3011 1. Product Property Disodium dihydrogen pyrophosphate is a white crystalline powder or granular material with good water solubility. It functions as an acidulant, buffer, and leavening agent in food applications. The compound is hygroscopic and stable under normal conditions but decomposes upon\u2026","_links":{"self":[{"href":"https:\/\/jinancuchem.com\/fr\/wp-json\/wp\/v2\/product\/4669","targetHints":{"allow":["GET"]}}],"collection":[{"href":"https:\/\/jinancuchem.com\/fr\/wp-json\/wp\/v2\/product"}],"about":[{"href":"https:\/\/jinancuchem.com\/fr\/wp-json\/wp\/v2\/types\/product"}],"wp:featuredmedia":[{"embeddable":true,"href":"https:\/\/jinancuchem.com\/fr\/wp-json\/wp\/v2\/media\/4679"}],"wp:attachment":[{"href":"https:\/\/jinancuchem.com\/fr\/wp-json\/wp\/v2\/media?parent=4669"}],"wp:term":[{"taxonomy":"product_brand","embeddable":true,"href":"https:\/\/jinancuchem.com\/fr\/wp-json\/wp\/v2\/product_brand?post=4669"},{"taxonomy":"product_cat","embeddable":true,"href":"https:\/\/jinancuchem.com\/fr\/wp-json\/wp\/v2\/product_cat?post=4669"},{"taxonomy":"product_tag","embeddable":true,"href":"https:\/\/jinancuchem.com\/fr\/wp-json\/wp\/v2\/product_tag?post=4669"}],"curies":[{"name":"wp","href":"https:\/\/api.w.org\/{rel}","templated":true}]}}