{"id":4673,"date":"2025-07-25T06:57:36","date_gmt":"2025-07-25T06:57:36","guid":{"rendered":"https:\/\/jinancuchem.com\/?post_type=product&#038;p=4673"},"modified":"2025-07-25T06:57:36","modified_gmt":"2025-07-25T06:57:36","slug":"sodium-hydroxide","status":"publish","type":"product","link":"https:\/\/jinancuchem.com\/fr\/produit\/sodium-hydroxide\/","title":{"rendered":"Hydroxyde de sodium"},"content":{"rendered":"<p>\u3010CAS\u30111310-73-2<\/p>\n<p>Alias : Aetznatron;Augus hot rod;causticflake;causticsoda,bead;causticsoda,bead(dot)<\/p>\n<p>Formule mol\u00e9culaire : NaOH Masse mol\u00e9culaire relative :<\/p>\n<p>Formule structurelle :<img alt=\"\" fetchpriority=\"high\" decoding=\"async\" class=\"alignnone size-medium wp-image-4677\" src=\"https:\/\/jinancuchem.com\/wp-content\/uploads\/2025\/07\/\u672a\u6807\u9898-1-55-300x300.jpg\" width=\"300\" height=\"300\" srcset=\"https:\/\/jinancuchem.com\/wp-content\/uploads\/2025\/07\/\u672a\u6807\u9898-1-55-300x300.jpg 300w, https:\/\/jinancuchem.com\/wp-content\/uploads\/2025\/07\/\u672a\u6807\u9898-1-55-100x100.jpg 100w, https:\/\/jinancuchem.com\/wp-content\/uploads\/2025\/07\/\u672a\u6807\u9898-1-55-500x500.jpg 500w, https:\/\/jinancuchem.com\/wp-content\/uploads\/2025\/07\/\u672a\u6807\u9898-1-55-150x150.jpg 150w, https:\/\/jinancuchem.com\/wp-content\/uploads\/2025\/07\/\u672a\u6807\u9898-1-55-768x768.jpg 768w, https:\/\/jinancuchem.com\/wp-content\/uploads\/2025\/07\/\u672a\u6807\u9898-1-55-12x12.jpg 12w, https:\/\/jinancuchem.com\/wp-content\/uploads\/2025\/07\/\u672a\u6807\u9898-1-55.jpg 800w\" sizes=\"(max-width: 300px) 100vw, 300px\" \/><\/p>\n<p>&nbsp;<\/p>\n<h4>1.Propri\u00e9t\u00e9 du produit<\/h4>\n<p>L'hydroxyde de sodium, \u00e9galement connu sous le nom de soude caustique, a pour formule chimique NaOH. Il s'agit d'une base forte tr\u00e8s corrosive. Il se pr\u00e9sente g\u00e9n\u00e9ralement sous la forme de comprim\u00e9s ou de granul\u00e9s blancs et peut se dissoudre dans l'eau pour former une solution alcaline. Il peut \u00e9galement se dissoudre dans le m\u00e9thanol et l'\u00e9thanol. Cette substance alcaline poss\u00e8de des propri\u00e9t\u00e9s hygroscopiques et absorbe la vapeur d'eau de l'air, ainsi que les gaz acides tels que le dioxyde de carbone. L'hydroxyde de sodium est l'un des produits chimiques les plus couramment utilis\u00e9s. Il est largement utilis\u00e9 et constitue une substance n\u00e9cessaire dans de nombreux processus industriels.<\/p>\n<h4>2.<\/h4>\n<p>&nbsp;<\/p>\n<table>\n<tbody>\n<tr>\n<td><strong><b>Param\u00e8tres<\/b><\/strong><\/td>\n<td><strong><b>Sp\u00e9cifications<\/b><\/strong><\/td>\n<\/tr>\n<tr>\n<td><strong><b>Apparence<\/b><\/strong><\/td>\n<td>Flocons, perles ou granul\u00e9s blancs (solides)<br \/>\nLiquide clair et incolore (solution)<\/td>\n<\/tr>\n<tr>\n<td><strong><b>Essai (teneur en NaOH)<\/b><\/strong><\/td>\n<td>\u2265 97.0% (solide), 30-50% (solution)<\/td>\n<\/tr>\n<tr>\n<td><strong><b>Carbonate (en tant que Na\u2082CO\u2083)<\/b><\/strong><\/td>\n<td>\u2264 1.0% (solide), \u2264 0.2% (solution)<\/td>\n<\/tr>\n<\/tbody>\n<\/table>\n<p>&nbsp;<\/p>\n<h4>3. Champ d'application et utilisation<\/h4>\n<p>Il est utilis\u00e9 dans la production de papier et de p\u00e2te de cellulose ; il est \u00e9galement utilis\u00e9 dans la production de savon, de d\u00e9tergents synth\u00e9tiques, d'acides gras synth\u00e9tiques et dans le raffinage d'huiles animales et v\u00e9g\u00e9tales.<\/p>\n<p>Il est utilis\u00e9 dans l'industrie textile et de la teinture comme agent d'encollage, agent de d\u00e9capage et agent de mercerisage pour les tissus de coton.<\/p>\n<p>Il est utilis\u00e9 dans l'industrie chimique pour la production de borax, de cyanure de sodium, d'acide formique, d'acide oxalique, de ph\u00e9nol, etc. Il est utilis\u00e9 dans l'industrie p\u00e9troli\u00e8re pour le raffinage des produits p\u00e9troliers et dans les boues de forage des puits de p\u00e9trole.<\/p>\n<p>Il est \u00e9galement utilis\u00e9 dans la production d'alumine, le traitement de surface du zinc m\u00e9tallique et du cuivre m\u00e9tallique, ainsi que dans le verre, l'\u00e9mail, le cuir, la m\u00e9decine, les colorants et les pesticides.<\/p>\n<p>Il est utilis\u00e9 comme neutralisant d'acide dans l'industrie alimentaire, comme agent d'\u00e9pluchage pour les agrumes et les p\u00eaches, comme d\u00e9tergent pour les bouteilles et les bo\u00eetes de conserve vides, et comme d\u00e9colorant et d\u00e9sodorisant.<\/p>\n<p>Il s'agit d'un r\u00e9actif analytique de base largement utilis\u00e9. Il sert \u00e0 pr\u00e9parer des solutions alcalines standard pour l'analyse. Il absorbe une petite quantit\u00e9 de dioxyde de carbone et d'eau. Il est utilis\u00e9 pour la neutralisation des acides. Il est utilis\u00e9 pour la production de sel de sodium. Il est largement utilis\u00e9 dans la fabrication du papier, l'industrie chimique, la teinture, la m\u00e9decine, la m\u00e9tallurgie (fusion de l'aluminium), les fibres chimiques, la galvanoplastie, le traitement de l'eau, le traitement des gaz d'\u00e9chappement, etc.<\/p>\n<p>Il est utilis\u00e9 comme agent neutralisant, agent masquant, pr\u00e9cipitant, agent masquant pr\u00e9cipitant, r\u00e9v\u00e9lateur de couleur pour la d\u00e9termination des c\u00e9tost\u00e9ro\u00efdes par analyse en couche mince. Il est utilis\u00e9 pour la production de sel de sodium et la saponification. Il est utilis\u00e9 pour la production de divers sels de sodium, de savon, de p\u00e2te \u00e0 papier, de finition de tissus de coton, de soie, de fibres de viscose, de r\u00e9g\u00e9n\u00e9ration de produits en caoutchouc, de nettoyage de m\u00e9taux, de galvanoplastie, de blanchiment, etc.<\/p>\n<p>Dans les cr\u00e8mes cosm\u00e9tiques, ce produit et l'acide st\u00e9arique, etc. subissent une saponification pour agir comme \u00e9mulsifiants, utilis\u00e9s pour la fabrication de cr\u00e8me \u00e0 neige, de shampoing, etc.<\/p>\n<h4>4. l'emballage et le stockage<\/h4>\n<p>Il doit \u00eatre stock\u00e9 dans un entrep\u00f4t frais, sec et bien ventil\u00e9. Il doit \u00eatre tenu \u00e0 l'\u00e9cart des sources de feu et de chaleur. La temp\u00e9rature de l'entrep\u00f4t ne doit pas d\u00e9passer 35\u2103, et l'humidit\u00e9 relative ne doit pas d\u00e9passer 80%. L'emballage doit \u00eatre scell\u00e9 et ne doit pas \u00eatre humide. Il doit \u00eatre stock\u00e9 s\u00e9par\u00e9ment des substances inflammables (ou combustibles) et des acides, et ne doit pas \u00eatre m\u00e9lang\u00e9.<\/p>","protected":false},"excerpt":{"rendered":"<p>\u3010CAS\u30111310-73-2 Alias: Aetznatron;Augus hot rod;causticflake;causticsoda,bead;causticsoda,bead(dot) Molecular formula: NaOH \u00a0\u00a0Relative molecular mass: Structural formula: &nbsp; 1.Product Property Sodium hydroxide, also known as caustic soda and lye, has the chemical formula NaOH. It is a highly corrosive strong base. It is usually in the form of white tablets or granules and can dissolve in water to form [&hellip;]<\/p>\n","protected":false},"featured_media":4677,"template":"","meta":{"_seopress_robots_primary_cat":"","_seopress_titles_title":"","_seopress_titles_desc":"","_seopress_robots_index":"","_uag_custom_page_level_css":"","site-sidebar-layout":"default","site-content-layout":"","ast-site-content-layout":"default","site-content-style":"default","site-sidebar-style":"default","ast-global-header-display":"","ast-banner-title-visibility":"","ast-main-header-display":"","ast-hfb-above-header-display":"","ast-hfb-below-header-display":"","ast-hfb-mobile-header-display":"","site-post-title":"","ast-breadcrumbs-content":"","ast-featured-img":"","footer-sml-layout":"","theme-transparent-header-meta":"default","adv-header-id-meta":"","stick-header-meta":"default","header-above-stick-meta":"","header-main-stick-meta":"","header-below-stick-meta":"","astra-migrate-meta-layouts":"set","ast-page-background-enabled":"default","ast-page-background-meta":{"desktop":{"background-color":"","background-image":"","background-repeat":"repeat","background-position":"center center","background-size":"auto","background-attachment":"scroll","background-type":"","background-media":"","overlay-type":"","overlay-color":"","overlay-opacity":"","overlay-gradient":""},"tablet":{"background-color":"","background-image":"","background-repeat":"repeat","background-position":"center center","background-size":"auto","background-attachment":"scroll","background-type":"","background-media":"","overlay-type":"","overlay-color":"","overlay-opacity":"","overlay-gradient":""},"mobile":{"background-color":"","background-image":"","background-repeat":"repeat","background-position":"center center","background-size":"auto","background-attachment":"scroll","background-type":"","background-media":"","overlay-type":"","overlay-color":"","overlay-opacity":"","overlay-gradient":""}},"ast-content-background-meta":{"desktop":{"background-color":"var(--ast-global-color-5)","background-image":"","background-repeat":"repeat","background-position":"center center","background-size":"auto","background-attachment":"scroll","background-type":"","background-media":"","overlay-type":"","overlay-color":"","overlay-opacity":"","overlay-gradient":""},"tablet":{"background-color":"var(--ast-global-color-5)","background-image":"","background-repeat":"repeat","background-position":"center center","background-size":"auto","background-attachment":"scroll","background-type":"","background-media":"","overlay-type":"","overlay-color":"","overlay-opacity":"","overlay-gradient":""},"mobile":{"background-color":"var(--ast-global-color-5)","background-image":"","background-repeat":"repeat","background-position":"center center","background-size":"auto","background-attachment":"scroll","background-type":"","background-media":"","overlay-type":"","overlay-color":"","overlay-opacity":"","overlay-gradient":""}}},"product_brand":[],"product_cat":[69],"product_tag":[],"class_list":{"0":"post-4673","1":"product","2":"type-product","3":"status-publish","4":"has-post-thumbnail","6":"product_cat-daily-chemical-product","7":"desktop-align-left","8":"tablet-align-left","9":"mobile-align-left","10":"ast-product-gallery-layout-horizontal-slider","11":"ast-product-gallery-with-no-image","12":"ast-product-tabs-layout-horizontal","14":"first","15":"instock","16":"shipping-taxable","17":"product-type-simple"},"uagb_featured_image_src":{"full":["https:\/\/jinancuchem.com\/wp-content\/uploads\/2025\/07\/\u672a\u6807\u9898-1-55.jpg",800,800,false],"thumbnail":["https:\/\/jinancuchem.com\/wp-content\/uploads\/2025\/07\/\u672a\u6807\u9898-1-55-150x150.jpg",150,150,true],"medium":["https:\/\/jinancuchem.com\/wp-content\/uploads\/2025\/07\/\u672a\u6807\u9898-1-55-300x300.jpg",300,300,true],"medium_large":["https:\/\/jinancuchem.com\/wp-content\/uploads\/2025\/07\/\u672a\u6807\u9898-1-55-768x768.jpg",768,768,true],"large":["https:\/\/jinancuchem.com\/wp-content\/uploads\/2025\/07\/\u672a\u6807\u9898-1-55.jpg",800,800,false],"1536x1536":["https:\/\/jinancuchem.com\/wp-content\/uploads\/2025\/07\/\u672a\u6807\u9898-1-55.jpg",800,800,false],"2048x2048":["https:\/\/jinancuchem.com\/wp-content\/uploads\/2025\/07\/\u672a\u6807\u9898-1-55.jpg",800,800,false],"trp-custom-language-flag":["https:\/\/jinancuchem.com\/wp-content\/uploads\/2025\/07\/\u672a\u6807\u9898-1-55-12x12.jpg",12,12,true],"woocommerce_thumbnail":["https:\/\/jinancuchem.com\/wp-content\/uploads\/2025\/07\/\u672a\u6807\u9898-1-55-300x300.jpg",300,300,true],"woocommerce_single":["https:\/\/jinancuchem.com\/wp-content\/uploads\/2025\/07\/\u672a\u6807\u9898-1-55-500x500.jpg",500,500,true],"woocommerce_gallery_thumbnail":["https:\/\/jinancuchem.com\/wp-content\/uploads\/2025\/07\/\u672a\u6807\u9898-1-55-100x100.jpg",100,100,true]},"uagb_author_info":{"display_name":"jinxing6611@gmail.com","author_link":"https:\/\/jinancuchem.com\/fr\/author\/"},"uagb_comment_info":0,"uagb_excerpt":"\u3010CAS\u30111310-73-2 Alias: Aetznatron;Augus hot rod;causticflake;causticsoda,bead;causticsoda,bead(dot) Molecular formula: NaOH \u00a0\u00a0Relative molecular mass: Structural formula: &nbsp; 1.Product Property Sodium hydroxide, also known as caustic soda and lye, has the chemical formula NaOH. It is a highly corrosive strong base. It is usually in the form of white tablets or granules and can dissolve in water to form\u2026","_links":{"self":[{"href":"https:\/\/jinancuchem.com\/fr\/wp-json\/wp\/v2\/product\/4673","targetHints":{"allow":["GET"]}}],"collection":[{"href":"https:\/\/jinancuchem.com\/fr\/wp-json\/wp\/v2\/product"}],"about":[{"href":"https:\/\/jinancuchem.com\/fr\/wp-json\/wp\/v2\/types\/product"}],"wp:featuredmedia":[{"embeddable":true,"href":"https:\/\/jinancuchem.com\/fr\/wp-json\/wp\/v2\/media\/4677"}],"wp:attachment":[{"href":"https:\/\/jinancuchem.com\/fr\/wp-json\/wp\/v2\/media?parent=4673"}],"wp:term":[{"taxonomy":"product_brand","embeddable":true,"href":"https:\/\/jinancuchem.com\/fr\/wp-json\/wp\/v2\/product_brand?post=4673"},{"taxonomy":"product_cat","embeddable":true,"href":"https:\/\/jinancuchem.com\/fr\/wp-json\/wp\/v2\/product_cat?post=4673"},{"taxonomy":"product_tag","embeddable":true,"href":"https:\/\/jinancuchem.com\/fr\/wp-json\/wp\/v2\/product_tag?post=4673"}],"curies":[{"name":"wp","href":"https:\/\/api.w.org\/{rel}","templated":true}]}}