{"id":4708,"date":"2025-07-25T07:06:39","date_gmt":"2025-07-25T07:06:39","guid":{"rendered":"https:\/\/jinancuchem.com\/?post_type=product&#038;p=4708"},"modified":"2025-07-25T07:06:39","modified_gmt":"2025-07-25T07:06:39","slug":"ortho-xylene","status":"publish","type":"product","link":"https:\/\/jinancuchem.com\/fr\/produit\/ortho-xylene\/","title":{"rendered":"ortho-xyl\u00e8ne"},"content":{"rendered":"<p>\u3010CAS\u301195-47-6<\/p>\n<p>Alias : 1,2-Xyl\u00e8ne standard dans le m\u00e9thanol;1\uff0c2-Xyl\u00e8ne<\/p>\n<p>Formule mol\u00e9culaire : C8H10 Masse mol\u00e9culaire relative : 106,165<\/p>\n<p>Formule structurelle :<img alt=\"\" fetchpriority=\"high\" decoding=\"async\" class=\"alignnone size-medium wp-image-4715\" src=\"https:\/\/jinancuchem.com\/wp-content\/uploads\/2025\/07\/\u672a\u6807\u9898-1-59-300x300.jpg\" width=\"300\" height=\"300\" srcset=\"https:\/\/jinancuchem.com\/wp-content\/uploads\/2025\/07\/\u672a\u6807\u9898-1-59-300x300.jpg 300w, https:\/\/jinancuchem.com\/wp-content\/uploads\/2025\/07\/\u672a\u6807\u9898-1-59-100x100.jpg 100w, https:\/\/jinancuchem.com\/wp-content\/uploads\/2025\/07\/\u672a\u6807\u9898-1-59-500x500.jpg 500w, https:\/\/jinancuchem.com\/wp-content\/uploads\/2025\/07\/\u672a\u6807\u9898-1-59-150x150.jpg 150w, https:\/\/jinancuchem.com\/wp-content\/uploads\/2025\/07\/\u672a\u6807\u9898-1-59-768x768.jpg 768w, https:\/\/jinancuchem.com\/wp-content\/uploads\/2025\/07\/\u672a\u6807\u9898-1-59-12x12.jpg 12w, https:\/\/jinancuchem.com\/wp-content\/uploads\/2025\/07\/\u672a\u6807\u9898-1-59.jpg 800w\" sizes=\"(max-width: 300px) 100vw, 300px\" \/><\/p>\n<h4>1.Propri\u00e9t\u00e9 du produit<\/h4>\n<p>L'\u00e9ther dim\u00e9thylique de naphtal\u00e8ne est un compos\u00e9 organique dont la formule chimique est C8H10. C'est un liquide transparent incolore qui ne se dissout pas dans l'eau mais qui peut \u00eatre miscible avec la plupart des solvants organiques tels que l'\u00e9thanol, l'\u00e9ther et le chloroforme.<\/p>\n<h4>2.<\/h4>\n<p>&nbsp;<\/p>\n<table>\n<tbody>\n<tr>\n<td><strong><b>Param\u00e8tres<\/b><\/strong><\/td>\n<td width=\"331\"><strong><b>Sp\u00e9cifications<\/b><\/strong><\/td>\n<\/tr>\n<tr>\n<td><strong><b>Apparence<\/b><\/strong><\/td>\n<td width=\"331\">Liquide clair et incolore<\/td>\n<\/tr>\n<tr>\n<td><strong><b>Puret\u00e9 (GC, % en poids)<\/b><\/strong><\/td>\n<td width=\"331\">\u2265 98.0% (Industriel), \u2265 99.5% (R\u00e9actif)<\/td>\n<\/tr>\n<tr>\n<td><strong><b>m-Xyl\u00e8ne et p-Xyl\u00e8ne<\/b><\/strong><\/td>\n<td width=\"331\">\u2264 1.0%<\/td>\n<\/tr>\n<tr>\n<td><strong><b>\u00c9thylbenz\u00e8ne<\/b><\/strong><\/td>\n<td width=\"331\">\u2264 0,5%<\/td>\n<\/tr>\n<tr>\n<td><strong><b>Hydrocarbures non aromatiques<\/b><\/strong><\/td>\n<td width=\"331\">\u2264 0,5%<\/td>\n<\/tr>\n<tr>\n<td><strong><b>Densit\u00e9 (20\u00b0C, g\/cm\u00b3)<\/b><\/strong><\/td>\n<td width=\"331\">0.875 &#8211; 0.880<\/td>\n<\/tr>\n<\/tbody>\n<\/table>\n<p>&nbsp;<\/p>\n<h4>3. Champ d'application et utilisation<\/h4>\n<p>Principalement utilis\u00e9 comme mati\u00e8res premi\u00e8res chimiques et solvants, il peut \u00eatre utilis\u00e9 pour la production d'anhydride phtalique, de colorants, de pesticides et de m\u00e9dicaments, tels que les vitamines, etc. et peut \u00e9galement \u00eatre utilis\u00e9 comme additif pour l'essence d'aviation.<\/p>\n<h4>4. l'emballage et le stockage<\/h4>\n<p>L'entrep\u00f4t est bien ventil\u00e9, maintenu \u00e0 basse temp\u00e9rature et sec ; les marchandises sont charg\u00e9es et d\u00e9charg\u00e9es avec soin et stock\u00e9es \u00e0 l'abri des oxydants et des acides.<\/p>","protected":false},"excerpt":{"rendered":"<p>\u3010CAS\u301195-47-6 Alias: 1,2-Xylene standard in Methanol;1\uff0c2-Xylene Molecular formula: C8H10 \u00a0\u00a0Relative molecular mass: 106.165 Structural formula: 1.Product Property Naphthalene dimethyl ether is an organic compound with the chemical formula C8H10. It is a colorless transparent liquid that does not dissolve in water but can be miscible with most organic solvents such as ethanol, ether, and chloroform. [&hellip;]<\/p>\n","protected":false},"featured_media":4715,"template":"","meta":{"_seopress_robots_primary_cat":"","_seopress_titles_title":"","_seopress_titles_desc":"","_seopress_robots_index":"","_uag_custom_page_level_css":"","site-sidebar-layout":"default","site-content-layout":"","ast-site-content-layout":"default","site-content-style":"default","site-sidebar-style":"default","ast-global-header-display":"","ast-banner-title-visibility":"","ast-main-header-display":"","ast-hfb-above-header-display":"","ast-hfb-below-header-display":"","ast-hfb-mobile-header-display":"","site-post-title":"","ast-breadcrumbs-content":"","ast-featured-img":"","footer-sml-layout":"","theme-transparent-header-meta":"default","adv-header-id-meta":"","stick-header-meta":"default","header-above-stick-meta":"","header-main-stick-meta":"","header-below-stick-meta":"","astra-migrate-meta-layouts":"set","ast-page-background-enabled":"default","ast-page-background-meta":{"desktop":{"background-color":"","background-image":"","background-repeat":"repeat","background-position":"center center","background-size":"auto","background-attachment":"scroll","background-type":"","background-media":"","overlay-type":"","overlay-color":"","overlay-opacity":"","overlay-gradient":""},"tablet":{"background-color":"","background-image":"","background-repeat":"repeat","background-position":"center center","background-size":"auto","background-attachment":"scroll","background-type":"","background-media":"","overlay-type":"","overlay-color":"","overlay-opacity":"","overlay-gradient":""},"mobile":{"background-color":"","background-image":"","background-repeat":"repeat","background-position":"center center","background-size":"auto","background-attachment":"scroll","background-type":"","background-media":"","overlay-type":"","overlay-color":"","overlay-opacity":"","overlay-gradient":""}},"ast-content-background-meta":{"desktop":{"background-color":"var(--ast-global-color-5)","background-image":"","background-repeat":"repeat","background-position":"center center","background-size":"auto","background-attachment":"scroll","background-type":"","background-media":"","overlay-type":"","overlay-color":"","overlay-opacity":"","overlay-gradient":""},"tablet":{"background-color":"var(--ast-global-color-5)","background-image":"","background-repeat":"repeat","background-position":"center center","background-size":"auto","background-attachment":"scroll","background-type":"","background-media":"","overlay-type":"","overlay-color":"","overlay-opacity":"","overlay-gradient":""},"mobile":{"background-color":"var(--ast-global-color-5)","background-image":"","background-repeat":"repeat","background-position":"center center","background-size":"auto","background-attachment":"scroll","background-type":"","background-media":"","overlay-type":"","overlay-color":"","overlay-opacity":"","overlay-gradient":""}}},"product_brand":[],"product_cat":[69],"product_tag":[],"class_list":{"0":"post-4708","1":"product","2":"type-product","3":"status-publish","4":"has-post-thumbnail","6":"product_cat-daily-chemical-product","7":"desktop-align-left","8":"tablet-align-left","9":"mobile-align-left","10":"ast-product-gallery-layout-horizontal-slider","11":"ast-product-gallery-with-no-image","12":"ast-product-tabs-layout-horizontal","14":"first","15":"instock","16":"shipping-taxable","17":"product-type-simple"},"uagb_featured_image_src":{"full":["https:\/\/jinancuchem.com\/wp-content\/uploads\/2025\/07\/\u672a\u6807\u9898-1-59.jpg",800,800,false],"thumbnail":["https:\/\/jinancuchem.com\/wp-content\/uploads\/2025\/07\/\u672a\u6807\u9898-1-59-150x150.jpg",150,150,true],"medium":["https:\/\/jinancuchem.com\/wp-content\/uploads\/2025\/07\/\u672a\u6807\u9898-1-59-300x300.jpg",300,300,true],"medium_large":["https:\/\/jinancuchem.com\/wp-content\/uploads\/2025\/07\/\u672a\u6807\u9898-1-59-768x768.jpg",768,768,true],"large":["https:\/\/jinancuchem.com\/wp-content\/uploads\/2025\/07\/\u672a\u6807\u9898-1-59.jpg",800,800,false],"1536x1536":["https:\/\/jinancuchem.com\/wp-content\/uploads\/2025\/07\/\u672a\u6807\u9898-1-59.jpg",800,800,false],"2048x2048":["https:\/\/jinancuchem.com\/wp-content\/uploads\/2025\/07\/\u672a\u6807\u9898-1-59.jpg",800,800,false],"trp-custom-language-flag":["https:\/\/jinancuchem.com\/wp-content\/uploads\/2025\/07\/\u672a\u6807\u9898-1-59-12x12.jpg",12,12,true],"woocommerce_thumbnail":["https:\/\/jinancuchem.com\/wp-content\/uploads\/2025\/07\/\u672a\u6807\u9898-1-59-300x300.jpg",300,300,true],"woocommerce_single":["https:\/\/jinancuchem.com\/wp-content\/uploads\/2025\/07\/\u672a\u6807\u9898-1-59-500x500.jpg",500,500,true],"woocommerce_gallery_thumbnail":["https:\/\/jinancuchem.com\/wp-content\/uploads\/2025\/07\/\u672a\u6807\u9898-1-59-100x100.jpg",100,100,true]},"uagb_author_info":{"display_name":"jinxing6611@gmail.com","author_link":"https:\/\/jinancuchem.com\/fr\/author\/"},"uagb_comment_info":0,"uagb_excerpt":"\u3010CAS\u301195-47-6 Alias: 1,2-Xylene standard in Methanol;1\uff0c2-Xylene Molecular formula: C8H10 \u00a0\u00a0Relative molecular mass: 106.165 Structural formula: 1.Product Property Naphthalene dimethyl ether is an organic compound with the chemical formula C8H10. It is a colorless transparent liquid that does not dissolve in water but can be miscible with most organic solvents such as ethanol, ether, and chloroform.\u2026","_links":{"self":[{"href":"https:\/\/jinancuchem.com\/fr\/wp-json\/wp\/v2\/product\/4708","targetHints":{"allow":["GET"]}}],"collection":[{"href":"https:\/\/jinancuchem.com\/fr\/wp-json\/wp\/v2\/product"}],"about":[{"href":"https:\/\/jinancuchem.com\/fr\/wp-json\/wp\/v2\/types\/product"}],"wp:featuredmedia":[{"embeddable":true,"href":"https:\/\/jinancuchem.com\/fr\/wp-json\/wp\/v2\/media\/4715"}],"wp:attachment":[{"href":"https:\/\/jinancuchem.com\/fr\/wp-json\/wp\/v2\/media?parent=4708"}],"wp:term":[{"taxonomy":"product_brand","embeddable":true,"href":"https:\/\/jinancuchem.com\/fr\/wp-json\/wp\/v2\/product_brand?post=4708"},{"taxonomy":"product_cat","embeddable":true,"href":"https:\/\/jinancuchem.com\/fr\/wp-json\/wp\/v2\/product_cat?post=4708"},{"taxonomy":"product_tag","embeddable":true,"href":"https:\/\/jinancuchem.com\/fr\/wp-json\/wp\/v2\/product_tag?post=4708"}],"curies":[{"name":"wp","href":"https:\/\/api.w.org\/{rel}","templated":true}]}}