{"id":4725,"date":"2025-07-25T07:09:50","date_gmt":"2025-07-25T07:09:50","guid":{"rendered":"https:\/\/jinancuchem.com\/?post_type=product&#038;p=4725"},"modified":"2025-07-25T07:09:51","modified_gmt":"2025-07-25T07:09:51","slug":"sodium-nitrite","status":"publish","type":"product","link":"https:\/\/jinancuchem.com\/fr\/produit\/sodium-nitrite\/","title":{"rendered":"Nitrite de sodium"},"content":{"rendered":"<p>\u3010CAS\u30117632-00-0<\/p>\n<p>Formule chimique : NaNO2<\/p>\n<p>Poids mol\u00e9culaire : 69<\/p>\n<p>\u3010Structural Formula\u3011<img alt=\"\" decoding=\"async\" class=\"alignnone size-full wp-image-4731\" src=\"https:\/\/jinancuchem.com\/wp-content\/uploads\/2025\/07\/\u56fe\u724765.png\" width=\"173\" height=\"188\" srcset=\"https:\/\/jinancuchem.com\/wp-content\/uploads\/2025\/07\/\u56fe\u724765.png 173w, https:\/\/jinancuchem.com\/wp-content\/uploads\/2025\/07\/\u56fe\u724765-11x12.png 11w\" sizes=\"(max-width: 173px) 100vw, 173px\" \/><\/p>\n<h3><\/h3>\n<h4><strong><b>1\u3001Propri\u00e9t\u00e9 du produit<\/b><\/strong><\/h4>\n<p>Le nitrite de sodium se pr\u00e9sente sous la forme d'une poudre ou de granul\u00e9s cristallins blancs \u00e0 jaun\u00e2tres, inodores avec un go\u00fbt l\u00e9g\u00e8rement sal\u00e9. Il est tr\u00e8s soluble dans l'eau (82g\/100mL \u00e0 20\u00b0C) et dans l'ammoniaque liquide, faiblement soluble dans l'\u00e9thanol\/m\u00e9thanol. Sa solution aqueuse est alcaline (pH~9). Se d\u00e9compose thermiquement \u00e0 320\u00b0C, lib\u00e9rant des oxydes d'azote toxiques. S'oxyde progressivement \u00e0 l'air pour former du nitrate de sodium.<\/p>\n<h3><\/h3>\n<h4><b>2. <\/b><strong><b>Normes de qualit\u00e9<\/b><\/strong><\/h4>\n<table>\n<tbody>\n<tr>\n<td><strong><b>Param\u00e8tres<\/b><\/strong><\/td>\n<td><strong><b>Sp\u00e9cification de qualit\u00e9 alimentaire<\/b><\/strong><\/td>\n<\/tr>\n<tr>\n<td><strong><b>Essai (NaNO\u2082), % \u2265<\/b><\/strong><\/td>\n<td>99.0<\/td>\n<\/tr>\n<tr>\n<td><strong><b>Chlorure (Cl), % \u2264<\/b><\/strong><\/td>\n<td>0.10<\/td>\n<\/tr>\n<tr>\n<td><strong><b>Sulfate (SO\u2084), % \u2264<\/b><\/strong><\/td>\n<td>0.05<\/td>\n<\/tr>\n<tr>\n<td><strong><b>M\u00e9taux lourds (Pb), ppm \u2264<\/b><\/strong><\/td>\n<td>5<\/td>\n<\/tr>\n<tr>\n<td><strong><b>Arsenic (As), ppm \u2264<\/b><\/strong><\/td>\n<td>2<\/td>\n<\/tr>\n<tr>\n<td><strong><b>Fer (Fe), ppm \u2264<\/b><\/strong><\/td>\n<td>10<\/td>\n<\/tr>\n<tr>\n<td><strong><b>Insoluble dans l'eau, % \u2264<\/b><\/strong><\/td>\n<td>0.01<\/td>\n<\/tr>\n<tr>\n<td><strong><b>Humidit\u00e9, % \u2264<\/b><\/strong><\/td>\n<td>0.5<\/td>\n<\/tr>\n<tr>\n<td><strong><b>pH (solution 50g\/L)<\/b><\/strong><\/td>\n<td>8-9<\/td>\n<\/tr>\n<\/tbody>\n<\/table>\n<p>&nbsp;<\/p>\n<h4><strong><b>3. Champ d'application et utilisation<\/b><\/strong><\/h4>\n<p>Le nitrite de sodium a un large \u00e9ventail d'utilisations. En tant qu'additif alimentaire, le nitrite de sodium (NaNO2) a pour fonction d'inhiber les bact\u00e9ries, de d\u00e9velopper la couleur, de lutter contre l'oxydation et d'am\u00e9liorer la saveur, et il est largement utilis\u00e9 dans la conservation des produits carn\u00e9s. En plus d'\u00eatre utilis\u00e9 comme conservateur alimentaire, c'est aussi un excellent fixateur de couleur et un exhausteur de go\u00fbt pour les produits carn\u00e9s, particuli\u00e8rement utilis\u00e9 dans l'industrie de la salaison. Le nitrite de sodium peut \u00e9galement \u00eatre utilis\u00e9 comme agent anticorrosion dans l'industrie de fabrication de produits en acier et comme coagulant dans l'industrie de la construction. Le nitrite de sodium est \u00e9galement un inhibiteur de corrosion anodique et est largement utilis\u00e9 dans l'industrie des machines. Le nitrite de sodium r\u00e9agit avec la surface du m\u00e9tal pour former un film d'oxyde dense. Cette couche protectrice emp\u00eache l'ionisation de la couche m\u00e9tallique interne et supprime la r\u00e9action anodique \u00e9lectrochimique, ralentissant ainsi la corrosion \u00e9lectrochimique du m\u00e9tal.<\/p>\n<p>&nbsp;<\/p>\n<h4><b>4. <\/b><strong><b>Emballage et stockage<\/b><\/strong><\/h4>\n<p>Conditionn\u00e9 dans des sacs tiss\u00e9s de 25 kg en poly\u00e9thyl\u00e8ne ou dans des f\u00fbts en fer de 50 kg. Stocker dans des endroits frais (&lt;25\u00b0C), secs et ventil\u00e9s, \u00e0 l&#039;\u00e9cart des acides, des produits inflammables et des r\u00e9ducteurs. Dur\u00e9e de conservation : 24 mois. Fermer herm\u00e9tiquement pour \u00e9viter l&#039;absorption d&#039;humidit\u00e9 et l&#039;oxydation.<\/p>","protected":false},"excerpt":{"rendered":"<p>\u3010CAS\u30117632-00-0 Chemical formula: NaNO2 Molecular weight: 69 \u3010Structural Formula\u3011 1\u3001\u200cProduct Property\u200c Sodium nitrite appears as white to yellowish crystalline powder or granules, odorless with a slightly salty taste. Highly soluble in water (82g\/100mL at 20\u00b0C) and liquid ammonia, weakly soluble in ethanol\/methanol. Its aqueous solution is alkaline (pH~9). Thermally decomposes at 320\u00b0C, releasing toxic nitrogen [&hellip;]<\/p>\n","protected":false},"featured_media":4733,"template":"","meta":{"_seopress_robots_primary_cat":"","_seopress_titles_title":"","_seopress_titles_desc":"","_seopress_robots_index":"","_uag_custom_page_level_css":"","site-sidebar-layout":"default","site-content-layout":"","ast-site-content-layout":"default","site-content-style":"default","site-sidebar-style":"default","ast-global-header-display":"","ast-banner-title-visibility":"","ast-main-header-display":"","ast-hfb-above-header-display":"","ast-hfb-below-header-display":"","ast-hfb-mobile-header-display":"","site-post-title":"","ast-breadcrumbs-content":"","ast-featured-img":"","footer-sml-layout":"","theme-transparent-header-meta":"default","adv-header-id-meta":"","stick-header-meta":"default","header-above-stick-meta":"","header-main-stick-meta":"","header-below-stick-meta":"","astra-migrate-meta-layouts":"set","ast-page-background-enabled":"default","ast-page-background-meta":{"desktop":{"background-color":"","background-image":"","background-repeat":"repeat","background-position":"center center","background-size":"auto","background-attachment":"scroll","background-type":"","background-media":"","overlay-type":"","overlay-color":"","overlay-opacity":"","overlay-gradient":""},"tablet":{"background-color":"","background-image":"","background-repeat":"repeat","background-position":"center center","background-size":"auto","background-attachment":"scroll","background-type":"","background-media":"","overlay-type":"","overlay-color":"","overlay-opacity":"","overlay-gradient":""},"mobile":{"background-color":"","background-image":"","background-repeat":"repeat","background-position":"center center","background-size":"auto","background-attachment":"scroll","background-type":"","background-media":"","overlay-type":"","overlay-color":"","overlay-opacity":"","overlay-gradient":""}},"ast-content-background-meta":{"desktop":{"background-color":"var(--ast-global-color-5)","background-image":"","background-repeat":"repeat","background-position":"center center","background-size":"auto","background-attachment":"scroll","background-type":"","background-media":"","overlay-type":"","overlay-color":"","overlay-opacity":"","overlay-gradient":""},"tablet":{"background-color":"var(--ast-global-color-5)","background-image":"","background-repeat":"repeat","background-position":"center center","background-size":"auto","background-attachment":"scroll","background-type":"","background-media":"","overlay-type":"","overlay-color":"","overlay-opacity":"","overlay-gradient":""},"mobile":{"background-color":"var(--ast-global-color-5)","background-image":"","background-repeat":"repeat","background-position":"center center","background-size":"auto","background-attachment":"scroll","background-type":"","background-media":"","overlay-type":"","overlay-color":"","overlay-opacity":"","overlay-gradient":""}}},"product_brand":[],"product_cat":[67],"product_tag":[],"class_list":{"0":"post-4725","1":"product","2":"type-product","3":"status-publish","4":"has-post-thumbnail","6":"product_cat-food-additives","7":"desktop-align-left","8":"tablet-align-left","9":"mobile-align-left","10":"ast-product-gallery-layout-horizontal-slider","11":"ast-product-gallery-with-no-image","12":"ast-product-tabs-layout-horizontal","14":"first","15":"instock","16":"shipping-taxable","17":"product-type-simple"},"uagb_featured_image_src":{"full":["https:\/\/jinancuchem.com\/wp-content\/uploads\/2025\/07\/65.png",800,800,false],"thumbnail":["https:\/\/jinancuchem.com\/wp-content\/uploads\/2025\/07\/65-150x150.png",150,150,true],"medium":["https:\/\/jinancuchem.com\/wp-content\/uploads\/2025\/07\/65-300x300.png",300,300,true],"medium_large":["https:\/\/jinancuchem.com\/wp-content\/uploads\/2025\/07\/65-768x768.png",768,768,true],"large":["https:\/\/jinancuchem.com\/wp-content\/uploads\/2025\/07\/65.png",800,800,false],"1536x1536":["https:\/\/jinancuchem.com\/wp-content\/uploads\/2025\/07\/65.png",800,800,false],"2048x2048":["https:\/\/jinancuchem.com\/wp-content\/uploads\/2025\/07\/65.png",800,800,false],"trp-custom-language-flag":["https:\/\/jinancuchem.com\/wp-content\/uploads\/2025\/07\/65-12x12.png",12,12,true],"woocommerce_thumbnail":["https:\/\/jinancuchem.com\/wp-content\/uploads\/2025\/07\/65-300x300.png",300,300,true],"woocommerce_single":["https:\/\/jinancuchem.com\/wp-content\/uploads\/2025\/07\/65-500x500.png",500,500,true],"woocommerce_gallery_thumbnail":["https:\/\/jinancuchem.com\/wp-content\/uploads\/2025\/07\/65-100x100.png",100,100,true]},"uagb_author_info":{"display_name":"jinxing6611@gmail.com","author_link":"https:\/\/jinancuchem.com\/fr\/author\/"},"uagb_comment_info":0,"uagb_excerpt":"\u3010CAS\u30117632-00-0 Chemical formula: NaNO2 Molecular weight: 69 \u3010Structural Formula\u3011 1\u3001\u200cProduct Property\u200c Sodium nitrite appears as white to yellowish crystalline powder or granules, odorless with a slightly salty taste. Highly soluble in water (82g\/100mL at 20\u00b0C) and liquid ammonia, weakly soluble in ethanol\/methanol. Its aqueous solution is alkaline (pH~9). Thermally decomposes at 320\u00b0C, releasing toxic nitrogen\u2026","_links":{"self":[{"href":"https:\/\/jinancuchem.com\/fr\/wp-json\/wp\/v2\/product\/4725","targetHints":{"allow":["GET"]}}],"collection":[{"href":"https:\/\/jinancuchem.com\/fr\/wp-json\/wp\/v2\/product"}],"about":[{"href":"https:\/\/jinancuchem.com\/fr\/wp-json\/wp\/v2\/types\/product"}],"wp:featuredmedia":[{"embeddable":true,"href":"https:\/\/jinancuchem.com\/fr\/wp-json\/wp\/v2\/media\/4733"}],"wp:attachment":[{"href":"https:\/\/jinancuchem.com\/fr\/wp-json\/wp\/v2\/media?parent=4725"}],"wp:term":[{"taxonomy":"product_brand","embeddable":true,"href":"https:\/\/jinancuchem.com\/fr\/wp-json\/wp\/v2\/product_brand?post=4725"},{"taxonomy":"product_cat","embeddable":true,"href":"https:\/\/jinancuchem.com\/fr\/wp-json\/wp\/v2\/product_cat?post=4725"},{"taxonomy":"product_tag","embeddable":true,"href":"https:\/\/jinancuchem.com\/fr\/wp-json\/wp\/v2\/product_tag?post=4725"}],"curies":[{"name":"wp","href":"https:\/\/api.w.org\/{rel}","templated":true}]}}