{"id":4734,"date":"2025-07-25T07:11:26","date_gmt":"2025-07-25T07:11:26","guid":{"rendered":"https:\/\/jinancuchem.com\/?post_type=product&#038;p=4734"},"modified":"2025-07-25T07:11:26","modified_gmt":"2025-07-25T07:11:26","slug":"orthophosphorus-acid","status":"publish","type":"product","link":"https:\/\/jinancuchem.com\/fr\/produit\/orthophosphorus-acid\/","title":{"rendered":"Acide orthophosphorique"},"content":{"rendered":"<p>\u3010CAS\u301110294-56-1<\/p>\n<p>Alias : Acide phosphorique<\/p>\n<p>Formule mol\u00e9culaire : H<sub>3<\/sub>O<sub>3<\/sub>P Masse mol\u00e9culaire relative : 82<\/p>\n<p>Formule structurelle :<img alt=\"\" fetchpriority=\"high\" decoding=\"async\" class=\"alignnone size-medium wp-image-4741\" src=\"https:\/\/jinancuchem.com\/wp-content\/uploads\/2025\/07\/\u672a\u6807\u9898-1-62-300x300.jpg\" width=\"300\" height=\"300\" srcset=\"https:\/\/jinancuchem.com\/wp-content\/uploads\/2025\/07\/\u672a\u6807\u9898-1-62-300x300.jpg 300w, https:\/\/jinancuchem.com\/wp-content\/uploads\/2025\/07\/\u672a\u6807\u9898-1-62-100x100.jpg 100w, https:\/\/jinancuchem.com\/wp-content\/uploads\/2025\/07\/\u672a\u6807\u9898-1-62-500x500.jpg 500w, https:\/\/jinancuchem.com\/wp-content\/uploads\/2025\/07\/\u672a\u6807\u9898-1-62-150x150.jpg 150w, https:\/\/jinancuchem.com\/wp-content\/uploads\/2025\/07\/\u672a\u6807\u9898-1-62-768x768.jpg 768w, https:\/\/jinancuchem.com\/wp-content\/uploads\/2025\/07\/\u672a\u6807\u9898-1-62-12x12.jpg 12w, https:\/\/jinancuchem.com\/wp-content\/uploads\/2025\/07\/\u672a\u6807\u9898-1-62.jpg 800w\" sizes=\"(max-width: 300px) 100vw, 300px\" \/><\/p>\n<p>&nbsp;<\/p>\n<h3>1.Propri\u00e9t\u00e9 du produit<\/h3>\n<p>L'acide phosphorique, un compos\u00e9 inorganique, est soluble dans l'eau et les alcools. Il s'oxyde lentement dans l'air en acide orthophosphorique. \u00c0 180\u2103, il se d\u00e9compose en phosphine et en acide orthophosphorique. Il est corrosif. L'acide phosphorique est un acide binaire dans le livre de chimie. Son acidit\u00e9 est l\u00e9g\u00e8rement plus forte que celle de l'acide phosphorique. Il a une forte r\u00e9ductibilit\u00e9 et peut r\u00e9duire les ions argent (Ag+) en argent m\u00e9tallique (Ag), et peut r\u00e9duire l'acide sulfurique en dioxyde de soufre.<\/p>\n<h3>2.<\/h3>\n<p>&nbsp;<\/p>\n<table>\n<tbody>\n<tr>\n<td><strong><b>Param\u00e8tres<\/b><\/strong><\/td>\n<td width=\"360\"><strong><b>Sp\u00e9cifications<\/b><\/strong><\/td>\n<\/tr>\n<tr>\n<td><strong><b>Apparence<\/b><\/strong><\/td>\n<td width=\"360\">Poudre cristalline blanche ou flocons<\/td>\n<\/tr>\n<tr>\n<td><strong><b>Essai (H\u2083PO\u2083, % wt.)<\/b><\/strong><\/td>\n<td width=\"360\">\u2265 99.0% (Industriel), \u2265 99.5% (R\u00e9actif)<\/td>\n<\/tr>\n<tr>\n<td><strong><b>Acide phosphorique (H\u2083PO\u2084)<\/b><\/strong><\/td>\n<td width=\"360\">\u2264 0,5%<\/td>\n<\/tr>\n<tr>\n<td><strong><b>Insolubles dans l'eau<\/b><\/strong><\/td>\n<td width=\"360\">\u2264 0,01%<\/td>\n<\/tr>\n<tr>\n<td><strong><b>pH (solution 1%)<\/b><\/strong><\/td>\n<td width=\"360\">1.5 &#8211; 2.5<\/td>\n<\/tr>\n<\/tbody>\n<\/table>\n<p>&nbsp;<\/p>\n<h3>3. Champ d'application et utilisation<\/h3>\n<p>Agriculture : L'acide phosphorique est la mati\u00e8re premi\u00e8re pour la production d'engrais phosphat\u00e9s importants (tels que le superphosphate, le dihydrog\u00e9nophosphate de potassium, etc.) et \u00e9galement la mati\u00e8re premi\u00e8re pour la production d'agents nutritifs pour l'alimentation animale (dihydrog\u00e9nophosphate de calcium).<\/p>\n<p>Industrie : L'acide phosphorique est une mati\u00e8re premi\u00e8re chimique importante. Ses principales fonctions sont les suivantes 1. Il est utilis\u00e9 pour traiter la surface des m\u00e9taux, g\u00e9n\u00e9rant des films de phosphate insolubles sur la surface du m\u00e9tal pour prot\u00e9ger le m\u00e9tal de la corrosion. 2. Il est m\u00e9lang\u00e9 \u00e0 l'acide nitrique en tant qu'agent de polissage chimique pour am\u00e9liorer la douceur de la surface du m\u00e9tal. 3. Il est utilis\u00e9 pour produire des esters de phosphate comme mati\u00e8res premi\u00e8res pour les produits de nettoyage et les pesticides. 4. Il est utilis\u00e9 pour produire des mati\u00e8res premi\u00e8res pour les retardateurs de flamme contenant du phosphore.<\/p>\n<p>L'alimentation : L'acide phosphorique est l'un des additifs alimentaires. Il est utilis\u00e9 comme acidulant et comme nutriment pour les levures dans les aliments. Le cola contient de l'acide phosphorique. Les sels de phosphate sont \u00e9galement des additifs alimentaires importants et peuvent \u00eatre utilis\u00e9s comme exhausteurs de nutriments.<\/p>\n<p>M\u00e9decine : L'acide phosphorique peut \u00eatre utilis\u00e9 pour produire des m\u00e9dicaments contenant du phosphore, tels que le glyc\u00e9rophosphate de sodium, etc.<\/p>\n<h3>4. l'emballage et le stockage<\/h3>\n<p>&nbsp;<\/p>\n<p>La zone de stockage doit \u00eatre fra\u00eeche et bien ventil\u00e9e, \u00e9loign\u00e9e des sources de feu et des temp\u00e9ratures \u00e9lev\u00e9es, et prot\u00e9g\u00e9e de la lumi\u00e8re directe du soleil.<\/p>\n<p>Manipulation des conteneurs : Utiliser des r\u00e9cipients r\u00e9sistants \u00e0 la corrosion (tels que le poly\u00e9thyl\u00e8ne ou le verre) et \u00e9viter tout contact avec des r\u00e9cipients m\u00e9talliques. Mesures d'isolement : Stocker s\u00e9par\u00e9ment des denr\u00e9es alimentaires, des aliments pour animaux, des oxydants et d'autres produits chimiques afin d'\u00e9viter les fuites ou les r\u00e9actions.<\/p>","protected":false},"excerpt":{"rendered":"<p>\u3010CAS\u301110294-56-1 Alias: Phosphorou acid Molecular formula: H3O3P \u00a0\u00a0Relative molecular mass: 82 Structural formula: &nbsp; 1.Product Property Phosphoric acid, an inorganic compound, is soluble in water and alcohols. It slowly oxidizes in the air to orthophosphoric acid. At 180\u2103, it decomposes into phosphine and orthophosphoric acid. It is corrosive. Phosphoric acid is a binary acid in [&hellip;]<\/p>\n","protected":false},"featured_media":4741,"template":"","meta":{"_seopress_robots_primary_cat":"","_seopress_titles_title":"","_seopress_titles_desc":"","_seopress_robots_index":"","_uag_custom_page_level_css":"","site-sidebar-layout":"default","site-content-layout":"","ast-site-content-layout":"default","site-content-style":"default","site-sidebar-style":"default","ast-global-header-display":"","ast-banner-title-visibility":"","ast-main-header-display":"","ast-hfb-above-header-display":"","ast-hfb-below-header-display":"","ast-hfb-mobile-header-display":"","site-post-title":"","ast-breadcrumbs-content":"","ast-featured-img":"","footer-sml-layout":"","theme-transparent-header-meta":"default","adv-header-id-meta":"","stick-header-meta":"default","header-above-stick-meta":"","header-main-stick-meta":"","header-below-stick-meta":"","astra-migrate-meta-layouts":"set","ast-page-background-enabled":"default","ast-page-background-meta":{"desktop":{"background-color":"","background-image":"","background-repeat":"repeat","background-position":"center center","background-size":"auto","background-attachment":"scroll","background-type":"","background-media":"","overlay-type":"","overlay-color":"","overlay-opacity":"","overlay-gradient":""},"tablet":{"background-color":"","background-image":"","background-repeat":"repeat","background-position":"center center","background-size":"auto","background-attachment":"scroll","background-type":"","background-media":"","overlay-type":"","overlay-color":"","overlay-opacity":"","overlay-gradient":""},"mobile":{"background-color":"","background-image":"","background-repeat":"repeat","background-position":"center center","background-size":"auto","background-attachment":"scroll","background-type":"","background-media":"","overlay-type":"","overlay-color":"","overlay-opacity":"","overlay-gradient":""}},"ast-content-background-meta":{"desktop":{"background-color":"var(--ast-global-color-5)","background-image":"","background-repeat":"repeat","background-position":"center center","background-size":"auto","background-attachment":"scroll","background-type":"","background-media":"","overlay-type":"","overlay-color":"","overlay-opacity":"","overlay-gradient":""},"tablet":{"background-color":"var(--ast-global-color-5)","background-image":"","background-repeat":"repeat","background-position":"center center","background-size":"auto","background-attachment":"scroll","background-type":"","background-media":"","overlay-type":"","overlay-color":"","overlay-opacity":"","overlay-gradient":""},"mobile":{"background-color":"var(--ast-global-color-5)","background-image":"","background-repeat":"repeat","background-position":"center center","background-size":"auto","background-attachment":"scroll","background-type":"","background-media":"","overlay-type":"","overlay-color":"","overlay-opacity":"","overlay-gradient":""}}},"product_brand":[],"product_cat":[69],"product_tag":[],"class_list":{"0":"post-4734","1":"product","2":"type-product","3":"status-publish","4":"has-post-thumbnail","6":"product_cat-daily-chemical-product","7":"desktop-align-left","8":"tablet-align-left","9":"mobile-align-left","10":"ast-product-gallery-layout-horizontal-slider","11":"ast-product-gallery-with-no-image","12":"ast-product-tabs-layout-horizontal","14":"first","15":"instock","16":"shipping-taxable","17":"product-type-simple"},"uagb_featured_image_src":{"full":["https:\/\/jinancuchem.com\/wp-content\/uploads\/2025\/07\/\u672a\u6807\u9898-1-62.jpg",800,800,false],"thumbnail":["https:\/\/jinancuchem.com\/wp-content\/uploads\/2025\/07\/\u672a\u6807\u9898-1-62-150x150.jpg",150,150,true],"medium":["https:\/\/jinancuchem.com\/wp-content\/uploads\/2025\/07\/\u672a\u6807\u9898-1-62-300x300.jpg",300,300,true],"medium_large":["https:\/\/jinancuchem.com\/wp-content\/uploads\/2025\/07\/\u672a\u6807\u9898-1-62-768x768.jpg",768,768,true],"large":["https:\/\/jinancuchem.com\/wp-content\/uploads\/2025\/07\/\u672a\u6807\u9898-1-62.jpg",800,800,false],"1536x1536":["https:\/\/jinancuchem.com\/wp-content\/uploads\/2025\/07\/\u672a\u6807\u9898-1-62.jpg",800,800,false],"2048x2048":["https:\/\/jinancuchem.com\/wp-content\/uploads\/2025\/07\/\u672a\u6807\u9898-1-62.jpg",800,800,false],"trp-custom-language-flag":["https:\/\/jinancuchem.com\/wp-content\/uploads\/2025\/07\/\u672a\u6807\u9898-1-62-12x12.jpg",12,12,true],"woocommerce_thumbnail":["https:\/\/jinancuchem.com\/wp-content\/uploads\/2025\/07\/\u672a\u6807\u9898-1-62-300x300.jpg",300,300,true],"woocommerce_single":["https:\/\/jinancuchem.com\/wp-content\/uploads\/2025\/07\/\u672a\u6807\u9898-1-62-500x500.jpg",500,500,true],"woocommerce_gallery_thumbnail":["https:\/\/jinancuchem.com\/wp-content\/uploads\/2025\/07\/\u672a\u6807\u9898-1-62-100x100.jpg",100,100,true]},"uagb_author_info":{"display_name":"jinxing6611@gmail.com","author_link":"https:\/\/jinancuchem.com\/fr\/author\/"},"uagb_comment_info":0,"uagb_excerpt":"\u3010CAS\u301110294-56-1 Alias: Phosphorou acid Molecular formula: H3O3P \u00a0\u00a0Relative molecular mass: 82 Structural formula: &nbsp; 1.Product Property Phosphoric acid, an inorganic compound, is soluble in water and alcohols. It slowly oxidizes in the air to orthophosphoric acid. At 180\u2103, it decomposes into phosphine and orthophosphoric acid. It is corrosive. Phosphoric acid is a binary acid in\u2026","_links":{"self":[{"href":"https:\/\/jinancuchem.com\/fr\/wp-json\/wp\/v2\/product\/4734","targetHints":{"allow":["GET"]}}],"collection":[{"href":"https:\/\/jinancuchem.com\/fr\/wp-json\/wp\/v2\/product"}],"about":[{"href":"https:\/\/jinancuchem.com\/fr\/wp-json\/wp\/v2\/types\/product"}],"wp:featuredmedia":[{"embeddable":true,"href":"https:\/\/jinancuchem.com\/fr\/wp-json\/wp\/v2\/media\/4741"}],"wp:attachment":[{"href":"https:\/\/jinancuchem.com\/fr\/wp-json\/wp\/v2\/media?parent=4734"}],"wp:term":[{"taxonomy":"product_brand","embeddable":true,"href":"https:\/\/jinancuchem.com\/fr\/wp-json\/wp\/v2\/product_brand?post=4734"},{"taxonomy":"product_cat","embeddable":true,"href":"https:\/\/jinancuchem.com\/fr\/wp-json\/wp\/v2\/product_cat?post=4734"},{"taxonomy":"product_tag","embeddable":true,"href":"https:\/\/jinancuchem.com\/fr\/wp-json\/wp\/v2\/product_tag?post=4734"}],"curies":[{"name":"wp","href":"https:\/\/api.w.org\/{rel}","templated":true}]}}