{"id":4746,"date":"2025-07-25T07:13:28","date_gmt":"2025-07-25T07:13:28","guid":{"rendered":"https:\/\/jinancuchem.com\/?post_type=product&#038;p=4746"},"modified":"2025-07-25T07:13:29","modified_gmt":"2025-07-25T07:13:29","slug":"c18-16-fatty-alcohol","status":"publish","type":"product","link":"https:\/\/jinancuchem.com\/fr\/produit\/c18-16-fatty-alcohol\/","title":{"rendered":"Alcools gras C18-16"},"content":{"rendered":"<p><strong><b>CAS<\/b><\/strong>: 67762-27-0<br \/>\n<strong><b>Alias<\/b><\/strong>: Alcool gras C18\/16<br \/>\n<strong><b>Formule mol\u00e9culaire<\/b><\/strong>: C34H70O<br \/>\n<strong><b>Masse mol\u00e9culaire relative<\/b><\/strong>: 498.92<\/p>\n<h3><strong><b>1. Propri\u00e9t\u00e9 du produit<\/b><\/strong><\/h3>\n<p>L'alcool gras C18-16 se pr\u00e9sente sous la forme d'un flocon ou d'une pastille blanche \u00e0 l'odeur parfum\u00e9e. Il est insoluble dans l'eau mais soluble dans les solvants organiques tels que l'\u00e9ther et l'\u00e9thanol. Ce produit est extrait d'huiles v\u00e9g\u00e9tales et se caract\u00e9rise par sa grande puret\u00e9 et sa stabilit\u00e9.<\/p>\n<h3><strong><b>2. Norme de qualit\u00e9<\/b><\/strong><\/h3>\n<table>\n<tbody>\n<tr>\n<td><strong><b>Param\u00e8tres<\/b><\/strong><\/td>\n<td><strong><b>Sp\u00e9cifications<\/b><\/strong><\/td>\n<\/tr>\n<tr>\n<td>Apparence<\/td>\n<td>Flocons ou granul\u00e9s blancs<\/td>\n<\/tr>\n<tr>\n<td>Indice d'hydroxie (mgKOH\/g)<\/td>\n<td>210-220<\/td>\n<\/tr>\n<tr>\n<td>Contenu<\/td>\n<td>\u226599%<\/td>\n<\/tr>\n<tr>\n<td>Indice d'acidit\u00e9 (mgKOH\/g)<\/td>\n<td>\u22640.1<\/td>\n<\/tr>\n<tr>\n<td>Indice de saponification (mgKOH\/g)<\/td>\n<td>\u22641.0<\/td>\n<\/tr>\n<tr>\n<td>Valeur en iode gI2\/100g<\/td>\n<td>\u22640.5<\/td>\n<\/tr>\n<tr>\n<td>Hydrocarbure alkyle %<\/td>\n<td>\u22641.0<\/td>\n<\/tr>\n<\/tbody>\n<\/table>\n<h3><strong><b>3. Champ d'application et utilisation<\/b><\/strong><\/h3>\n<p>L'alcool gras C18-16 est principalement utilis\u00e9 dans la production de d\u00e9tergents liquides doux, de shampooings, de nettoyants, de savons liquides, de cr\u00e8mes \u00e0 raser et de nettoyants pour le visage. Il sert de d\u00e9tergent neutre ou de base de shampoing dans les formulations cosm\u00e9tiques. En outre, il est utilis\u00e9 comme stabilisateur d'\u00e9mulsion dans les produits \u00e0 base de cr\u00e8me, les applications de soins de la peau et des cheveux, et comme mati\u00e8re premi\u00e8re pour les auxiliaires textiles.<\/p>\n<h3><strong><b>4. Emballage et stockage<\/b><\/strong><\/h3>\n<p>L'alcool gras C18-16 est g\u00e9n\u00e9ralement conditionn\u00e9 dans des sacs tiss\u00e9s de 25 kg avec des doublures en plastique pour assurer l'\u00e9tanch\u00e9it\u00e9 et la r\u00e9sistance \u00e0 l'humidit\u00e9. Il doit \u00eatre stock\u00e9 dans un endroit frais, sec et bien ventil\u00e9, \u00e0 l'abri de la lumi\u00e8re du soleil et de l'humidit\u00e9. La dur\u00e9e de conservation est g\u00e9n\u00e9ralement de 2 ans dans des conditions de stockage ad\u00e9quates.<\/p>","protected":false},"excerpt":{"rendered":"<p>CAS: 67762-27-0 Alias: C18\/16 Fatty Alcohol Molecular formula: C34H70O Relative molecular mass: 498.92 1. Product Property C18-16 fatty alcohol is a white flake or pellet with a fragrant odor. It is insoluble in water but soluble in organic solvents such as ether and ethanol. This product is extracted from vegetable oils and is characterized by [&hellip;]<\/p>\n","protected":false},"featured_media":4754,"template":"","meta":{"_seopress_robots_primary_cat":"","_seopress_titles_title":"","_seopress_titles_desc":"","_seopress_robots_index":"","_uag_custom_page_level_css":"","site-sidebar-layout":"default","site-content-layout":"","ast-site-content-layout":"default","site-content-style":"default","site-sidebar-style":"default","ast-global-header-display":"","ast-banner-title-visibility":"","ast-main-header-display":"","ast-hfb-above-header-display":"","ast-hfb-below-header-display":"","ast-hfb-mobile-header-display":"","site-post-title":"","ast-breadcrumbs-content":"","ast-featured-img":"","footer-sml-layout":"","theme-transparent-header-meta":"default","adv-header-id-meta":"","stick-header-meta":"default","header-above-stick-meta":"","header-main-stick-meta":"","header-below-stick-meta":"","astra-migrate-meta-layouts":"set","ast-page-background-enabled":"default","ast-page-background-meta":{"desktop":{"background-color":"","background-image":"","background-repeat":"repeat","background-position":"center center","background-size":"auto","background-attachment":"scroll","background-type":"","background-media":"","overlay-type":"","overlay-color":"","overlay-opacity":"","overlay-gradient":""},"tablet":{"background-color":"","background-image":"","background-repeat":"repeat","background-position":"center center","background-size":"auto","background-attachment":"scroll","background-type":"","background-media":"","overlay-type":"","overlay-color":"","overlay-opacity":"","overlay-gradient":""},"mobile":{"background-color":"","background-image":"","background-repeat":"repeat","background-position":"center center","background-size":"auto","background-attachment":"scroll","background-type":"","background-media":"","overlay-type":"","overlay-color":"","overlay-opacity":"","overlay-gradient":""}},"ast-content-background-meta":{"desktop":{"background-color":"var(--ast-global-color-5)","background-image":"","background-repeat":"repeat","background-position":"center center","background-size":"auto","background-attachment":"scroll","background-type":"","background-media":"","overlay-type":"","overlay-color":"","overlay-opacity":"","overlay-gradient":""},"tablet":{"background-color":"var(--ast-global-color-5)","background-image":"","background-repeat":"repeat","background-position":"center center","background-size":"auto","background-attachment":"scroll","background-type":"","background-media":"","overlay-type":"","overlay-color":"","overlay-opacity":"","overlay-gradient":""},"mobile":{"background-color":"var(--ast-global-color-5)","background-image":"","background-repeat":"repeat","background-position":"center center","background-size":"auto","background-attachment":"scroll","background-type":"","background-media":"","overlay-type":"","overlay-color":"","overlay-opacity":"","overlay-gradient":""}}},"product_brand":[],"product_cat":[69],"product_tag":[],"class_list":{"0":"post-4746","1":"product","2":"type-product","3":"status-publish","4":"has-post-thumbnail","6":"product_cat-daily-chemical-product","7":"desktop-align-left","8":"tablet-align-left","9":"mobile-align-left","10":"ast-product-gallery-layout-horizontal-slider","11":"ast-product-gallery-with-no-image","12":"ast-product-tabs-layout-horizontal","14":"first","15":"instock","16":"shipping-taxable","17":"product-type-simple"},"uagb_featured_image_src":{"full":["https:\/\/jinancuchem.com\/wp-content\/uploads\/2025\/07\/\u672a\u6807\u9898-1-63.jpg",800,800,false],"thumbnail":["https:\/\/jinancuchem.com\/wp-content\/uploads\/2025\/07\/\u672a\u6807\u9898-1-63-150x150.jpg",150,150,true],"medium":["https:\/\/jinancuchem.com\/wp-content\/uploads\/2025\/07\/\u672a\u6807\u9898-1-63-300x300.jpg",300,300,true],"medium_large":["https:\/\/jinancuchem.com\/wp-content\/uploads\/2025\/07\/\u672a\u6807\u9898-1-63-768x768.jpg",768,768,true],"large":["https:\/\/jinancuchem.com\/wp-content\/uploads\/2025\/07\/\u672a\u6807\u9898-1-63.jpg",800,800,false],"1536x1536":["https:\/\/jinancuchem.com\/wp-content\/uploads\/2025\/07\/\u672a\u6807\u9898-1-63.jpg",800,800,false],"2048x2048":["https:\/\/jinancuchem.com\/wp-content\/uploads\/2025\/07\/\u672a\u6807\u9898-1-63.jpg",800,800,false],"trp-custom-language-flag":["https:\/\/jinancuchem.com\/wp-content\/uploads\/2025\/07\/\u672a\u6807\u9898-1-63-12x12.jpg",12,12,true],"woocommerce_thumbnail":["https:\/\/jinancuchem.com\/wp-content\/uploads\/2025\/07\/\u672a\u6807\u9898-1-63-300x300.jpg",300,300,true],"woocommerce_single":["https:\/\/jinancuchem.com\/wp-content\/uploads\/2025\/07\/\u672a\u6807\u9898-1-63-500x500.jpg",500,500,true],"woocommerce_gallery_thumbnail":["https:\/\/jinancuchem.com\/wp-content\/uploads\/2025\/07\/\u672a\u6807\u9898-1-63-100x100.jpg",100,100,true]},"uagb_author_info":{"display_name":"jinxing6611@gmail.com","author_link":"https:\/\/jinancuchem.com\/fr\/author\/"},"uagb_comment_info":0,"uagb_excerpt":"CAS: 67762-27-0 Alias: C18\/16 Fatty Alcohol Molecular formula: C34H70O Relative molecular mass: 498.92 1. Product Property C18-16 fatty alcohol is a white flake or pellet with a fragrant odor. It is insoluble in water but soluble in organic solvents such as ether and ethanol. This product is extracted from vegetable oils and is characterized by\u2026","_links":{"self":[{"href":"https:\/\/jinancuchem.com\/fr\/wp-json\/wp\/v2\/product\/4746","targetHints":{"allow":["GET"]}}],"collection":[{"href":"https:\/\/jinancuchem.com\/fr\/wp-json\/wp\/v2\/product"}],"about":[{"href":"https:\/\/jinancuchem.com\/fr\/wp-json\/wp\/v2\/types\/product"}],"wp:featuredmedia":[{"embeddable":true,"href":"https:\/\/jinancuchem.com\/fr\/wp-json\/wp\/v2\/media\/4754"}],"wp:attachment":[{"href":"https:\/\/jinancuchem.com\/fr\/wp-json\/wp\/v2\/media?parent=4746"}],"wp:term":[{"taxonomy":"product_brand","embeddable":true,"href":"https:\/\/jinancuchem.com\/fr\/wp-json\/wp\/v2\/product_brand?post=4746"},{"taxonomy":"product_cat","embeddable":true,"href":"https:\/\/jinancuchem.com\/fr\/wp-json\/wp\/v2\/product_cat?post=4746"},{"taxonomy":"product_tag","embeddable":true,"href":"https:\/\/jinancuchem.com\/fr\/wp-json\/wp\/v2\/product_tag?post=4746"}],"curies":[{"name":"wp","href":"https:\/\/api.w.org\/{rel}","templated":true}]}}