{"id":4764,"date":"2025-07-25T07:16:26","date_gmt":"2025-07-25T07:16:26","guid":{"rendered":"https:\/\/jinancuchem.com\/?post_type=product&#038;p=4764"},"modified":"2025-07-25T07:16:26","modified_gmt":"2025-07-25T07:16:26","slug":"c12-14-fatty-alcohol","status":"publish","type":"product","link":"https:\/\/jinancuchem.com\/fr\/produit\/c12-14-fatty-alcohol\/","title":{"rendered":"Alcools gras C12-14"},"content":{"rendered":"<p class=\"MsoNormal\"><span style=\"mso-spacerun: 'yes'; font-family: 'Times New Roman'; mso-fareast-font-family: \u5b8b\u4f53; font-size: 10.5000pt; mso-font-kerning: 1.0000pt;\">CAS : 80206-82-2<\/span><span style=\"mso-spacerun: 'yes'; font-family: 'Times New Roman'; mso-fareast-font-family: \u5b8b\u4f53; font-size: 10.5000pt; mso-font-kerning: 1.0000pt;\"><br \/>\n<\/span><span style=\"mso-spacerun: 'yes'; font-family: 'Times New Roman'; mso-fareast-font-family: \u5b8b\u4f53; font-size: 10.5000pt; mso-font-kerning: 1.0000pt;\">Alias : Alcools, C12-14 ; Alkohole, C12-14 ; alcools gras, C12-C14 ; Einecs 279-420-3<\/span><span style=\"mso-spacerun: 'yes'; font-family: 'Times New Roman'; mso-fareast-font-family: \u5b8b\u4f53; font-size: 10.5000pt; mso-font-kerning: 1.0000pt;\"><br \/>\n<\/span><span style=\"mso-spacerun: 'yes'; font-family: 'Times New Roman'; mso-fareast-font-family: \u5b8b\u4f53; font-size: 10.5000pt; mso-font-kerning: 1.0000pt;\">Formule mol\u00e9culaire : C13H28O<\/span><\/p>\n<p class=\"MsoNormal\"><span style=\"mso-spacerun: 'yes'; font-family: 'Times New Roman'; mso-fareast-font-family: \u5b8b\u4f53; font-size: 10.5000pt; mso-font-kerning: 1.0000pt;\">Masse mol\u00e9culaire relative : 200,36<\/span><\/p>\n<h3 style=\"margin: 0pt 0pt 12pt; text-indent: 0pt; padding: 0pt; line-height: 19.5pt; background-image: initial; background-position: initial; background-size: initial; background-repeat: initial; background-attachment: initial; background-origin: initial; background-clip: initial;\"><b><span style=\"font-family: 'Times New Roman'; letter-spacing: 0pt; font-weight: bold; font-style: normal; font-size: 12pt; background-image: initial; background-position: initial; background-size: initial; background-repeat: initial; background-attachment: initial; background-origin: initial; background-clip: initial;\">1. Propri\u00e9t\u00e9 du produit<\/span><\/b><b><\/b><\/h3>\n<p class=\"MsoNormal\" style=\"margin: 0pt 0pt 12pt; text-indent: 0pt; padding: 0pt; line-height: 19.5pt; background-image: initial; background-position: initial; background-size: initial; background-repeat: initial; background-attachment: initial; background-origin: initial; background-clip: initial;\"><span style=\"font-family: 'Times New Roman'; letter-spacing: 0pt; font-style: normal; font-size: 12pt; background-image: initial; background-position: initial; background-size: initial; background-repeat: initial; background-attachment: initial; background-origin: initial; background-clip: initial;\">Les alcools gras C12-14 sont un m\u00e9lange d'alcools lin\u00e9aires dont la longueur des cha\u00eenes de carbone est comprise entre 12 et 14.<span style=\"font-family: Segoe UI;\">\u3002 <\/span><span style=\"font-family: Times New Roman;\">Ce sont des liquides incolores \u00e0 jaune p\u00e2le avec une l\u00e9g\u00e8re odeur caract\u00e9ristique. Ces alcools sont connus pour leur solubilit\u00e9 dans les solvants organiques et leur capacit\u00e9 \u00e0 former des esters et des \u00e9thers.<\/span><span style=\"font-family: Segoe UI;\">\u3002 <\/span><span style=\"font-family: Times New Roman;\">Ils ont une densit\u00e9 d'environ 0,832 g\/cm\u00b3 et un poids mol\u00e9culaire de 200,36.<\/span><span style=\"font-family: Segoe UI;\">\u3002<\/span><\/span><\/p>\n<h3 style=\"margin: 0pt 0pt 12pt; text-indent: 0pt; padding: 0pt; line-height: 19.5pt; background-image: initial; background-position: initial; background-size: initial; background-repeat: initial; background-attachment: initial; background-origin: initial; background-clip: initial;\"><b><span style=\"font-family: 'Times New Roman'; letter-spacing: 0pt; font-weight: bold; font-style: normal; font-size: 12pt; background-image: initial; background-position: initial; background-size: initial; background-repeat: initial; background-attachment: initial; background-origin: initial; background-clip: initial;\">2. Norme de qualit\u00e9<\/span><\/b><b><\/b><\/h3>\n<table class=\"MsoNormalTable\" style=\"border-collapse: collapse; margin-left: -3.6000pt; border: none; mso-padding-alt: 0.0000pt 0.0000pt 0.0000pt 0.0000pt;\" border=\"0\" cellspacing=\"0\">\n<tbody>\n<tr>\n<td style=\"padding: 6pt 9pt; border-left: none; border-right: none; border-top: 1pt solid windowtext; border-bottom: none; background-image: initial; background-position: initial; background-size: initial; background-repeat: initial; background-attachment: initial; background-origin: initial; background-clip: initial;\" valign=\"top\">\n<p class=\"MsoNormal\" style=\"margin: 0pt; line-height: 16.5pt;\"><b><span style=\"font-family: 'Times New Roman'; letter-spacing: 0.4pt; font-weight: bold; font-style: normal; font-size: 10.5pt;\">Param\u00e8tres<\/span><\/b><b><\/b><\/p>\n<\/td>\n<td style=\"padding: 6pt 9pt; border-left: 1pt solid windowtext; border-right: none; border-top: 1pt solid windowtext; border-bottom: none; background-image: initial; background-position: initial; background-size: initial; background-repeat: initial; background-attachment: initial; background-origin: initial; background-clip: initial;\" valign=\"top\">\n<p class=\"MsoNormal\" style=\"margin: 0pt; line-height: 16.5pt;\"><b><span style=\"font-family: 'Times New Roman'; letter-spacing: 0.4pt; font-weight: bold; font-style: normal; font-size: 10.5pt;\">Sp\u00e9cifications<\/span><\/b><b><\/b><\/p>\n<\/td>\n<\/tr>\n<tr>\n<td style=\"padding: 6pt 9pt; border-left: none; border-right: none; border-top: 1pt solid windowtext; border-bottom: none; background-image: initial; background-position: initial; background-size: initial; background-repeat: initial; background-attachment: initial; background-origin: initial; background-clip: initial;\" valign=\"top\">\n<p class=\"MsoNormal\" style=\"margin: 0pt; line-height: 16.5pt;\"><span style=\"font-family: 'Times New Roman'; letter-spacing: 0.4pt; font-style: normal; font-size: 10.5pt;\">Apparence<\/span><\/p>\n<\/td>\n<td style=\"padding: 6pt 9pt; border-left: 1pt solid windowtext; border-right: none; border-top: 1pt solid windowtext; border-bottom: none; background-image: initial; background-position: initial; background-size: initial; background-repeat: initial; background-attachment: initial; background-origin: initial; background-clip: initial;\" valign=\"top\">\n<p class=\"MsoNormal\" style=\"margin: 0pt; line-height: 16.5pt;\"><span style=\"font-family: 'Times New Roman'; letter-spacing: 0.4pt; font-style: normal; font-size: 10.5pt;\">Liquide incolore \u00e0 jaune p\u00e2le<\/span><\/p>\n<\/td>\n<\/tr>\n<tr>\n<td style=\"padding: 6pt 9pt; border-left: none; border-right: none; border-top: 1pt solid windowtext; border-bottom: none; background-image: initial; background-position: initial; background-size: initial; background-repeat: initial; background-attachment: initial; background-origin: initial; background-clip: initial;\" valign=\"top\">\n<p class=\"MsoNormal\" style=\"margin: 0pt; line-height: 16.5pt;\"><span style=\"font-family: 'Times New Roman'; letter-spacing: 0.4pt; font-style: normal; font-size: 10.5pt;\">Puret\u00e9 (zone GC%)<\/span><\/p>\n<\/td>\n<td style=\"padding: 6pt 9pt; border-left: 1pt solid windowtext; border-right: none; border-top: 1pt solid windowtext; border-bottom: none; background-image: initial; background-position: initial; background-size: initial; background-repeat: initial; background-attachment: initial; background-origin: initial; background-clip: initial;\" valign=\"top\">\n<p class=\"MsoNormal\" style=\"margin: 0pt; line-height: 16.5pt;\"><span style=\"font-family: 'Times New Roman'; letter-spacing: 0.4pt; font-style: normal; font-size: 10.5pt;\">\u2265 99.0%<\/span><\/p>\n<\/td>\n<\/tr>\n<tr>\n<td style=\"padding: 6pt 9pt; border-left: none; border-right: none; border-top: 1pt solid windowtext; border-bottom: none; background-image: initial; background-position: initial; background-size: initial; background-repeat: initial; background-attachment: initial; background-origin: initial; background-clip: initial;\" valign=\"top\">\n<p class=\"MsoNormal\" style=\"margin: 0pt; line-height: 16.5pt;\"><span style=\"font-family: 'Times New Roman'; letter-spacing: 0.4pt; font-style: normal; font-size: 10.5pt;\">Teneur en eau<\/span><\/p>\n<\/td>\n<td style=\"padding: 6pt 9pt; border-left: 1pt solid windowtext; border-right: none; border-top: 1pt solid windowtext; border-bottom: none; background-image: initial; background-position: initial; background-size: initial; background-repeat: initial; background-attachment: initial; background-origin: initial; background-clip: initial;\" valign=\"top\">\n<p class=\"MsoNormal\" style=\"margin: 0pt; line-height: 16.5pt;\"><span style=\"font-family: 'Times New Roman'; letter-spacing: 0.4pt; font-style: normal; font-size: 10.5pt;\">\u2264 0,1%<\/span><\/p>\n<\/td>\n<\/tr>\n<tr>\n<td style=\"padding: 6pt 9pt; border-left: none; border-right: none; border-top: 1pt solid windowtext; border-bottom: none; background-image: initial; background-position: initial; background-size: initial; background-repeat: initial; background-attachment: initial; background-origin: initial; background-clip: initial;\" valign=\"top\">\n<p class=\"MsoNormal\" style=\"margin: 0pt; line-height: 16.5pt;\"><span style=\"font-family: 'Times New Roman'; letter-spacing: 0.4pt; font-style: normal; font-size: 10.5pt;\">Acidit\u00e9 (en tant qu'acide ac\u00e9tique)<\/span><\/p>\n<\/td>\n<td style=\"padding: 6pt 9pt; border-left: 1pt solid windowtext; border-right: none; border-top: 1pt solid windowtext; border-bottom: none; background-image: initial; background-position: initial; background-size: initial; background-repeat: initial; background-attachment: initial; background-origin: initial; background-clip: initial;\" valign=\"top\">\n<p class=\"MsoNormal\" style=\"margin: 0pt; line-height: 16.5pt;\"><span style=\"font-family: 'Times New Roman'; letter-spacing: 0.4pt; font-style: normal; font-size: 10.5pt;\">\u2264 0,005%<\/span><\/p>\n<\/td>\n<\/tr>\n<tr>\n<td style=\"padding: 6pt 9pt; border-left: none; border-right: none; border-top: 1pt solid windowtext; border-bottom: none; background-image: initial; background-position: initial; background-size: initial; background-repeat: initial; background-attachment: initial; background-origin: initial; background-clip: initial;\" valign=\"top\">\n<p class=\"MsoNormal\" style=\"margin: 0pt; line-height: 16.5pt;\"><span style=\"font-family: 'Times New Roman'; letter-spacing: 0.4pt; font-style: normal; font-size: 10.5pt;\">Densit\u00e9 (20\u00b0C)<\/span><\/p>\n<\/td>\n<td style=\"padding: 6pt 9pt; border-left: 1pt solid windowtext; border-right: none; border-top: 1pt solid windowtext; border-bottom: none; background-image: initial; background-position: initial; background-size: initial; background-repeat: initial; background-attachment: initial; background-origin: initial; background-clip: initial;\" valign=\"top\">\n<p class=\"MsoNormal\" style=\"margin: 0pt; line-height: 16.5pt;\"><span style=\"font-family: 'Times New Roman'; letter-spacing: 0.4pt; font-style: normal; font-size: 10.5pt;\">0,950-0,960 g\/cm\u00b3<\/span><\/p>\n<\/td>\n<\/tr>\n<tr>\n<td style=\"padding: 6pt 9pt; border-left: none; border-right: none; border-top: 1pt solid windowtext; border-bottom: none; background-image: initial; background-position: initial; background-size: initial; background-repeat: initial; background-attachment: initial; background-origin: initial; background-clip: initial;\" valign=\"top\">\n<p class=\"MsoNormal\" style=\"margin: 0pt; line-height: 16.5pt;\"><span style=\"font-family: 'Times New Roman'; letter-spacing: 0.4pt; font-style: normal; font-size: 10.5pt;\">Indice de r\u00e9fraction (20\u00b0C)<\/span><\/p>\n<\/td>\n<td style=\"padding: 6pt 9pt; border-left: 1pt solid windowtext; border-right: none; border-top: 1pt solid windowtext; border-bottom: none; background-image: initial; background-position: initial; background-size: initial; background-repeat: initial; background-attachment: initial; background-origin: initial; background-clip: initial;\" valign=\"top\">\n<p class=\"MsoNormal\" style=\"margin: 0pt; line-height: 16.5pt;\"><span style=\"font-family: 'Times New Roman'; letter-spacing: 0.4pt; font-style: normal; font-size: 10.5pt;\">1.422-1.426<\/span><\/p>\n<\/td>\n<\/tr>\n<tr>\n<td style=\"padding: 6pt 9pt; border-left: none; border-right: none; border-top: 1pt solid windowtext; border-bottom: none; background-image: initial; background-position: initial; background-size: initial; background-repeat: initial; background-attachment: initial; background-origin: initial; background-clip: initial;\" valign=\"top\">\n<p class=\"MsoNormal\" style=\"margin: 0pt; line-height: 16.5pt;\"><span style=\"font-family: 'Times New Roman'; letter-spacing: 0.4pt; font-style: normal; font-size: 10.5pt;\">Plage d'\u00e9bullition (1 atm)<\/span><\/p>\n<\/td>\n<td style=\"padding: 6pt 9pt; border-left: 1pt solid windowtext; border-right: none; border-top: 1pt solid windowtext; border-bottom: none; background-image: initial; background-position: initial; background-size: initial; background-repeat: initial; background-attachment: initial; background-origin: initial; background-clip: initial;\" valign=\"top\">\n<p class=\"MsoNormal\" style=\"margin: 0pt; line-height: 16.5pt;\"><span style=\"font-family: 'Times New Roman'; letter-spacing: 0.4pt; font-style: normal; font-size: 10.5pt;\">185-195\u00b0C (volume 95%)<\/span><\/p>\n<\/td>\n<\/tr>\n<tr>\n<td style=\"padding: 6pt 9pt; border-left: none; border-right: none; border-top: 1pt solid windowtext; border-bottom: none; background-image: initial; background-position: initial; background-size: initial; background-repeat: initial; background-attachment: initial; background-origin: initial; background-clip: initial;\" valign=\"top\">\n<p class=\"MsoNormal\" style=\"margin: 0pt; line-height: 16.5pt;\"><span style=\"font-family: 'Times New Roman'; letter-spacing: 0.4pt; font-style: normal; font-size: 10.5pt;\">R\u00e9sidu d'\u00e9vaporation<\/span><\/p>\n<\/td>\n<td style=\"padding: 6pt 9pt; border-left: 1pt solid windowtext; border-right: none; border-top: 1pt solid windowtext; border-bottom: none; background-image: initial; background-position: initial; background-size: initial; background-repeat: initial; background-attachment: initial; background-origin: initial; background-clip: initial;\" valign=\"top\">\n<p class=\"MsoNormal\" style=\"margin: 0pt; line-height: 16.5pt;\"><span style=\"font-family: 'Times New Roman'; letter-spacing: 0.4pt; font-style: normal; font-size: 10.5pt;\">\u2264 0,01%<\/span><\/p>\n<\/td>\n<\/tr>\n<\/tbody>\n<\/table>\n<h3 style=\"margin: 0pt 0pt 12pt; text-indent: 0pt; padding: 0pt; line-height: 19.5pt; background-image: initial; background-position: initial; background-size: initial; background-repeat: initial; background-attachment: initial; background-origin: initial; background-clip: initial;\"><b><span style=\"font-family: 'Times New Roman'; letter-spacing: 0pt; font-weight: bold; font-style: normal; font-size: 12pt; background-image: initial; background-position: initial; background-size: initial; background-repeat: initial; background-attachment: initial; background-origin: initial; background-clip: initial;\">3. Champ d'application et utilisation<\/span><\/b><b><\/b><\/h3>\n<p class=\"MsoNormal\" style=\"margin: 0pt 0pt 12pt; text-indent: 0pt; padding: 0pt; line-height: 19.5pt; background-image: initial; background-position: initial; background-size: initial; background-repeat: initial; background-attachment: initial; background-origin: initial; background-clip: initial;\"><span style=\"font-family: 'Times New Roman'; letter-spacing: 0pt; font-style: normal; font-size: 12pt; background-image: initial; background-position: initial; background-size: initial; background-repeat: initial; background-attachment: initial; background-origin: initial; background-clip: initial;\">Les alcools gras C12-14 sont principalement utilis\u00e9s dans la production de surfactants, de d\u00e9tergents et d'\u00e9mulsifiants.<span style=\"font-family: Segoe UI;\">\u3002 <\/span><span style=\"font-family: Times New Roman;\">Ils servent \u00e9galement d'interm\u00e9diaires dans la synth\u00e8se de divers produits chimiques, notamment les plastifiants et les lubrifiants.<\/span><span style=\"font-family: Segoe UI;\">\u3002 <\/span><span style=\"font-family: Times New Roman;\">En outre, ils sont utilis\u00e9s dans la formulation de cosm\u00e9tiques et de produits de soins personnels en raison de leurs propri\u00e9t\u00e9s \u00e9mollientes.<\/span><span style=\"font-family: Segoe UI;\">\u3002<\/span><\/span><\/p>\n<h3 style=\"margin: 0pt 0pt 12pt; text-indent: 0pt; padding: 0pt; line-height: 19.5pt; background-image: initial; background-position: initial; background-size: initial; background-repeat: initial; background-attachment: initial; background-origin: initial; background-clip: initial;\"><b><span style=\"font-family: 'Times New Roman'; letter-spacing: 0pt; font-weight: bold; font-style: normal; font-size: 12pt; background-image: initial; background-position: initial; background-size: initial; background-repeat: initial; background-attachment: initial; background-origin: initial; background-clip: initial;\">4. Emballage et stockage<\/span><\/b><b><\/b><\/h3>\n<p class=\"MsoNormal\" style=\"margin: 0pt; text-indent: 0pt; padding: 0pt; line-height: 19.5pt; background-image: initial; background-position: initial; background-size: initial; background-repeat: initial; background-attachment: initial; background-origin: initial; background-clip: initial;\"><span style=\"font-family: 'Times New Roman'; letter-spacing: 0pt; font-style: normal; font-size: 12pt; background-image: initial; background-position: initial; background-size: initial; background-repeat: initial; background-attachment: initial; background-origin: initial; background-clip: initial;\">Les alcools gras C12-14 sont g\u00e9n\u00e9ralement conditionn\u00e9s dans des f\u00fbts de 200 litres, des f\u00fbts IBC de 1000 kg ou des r\u00e9servoirs ISO.<span style=\"font-family: Segoe UI;\">\u3002 <\/span><span style=\"font-family: Times New Roman;\">Ils doivent \u00eatre stock\u00e9s dans un endroit frais, sec et bien ventil\u00e9, \u00e0 l'\u00e9cart des sources de chaleur et des substances incompatibles.<\/span><span style=\"font-family: Segoe UI;\">\u3002 <\/span><span style=\"font-family: Times New Roman;\">L'emballage doit \u00eatre maintenu herm\u00e9tiquement ferm\u00e9 pour \u00e9viter la contamination et l'absorption d'humidit\u00e9.<\/span><span style=\"font-family: Segoe UI;\">\u3002 <\/span><span style=\"font-family: Times New Roman;\">Il est essentiel de respecter les consignes de s\u00e9curit\u00e9 et les r\u00e9glementations relatives \u00e0 la manipulation et au stockage afin de garantir la s\u00e9curit\u00e9 et l'int\u00e9grit\u00e9 du produit.<\/span><span style=\"font-family: Segoe UI;\">\u3002<\/span><\/span><\/p>","protected":false},"excerpt":{"rendered":"<p>CAS: 80206-82-2 Alias: Alcohols, C12-14; Alkohole, C12-14; fatty alcohols, C12-C14; Einecs 279-420-3 Molecular formula: C13H28O Relative molecular mass: 200.36 1. Product Property C12-14 fatty alcohols are a mixture of linear alcohols with carbon chain lengths ranging from 12 to 14\u3002 They are colorless to pale yellow liquids with a mild characteristic odor. These alcohols are [&hellip;]<\/p>\n","protected":false},"featured_media":4770,"template":"","meta":{"_seopress_robots_primary_cat":"","_seopress_titles_title":"","_seopress_titles_desc":"","_seopress_robots_index":"","_uag_custom_page_level_css":"","site-sidebar-layout":"default","site-content-layout":"","ast-site-content-layout":"default","site-content-style":"default","site-sidebar-style":"default","ast-global-header-display":"","ast-banner-title-visibility":"","ast-main-header-display":"","ast-hfb-above-header-display":"","ast-hfb-below-header-display":"","ast-hfb-mobile-header-display":"","site-post-title":"","ast-breadcrumbs-content":"","ast-featured-img":"","footer-sml-layout":"","theme-transparent-header-meta":"default","adv-header-id-meta":"","stick-header-meta":"default","header-above-stick-meta":"","header-main-stick-meta":"","header-below-stick-meta":"","astra-migrate-meta-layouts":"set","ast-page-background-enabled":"default","ast-page-background-meta":{"desktop":{"background-color":"","background-image":"","background-repeat":"repeat","background-position":"center center","background-size":"auto","background-attachment":"scroll","background-type":"","background-media":"","overlay-type":"","overlay-color":"","overlay-opacity":"","overlay-gradient":""},"tablet":{"background-color":"","background-image":"","background-repeat":"repeat","background-position":"center center","background-size":"auto","background-attachment":"scroll","background-type":"","background-media":"","overlay-type":"","overlay-color":"","overlay-opacity":"","overlay-gradient":""},"mobile":{"background-color":"","background-image":"","background-repeat":"repeat","background-position":"center center","background-size":"auto","background-attachment":"scroll","background-type":"","background-media":"","overlay-type":"","overlay-color":"","overlay-opacity":"","overlay-gradient":""}},"ast-content-background-meta":{"desktop":{"background-color":"var(--ast-global-color-5)","background-image":"","background-repeat":"repeat","background-position":"center center","background-size":"auto","background-attachment":"scroll","background-type":"","background-media":"","overlay-type":"","overlay-color":"","overlay-opacity":"","overlay-gradient":""},"tablet":{"background-color":"var(--ast-global-color-5)","background-image":"","background-repeat":"repeat","background-position":"center center","background-size":"auto","background-attachment":"scroll","background-type":"","background-media":"","overlay-type":"","overlay-color":"","overlay-opacity":"","overlay-gradient":""},"mobile":{"background-color":"var(--ast-global-color-5)","background-image":"","background-repeat":"repeat","background-position":"center center","background-size":"auto","background-attachment":"scroll","background-type":"","background-media":"","overlay-type":"","overlay-color":"","overlay-opacity":"","overlay-gradient":""}}},"product_brand":[],"product_cat":[69],"product_tag":[],"class_list":{"0":"post-4764","1":"product","2":"type-product","3":"status-publish","4":"has-post-thumbnail","6":"product_cat-daily-chemical-product","7":"desktop-align-left","8":"tablet-align-left","9":"mobile-align-left","10":"ast-product-gallery-layout-horizontal-slider","11":"ast-product-gallery-with-no-image","12":"ast-product-tabs-layout-horizontal","14":"first","15":"instock","16":"shipping-taxable","17":"product-type-simple"},"uagb_featured_image_src":{"full":["https:\/\/jinancuchem.com\/wp-content\/uploads\/2025\/07\/\u672a\u6807\u9898-1-65.jpg",800,800,false],"thumbnail":["https:\/\/jinancuchem.com\/wp-content\/uploads\/2025\/07\/\u672a\u6807\u9898-1-65-150x150.jpg",150,150,true],"medium":["https:\/\/jinancuchem.com\/wp-content\/uploads\/2025\/07\/\u672a\u6807\u9898-1-65-300x300.jpg",300,300,true],"medium_large":["https:\/\/jinancuchem.com\/wp-content\/uploads\/2025\/07\/\u672a\u6807\u9898-1-65-768x768.jpg",768,768,true],"large":["https:\/\/jinancuchem.com\/wp-content\/uploads\/2025\/07\/\u672a\u6807\u9898-1-65.jpg",800,800,false],"1536x1536":["https:\/\/jinancuchem.com\/wp-content\/uploads\/2025\/07\/\u672a\u6807\u9898-1-65.jpg",800,800,false],"2048x2048":["https:\/\/jinancuchem.com\/wp-content\/uploads\/2025\/07\/\u672a\u6807\u9898-1-65.jpg",800,800,false],"trp-custom-language-flag":["https:\/\/jinancuchem.com\/wp-content\/uploads\/2025\/07\/\u672a\u6807\u9898-1-65-12x12.jpg",12,12,true],"woocommerce_thumbnail":["https:\/\/jinancuchem.com\/wp-content\/uploads\/2025\/07\/\u672a\u6807\u9898-1-65-300x300.jpg",300,300,true],"woocommerce_single":["https:\/\/jinancuchem.com\/wp-content\/uploads\/2025\/07\/\u672a\u6807\u9898-1-65-500x500.jpg",500,500,true],"woocommerce_gallery_thumbnail":["https:\/\/jinancuchem.com\/wp-content\/uploads\/2025\/07\/\u672a\u6807\u9898-1-65-100x100.jpg",100,100,true]},"uagb_author_info":{"display_name":"jinxing6611@gmail.com","author_link":"https:\/\/jinancuchem.com\/fr\/author\/"},"uagb_comment_info":0,"uagb_excerpt":"CAS: 80206-82-2 Alias: Alcohols, C12-14; Alkohole, C12-14; fatty alcohols, C12-C14; Einecs 279-420-3 Molecular formula: C13H28O Relative molecular mass: 200.36 1. Product Property C12-14 fatty alcohols are a mixture of linear alcohols with carbon chain lengths ranging from 12 to 14\u3002 They are colorless to pale yellow liquids with a mild characteristic odor. These alcohols are\u2026","_links":{"self":[{"href":"https:\/\/jinancuchem.com\/fr\/wp-json\/wp\/v2\/product\/4764","targetHints":{"allow":["GET"]}}],"collection":[{"href":"https:\/\/jinancuchem.com\/fr\/wp-json\/wp\/v2\/product"}],"about":[{"href":"https:\/\/jinancuchem.com\/fr\/wp-json\/wp\/v2\/types\/product"}],"wp:featuredmedia":[{"embeddable":true,"href":"https:\/\/jinancuchem.com\/fr\/wp-json\/wp\/v2\/media\/4770"}],"wp:attachment":[{"href":"https:\/\/jinancuchem.com\/fr\/wp-json\/wp\/v2\/media?parent=4764"}],"wp:term":[{"taxonomy":"product_brand","embeddable":true,"href":"https:\/\/jinancuchem.com\/fr\/wp-json\/wp\/v2\/product_brand?post=4764"},{"taxonomy":"product_cat","embeddable":true,"href":"https:\/\/jinancuchem.com\/fr\/wp-json\/wp\/v2\/product_cat?post=4764"},{"taxonomy":"product_tag","embeddable":true,"href":"https:\/\/jinancuchem.com\/fr\/wp-json\/wp\/v2\/product_tag?post=4764"}],"curies":[{"name":"wp","href":"https:\/\/api.w.org\/{rel}","templated":true}]}}