{"id":4776,"date":"2025-07-25T07:18:55","date_gmt":"2025-07-25T07:18:55","guid":{"rendered":"https:\/\/jinancuchem.com\/?post_type=product&#038;p=4776"},"modified":"2025-07-25T07:18:55","modified_gmt":"2025-07-25T07:18:55","slug":"stearyl-alcohol","status":"publish","type":"product","link":"https:\/\/jinancuchem.com\/fr\/produit\/stearyl-alcohol\/","title":{"rendered":"Alcool st\u00e9arylique"},"content":{"rendered":"<p><strong><b>CAS<\/b><\/strong>: 112-92-5<br \/>\n<strong><b>Alias<\/b><\/strong>: Octad\u00e9can-1-ol ; alcool st\u00e9arylique ; alcool n-octad\u00e9cylique<br \/>\n<strong><b>Formule mol\u00e9culaire<\/b><\/strong>: C18H38O<br \/>\n<strong><b>Masse mol\u00e9culaire relative<\/b><\/strong>: 270.49<\/p>\n<p><strong><b>Formule structurelle<\/b><\/strong>:<img alt=\"\" fetchpriority=\"high\" decoding=\"async\" class=\"alignnone size-medium wp-image-4760\" src=\"https:\/\/jinancuchem.com\/wp-content\/uploads\/2025\/07\/\u672a\u6807\u9898-1-64-300x300.jpg\" width=\"300\" height=\"300\" srcset=\"https:\/\/jinancuchem.com\/wp-content\/uploads\/2025\/07\/\u672a\u6807\u9898-1-64-300x300.jpg 300w, https:\/\/jinancuchem.com\/wp-content\/uploads\/2025\/07\/\u672a\u6807\u9898-1-64-100x100.jpg 100w, https:\/\/jinancuchem.com\/wp-content\/uploads\/2025\/07\/\u672a\u6807\u9898-1-64-500x500.jpg 500w, https:\/\/jinancuchem.com\/wp-content\/uploads\/2025\/07\/\u672a\u6807\u9898-1-64-150x150.jpg 150w, https:\/\/jinancuchem.com\/wp-content\/uploads\/2025\/07\/\u672a\u6807\u9898-1-64-768x768.jpg 768w, https:\/\/jinancuchem.com\/wp-content\/uploads\/2025\/07\/\u672a\u6807\u9898-1-64-12x12.jpg 12w, https:\/\/jinancuchem.com\/wp-content\/uploads\/2025\/07\/\u672a\u6807\u9898-1-64.jpg 800w\" sizes=\"(max-width: 300px) 100vw, 300px\" \/><\/p>\n<h3><strong><b>1. Propri\u00e9t\u00e9 du produit<\/b><\/strong><\/h3>\n<p>L'alcool st\u00e9arylique est un solide blanc et cireux avec une faible odeur caract\u00e9ristique\u3002 Il est insoluble dans l'eau mais soluble dans les solvants organiques. Ce compos\u00e9 a un point de fusion d'environ 56-59\u00b0C et un point d'\u00e9bullition de 210\u00b0C \u00e0 pression r\u00e9duite\u3002 Il est utilis\u00e9 dans diverses applications en raison de ses propri\u00e9t\u00e9s \u00e9mollientes et de sa capacit\u00e9 \u00e0 agir comme \u00e9mulsifiant\u3002.<\/p>\n<h3><strong><b>2. Norme de qualit\u00e9<\/b><\/strong><\/h3>\n<table>\n<tbody>\n<tr>\n<td><strong><b>Param\u00e8tres<\/b><\/strong><\/td>\n<td><strong><b>Sp\u00e9cifications<\/b><\/strong><\/td>\n<\/tr>\n<tr>\n<td>Apparence<\/td>\n<td>Flocons ou granul\u00e9s blancs<\/td>\n<\/tr>\n<tr>\n<td>Puret\u00e9 (zone GC%)<\/td>\n<td>\u2265 99.0%<\/td>\n<\/tr>\n<tr>\n<td>Teneur en eau<\/td>\n<td>\u2264 0,1%<\/td>\n<\/tr>\n<tr>\n<td>Acidit\u00e9 (en tant qu'acide ac\u00e9tique)<\/td>\n<td>\u2264 0,01%<\/td>\n<\/tr>\n<tr>\n<td>Densit\u00e9 (20\u00b0C)<\/td>\n<td>0,950-0,960 g\/cm\u00b3<\/td>\n<\/tr>\n<tr>\n<td>Indice de r\u00e9fraction (20\u00b0C)<\/td>\n<td>1.422-1.426<\/td>\n<\/tr>\n<tr>\n<td>Plage d'\u00e9bullition (1 atm, \u00b0C)<\/td>\n<td>185-195\u00b0C (volume 95%)<\/td>\n<\/tr>\n<\/tbody>\n<\/table>\n<h3><strong><b>3. Champ d'application et utilisation<\/b><\/strong><\/h3>\n<p>L'octad\u00e9canol peut \u00eatre utilis\u00e9 dans la production de Pingpingol, de r\u00e9sines, de caoutchouc synth\u00e9tique et de colorants pour les films color\u00e9s, etc. L'antioxydant 1076 (2082-79-3) peut \u00eatre pr\u00e9par\u00e9 en faisant r\u00e9agir l'octad\u00e9canol avec le propionate de m\u00e9thyle \u03b2-(3, 5-di-tert-butyl-4-hydroxyph\u00e9nyl) avec du m\u00e9thoxyde de sodium comme catalyseur et du sulfoxyde de dim\u00e9thyle comme solvant \u00e0 130\u2103 pendant 2 \u00e0 3 heures. Il s'agit d'un excellent antioxydant non polluant et non toxique, largement utilis\u00e9 dans les polyol\u00e9fines, les polyamides, les polyesters, le chlorure de polyvinyle, le polystyr\u00e8ne, les r\u00e9sines ABS et divers produits p\u00e9troliers en caoutchouc.<\/p>\n<h3><strong><b>4. Emballage et stockage<\/b><\/strong><\/h3>\n<p>L'alcool st\u00e9arylique est g\u00e9n\u00e9ralement conditionn\u00e9 dans des sacs ou des f\u00fbts de 25 kg rev\u00eatus de plastique\u3002 Il doit \u00eatre stock\u00e9 dans un endroit frais et sec, \u00e0 l'abri de la lumi\u00e8re directe du soleil et de l'humidit\u00e9\u3002 La zone de stockage doit \u00eatre bien ventil\u00e9e pour \u00e9viter l'accumulation de poussi\u00e8re\u3002 Il est important de garder le produit scell\u00e9 pour pr\u00e9server sa puret\u00e9 et \u00e9viter qu'il n'absorbe l'humidit\u00e9 de l'air\u3002.<\/p>","protected":false},"excerpt":{"rendered":"<p>CAS: 112-92-5 Alias: Octadecan-1-ol; Stearyl Alcohol; n-Octadecyl Alcohol Molecular formula: C18H38O Relative molecular mass: 270.49 Structural formula: 1. Product Property Stearyl alcohol is a white, waxy solid with a faint characteristic odor\u3002 It is insoluble in water but soluble in organic solvents. This compound has a melting point of approximately 56-59\u00b0C and a boiling point [&hellip;]<\/p>\n","protected":false},"featured_media":4760,"template":"","meta":{"_seopress_robots_primary_cat":"","_seopress_titles_title":"","_seopress_titles_desc":"","_seopress_robots_index":"","_uag_custom_page_level_css":"","site-sidebar-layout":"default","site-content-layout":"","ast-site-content-layout":"default","site-content-style":"default","site-sidebar-style":"default","ast-global-header-display":"","ast-banner-title-visibility":"","ast-main-header-display":"","ast-hfb-above-header-display":"","ast-hfb-below-header-display":"","ast-hfb-mobile-header-display":"","site-post-title":"","ast-breadcrumbs-content":"","ast-featured-img":"","footer-sml-layout":"","theme-transparent-header-meta":"default","adv-header-id-meta":"","stick-header-meta":"default","header-above-stick-meta":"","header-main-stick-meta":"","header-below-stick-meta":"","astra-migrate-meta-layouts":"set","ast-page-background-enabled":"default","ast-page-background-meta":{"desktop":{"background-color":"","background-image":"","background-repeat":"repeat","background-position":"center center","background-size":"auto","background-attachment":"scroll","background-type":"","background-media":"","overlay-type":"","overlay-color":"","overlay-opacity":"","overlay-gradient":""},"tablet":{"background-color":"","background-image":"","background-repeat":"repeat","background-position":"center center","background-size":"auto","background-attachment":"scroll","background-type":"","background-media":"","overlay-type":"","overlay-color":"","overlay-opacity":"","overlay-gradient":""},"mobile":{"background-color":"","background-image":"","background-repeat":"repeat","background-position":"center center","background-size":"auto","background-attachment":"scroll","background-type":"","background-media":"","overlay-type":"","overlay-color":"","overlay-opacity":"","overlay-gradient":""}},"ast-content-background-meta":{"desktop":{"background-color":"var(--ast-global-color-5)","background-image":"","background-repeat":"repeat","background-position":"center center","background-size":"auto","background-attachment":"scroll","background-type":"","background-media":"","overlay-type":"","overlay-color":"","overlay-opacity":"","overlay-gradient":""},"tablet":{"background-color":"var(--ast-global-color-5)","background-image":"","background-repeat":"repeat","background-position":"center center","background-size":"auto","background-attachment":"scroll","background-type":"","background-media":"","overlay-type":"","overlay-color":"","overlay-opacity":"","overlay-gradient":""},"mobile":{"background-color":"var(--ast-global-color-5)","background-image":"","background-repeat":"repeat","background-position":"center center","background-size":"auto","background-attachment":"scroll","background-type":"","background-media":"","overlay-type":"","overlay-color":"","overlay-opacity":"","overlay-gradient":""}}},"product_brand":[],"product_cat":[69],"product_tag":[],"class_list":{"0":"post-4776","1":"product","2":"type-product","3":"status-publish","4":"has-post-thumbnail","6":"product_cat-daily-chemical-product","7":"desktop-align-left","8":"tablet-align-left","9":"mobile-align-left","10":"ast-product-gallery-layout-horizontal-slider","11":"ast-product-gallery-with-no-image","12":"ast-product-tabs-layout-horizontal","14":"first","15":"instock","16":"shipping-taxable","17":"product-type-simple"},"uagb_featured_image_src":{"full":["https:\/\/jinancuchem.com\/wp-content\/uploads\/2025\/07\/\u672a\u6807\u9898-1-64.jpg",800,800,false],"thumbnail":["https:\/\/jinancuchem.com\/wp-content\/uploads\/2025\/07\/\u672a\u6807\u9898-1-64-150x150.jpg",150,150,true],"medium":["https:\/\/jinancuchem.com\/wp-content\/uploads\/2025\/07\/\u672a\u6807\u9898-1-64-300x300.jpg",300,300,true],"medium_large":["https:\/\/jinancuchem.com\/wp-content\/uploads\/2025\/07\/\u672a\u6807\u9898-1-64-768x768.jpg",768,768,true],"large":["https:\/\/jinancuchem.com\/wp-content\/uploads\/2025\/07\/\u672a\u6807\u9898-1-64.jpg",800,800,false],"1536x1536":["https:\/\/jinancuchem.com\/wp-content\/uploads\/2025\/07\/\u672a\u6807\u9898-1-64.jpg",800,800,false],"2048x2048":["https:\/\/jinancuchem.com\/wp-content\/uploads\/2025\/07\/\u672a\u6807\u9898-1-64.jpg",800,800,false],"trp-custom-language-flag":["https:\/\/jinancuchem.com\/wp-content\/uploads\/2025\/07\/\u672a\u6807\u9898-1-64-12x12.jpg",12,12,true],"woocommerce_thumbnail":["https:\/\/jinancuchem.com\/wp-content\/uploads\/2025\/07\/\u672a\u6807\u9898-1-64-300x300.jpg",300,300,true],"woocommerce_single":["https:\/\/jinancuchem.com\/wp-content\/uploads\/2025\/07\/\u672a\u6807\u9898-1-64-500x500.jpg",500,500,true],"woocommerce_gallery_thumbnail":["https:\/\/jinancuchem.com\/wp-content\/uploads\/2025\/07\/\u672a\u6807\u9898-1-64-100x100.jpg",100,100,true]},"uagb_author_info":{"display_name":"jinxing6611@gmail.com","author_link":"https:\/\/jinancuchem.com\/fr\/author\/"},"uagb_comment_info":0,"uagb_excerpt":"CAS: 112-92-5 Alias: Octadecan-1-ol; Stearyl Alcohol; n-Octadecyl Alcohol Molecular formula: C18H38O Relative molecular mass: 270.49 Structural formula: 1. Product Property Stearyl alcohol is a white, waxy solid with a faint characteristic odor\u3002 It is insoluble in water but soluble in organic solvents. This compound has a melting point of approximately 56-59\u00b0C and a boiling point\u2026","_links":{"self":[{"href":"https:\/\/jinancuchem.com\/fr\/wp-json\/wp\/v2\/product\/4776","targetHints":{"allow":["GET"]}}],"collection":[{"href":"https:\/\/jinancuchem.com\/fr\/wp-json\/wp\/v2\/product"}],"about":[{"href":"https:\/\/jinancuchem.com\/fr\/wp-json\/wp\/v2\/types\/product"}],"wp:featuredmedia":[{"embeddable":true,"href":"https:\/\/jinancuchem.com\/fr\/wp-json\/wp\/v2\/media\/4760"}],"wp:attachment":[{"href":"https:\/\/jinancuchem.com\/fr\/wp-json\/wp\/v2\/media?parent=4776"}],"wp:term":[{"taxonomy":"product_brand","embeddable":true,"href":"https:\/\/jinancuchem.com\/fr\/wp-json\/wp\/v2\/product_brand?post=4776"},{"taxonomy":"product_cat","embeddable":true,"href":"https:\/\/jinancuchem.com\/fr\/wp-json\/wp\/v2\/product_cat?post=4776"},{"taxonomy":"product_tag","embeddable":true,"href":"https:\/\/jinancuchem.com\/fr\/wp-json\/wp\/v2\/product_tag?post=4776"}],"curies":[{"name":"wp","href":"https:\/\/api.w.org\/{rel}","templated":true}]}}